{"id":5256,"date":"2015-09-24T15:29:17","date_gmt":"2015-09-24T13:29:17","guid":{"rendered":"https:\/\/www.vicivision.com\/zh-hans\/america\/"},"modified":"2025-11-19T15:25:02","modified_gmt":"2025-11-19T14:25:02","slug":"america","status":"publish","type":"page","link":"https:\/\/www.vicivision.com\/zh-hans\/america\/","title":{"rendered":"America"},"content":{"rendered":"<div class=\"wpb-content-wrapper\"><p>[vc_row][vc_column][vc_empty_space][vc_column_text]<strong>VICIVISION\u00a0invites you to visit our Technical Centers for experiencing the outstanding demo units.<\/strong>[\/vc_column_text][vc_empty_space][\/vc_column][\/vc_row][vc_row][vc_column width=&#8221;1\/4&#8243;][vc_column_text]<\/p>\n<h2>USA, Canada<\/h2>\n<p><strong>VICIVISION America LLC<br \/>\nScottsdale Office<\/strong><br \/>\n16611 N 91 st Street<br \/>\nSuite 103<br \/>\nScottsdale AZ 85260<br \/>\nTel:<a href=\"tel:480-375-5621\">\u00a0480-375-5621<\/a><br \/>\nE-mail:\u00a0<a href=\"mailto:sales@vici.it\">sales@vici.it<\/a>[\/vc_column_text][\/vc_column][vc_column width=&#8221;1\/4&#8243;][vc_column_text]<\/p>\n<h2>M\u00e9xico<\/h2>\n<p><strong><b><span lang=\"ES-MX\">DBLK S.A. de C.V.<\/span><\/b><br \/>\n<\/strong>Ave. 5 de Febrero 295,<br \/>\nComplejo CE5 Bodega O. Queretaro 76137, M\u00e9xico<br \/>\nTel:\u00a0<a href=\"tel:+52 442 972 7007 \/ 08\">+52 442 972 7007 \/ 08<\/a><br \/>\nE-mail:\u00a0<a href=\"mailto:sales@vici.it\">sales@vici.it<\/a><br \/>\nService<br \/>\n<a href=\"tel:+52 (1) 442 179 2975\">Tel:\u00a0+52 (1) 442 179 2975<\/a><\/p>\n<p>Ref. <strong>Daniel Block<\/strong>[\/vc_column_text][vc_separator][vc_column_text]<strong><b><span lang=\"ES-MX\">QS MEXICO<\/span><\/b><br \/>\n<\/strong>C. Galeana 285-1, Zapata,<br \/>\n64390 Monterrey, N.L., M\u00e9xico<br \/>\nTel:\u00a0<a href=\"tel:+52 811-103-2295\">+52 811 103 2295<\/a><br \/>\nE-mail:\u00a0<a href=\"mailto:sales@vici.it\">sales@vici.it<\/a>[\/vc_column_text][\/vc_column][vc_column width=&#8221;1\/4&#8243;][vc_column_text]<\/p>\n<h2>Brazil<\/h2>\n<p><strong>M\u00e1quinas e Solu\u00e7\u00f5es<br \/>\n<\/strong>R. Cel. Orlando Seco, 333<br \/>\nJardim das Tulipas,<br \/>\nJundia\u00ed -SP, 13212-795, Brazil.<br \/>\nTel:\u00a0<a href=\"tel:+55 (11) 93365-7062\">+55 (11) 93365-7062<\/a><br \/>\nE-mail:\u00a0<a href=\"mailto:sales@vici.it\">sales@vici.it<\/a><\/p>\n<p>Ref. <strong>Tadeu Evangelista<\/strong>[\/vc_column_text][vc_empty_space][\/vc_column][vc_column width=&#8221;1\/4&#8243;][vc_column_text]<\/p>\n<h2>Argentina<\/h2>\n<p><strong>AMS Advanced Machine Systems S.A.<br \/>\n<\/strong>Av. de Los Constituyentes 4537<br \/>\n(C1431EXK) CABA \u2013 Buenos Aires<br \/>\nTel: <a href=\"tel:+54 11 4571-9875\">+54 11 4571 9875<\/a><br \/>\nE-mail: <a href=\"mailto:sales@vici.it\">sales@vici.it<\/a><\/p>\n<p>Ref. <strong>Juli\u00e1n E. Roel<\/strong>[\/vc_column_text][\/vc_column][\/vc_row][vc_row][vc_column width=&#8221;1\/4&#8243;][\/vc_column][vc_column width=&#8221;1\/4&#8243;][\/vc_column][vc_column width=&#8221;1\/4&#8243;][\/vc_column][vc_column width=&#8221;1\/4&#8243;][\/vc_column][\/vc_row]<\/p>\n<\/div>","protected":false},"excerpt":{"rendered":"<p>[vc_row][vc_column][vc_empty_space][vc_column_text]VICI<\/p>\n<div class=\"more\"><a class=\"more-link btn btn-green ion-ios7-arrow-forward\" href=\"https:\/\/www.vicivision.com\/zh-hans\/america\/\">\u95b1\u8b80\u66f4\u591a<\/a><\/div>\n","protected":false},"author":2,"featured_media":0,"parent":0,"menu_order":0,"comment_status":"closed","ping_status":"closed","template":"","meta":{"footnotes":""},"class_list":["post-5256","page","type-page","status-publish","hentry"],"acf":[],"_links":{"self":[{"href":"https:\/\/www.vicivision.com\/zh-hans\/wp-json\/wp\/v2\/pages\/5256","targetHints":{"allow":["GET"]}}],"collection":[{"href":"https:\/\/www.vicivision.com\/zh-hans\/wp-json\/wp\/v2\/pages"}],"about":[{"href":"https:\/\/www.vicivision.com\/zh-hans\/wp-json\/wp\/v2\/types\/page"}],"author":[{"embeddable":true,"href":"https:\/\/www.vicivision.com\/zh-hans\/wp-json\/wp\/v2\/users\/2"}],"replies":[{"embeddable":true,"href":"https:\/\/www.vicivision.com\/zh-hans\/wp-json\/wp\/v2\/comments?post=5256"}],"version-history":[{"count":0,"href":"https:\/\/www.vicivision.com\/zh-hans\/wp-json\/wp\/v2\/pages\/5256\/revisions"}],"wp:attachment":[{"href":"https:\/\/www.vicivision.com\/zh-hans\/wp-json\/wp\/v2\/media?parent=5256"}],"curies":[{"name":"wp","href":"https:\/\/api.w.org\/{rel}","templated":true}]}}