{"id":50805,"date":"2022-03-02T14:43:23","date_gmt":"2022-03-02T13:43:23","guid":{"rendered":"https:\/\/www.vicivision.com\/?page_id=50805"},"modified":"2025-08-07T16:20:18","modified_gmt":"2025-08-07T14:20:18","slug":"nowa-seria-prima","status":"publish","type":"page","link":"https:\/\/www.vicivision.com\/pl\/nowa-seria-prima\/","title":{"rendered":"Nowa seria PRIMA"},"content":{"rendered":"<div class=\"wpb-content-wrapper\"><p>[vc_row full_width=&#8221;stretch_row_content_no_spaces&#8221; bg_type=&#8221;image&#8221; fadeout_row=&#8221;fadeout_row_value&#8221; fadeout_start_effect=&#8221;50&#8243; enable_overlay=&#8221;enable_overlay_value&#8221; overlay_color=&#8221;rgba(2,10,2,0.53)&#8221; overlay_pattern=&#8221;transperant&#8221; overlay_pattern_opacity=&#8221;100&#8243; css=&#8221;.vc_custom_1645018118166{background-image: url(https:\/\/www.vicivision.com\/wp-content\/uploads\/2022\/02\/Image238-vincic709657-e1645018009283.jpg?id=50193) !important;background-position: center !important;background-repeat: no-repeat !important;background-size: cover !important;}&#8221;][vc_column width=&#8221;1\/4&#8243;][\/vc_column][vc_column width=&#8221;1\/2&#8243;][vc_empty_space height=&#8221;550px&#8221;][vc_column_text]<\/p>\n<h1 style=\"color: white; text-align: left;\"><strong>CZY PRODUKUJESZ CZ\u0118\u015aCI TOCZONE?<\/strong><\/h1>\n<h2 style=\"color: white; text-align: left;\"><strong>OTO TWOJA <em>PRIMA<\/em> VICIVISION.<\/strong><br \/>\n<strong>Optyczny skaner element\u00f3w obrotowych.<\/strong><\/h2>\n<p>[\/vc_column_text][vc_empty_space height=&#8221;200px&#8221;][\/vc_column][vc_column width=&#8221;1\/4&#8243;][\/vc_column][\/vc_row][vc_row][vc_column width=&#8221;1\/2&#8243;][vc_empty_space height=&#8221;82px&#8221;][vc_column_text]<\/p>\n<h4><strong>Jaki jest najlepszy spos\u00f3b pomiaru cz\u0119\u015bci toczonych?<\/strong><\/h4>\n<h5>U\u017cywaj\u0105c skaner, kt\u00f3ra zaciska cz\u0119\u015b\u0107 tak jak tokarka: z k\u0142ami i uchwytem.<\/h5>\n<p>&nbsp;<\/p>\n<h4><strong>Gdzie mog\u0119 zmierzy\u0107 moje cz\u0119\u015bci?<\/strong><\/h4>\n<h5>Tu\u017c obok tokarki, gdzie daje natychmiastow\u0105 korzy\u015b\u0107.<\/h5>\n<p>&nbsp;<\/p>\n<h4><strong>Czy potrzebuj\u0119 wyspecjalizowanego personelu?<\/strong><\/h4>\n<h5>Tysi\u0105ce tokarzy ju\u017c u\u017cywaj\u0105 go w pe\u0142ni autonomicznie. Poprowadzimy Ci\u0119 a\u017c do uzyskania efektu ko\u0144cowego.<\/h5>\n<p>[\/vc_column_text]<div class=\" ubtn-ctn-left \"><a class=\"ubtn-link ult-adjust-bottom-margin ubtn-left ubtn-normal \" href=\"https:\/\/www.vicivision.com\/pl\/optyczne-urzadzenia-pomiarowe\/\" ><button type=\"button\" id=\"ubtn-9900\"  class=\"ubtn ult-adjust-bottom-margin ult-responsive ubtn-normal ubtn-no-hover-bg  none  ubtn-left   tooltip-69f4d881c45e1\"  data-hover=\"\" data-border-color=\"\" data-bg=\"#36af4e\" data-hover-bg=\"\" data-border-hover=\"\" data-shadow-hover=\"\" data-shadow-click=\"none\" data-shadow=\"\" data-shd-shadow=\"\"  data-ultimate-target='#ubtn-9900'  data-responsive-json-new='{\"font-size\":\"\",\"line-height\":\"\"}'  style=\"font-weight:normal;border:none;background: #36af4e;color: #ffffff;\"><span class=\"ubtn-hover\" style=\"background-color:\"><\/span><span class=\"ubtn-data ubtn-text \" >POBIERZ DANE TECHNICZNE<\/span><\/button><\/a><\/div>[\/vc_column][vc_column width=&#8221;1\/2&#8243;][vc_single_image image=&#8221;50375&#8243; img_size=&#8221;large&#8221;][\/vc_column][\/vc_row][vc_row][vc_column][vc_empty_space height=&#8221;60px&#8221;][\/vc_column][\/vc_row][vc_row][vc_column width=&#8221;1\/2&#8243;][vc_single_image image=&#8221;50540&#8243; img_size=&#8221;large&#8221;][vc_empty_space height=&#8221;22px&#8221;][\/vc_column][vc_column width=&#8221;1\/2&#8243;][vc_column_text]<\/p>\n<h2><\/h2>\n<h2 style=\"text-align: left;\"><strong>CO <em>PRIMA<\/em> MO\u017bE DLA CIEBIE ZROBI\u0106?<\/strong><\/h2>\n<h5><\/h5>\n<ul>\n<li style=\"text-align: left;\">\n<h5><strong>Zmniejszy\u0107 ilo\u015b\u0107 odpad\u00f3w<\/strong>,<br \/>\nobni\u017caj\u0105c koszty i wp\u0142yw na \u015brodowisko<\/h5>\n<\/li>\n<li style=\"text-align: left;\">\n<h5><strong>Da\u0107 obiektywne wyniki<br \/>\n<\/strong>eliminuj\u0105c b\u0142\u0119dy ludzkie i unikaj\u0105c zak\u0142\u00f3ce\u0144<\/h5>\n<\/li>\n<li>\n<h5><strong>Uzyska\u0107 szybkie wyniki<\/strong><br \/>\n\u017ceby zaoszcz\u0119dzi\u0107 czas<\/h5>\n<\/li>\n<li>\n<h5><strong>Przechowywa\u0107 dane pomiarowe <\/strong><br \/>\naby utrzyma\u0107 kontrole nad procesem produkcyjnym.<\/h5>\n<\/li>\n<\/ul>\n<p>[\/vc_column_text][vc_empty_space height=&#8221;92px&#8221;][\/vc_column][\/vc_row][vc_row full_width=&#8221;stretch_row_content_no_spaces&#8221; bg_type=&#8221;image&#8221; enable_overlay=&#8221;enable_overlay_value&#8221; overlay_color=&#8221;rgba(2,10,2,0.53)&#8221; overlay_pattern=&#8221;transperant&#8221; overlay_pattern_opacity=&#8221;100&#8243; css=&#8221;.vc_custom_1646217003548{background-image: url(https:\/\/www.vicivision.com\/wp-content\/uploads\/2022\/02\/SERIE_PRIMA-VICIVISION.jpg?id=50478) !important;background-position: center !important;background-repeat: no-repeat !important;background-size: cover !important;}&#8221;][vc_column width=&#8221;1\/4&#8243;][\/vc_column][vc_column width=&#8221;1\/2&#8243;][vc_empty_space height=&#8221;370px&#8221;][vc_column_text]<\/p>\n<h2 style=\"color: white;\"><strong>Dost\u0119pne rozwi\u0105zania dla wszystkich operator\u00f3w tokarek poszukuj\u0105cych \u0142atwej i szybkiej kontroli oraz niezawodnych wynik\u00f3w.<\/strong><\/h2>\n<p>[\/vc_column_text][vc_empty_space height=&#8221;270px&#8221;][\/vc_column][vc_column width=&#8221;1\/4&#8243;][\/vc_column][\/vc_row][vc_row][vc_column width=&#8221;1\/2&#8243;][vc_single_image image=&#8221;50460&#8243; img_size=&#8221;large&#8221;][\/vc_column][vc_column width=&#8221;1\/2&#8243;][vc_empty_space][vc_column_text]<\/p>\n<h2 style=\"text-align: left;\">MO\u017bLIWE POMIARY<\/h2>\n<p style=\"text-align: left;\"><strong>Pomiary statyczne:<\/strong><br \/>\n&#8211; \u015brednica<br \/>\n&#8211; odleg\u0142o\u015b\u0107<br \/>\n&#8211; k\u0105t<br \/>\n&#8211; promie\u0144<br \/>\n&#8211; faza<\/p>\n<p><strong>Pomiary dynamiczne:<\/strong><br \/>\n&#8211; wsp\u00f3\u0142osiowo\u015b\u0107<br \/>\n&#8211; bicie<br \/>\n&#8211; kolisto\u015b\u0107<br \/>\n&#8211; walcowo\u015b\u0107<br \/>\n&#8211; sto\u017ckowo\u015b\u0107<\/p>\n<p><strong>Gwint:<\/strong><br \/>\n&#8211; \u015brednica nominalna<br \/>\n&#8211; \u015brednica podzia\u0142owa<br \/>\n&#8211; \u015brednica rdzenia<br \/>\n&#8211; k\u0105t wierzcho\u0142k\u00f3w<br \/>\n&#8211; skok<br \/>\n&#8211; \u015brednica przez wa\u0142eczki<\/p>\n<p><strong>Nakr\u0119tka:<\/strong><br \/>\n&#8211; \u015brednica<br \/>\n&#8211; asymetria<br \/>\n&#8211; k\u0105t stron nakr\u0119tki<\/p>\n<p><strong>Pomiar profilu (opcjonalnie):<\/strong><br \/>\n&#8211; por\u00f3wnanie DXF<br \/>\n&#8211; export DXF[\/vc_column_text][vc_empty_space height=&#8221;80px&#8221;]<div class=\" ubtn-ctn-left \"><a class=\"ubtn-link ult-adjust-bottom-margin ubtn-left ubtn-normal \" href=\"https:\/\/www.vicivision.com\/pl\/optyczne-urzadzenia-pomiarowe\/\" ><button type=\"button\" id=\"ubtn-8622\"  class=\"ubtn ult-adjust-bottom-margin ult-responsive ubtn-normal ubtn-no-hover-bg  none  ubtn-left   tooltip-69f4d881c46aa\"  data-hover=\"\" data-border-color=\"\" data-bg=\"#36af4e\" data-hover-bg=\"\" data-border-hover=\"\" data-shadow-hover=\"\" data-shadow-click=\"none\" data-shadow=\"\" data-shd-shadow=\"\"  data-ultimate-target='#ubtn-8622'  data-responsive-json-new='{\"font-size\":\"\",\"line-height\":\"\"}'  style=\"font-weight:normal;border:none;background: #36af4e;color: #ffffff;\"><span class=\"ubtn-hover\" style=\"background-color:\"><\/span><span class=\"ubtn-data ubtn-text \" >POBIERZ DANE TECHNICZNE<\/span><\/button><\/a><\/div>[\/vc_column][\/vc_row][vc_row el_class=&#8221;video-full-height&#8221;][vc_column][vc_empty_space height=&#8221;140px&#8221;][vc_video link=&#8221;https:\/\/www.youtube.com\/watch?v=s9XiQV17OZY&#8221; align=&#8221;center&#8221;][vc_empty_space height=&#8221;100px&#8221;][\/vc_column][\/vc_row][vc_row][vc_column][vc_empty_space height=&#8221;72px&#8221;][vc_column_text]<\/p>\n<h2 style=\"text-align: left;\"><strong>Co sprawia, \u017ce <em>PRIMA<\/em> jest wyj\u0105tkowa?<br \/>\n<\/strong><\/h2>\n<h3 style=\"text-align: left;\">Ca\u0142e do\u015bwiadczenie tysi\u0119cy klient\u00f3w VICIVISION w skanerze zoptymalizowanym pod k\u0105tem zarz\u0105dzania procesem toczenia.<\/h3>\n<p>&nbsp;<\/p>\n<h5><\/h5>\n<h5><strong>Uproszczone oprogramowanie do szybkiego programowania<\/strong>.<br \/>\nInterfejs zosta\u0142 zaprojektowany z my\u015bl\u0105 o potrzebach u\u017cytkownika ko\u0144cowego.<br \/>\nR\u00f3\u017cne poziomy dost\u0119pu w zale\u017cno\u015bci od typu u\u017cytkownika.<\/h5>\n<h5><strong><em>Vivian<\/em>, nowy wirtualny asystent, poprowadzi Ci\u0119 krok po kroku przez tworzenie programu<\/strong><strong>.<\/strong><br \/>\nSkraca to szkolenie operatora i czas programowania.<\/h5>\n<h5><strong>Platforma e-learningowa ilustruje i wyja\u015bnia w \u0142atwy spos\u00f3b, aby wspiera\u0107 Ci\u0119 w ka\u017cdej chwili.<\/strong><br \/>\nSzkolenie dla nowych u\u017cytkownik\u00f3w; dla tych, kt\u00f3rzy chc\u0105 powt\u00f3rzy\u0107 i pog\u0142\u0119bi\u0107 podstawy, kt\u00f3re si\u0119 nauczyli na kursie wst\u0119pnym lub dla tych, kt\u00f3ry chc\u0105 poszerzy\u0107 swoj\u0105 wiedz\u0119.<\/h5>\n<h5><strong>Us\u0142uga zdalnego programowania.<\/strong><br \/>\nTechnik VICI jest gotowy do po\u0142\u0105czenia si\u0119 z klientem w czasie rzeczywistym, aby pom\u00f3c mu w stworzeniu programu.<\/h5>\n<p>[\/vc_column_text][\/vc_column][\/vc_row][vc_row][vc_column][vc_empty_space height=&#8221;72px&#8221;][vc_single_image image=&#8221;50481&#8243; img_size=&#8221;full&#8221;][vc_column_text]<\/p>\n<h5 style=\"text-align: center;\"><span style=\"color: #ff0000;\"><span style=\"color: #000000;\">Prostota pozwala ka\u017cdemu operatorowi w dowolnym momencie kontrolowa\u0107 proces produkcji.<\/span><\/span><\/h5>\n<h5 style=\"text-align: center;\"><span style=\"color: #ff0000;\"><span style=\"color: #000000;\">Celem jest zapewnienie wysokich standard\u00f3w pomiarowych w nowym konkurencyjnym i kompaktowym skanerze.<\/span><\/span><\/h5>\n<h5 style=\"text-align: center;\"><span style=\"color: #ff0000;\"><span style=\"color: #000000;\">Zmierz setki charakterystyk na cz\u0119\u015bciach toczonych i szlifowanych w ci\u0105gu kilku sekund.<\/span><\/span><\/h5>\n<h5 style=\"text-align: center;\"><span style=\"color: #ff0000;\"><span style=\"color: #000000;\">Zakresy pomiarowe nowej serii maj\u0105 \u015brednic\u0119 <strong>od 60 do 140 mm i d\u0142ugo\u015bci od 300 do 600 mm<\/strong>.<\/span><\/span><\/h5>\n<p>[\/vc_column_text][vc_empty_space height=&#8221;80px&#8221;][\/vc_column][\/vc_row][vc_row][vc_column][vc_empty_space][\/vc_column][\/vc_row][vc_row full_width=&#8221;stretch_row_content_no_spaces&#8221; bg_type=&#8221;image&#8221; enable_overlay=&#8221;enable_overlay_value&#8221; overlay_color=&#8221;rgba(2,10,2,0.53)&#8221; overlay_pattern=&#8221;transperant&#8221; overlay_pattern_opacity=&#8221;100&#8243; css=&#8221;.vc_custom_1645015721885{background-image: url(https:\/\/www.vicivision.com\/wp-content\/uploads\/2019\/04\/Cattura.png?id=22202) !important;background-position: center !important;background-repeat: no-repeat !important;background-size: cover !important;}&#8221;][vc_column width=&#8221;1\/4&#8243;][\/vc_column][vc_column width=&#8221;1\/2&#8243;][vc_empty_space height=&#8221;350px&#8221;][vc_column_text]<\/p>\n<h1 style=\"color: white; text-align: left;\"><strong>Idealny do z\u0142\u0105czek i gwint\u00f3w toczonych<\/strong><\/h1>\n<h2 style=\"color: white; text-align: left;\"><strong>Dzi\u0119ki <em>PRIMIE<\/em> mo\u017cesz mierzy\u0107 toczone gwinty, \u015bruby i sworznie w ci\u0105gu zaledwie kilku sekund.<\/strong><\/h2>\n<p>[\/vc_column_text]<div class=\" ubtn-ctn-left \"><a class=\"ubtn-link ult-adjust-bottom-margin ubtn-left ubtn-normal \" href=\"https:\/\/www.vicivision.com\/wp-content\/uploads\/2025\/08\/Measuring-fittings_ENG.pdf\" ><button type=\"button\" id=\"ubtn-3414\"  class=\"ubtn ult-adjust-bottom-margin ult-responsive ubtn-normal ubtn-no-hover-bg  none  ubtn-left   tooltip-69f4d881c4709\"  data-hover=\"\" data-border-color=\"\" data-bg=\"#e0e0e0\" data-hover-bg=\"\" data-border-hover=\"\" data-shadow-hover=\"\" data-shadow-click=\"none\" data-shadow=\"\" data-shd-shadow=\"\"  data-ultimate-target='#ubtn-3414'  data-responsive-json-new='{\"font-size\":\"\",\"line-height\":\"\"}'  style=\"font-weight:normal;border:none;background: #e0e0e0;color: #000000;\"><span class=\"ubtn-hover\" style=\"background-color:\"><\/span><span class=\"ubtn-data ubtn-text \" >DOWNLOAD THE THREAD GUIDE<\/span><\/button><\/a><\/div>[vc_empty_space height=&#8221;180px&#8221;][\/vc_column][vc_column width=&#8221;1\/4&#8243;][\/vc_column][\/vc_row][vc_row][vc_column][vc_column_text]<\/p>\n<h3><strong>Setki pomiar\u00f3w w ci\u0105gu kilku sekund na cz\u0119\u015bciach toczonych i szlifowanych.<\/strong><\/h3>\n<p>&nbsp;<\/p>\n<h5><strong>Korzystna.<\/strong><\/h5>\n<h5><em>Prima<\/em> jest optyczny skaner pomiarowy, kt\u00f3ry pomaga produkowa\u0107 wi\u0119cej.<br \/>\nPrzyspiesz procesy, \u015bled\u017a jako\u015b\u0107, zmniejsz ilo\u015b\u0107 odrzut\u00f3w i przestoj\u00f3w.<br \/>\n90% narz\u0119dzi pomiarowych, kt\u00f3rych u\u017cywasz na co dzie\u0144, w jednym rozwi\u0105zaniu z szybkim zwrotem z inwestycji.<br \/>\nBlisko Ciebie.<\/h5>\n<p>&nbsp;<\/p>\n<h5><strong>Blisko Ciebie.<\/strong><\/h5>\n<h5>VICIVISION posiada og\u00f3lno\u015bwiatow\u0105 sie\u0107 dystrybucji, kt\u00f3ra pracuje z do\u015bwiadczeniem i profesjonalizmem.<br \/>\nDziesi\u0105tki ekspert\u00f3w, kt\u00f3rzy poprowadz\u0105 Ci\u0119 przez ca\u0142y proces zakupu i konsultacji, potrafi\u0105 zainstalowa\u0107, zaprogramowa\u0107 i zapewni\u0107 wsparcie posprzeda\u017cowe.<\/h5>\n<h5><strong>\u00a0<\/strong><\/h5>\n<p>[\/vc_column_text]<div class=\" ubtn-ctn-left \"><a class=\"ubtn-link ult-adjust-bottom-margin ubtn-left ubtn-normal \" href=\"https:\/\/www.vicivision.com\/pl\/optyczne-urzadzenia-pomiarowe\/\" ><button type=\"button\" id=\"ubtn-9650\"  class=\"ubtn ult-adjust-bottom-margin ult-responsive ubtn-normal ubtn-no-hover-bg  none  ubtn-left   tooltip-69f4d881c4755\"  data-hover=\"\" data-border-color=\"\" data-bg=\"#36af4e\" data-hover-bg=\"\" data-border-hover=\"\" data-shadow-hover=\"\" data-shadow-click=\"none\" data-shadow=\"\" data-shd-shadow=\"\"  data-ultimate-target='#ubtn-9650'  data-responsive-json-new='{\"font-size\":\"\",\"line-height\":\"\"}'  style=\"font-weight:normal;border:none;background: #36af4e;color: #ffffff;\"><span class=\"ubtn-hover\" style=\"background-color:\"><\/span><span class=\"ubtn-data ubtn-text \" >POBIERZ DANE TECHNICZNE<\/span><\/button><\/a><\/div>[\/vc_column][\/vc_row]<\/p>\n<\/div>","protected":false},"excerpt":{"rendered":"<p>[vc_row full_width=&#8221;stretch_row_content_no_spaces&#8221; bg_type=&#8221;image&#8221; fadeout_row=&#8221;fadeout_row_value&#8221; fadeout_start_effect=&#8221;50&#8243; enable_overlay=&#8221;enable_overlay_value&#8221; overlay_color=&#8221;rgba(2,10,2,0.53)&#8221; overlay_pattern=&#8221;transperant&#8221; overlay_pattern_opacity=&#8221;100&#8243; css=&#8221;.vc_custom_1645018118166{background-image: url(https:\/\/www.vicivision.com\/wp-content\/uploads\/2022\/02\/Image238-vincic709657-e1645018009283.jpg?id=50193) !important;background-position: center !important;background-repeat: no-repeat !important;background-size: cover !important;}&#8221;][vc_column width=&#8221;1\/4&#8243;][\/vc_column][vc_column width=&#8221;1\/2&#8243;][vc_empty_space height=&#8221;550px&#8221;][vc_column_text] CZY PRODUKUJESZ CZ\u0118\u015aCI TOCZONE? OTO TWOJA PRIMA VICIVISION. Optyczny skaner element\u00f3w obrotowych. [\/vc_column_text][vc_empty_space height=&#8221;200px&#8221;][\/vc_column][vc_column width=&#8221;1\/4&#8243;][\/vc_column][\/vc_row][vc_row][vc_column width=&#8221;1\/2&#8243;][vc_empty_space height=&#8221;82px&#8221;][vc_column_text] Jaki jest najlepszy spos\u00f3b pomiaru cz\u0119\u015bci toczonych? U\u017cywaj\u0105c skaner, kt\u00f3ra zaciska cz\u0119\u015b\u0107 tak jak tokarka: z k\u0142ami<\/p>\n<div class=\"more\"><a class=\"more-link btn btn-green ion-ios7-arrow-forward\" href=\"https:\/\/www.vicivision.com\/pl\/nowa-seria-prima\/\">Read more<\/a><\/div>\n","protected":false},"author":2,"featured_media":0,"parent":0,"menu_order":0,"comment_status":"closed","ping_status":"closed","template":"","meta":{"footnotes":""},"class_list":["post-50805","page","type-page","status-publish","hentry"],"acf":[],"_links":{"self":[{"href":"https:\/\/www.vicivision.com\/pl\/wp-json\/wp\/v2\/pages\/50805","targetHints":{"allow":["GET"]}}],"collection":[{"href":"https:\/\/www.vicivision.com\/pl\/wp-json\/wp\/v2\/pages"}],"about":[{"href":"https:\/\/www.vicivision.com\/pl\/wp-json\/wp\/v2\/types\/page"}],"author":[{"embeddable":true,"href":"https:\/\/www.vicivision.com\/pl\/wp-json\/wp\/v2\/users\/2"}],"replies":[{"embeddable":true,"href":"https:\/\/www.vicivision.com\/pl\/wp-json\/wp\/v2\/comments?post=50805"}],"version-history":[{"count":0,"href":"https:\/\/www.vicivision.com\/pl\/wp-json\/wp\/v2\/pages\/50805\/revisions"}],"wp:attachment":[{"href":"https:\/\/www.vicivision.com\/pl\/wp-json\/wp\/v2\/media?parent=50805"}],"curies":[{"name":"wp","href":"https:\/\/api.w.org\/{rel}","templated":true}]}}