{"id":42522,"date":"2021-01-21T12:13:07","date_gmt":"2021-01-21T11:13:07","guid":{"rendered":"https:\/\/www.vicivision.com\/pardot-twc_pol\/"},"modified":"2021-04-28T08:46:12","modified_gmt":"2021-04-28T06:46:12","slug":"automatycznej-kompensacji-przemyslu-4-0","status":"publish","type":"page","link":"https:\/\/www.vicivision.com\/pl\/automatycznej-kompensacji-przemyslu-4-0\/","title":{"rendered":"PARDOT &#8211; twc_ENG"},"content":{"rendered":"<div class=\"wpb-content-wrapper\"><p>[vc_row gap=&#8221;5&#8243; equal_height=&#8221;yes&#8221; css=&#8221;.vc_custom_1614674564198{margin-bottom: 0px !important;padding-right: 0% !important;padding-left: 0% !important;}&#8221; el_id=&#8221;flayer&#8221;][vc_column][vc_column_text]<\/p>\n<h3><strong>B\u0104D\u0179 AKTUALNY PODCZAS ZMIANY PROCES\u00d3W PRODUKCYJNYCH W ERZE PRZEMYS\u0141U 4.0.<br \/>\n<\/strong><\/h3>\n<p>&nbsp;<\/p>\n<p>Przy <strong>rozmowach z mened\u017cerami jako\u015bci<\/strong> <strong>i produkcji<\/strong> stwierdzamy, i\u017c najwi\u0119kszymi wezwaniami s\u0105:<\/p>\n<p>Posiada\u0107 <strong>rozwi\u0105zania, kt\u00f3re s\u0105 elastyczne i szybkie<br \/>\n<\/strong>Inspekcje poza pomieszczeniami metrologii przy <strong>utrzymaniu obserwowalno\u015bci i kontroli danych<br \/>\n<\/strong>Szkoli\u0107 operator\u00f3w, by mieli <strong>zerowe wady<\/strong> i szerokie pole zmienno\u015bci cz\u0119\u015bci rysunkowych<br \/>\nNieustannie \u015bled\u017a i <strong>wykonuj<\/strong> <strong>korekty na czas<\/strong>.<\/p>\n<p>Oprogramowanie <strong>TWC wczytuje pliki CSV<\/strong>, przetwarza je, oblicza przesuwy i nast\u0119pnie udost\u0119pnia je <strong>PLC<\/strong> za po\u015brednictwem <strong>po\u0142\u0105czenia Profinet albo Profibus<\/strong>, w celu implementacji <strong>automatycznej kompensacji<\/strong>.[\/vc_column_text][\/vc_column][\/vc_row]<\/p>\n<\/div>","protected":false},"excerpt":{"rendered":"<p>[vc_row gap=&#8221;5&#8243; equal_height=&#8221;yes&#8221; css=&#8221;.vc_custom_1614674564198{margin-bottom: 0px !important;padding-right: 0% !important;padding-left: 0% !important;}&#8221; el_id=&#8221;flayer&#8221;][vc_column][vc_column_text] B\u0104D\u0179 AKTUALNY PODCZAS ZMIANY PROCES\u00d3W PRODUKCYJNYCH W ERZE PRZEMYS\u0141U 4.0. &nbsp; Przy rozmowach z mened\u017cerami jako\u015bci i produkcji stwierdzamy, i\u017c najwi\u0119kszymi wezwaniami s\u0105: Posiada\u0107 rozwi\u0105zania, kt\u00f3re s\u0105 elastyczne i szybkie Inspekcje poza pomieszczeniami metrologii przy utrzymaniu obserwowalno\u015bci i kontroli danych Szkoli\u0107 operator\u00f3w, by mieli<\/p>\n<div class=\"more\"><a class=\"more-link btn btn-green ion-ios7-arrow-forward\" href=\"https:\/\/www.vicivision.com\/pl\/automatycznej-kompensacji-przemyslu-4-0\/\">Read more<\/a><\/div>\n","protected":false},"author":2,"featured_media":0,"parent":0,"menu_order":0,"comment_status":"closed","ping_status":"closed","template":"template-form-handler.php","meta":{"footnotes":""},"class_list":["post-42522","page","type-page","status-publish","hentry"],"acf":[],"_links":{"self":[{"href":"https:\/\/www.vicivision.com\/pl\/wp-json\/wp\/v2\/pages\/42522","targetHints":{"allow":["GET"]}}],"collection":[{"href":"https:\/\/www.vicivision.com\/pl\/wp-json\/wp\/v2\/pages"}],"about":[{"href":"https:\/\/www.vicivision.com\/pl\/wp-json\/wp\/v2\/types\/page"}],"author":[{"embeddable":true,"href":"https:\/\/www.vicivision.com\/pl\/wp-json\/wp\/v2\/users\/2"}],"replies":[{"embeddable":true,"href":"https:\/\/www.vicivision.com\/pl\/wp-json\/wp\/v2\/comments?post=42522"}],"version-history":[{"count":0,"href":"https:\/\/www.vicivision.com\/pl\/wp-json\/wp\/v2\/pages\/42522\/revisions"}],"wp:attachment":[{"href":"https:\/\/www.vicivision.com\/pl\/wp-json\/wp\/v2\/media?parent=42522"}],"curies":[{"name":"wp","href":"https:\/\/api.w.org\/{rel}","templated":true}]}}