{"id":42116,"date":"2014-12-10T15:41:06","date_gmt":"2014-12-10T14:41:06","guid":{"rendered":"https:\/\/www.vicivision.com\/applications-measuring-machines\/"},"modified":"2025-08-07T16:25:47","modified_gmt":"2025-08-07T14:25:47","slug":"applications-measuring-machines","status":"publish","type":"page","link":"https:\/\/www.vicivision.com\/pl\/applications-measuring-machines\/","title":{"rendered":"Zastosowanie"},"content":{"rendered":"<div class=\"wpb-content-wrapper\"><p>[vc_row][vc_column][vc_column_text]<\/p>\n<h3>Optyczne systemy pomiarowe.<br \/>\nSpecjalne funkcje do specyficznych zastosowa\u0144.<\/h3>\n<p>[\/vc_column_text][\/vc_column][\/vc_row][vc_row][vc_column width=&#8221;1\/3&#8243;][vc_single_image image=&#8221;55474&#8243; img_size=&#8221;140&#215;200&#8243; alignment=&#8221;center&#8221; onclick=&#8221;custom_link&#8221;][vc_column_text]<\/p>\n<h4 style=\"text-align: center;\">Turbiny<\/h4>\n<p>[\/vc_column_text]<div class=\" ubtn-ctn-center \"><a class=\"ubtn-link ult-adjust-bottom-margin ubtn-center ubtn-mini \" href=\"https:\/\/www.vicivision.com\/wp-content\/uploads\/2025\/08\/FLYER-TURBINES-ENG.pdf\" ><button type=\"button\" id=\"ubtn-4765\"  class=\"ubtn ult-adjust-bottom-margin ult-responsive ubtn-mini ubtn-no-hover-bg  none  ubtn-center   tooltip-69e5ff20c603a\"  data-hover=\"\" data-border-color=\"\" data-bg=\"#33a564\" data-hover-bg=\"\" data-border-hover=\"\" data-shadow-hover=\"\" data-shadow-click=\"none\" data-shadow=\"\" data-shd-shadow=\"\"  data-ultimate-target='#ubtn-4765'  data-responsive-json-new='{\"font-size\":\"\",\"line-height\":\"\"}'  style=\"font-weight:normal;border:none;background: #33a564;color: #ffffff;\"><span class=\"ubtn-hover\" style=\"background-color:\"><\/span><span class=\"ubtn-data ubtn-text \" >POBIERZ DANE | TURBINY<\/span><\/button><\/a><\/div>[\/vc_column][vc_column width=&#8221;1\/3&#8243;][vc_single_image image=&#8221;55447&#8243; img_size=&#8221;140&#215;200&#8243; alignment=&#8221;center&#8221; onclick=&#8221;custom_link&#8221;][vc_column_text]<\/p>\n<h4 style=\"text-align: center;\">Implanty dentystyczne<\/h4>\n<p>[\/vc_column_text]<div class=\" ubtn-ctn-center \"><a class=\"ubtn-link ult-adjust-bottom-margin ubtn-center ubtn-mini \" href=\"https:\/\/www.vicivision.com\/wp-content\/uploads\/2025\/08\/FLYER-DENTAL-ENG.pdf\" ><button type=\"button\" id=\"ubtn-1125\"  class=\"ubtn ult-adjust-bottom-margin ult-responsive ubtn-mini ubtn-no-hover-bg  none  ubtn-center   tooltip-69e5ff20c60eb\"  data-hover=\"\" data-border-color=\"\" data-bg=\"#33a564\" data-hover-bg=\"\" data-border-hover=\"\" data-shadow-hover=\"\" data-shadow-click=\"none\" data-shadow=\"\" data-shd-shadow=\"\"  data-ultimate-target='#ubtn-1125'  data-responsive-json-new='{\"font-size\":\"\",\"line-height\":\"\"}'  style=\"font-weight:normal;border:none;background: #33a564;color: #ffffff;\"><span class=\"ubtn-hover\" style=\"background-color:\"><\/span><span class=\"ubtn-data ubtn-text \" >POBIERZ DANE | IMPLANTY DENTYSTYCZNE<\/span><\/button><\/a><\/div>[vc_empty_space height=&#8221;40px&#8221;][\/vc_column][vc_column width=&#8221;1\/3&#8243;][vc_single_image image=&#8221;55554&#8243; img_size=&#8221;220&#215;200&#8243; alignment=&#8221;center&#8221; onclick=&#8221;custom_link&#8221;][vc_column_text]<\/p>\n<h4 style=\"text-align: center;\">Zawory<\/h4>\n<p>[\/vc_column_text]<div class=\" ubtn-ctn-center \"><a class=\"ubtn-link ult-adjust-bottom-margin ubtn-center ubtn-mini \" href=\"https:\/\/www.vicivision.com\/wp-content\/uploads\/2025\/08\/VALVES_ENG.pdf\" ><button type=\"button\" id=\"ubtn-8217\"  class=\"ubtn ult-adjust-bottom-margin ult-responsive ubtn-mini ubtn-no-hover-bg  none  ubtn-center   tooltip-69e5ff20c6126\"  data-hover=\"\" data-border-color=\"\" data-bg=\"#33a564\" data-hover-bg=\"\" data-border-hover=\"\" data-shadow-hover=\"\" data-shadow-click=\"none\" data-shadow=\"\" data-shd-shadow=\"\"  data-ultimate-target='#ubtn-8217'  data-responsive-json-new='{\"font-size\":\"\",\"line-height\":\"\"}'  style=\"font-weight:normal;border:none;background: #33a564;color: #ffffff;\"><span class=\"ubtn-hover\" style=\"background-color:\"><\/span><span class=\"ubtn-data ubtn-text \" >POBIERZ DANE | ZAWORY<\/span><\/button><\/a><\/div>[\/vc_column][\/vc_row][vc_row][vc_column width=&#8221;1\/3&#8243;][vc_single_image image=&#8221;55456&#8243; img_size=&#8221;140&#215;200&#8243; alignment=&#8221;center&#8221; onclick=&#8221;custom_link&#8221;][vc_column_text]<\/p>\n<h4 style=\"text-align: center;\">Wa\u0142ki rozrz\u0105du<\/h4>\n<p>[\/vc_column_text]<div class=\" ubtn-ctn-center \"><a class=\"ubtn-link ult-adjust-bottom-margin ubtn-center ubtn-mini \" href=\"https:\/\/www.vicivision.com\/wp-content\/uploads\/2025\/08\/FLYER-CAMSHAFTS-ENG.pdf\" ><button type=\"button\" id=\"ubtn-5124\"  class=\"ubtn ult-adjust-bottom-margin ult-responsive ubtn-mini ubtn-no-hover-bg  none  ubtn-center   tooltip-69e5ff20c6159\"  data-hover=\"\" data-border-color=\"\" data-bg=\"#33a564\" data-hover-bg=\"\" data-border-hover=\"\" data-shadow-hover=\"\" data-shadow-click=\"none\" data-shadow=\"\" data-shd-shadow=\"\"  data-ultimate-target='#ubtn-5124'  data-responsive-json-new='{\"font-size\":\"\",\"line-height\":\"\"}'  style=\"font-weight:normal;border:none;background: #33a564;color: #ffffff;\"><span class=\"ubtn-hover\" style=\"background-color:\"><\/span><span class=\"ubtn-data ubtn-text \" >POBIERZ DANE | WA\u0141KI ROZRZ\u0104DU<\/span><\/button><\/a><\/div>[\/vc_column][vc_column width=&#8221;1\/3&#8243;][vc_single_image image=&#8221;55465&#8243; img_size=&#8221;140&#215;200&#8243; alignment=&#8221;center&#8221; onclick=&#8221;custom_link&#8221;][vc_column_text]<\/p>\n<h4 style=\"text-align: center;\">Wa\u0142y korbowe<\/h4>\n<p>[\/vc_column_text]<div class=\" ubtn-ctn-center \"><a class=\"ubtn-link ult-adjust-bottom-margin ubtn-center ubtn-mini \" href=\"https:\/\/www.vicivision.com\/wp-content\/uploads\/2025\/08\/FLYER-CRANKSHAFTS-ENG.pdf\" ><button type=\"button\" id=\"ubtn-1445\"  class=\"ubtn ult-adjust-bottom-margin ult-responsive ubtn-mini ubtn-no-hover-bg  none  ubtn-center   tooltip-69e5ff20c61a2\"  data-hover=\"\" data-border-color=\"\" data-bg=\"#33a564\" data-hover-bg=\"\" data-border-hover=\"\" data-shadow-hover=\"\" data-shadow-click=\"none\" data-shadow=\"\" data-shd-shadow=\"\"  data-ultimate-target='#ubtn-1445'  data-responsive-json-new='{\"font-size\":\"\",\"line-height\":\"\"}'  style=\"font-weight:normal;border:none;background: #33a564;color: #ffffff;\"><span class=\"ubtn-hover\" style=\"background-color:\"><\/span><span class=\"ubtn-data ubtn-text \" >POBIERZ DANE | WA\u0141Y KORBOWE<\/span><\/button><\/a><\/div>[\/vc_column][vc_column width=&#8221;1\/3&#8243;][vc_single_image image=&#8221;22204&#8243; img_size=&#8221;220&#215;200&#8243; alignment=&#8221;center&#8221; onclick=&#8221;custom_link&#8221;][vc_column_text]<\/p>\n<h4 style=\"text-align: center;\">Z\u0142\u0105czki, gwinty, \u015bruby<\/h4>\n<p>[\/vc_column_text]<div class=\" ubtn-ctn-center \"><a class=\"ubtn-link ult-adjust-bottom-margin ubtn-center ubtn-mini \" href=\"https:\/\/www.vicivision.com\/wp-content\/uploads\/2025\/08\/Measuring-fittings_ENG.pdf\" ><button type=\"button\" id=\"ubtn-6344\"  class=\"ubtn ult-adjust-bottom-margin ult-responsive ubtn-mini ubtn-no-hover-bg  none  ubtn-center   tooltip-69e5ff20c61e5\"  data-hover=\"\" data-border-color=\"\" data-bg=\"#33a564\" data-hover-bg=\"\" data-border-hover=\"\" data-shadow-hover=\"\" data-shadow-click=\"none\" data-shadow=\"\" data-shd-shadow=\"\"  data-ultimate-target='#ubtn-6344'  data-responsive-json-new='{\"font-size\":\"\",\"line-height\":\"\"}'  style=\"font-weight:normal;border:none;background: #33a564;color: #ffffff;\"><span class=\"ubtn-hover\" style=\"background-color:\"><\/span><span class=\"ubtn-data ubtn-text \" >POBIERZ DANE | Z\u0141\u0104CZKI<\/span><\/button><\/a><\/div>[\/vc_column][\/vc_row][vc_row][vc_column][vc_empty_space][vc_separator][vc_empty_space][\/vc_column][\/vc_row][vc_row][vc_column width=&#8221;1\/2&#8243;]<div class=\" ubtn-ctn-left \"><a class=\"ubtn-link ult-adjust-bottom-margin ubtn-left ubtn-block \" href=\"https:\/\/www.vicivision.com\/wp-content\/uploads\/2025\/08\/Touch-Probe_cz_web.pdf\" ><button type=\"button\" id=\"ubtn-5928\"  class=\"ubtn ult-adjust-bottom-margin ult-responsive ubtn-block ubtn-no-hover-bg  none  ubtn-left   tooltip-69e5ff20c6210 ubtn-block\"  data-hover=\"\" data-border-color=\"\" data-bg=\"#e0e0e0\" data-hover-bg=\"\" data-border-hover=\"\" data-shadow-hover=\"\" data-shadow-click=\"none\" data-shadow=\"\" data-shd-shadow=\"\"  data-ultimate-target='#ubtn-5928'  data-responsive-json-new='{\"font-size\":\"\",\"line-height\":\"\"}'  style=\"font-weight:normal;border:none;background: #e0e0e0;color: #000000;\"><span class=\"ubtn-hover\" style=\"background-color:\"><\/span><span class=\"ubtn-data ubtn-text \" >POBIERZ DANE TECHNICZNE SONDA STYKOWA<\/span><\/button><\/a><\/div>[vc_single_image image=&#8221;23188&#8243; img_size=&#8221;600X350&#8243; onclick=&#8221;custom_link&#8221;][\/vc_column][vc_column width=&#8221;1\/2&#8243;]<div class=\" ubtn-ctn-left \"><a class=\"ubtn-link ult-adjust-bottom-margin ubtn-left ubtn-block \" href=\"https:\/\/www.vicivision.com\/wp-content\/uploads\/2025\/08\/Tool-Wear-Compensation_VICIVISION_ENG.pdf\" ><button type=\"button\" id=\"ubtn-6148\"  class=\"ubtn ult-adjust-bottom-margin ult-responsive ubtn-block ubtn-no-hover-bg  none  ubtn-left   tooltip-69e5ff20c623c ubtn-block\"  data-hover=\"\" data-border-color=\"\" data-bg=\"#e0e0e0\" data-hover-bg=\"\" data-border-hover=\"\" data-shadow-hover=\"\" data-shadow-click=\"none\" data-shadow=\"\" data-shd-shadow=\"\"  data-ultimate-target='#ubtn-6148'  data-responsive-json-new='{\"font-size\":\"\",\"line-height\":\"\"}'  style=\"font-weight:normal;border:none;background: #e0e0e0;color: #000000;\"><span class=\"ubtn-hover\" style=\"background-color:\"><\/span><span class=\"ubtn-data ubtn-text \" >POBIERZ DANE TECHNICZNE KOMPENSACJA ZU\u017bYCIA NARZ\u0118DZIA<\/span><\/button><\/a><\/div>[vc_single_image image=&#8221;8436&#8243; img_size=&#8221;600X350&#8243; onclick=&#8221;custom_link&#8221;][\/vc_column][\/vc_row][vc_row][vc_column width=&#8221;1\/2&#8243;][vc_empty_space height=&#8221;40px&#8221;][vc_separator][vc_column_text]<\/p>\n<h6 style=\"text-align: center;\"><strong>\u201eVICIVISION I INTEGRACJA Z ROBOTEM<\/strong><\/h6>\n<p style=\"text-align: center;\"><strong>MTL i robot UR5 \u201d.<\/strong><\/p>\n<p>[\/vc_column_text][vc_video link=&#8221;https:\/\/www.youtube.com\/watch?v=QVHs0BnSeII&#8221;][\/vc_column][vc_column width=&#8221;1\/2&#8243;][vc_empty_space height=&#8221;40px&#8221;][vc_separator][vc_column_text]<\/p>\n<h6 style=\"text-align: center;\"><strong>\u201eROBOT DO POMIARU BUTELEK PLASTIKOWYCH.&#8221;<\/strong><\/h6>\n<p>[\/vc_column_text][vc_empty_space height=&#8221;26px&#8221;][vc_video link=&#8221;https:\/\/youtu.be\/s00n9RmoCak&#8221;][\/vc_column][\/vc_row][vc_row][vc_column][vc_empty_space][vc_separator][vc_empty_space][\/vc_column][\/vc_row][vc_row][vc_column width=&#8221;1\/2&#8243;][vc_column_text]<\/p>\n<h6 style=\"text-align: center;\"><strong>POMIAR IMPLANT\u00d3W DENTYSTYCZNYCH BEZPO\u015aREDNIO NA PRODUKCJI &#8211; INTEGRACJA Z ROBOTEM.<\/strong><\/h6>\n<h6 style=\"text-align: center;\"><strong>Optyczne urz\u0105dzenie pomiarowe <a href=\"https:\/\/www.vicivision.com\/pl\/pomiary-optyczne\/mtl-x5\/\">MTL X5<\/a> i robot.<\/strong><\/h6>\n<p>[\/vc_column_text][vc_video link=&#8221;https:\/\/youtu.be\/h97zH9xBPeM&#8221;][\/vc_column][vc_column width=&#8221;1\/2&#8243;][vc_column_text]<\/p>\n<h6 style=\"text-align: center;\"><strong>KONTROLA JAKO\u015aCI DLA ELEKTRONIKI.<\/strong><\/h6>\n<h6 style=\"text-align: center;\"><strong>Urz\u0105dzenie pomiarowe MTP 170 Multicheck i robot.<\/strong><\/h6>\n<p>[\/vc_column_text][vc_empty_space height=&#8221;20px&#8221;][vc_video link=&#8221;https:\/\/youtu.be\/1ZduZdWdrv0&#8243;][\/vc_column][\/vc_row]<\/p>\n<\/div>","protected":false},"excerpt":{"rendered":"<p>[vc_row][vc_column][vc_column_text] Optyczne systemy pomiarowe. Specjalne funkcje do specyficznych zastosowa\u0144. [\/vc_column_text][\/vc_column][\/vc_row][vc_row][vc_column width=&#8221;1\/3&#8243;][vc_single_image image=&#8221;55474&#8243; img_size=&#8221;140&#215;200&#8243; alignment=&#8221;center&#8221; onclick=&#8221;custom_link&#8221;][vc_column_text] Turbiny [\/vc_column_text][\/vc_column][vc_column width=&#8221;1\/3&#8243;][vc_single_image image=&#8221;55447&#8243; img_size=&#8221;140&#215;200&#8243; alignment=&#8221;center&#8221; onclick=&#8221;custom_link&#8221;][vc_column_text] Implanty dentystyczne [\/vc_column_text][vc_empty_space height=&#8221;40px&#8221;][\/vc_column][vc_column width=&#8221;1\/3&#8243;][vc_single_image image=&#8221;55554&#8243; img_size=&#8221;220&#215;200&#8243; alignment=&#8221;center&#8221; onclick=&#8221;custom_link&#8221;][vc_column_text] Zawory [\/vc_column_text][\/vc_column][\/vc_row][vc_row][vc_column width=&#8221;1\/3&#8243;][vc_single_image image=&#8221;55456&#8243; img_size=&#8221;140&#215;200&#8243; alignment=&#8221;center&#8221; onclick=&#8221;custom_link&#8221;][vc_column_text] Wa\u0142ki rozrz\u0105du [\/vc_column_text][\/vc_column][vc_column width=&#8221;1\/3&#8243;][vc_single_image image=&#8221;55465&#8243; img_size=&#8221;140&#215;200&#8243; alignment=&#8221;center&#8221; onclick=&#8221;custom_link&#8221;][vc_column_text] Wa\u0142y korbowe [\/vc_column_text][\/vc_column][vc_column width=&#8221;1\/3&#8243;][vc_single_image image=&#8221;22204&#8243; img_size=&#8221;220&#215;200&#8243; alignment=&#8221;center&#8221; onclick=&#8221;custom_link&#8221;][vc_column_text] Z\u0142\u0105czki,<\/p>\n<div class=\"more\"><a class=\"more-link btn btn-green ion-ios7-arrow-forward\" href=\"https:\/\/www.vicivision.com\/pl\/applications-measuring-machines\/\">Read more<\/a><\/div>\n","protected":false},"author":2,"featured_media":0,"parent":0,"menu_order":0,"comment_status":"closed","ping_status":"closed","template":"","meta":{"footnotes":""},"class_list":["post-42116","page","type-page","status-publish","hentry"],"acf":[],"_links":{"self":[{"href":"https:\/\/www.vicivision.com\/pl\/wp-json\/wp\/v2\/pages\/42116","targetHints":{"allow":["GET"]}}],"collection":[{"href":"https:\/\/www.vicivision.com\/pl\/wp-json\/wp\/v2\/pages"}],"about":[{"href":"https:\/\/www.vicivision.com\/pl\/wp-json\/wp\/v2\/types\/page"}],"author":[{"embeddable":true,"href":"https:\/\/www.vicivision.com\/pl\/wp-json\/wp\/v2\/users\/2"}],"replies":[{"embeddable":true,"href":"https:\/\/www.vicivision.com\/pl\/wp-json\/wp\/v2\/comments?post=42116"}],"version-history":[{"count":0,"href":"https:\/\/www.vicivision.com\/pl\/wp-json\/wp\/v2\/pages\/42116\/revisions"}],"wp:attachment":[{"href":"https:\/\/www.vicivision.com\/pl\/wp-json\/wp\/v2\/media?parent=42116"}],"curies":[{"name":"wp","href":"https:\/\/api.w.org\/{rel}","templated":true}]}}