{"id":41764,"date":"2020-10-05T11:46:56","date_gmt":"2020-10-05T09:46:56","guid":{"rendered":"https:\/\/www.vicivision.com\/pardot-turbine\/"},"modified":"2021-04-27T15:51:01","modified_gmt":"2021-04-27T13:51:01","slug":"mierz-turbinach","status":"publish","type":"page","link":"https:\/\/www.vicivision.com\/pl\/mierz-turbinach\/","title":{"rendered":"PARDOT &#8211; Turbine"},"content":{"rendered":"<div class=\"wpb-content-wrapper\"><p>[vc_row][vc_column][vc_column_text]<\/p>\n<h3><strong><br \/>\nOferujemy metod\u0119, kt\u00f3ra chroni przed nieprzyjemnymi b\u0142\u0119dami.<\/strong><\/h3>\n<p>&nbsp;<\/p>\n<p>W kolejnych 3 latach zostanie oferta samochod\u00f3w w pe\u0142ni odmieniona.<\/p>\n<p><strong>Klasyczne komponenty jak wa\u0142y krzywkowe, turbiny, przeguby o sta\u0142ej pr\u0119dko\u015bci, wa\u0142ki przek\u0142adniowe, zawory, t\u0142oki, wa\u0142y korbowe nie znikn\u0105.<\/strong><\/p>\n<p><strong>Zmniejszy si\u0119 wolumen<\/strong>, zwi\u0119kszy si\u0119 moc i <strong>zmieni si\u0119 oferta modeli<\/strong>.<\/p>\n<p>Wyobra\u017a sobie kogo\u015b, kto puka do drzwi i m\u00f3wi: &#8222;Musi to dzia\u0142a\u0107 jak stara cz\u0119\u015b\u0107, musi jednak kosztowa\u0107 mniej, musi mi\u0119\u0107 wi\u0119ksz\u0105 moc, wytrzyma\u0107 d\u0142u\u017cej i bardzo szybko osi\u0105gn\u0105\u0107 maksymalnej pr\u0119dko\u015bci. No i zapomnia\u0142em: musimy pozosta\u0107 elastyczni, poniewa\u017c wolumeny s\u0105 niedu\u017ce i kilka r\u00f3\u017cnych cz\u0119\u015bci musi zosta\u0107 wyprodukowanych przez jedn\u0105 maszyn\u0119&#8221;.<\/p>\n<p>Jak <strong>zapewni\u0107 jako\u015b\u0107<\/strong> w takich warunkach?<br \/>\nJak <strong>przy obni\u017ceniu wolumenu utrzyma\u0107 koszty pod kontrol\u0105<\/strong>?<br \/>\nJakie b\u0119d\u0105 <strong>oczekiwane parametry kontroli<\/strong>?<\/p>\n<p>Przy <strong>rozmowach z mened\u017cerami jako\u015bci<\/strong> i produkcji stwierdzamy, i\u017c najwi\u0119kszymi wezwaniami s\u0105:<\/p>\n<p>Mie\u0107 do dyspozycji <strong>rozwi\u0105zanie, kt\u00f3re jest elastyczne i szybkie<br \/>\n<\/strong><strong>Inspekcje poza pomieszczeniami metrologii przy utrzymaniu obserwowalno\u015bci i kontroli danych<br \/>\n<\/strong>Wyszkolenie operator\u00f3w, by mieli zerowe wady i szerokie pole zmienno\u015bci rysunkowej<br \/>\nNieustannie \u015bledzi\u0107 cz\u0119\u015bci i <strong>korekty wykonywa\u0107 na czas<\/strong>.<\/p>\n<p>Czytaj\u0105c taki scenariusz, sp\u00f3\u0142ka VICIVISION wprowadzi\u0142a metod\u0119, kt\u00f3ra oferuje w\u0142a\u015bnie takie urz\u0105dzenie pomiarowe:<\/p>\n<ol>\n<li><strong>Zmiana cz\u0119\u015bci przy pomocy kodu kreskowego<\/strong> bez konieczno\u015bci innych narz\u0119dzi\/instrument\u00f3w<\/li>\n<li><strong>Pomiar w przeci\u0105gu kilku sekund<\/strong><\/li>\n<li><strong>Pracuje bezpo\u015brednio na produkcji<\/strong><\/li>\n<li><strong>Wstecznie kontroluje maszyny obr\u00f3bcze<\/strong><\/li>\n<li><strong>Dostarcza dane do laboratorium metrologicznego<\/strong><\/li>\n<li>Przyjmuje instrukcje od wykwalifikowanego pracownika i<strong> gromadzi dane<\/strong> w systemie statystycznym<\/li>\n<\/ol>\n<p>Z systemu korzysta ju\u017c ponad 2000 sp\u00f3\u0142ek.<\/p>\n<p>&nbsp;<\/p>\n<p>Chcesz dowiedzie\u0107 si\u0119 wi\u0119cej?<\/p>\n<p>Chcesz dowiedzie\u0107 si\u0119 wi\u0119cej:<\/p>\n<ul>\n<li>Informacje dotycz\u0105ce urz\u0105dze\u0144 kontrolnych i specyficznych aplikacji zaprojektowanych dla przemys\u0142u samochodowego<\/li>\n<li>Jedna sprawdzona procedura tygodniowo.<\/li>\n<\/ul>\n<p>[\/vc_column_text][\/vc_column][\/vc_row]<\/p>\n<\/div>","protected":false},"excerpt":{"rendered":"<p>[vc_row][vc_column][vc_column_text] Oferujemy metod\u0119, kt\u00f3ra chroni przed nieprzyjemnymi b\u0142\u0119dami. &nbsp; W kolejnych 3 latach zostanie oferta samochod\u00f3w w pe\u0142ni odmieniona. Klasyczne komponenty jak wa\u0142y krzywkowe, turbiny, przeguby o sta\u0142ej pr\u0119dko\u015bci, wa\u0142ki przek\u0142adniowe, zawory, t\u0142oki, wa\u0142y korbowe nie znikn\u0105. Zmniejszy si\u0119 wolumen, zwi\u0119kszy si\u0119 moc i zmieni si\u0119 oferta modeli. Wyobra\u017a sobie kogo\u015b, kto puka do drzwi<\/p>\n<div class=\"more\"><a class=\"more-link btn btn-green ion-ios7-arrow-forward\" href=\"https:\/\/www.vicivision.com\/pl\/mierz-turbinach\/\">Read more<\/a><\/div>\n","protected":false},"author":5,"featured_media":0,"parent":0,"menu_order":0,"comment_status":"closed","ping_status":"closed","template":"template-form-handler.php","meta":{"footnotes":""},"class_list":["post-41764","page","type-page","status-publish","hentry"],"acf":[],"_links":{"self":[{"href":"https:\/\/www.vicivision.com\/pl\/wp-json\/wp\/v2\/pages\/41764","targetHints":{"allow":["GET"]}}],"collection":[{"href":"https:\/\/www.vicivision.com\/pl\/wp-json\/wp\/v2\/pages"}],"about":[{"href":"https:\/\/www.vicivision.com\/pl\/wp-json\/wp\/v2\/types\/page"}],"author":[{"embeddable":true,"href":"https:\/\/www.vicivision.com\/pl\/wp-json\/wp\/v2\/users\/5"}],"replies":[{"embeddable":true,"href":"https:\/\/www.vicivision.com\/pl\/wp-json\/wp\/v2\/comments?post=41764"}],"version-history":[{"count":0,"href":"https:\/\/www.vicivision.com\/pl\/wp-json\/wp\/v2\/pages\/41764\/revisions"}],"wp:attachment":[{"href":"https:\/\/www.vicivision.com\/pl\/wp-json\/wp\/v2\/media?parent=41764"}],"curies":[{"name":"wp","href":"https:\/\/api.w.org\/{rel}","templated":true}]}}