{"id":41758,"date":"2020-10-05T15:31:56","date_gmt":"2020-10-05T13:31:56","guid":{"rendered":"https:\/\/www.vicivision.com\/pardot-touch-probe\/"},"modified":"2021-04-28T09:21:23","modified_gmt":"2021-04-28T07:21:23","slug":"sondy-stykowej","status":"publish","type":"page","link":"https:\/\/www.vicivision.com\/pl\/sondy-stykowej\/","title":{"rendered":"PARDOT &#8211; Touch Probe"},"content":{"rendered":"<div class=\"wpb-content-wrapper\"><p>[vc_row gap=&#8221;5&#8243; equal_height=&#8221;yes&#8221; css=&#8221;.vc_custom_1614175210718{margin-bottom: 0px !important;padding-right: 0% !important;padding-left: 0% !important;}&#8221; el_id=&#8221;flayer&#8221;][vc_column][vc_empty_space][vc_column_text]<\/p>\n<div class=\"wpb_text_column wpb_content_element \">\n<div class=\"wpb_wrapper\">\n<h3><\/h3>\n<h3>VICIVISION przynosi ca\u0142kowicie now\u0105 funkcj\u0119 dla pomiaru wa\u0142\u00f3w, po\u0142\u0105czenie zaawansowanej optycznej metody pomiaru z systemem pomiaru za pomoc\u0105 sondy stykowej.<\/h3>\n<\/div>\n<\/div>\n<p>[\/vc_column_text][\/vc_column][\/vc_row]<\/p>\n<\/div>","protected":false},"excerpt":{"rendered":"<p>[vc_row gap=&#8221;5&#8243; equal_height=&#8221;yes&#8221; css=&#8221;.vc_custom_1614175210718{margin-bottom: 0px !important;padding-right: 0% !important;padding-left: 0% !important;}&#8221; el_id=&#8221;flayer&#8221;][vc_column][vc_empty_space][vc_column_text] VICIVISION przynosi ca\u0142kowicie now\u0105 funkcj\u0119 dla pomiaru wa\u0142\u00f3w, po\u0142\u0105czenie zaawansowanej optycznej metody pomiaru z systemem pomiaru za pomoc\u0105 sondy stykowej. [\/vc_column_text][\/vc_column][\/vc_row]<\/p>\n","protected":false},"author":5,"featured_media":0,"parent":0,"menu_order":0,"comment_status":"closed","ping_status":"closed","template":"template-form-handler.php","meta":{"footnotes":""},"class_list":["post-41758","page","type-page","status-publish","hentry"],"acf":[],"_links":{"self":[{"href":"https:\/\/www.vicivision.com\/pl\/wp-json\/wp\/v2\/pages\/41758","targetHints":{"allow":["GET"]}}],"collection":[{"href":"https:\/\/www.vicivision.com\/pl\/wp-json\/wp\/v2\/pages"}],"about":[{"href":"https:\/\/www.vicivision.com\/pl\/wp-json\/wp\/v2\/types\/page"}],"author":[{"embeddable":true,"href":"https:\/\/www.vicivision.com\/pl\/wp-json\/wp\/v2\/users\/5"}],"replies":[{"embeddable":true,"href":"https:\/\/www.vicivision.com\/pl\/wp-json\/wp\/v2\/comments?post=41758"}],"version-history":[{"count":0,"href":"https:\/\/www.vicivision.com\/pl\/wp-json\/wp\/v2\/pages\/41758\/revisions"}],"wp:attachment":[{"href":"https:\/\/www.vicivision.com\/pl\/wp-json\/wp\/v2\/media?parent=41758"}],"curies":[{"name":"wp","href":"https:\/\/api.w.org\/{rel}","templated":true}]}}