{"id":41752,"date":"2020-10-05T16:07:37","date_gmt":"2020-10-05T14:07:37","guid":{"rendered":"https:\/\/www.vicivision.com\/pardot-serie-x\/"},"modified":"2021-04-28T08:32:09","modified_gmt":"2021-04-28T06:32:09","slug":"polska-system-do-mikromechaniki","status":"publish","type":"page","link":"https:\/\/www.vicivision.com\/pl\/polska-system-do-mikromechaniki\/","title":{"rendered":"PARDOT &#8211; Serie X"},"content":{"rendered":"<div class=\"wpb-content-wrapper\"><p>[vc_row gap=&#8221;5&#8243; equal_height=&#8221;yes&#8221; css=&#8221;.vc_custom_1614674010654{margin-bottom: 0px !important;padding-right: 0% !important;padding-left: 0% !important;}&#8221; el_id=&#8221;flayer&#8221;][vc_column][vc_column_text]<\/p>\n<h3><\/h3>\n<p><strong>PONI\u017bEJ ZNAJDZIESZ TRZY RADY Z NATYCHMIASTOW\u0104 MO\u017bLIWO\u015aCI\u0104 DO WYKORZYSTANIA, WIELE FIRM ZAJMUJ\u0104CYCH SI\u0118 TOCZENIEM KORZYSTA JU\u017b Z TYCH RAD.<br \/>\n<\/strong><strong>IDEALNE WYKORZYSTANIA DLA PRODUCENT\u00d3W Z DZIEDZINY OBR\u00d3BKI IMPLANT\u00d3W DENTYSTYCZNYCH, \u015aRUB PROTETYCZNYCH I KOSTNYCH, MIKROMECHANIKI ORAZ ELEMENT\u00d3W ZEGARMISTRZOWSKICH.<\/strong><\/p>\n<p>&nbsp;<\/p>\n<ol>\n<li><strong><u>Zarabiaj pieni\u0105dze na ma\u0142ych dawkach.<\/u><\/strong><\/li>\n<\/ol>\n<p>Ile codziennie wykonujesz zmian w swojej produkcji?<br \/>\nNa ile szacujesz stawk\u0119 godzinow\u0105 przestoju tokarki?<\/p>\n<p>Stwierd\u017a, jak zmniejszy\u0107 przestoje.<\/p>\n<p>W kilka sekund stwierd\u017a wymiary cz\u0119\u015bci i natychmiast przenie\u015b je do tokarki CNC.<\/p>\n<p><strong>Zaoszcz\u0119dzisz nawet 40 minut podczas ka\u017cdego przej\u015bcia pomi\u0119dzy dawkami<\/strong>.<\/p>\n<ol start=\"2\">\n<li><strong><u>Usu\u0144 braki produkcyjne.<\/u><\/strong><\/li>\n<\/ol>\n<p>Ile materia\u0142u za rok wyrzucasz?<br \/>\nI co kiedy brak trafi do klienta?<\/p>\n<p>Wykorzystaj <strong>system pomiarowy ustawiony obok tokarki,<\/strong> kt\u00f3ry potrafi <strong>zapobiec powstaniu brak\u00f3w<\/strong>.<\/p>\n<ol start=\"3\">\n<li><strong><u>Wygraj z konkurencj\u0105.<\/u><\/strong><\/li>\n<\/ol>\n<p>W jakim stopniu wp\u0142ywa jako\u015b\u0107 i reputacja na tw\u00f3j wyb\u00f3r dostawcy?<br \/>\nIle mniej wi\u0119cej kosztuje reklamacja? Ile audyty jako\u015bci?<\/p>\n<p>\u015aled\u017a jako\u015b\u0107 bez koszt\u00f3w, unikaj reklamacji, poka\u017c sw\u0105 pe\u0142n\u0105 wydajno\u015b\u0107.<\/p>\n<p>&nbsp;<\/p>\n<p>Chcesz wiedzie\u0107, jak wszystko dzia\u0142a to w praktyce?<\/p>\n<p>Z <strong>optycznym urz\u0105dzeniem pomiarowym VICIVISION<\/strong> zaprojektowanym dla producent\u00f3w <strong>implant\u00f3w dentystycznych<\/strong> i<strong> mikro komponent\u00f3w<\/strong>.<\/p>\n<p>Jest to proste i <strong>zwrot inwestycji wynosi ok. 3 miesi\u0119cy<\/strong>.<\/p>\n<p>Od tego momentu zwi\u0119kszysz sw\u0105 mar\u017c\u0119 i wygrasz z konkurencj\u0105.<\/p>\n<p>&nbsp;<\/p>\n<p>Wype\u0142\u0144 formularz. I otrzymasz:<\/p>\n<ul>\n<li>Informacje dotycz\u0105ce typu X, urz\u0105dzenia pomiarowego zaprojektowanego specjalnie dla przemys\u0142u dentystycznego, biomedycznego i zegarmistrzowskiego<\/li>\n<li>Jeden sprawdzony TIP\/procedura tygodniowo.<\/li>\n<\/ul>\n<p>[\/vc_column_text][\/vc_column][\/vc_row]<\/p>\n<\/div>","protected":false},"excerpt":{"rendered":"<p>[vc_row gap=&#8221;5&#8243; equal_height=&#8221;yes&#8221; css=&#8221;.vc_custom_1614674010654{margin-bottom: 0px !important;padding-right: 0% !important;padding-left: 0% !important;}&#8221; el_id=&#8221;flayer&#8221;][vc_column][vc_column_text] PONI\u017bEJ ZNAJDZIESZ TRZY RADY Z NATYCHMIASTOW\u0104 MO\u017bLIWO\u015aCI\u0104 DO WYKORZYSTANIA, WIELE FIRM ZAJMUJ\u0104CYCH SI\u0118 TOCZENIEM KORZYSTA JU\u017b Z TYCH RAD. IDEALNE WYKORZYSTANIA DLA PRODUCENT\u00d3W Z DZIEDZINY OBR\u00d3BKI IMPLANT\u00d3W DENTYSTYCZNYCH, \u015aRUB PROTETYCZNYCH I KOSTNYCH, MIKROMECHANIKI ORAZ ELEMENT\u00d3W ZEGARMISTRZOWSKICH. &nbsp; Zarabiaj pieni\u0105dze na ma\u0142ych dawkach. Ile codziennie<\/p>\n<div class=\"more\"><a class=\"more-link btn btn-green ion-ios7-arrow-forward\" href=\"https:\/\/www.vicivision.com\/pl\/polska-system-do-mikromechaniki\/\">Read more<\/a><\/div>\n","protected":false},"author":5,"featured_media":0,"parent":0,"menu_order":0,"comment_status":"closed","ping_status":"closed","template":"template-form-handler.php","meta":{"footnotes":""},"class_list":["post-41752","page","type-page","status-publish","hentry"],"acf":[],"_links":{"self":[{"href":"https:\/\/www.vicivision.com\/pl\/wp-json\/wp\/v2\/pages\/41752","targetHints":{"allow":["GET"]}}],"collection":[{"href":"https:\/\/www.vicivision.com\/pl\/wp-json\/wp\/v2\/pages"}],"about":[{"href":"https:\/\/www.vicivision.com\/pl\/wp-json\/wp\/v2\/types\/page"}],"author":[{"embeddable":true,"href":"https:\/\/www.vicivision.com\/pl\/wp-json\/wp\/v2\/users\/5"}],"replies":[{"embeddable":true,"href":"https:\/\/www.vicivision.com\/pl\/wp-json\/wp\/v2\/comments?post=41752"}],"version-history":[{"count":0,"href":"https:\/\/www.vicivision.com\/pl\/wp-json\/wp\/v2\/pages\/41752\/revisions"}],"wp:attachment":[{"href":"https:\/\/www.vicivision.com\/pl\/wp-json\/wp\/v2\/media?parent=41752"}],"curies":[{"name":"wp","href":"https:\/\/api.w.org\/{rel}","templated":true}]}}