{"id":41745,"date":"2020-10-05T16:09:16","date_gmt":"2020-10-05T14:09:16","guid":{"rendered":"https:\/\/www.vicivision.com\/pardot-serie-m\/"},"modified":"2021-04-26T15:07:36","modified_gmt":"2021-04-26T13:07:36","slug":"optyczne-urzadzenia-pomiarowe-polska","status":"publish","type":"page","link":"https:\/\/www.vicivision.com\/pl\/optyczne-urzadzenia-pomiarowe-polska\/","title":{"rendered":"PARDOT &#8211; Serie M"},"content":{"rendered":"<div class=\"wpb-content-wrapper\"><p>[vc_row gap=&#8221;5&#8243; equal_height=&#8221;yes&#8221; css=&#8221;.vc_custom_1614673845301{margin-bottom: 0px !important;padding-right: 0% !important;padding-left: 0% !important;}&#8221; el_id=&#8221;flayer&#8221;][vc_column][vc_column_text]<\/p>\n<h3><strong><br \/>\n<\/strong><strong>450 SP\u00d3\u0141EK OBR\u00d3BCZYCH WE W\u0141OSZECH I PONAD 300 NA CA\u0141YM \u015aWIECIE JU\u017b ZDECYDOWA\u0141O SI\u0118 WYKONA\u0106 PIERWSZY KROK W KIERUNKU ZWI\u0118KSZENIA SWOJEJ MAR\u017bY.<br \/>\nMO\u017bE I WYGL\u0104DA TO JAKO DU\u017bA LICZBA, ALE TO DOPIERO POCZ\u0104TEK: PIERWSI Z WCZESNYCH INTEGRATOR\u00d3W KORZYSTAJ\u0104 Z ZALET JU\u017b DZISIAJ.<\/strong><\/h3>\n<p>&nbsp;<\/p>\n<p><strong>Maksymalizacja zysku<\/strong> to priorytet wi\u0119kszo\u015bci sp\u00f3\u0142ek.<\/p>\n<p>Istniej\u0105 trzy sposoby, jak osi\u0105gn\u0105\u0107 celu:<\/p>\n<p><strong>Produkowa\u0107 wi\u0119cej<br \/>\n<\/strong><strong>Zmniejszy\u0107 liczb\u0119 reklamacji<br \/>\n<\/strong><strong>Otrzyma\u0107 wi\u0119ksze p\u0142atno\u015bci<\/strong><strong>.<\/strong><\/p>\n<p>Mo\u017cesz mie\u0107 wszystkie trzy,\u00a0<strong>bez konieczno\u015bci inwestycji do nowych tokarek CNC albo szlifierek.<\/strong><\/p>\n<p>Jak?<\/p>\n<p>Chod\u017amy razem to sprawdzi\u0107:<\/p>\n<p>Je\u017celi <strong>skr\u00f3c\u0119 przestoje<\/strong>, wyprodukuj\u0119 wi\u0119cej?<br \/>\nJe\u017celi przed produkcj\u0105 brak\u00f3w <strong>wykonam korekty narz\u0119dzia<\/strong>, ogranicz\u0119 produkcj\u0119 cz\u0119\u015bci z brakami?<br \/>\nJe\u017celi <strong>zaoferuj\u0119 wy\u017csz\u0105 jako\u015b\u0107<\/strong>, mog\u0119 mie\u0107 wy\u017csz\u0105 cen\u0119?<\/p>\n<p><strong>To wszystko bez zmiany maszyn produkcyjnych.<\/strong><\/p>\n<p>Skorzystaj z warsztatowego optycznego urz\u0105dzenia pomiarowego przeznaczonego do cz\u0119\u015bci toczonych.<\/p>\n<p><strong>Optyczne urz\u0105dzenia pomiarowe VICIVISION<\/strong> umo\u017cliwiaj\u0105:<\/p>\n<p>Zwi\u0119kszenie <strong>sprawno\u015bci nawet o 37%<\/strong> poprzez przyspieszenie szar\u017cy produkcyjnych<br \/>\nPewno\u015b\u0107 <strong>100% jako\u015bci dawki<\/strong> przez automatyczn\u0105 popraw\u0119 parametr\u00f3w narz\u0119dzia<br \/>\n<strong>\u015aledzenie jako\u015bci<\/strong> przy zerowych kosztach dodatkowych.<\/p>\n<p>&nbsp;<\/p>\n<p>My\u015blisz, \u017ce naprawd\u0119 wykorzystujesz sw\u00f3j potencja\u0142? Chcesz ci\u0105gle inwestowa\u0107 do nowych maszyn produkcyjnych?<\/p>\n<p>&nbsp;<\/p>\n<p>Chcesz dowiedzie\u0107 si\u0119 wi\u0119cej?<\/p>\n<p>Wype\u0142\u0144 formularz. I otrzymasz:<\/p>\n<ul>\n<li>Informacje o wersji M, o rozwi\u0105zaniu pomiarowym przeznaczonym dla poddostawc\u00f3w i toczenia og\u00f3lnego<\/li>\n<li>Sprawdzony spos\u00f3b, jak wyprodukowa\u0107 wi\u0119cej, ograniczy\u0107 liczb\u0119 reklamacji, by\u0107 bardziej elastycznym i wygra\u0107 z konkurencj\u0105.<\/li>\n<\/ul>\n<p>[\/vc_column_text][\/vc_column][\/vc_row]<\/p>\n<\/div>","protected":false},"excerpt":{"rendered":"<p>[vc_row gap=&#8221;5&#8243; equal_height=&#8221;yes&#8221; css=&#8221;.vc_custom_1614673845301{margin-bottom: 0px !important;padding-right: 0% !important;padding-left: 0% !important;}&#8221; el_id=&#8221;flayer&#8221;][vc_column][vc_column_text] 450 SP\u00d3\u0141EK OBR\u00d3BCZYCH WE W\u0141OSZECH I PONAD 300 NA CA\u0141YM \u015aWIECIE JU\u017b ZDECYDOWA\u0141O SI\u0118 WYKONA\u0106 PIERWSZY KROK W KIERUNKU ZWI\u0118KSZENIA SWOJEJ MAR\u017bY. MO\u017bE I WYGL\u0104DA TO JAKO DU\u017bA LICZBA, ALE TO DOPIERO POCZ\u0104TEK: PIERWSI Z WCZESNYCH INTEGRATOR\u00d3W KORZYSTAJ\u0104 Z ZALET JU\u017b DZISIAJ. &nbsp; Maksymalizacja<\/p>\n<div class=\"more\"><a class=\"more-link btn btn-green ion-ios7-arrow-forward\" href=\"https:\/\/www.vicivision.com\/pl\/optyczne-urzadzenia-pomiarowe-polska\/\">Read more<\/a><\/div>\n","protected":false},"author":5,"featured_media":0,"parent":0,"menu_order":0,"comment_status":"closed","ping_status":"closed","template":"template-form-handler.php","meta":{"footnotes":""},"class_list":["post-41745","page","type-page","status-publish","hentry"],"acf":[],"_links":{"self":[{"href":"https:\/\/www.vicivision.com\/pl\/wp-json\/wp\/v2\/pages\/41745","targetHints":{"allow":["GET"]}}],"collection":[{"href":"https:\/\/www.vicivision.com\/pl\/wp-json\/wp\/v2\/pages"}],"about":[{"href":"https:\/\/www.vicivision.com\/pl\/wp-json\/wp\/v2\/types\/page"}],"author":[{"embeddable":true,"href":"https:\/\/www.vicivision.com\/pl\/wp-json\/wp\/v2\/users\/5"}],"replies":[{"embeddable":true,"href":"https:\/\/www.vicivision.com\/pl\/wp-json\/wp\/v2\/comments?post=41745"}],"version-history":[{"count":0,"href":"https:\/\/www.vicivision.com\/pl\/wp-json\/wp\/v2\/pages\/41745\/revisions"}],"wp:attachment":[{"href":"https:\/\/www.vicivision.com\/pl\/wp-json\/wp\/v2\/media?parent=41745"}],"curies":[{"name":"wp","href":"https:\/\/api.w.org\/{rel}","templated":true}]}}