{"id":26684,"date":"2017-05-23T14:33:07","date_gmt":"2017-05-23T12:33:07","guid":{"rendered":"https:\/\/www.vicivision.com\/optical-measuring-machines-for-turned-parts\/dimentional-measuring\/"},"modified":"2025-08-07T16:17:46","modified_gmt":"2025-08-07T14:17:46","slug":"dimentional-measuring","status":"publish","type":"page","link":"https:\/\/www.vicivision.com\/pl\/pomiary-optyczne-2\/dimentional-measuring\/","title":{"rendered":"Seria TECHNO"},"content":{"rendered":"<div class=\"wpb-content-wrapper\"><p>[vc_row parallax_content=&#8221;off&#8221; fadeout_row=&#8221;off&#8221;][vc_column width=&#8221;1\/2&#8243;][vc_empty_space height=&#8221;20px&#8221;][vc_column_text]<\/p>\n<h1 style=\"text-align: left;\">Seria TECHNO<\/h1>\n<h2>Wybieraj spo\u015br\u00f3d 20 modeli.<\/h2>\n<p style=\"text-align: left;\">Ta seria urz\u0105dze\u0144 pomiarowych zosta\u0142a zaprojektowana tak, aby dostosowa\u0107 si\u0119 do obecnych i przysz\u0142ych wymaga\u0144 produkcyjnych. Odkryj szerok\u0105 gam\u0119 oferowanych zakres\u00f3w pomiarowych. Modu\u0142owa gama serii Techno mo\u017ce zapewni\u0107 najbardziej odpowiednie urz\u0105dzenie dla Twojej produkcji. Od 40 do 180 mm \u015brednicy i od 300 do 2000 mm d\u0142ugo\u015bci. VICIVISION oferuje ewolucj\u0119 projektora profilowego, kompaktowego i szybkiego skanera optycznego do u\u017cytku bezpo\u015brednio na produkcji.<\/p>\n<p>[\/vc_column_text]<div class=\" ubtn-ctn-left btn btn-green\"><a class=\"ubtn-link ult-adjust-bottom-margin ubtn-left ubtn-normal btn btn-green\" href=\"https:\/\/www.vicivision.com\/pl\/optyczne-urzadzenia-pomiarowe\/\" target=\"_blank\" rel=\"noopener\" ><button type=\"button\" id=\"ubtn-3024\"  class=\"ubtn ult-adjust-bottom-margin ult-responsive ubtn-normal ubtn-no-hover-bg  none  ubtn-left   tooltip-69d267df79636\"  data-hover=\"\" data-border-color=\"\" data-bg=\"#e0e0e0\" data-hover-bg=\"\" data-border-hover=\"\" data-shadow-hover=\"\" data-shadow-click=\"none\" data-shadow=\"\" data-shd-shadow=\"\"  data-ultimate-target='#ubtn-3024'  data-responsive-json-new='{\"font-size\":\"\",\"line-height\":\"\"}'  style=\"font-weight:normal;border:none;background: #e0e0e0;color: #ffffff;\"><span class=\"ubtn-hover\" style=\"background-color:\"><\/span><span class=\"ubtn-data ubtn-text \" >POBIERZ DANE TECHNICZNE<\/span><\/button><\/a><\/div>[vc_column_text]<\/p>\n<h3 style=\"text-align: left;\">Pobierz darmowy Poradnik jak mierzy\u0107 gwinty.<\/h3>\n<p style=\"text-align: left;\">Dla producent\u00f3w jest cz\u0119sto trudne uzyska\u0107 dok\u0142adny i obiektywny wynik pomiaru przy toczeniu gwint\u00f3w. Czasami trudno jest r\u00f3wnie\u017c zmierzy\u0107 z\u0142\u0105czki i gwinty walcowane. Dzi\u0119ki funkcji Pomiaru Gwint\u00f3w VICIVISION pojedyncza funkcja oprogramowania mo\u017ce automatycznie zmierzy\u0107 z\u0142\u0105czki i gwinty, a tak\u017ce \u015bruby i wkr\u0119ty w ci\u0105gu kilku sekund.<\/p>\n<p>[\/vc_column_text]<div class=\" ubtn-ctn-left btn btn-green\"><a class=\"ubtn-link ult-adjust-bottom-margin ubtn-left ubtn-normal btn btn-green\" href=\"https:\/\/www.vicivision.com\/wp-content\/uploads\/2025\/08\/Tool-Wear-Compensation_VICIVISION_ENG.pdf\" target=\"_blank\" rel=\"noopener\" ><button type=\"button\" id=\"ubtn-6618\"  class=\"ubtn ult-adjust-bottom-margin ult-responsive ubtn-normal ubtn-no-hover-bg  none  ubtn-left   tooltip-69d267df79705\"  data-hover=\"\" data-border-color=\"\" data-bg=\"#e0e0e0\" data-hover-bg=\"\" data-border-hover=\"\" data-shadow-hover=\"\" data-shadow-click=\"none\" data-shadow=\"\" data-shd-shadow=\"\"  data-ultimate-target='#ubtn-6618'  data-responsive-json-new='{\"font-size\":\"\",\"line-height\":\"\"}'  style=\"font-weight:normal;border:none;background: #e0e0e0;color: #ffffff;\"><span class=\"ubtn-hover\" style=\"background-color:\"><\/span><span class=\"ubtn-data ubtn-text \" >POBIERZ PORADNIK JAK MIERZY\u0106 GWINTY<\/span><\/button><\/a><\/div>[\/vc_column][vc_column width=&#8221;1\/2&#8243;][vc_single_image image=&#8221;8397&#8243; img_size=&#8221;full&#8221; alignment=&#8221;center&#8221;][\/vc_column][\/vc_row][vc_row parallax_content=&#8221;off&#8221; fadeout_row=&#8221;off&#8221;][vc_column width=&#8221;1\/2&#8243;][vc_single_image image=&#8221;23188&#8243; img_size=&#8221;550&#215;320&#8243;][\/vc_column][vc_column width=&#8221;1\/2&#8243;][vc_column_text]<\/p>\n<h3 class=\"entry-title\"><a href=\"https:\/\/www.vicivision.com\/pl\/sondy-stykowej\/\">Bezkonkurencyjna wydajno\u015b\u0107, po\u0142\u0105czenie sondy stykowej i pomiaru optycznego<\/a><\/h3>\n<p>VICIVISION przynosi ca\u0142kowicie now\u0105 funkcj\u0119 dla pomiaru wa\u0142\u00f3w, po\u0142\u0105czenie zaawansowanej optycznej metody pomiaru z systemem pomiaru za pomoc\u0105 sondy stykowej.[\/vc_column_text]<div class=\" ubtn-ctn-left btn btn-green\"><a class=\"ubtn-link ult-adjust-bottom-margin ubtn-left ubtn-normal btn btn-green\" href=\"https:\/\/www.vicivision.com\/wp-content\/uploads\/2025\/08\/Touch-Probe_ENG.pdf\" target=\"_blank\" rel=\"noopener\" ><button type=\"button\" id=\"ubtn-1240\"  class=\"ubtn ult-adjust-bottom-margin ult-responsive ubtn-normal ubtn-no-hover-bg  none  ubtn-left   tooltip-69d267df79761\"  data-hover=\"\" data-border-color=\"\" data-bg=\"#e0e0e0\" data-hover-bg=\"\" data-border-hover=\"\" data-shadow-hover=\"\" data-shadow-click=\"none\" data-shadow=\"\" data-shd-shadow=\"\"  data-ultimate-target='#ubtn-1240'  data-responsive-json-new='{\"font-size\":\"\",\"line-height\":\"\"}'  style=\"font-weight:normal;border:none;background: #e0e0e0;color: #ffffff;\"><span class=\"ubtn-hover\" style=\"background-color:\"><\/span><span class=\"ubtn-data ubtn-text \" >POBIERZ DANE TECHNICZNE<\/span><\/button><\/a><\/div>[\/vc_column][\/vc_row][vc_row parallax_content=&#8221;off&#8221; fadeout_row=&#8221;off&#8221;][vc_column width=&#8221;1\/2&#8243;][vc_column_text]<\/p>\n<h3 class=\"entry-title\" style=\"text-align: left;\"><a href=\"https:\/\/www.vicivision.com\/measuring-crankshafts-directly-on-the-shop-floor\/\">Idealne do pomiaru wa\u0142\u00f3w korbowych<\/a><\/h3>\n<p>Producenci szukaj\u0105 elastycznych rozwi\u0105za\u0144, aby nad\u0105\u017cy\u0107 za zwi\u0119kszon\u0105 r\u00f3\u017cnorodno\u015bci\u0105 produkt\u00f3w. Elastyczne i wszechstronne.<br \/>\nVICIVISION opracowa\u0142o specjaln\u0105 funkcj\u0119 oprogramowania przeznaczon\u0105 do pomiar\u00f3w wa\u0142\u00f3w korbowych bezpo\u015brednio na hali produkcyjnej.[\/vc_column_text]<div class=\" ubtn-ctn-left btn btn-green\"><a class=\"ubtn-link ult-adjust-bottom-margin ubtn-left ubtn-normal btn btn-green\" href=\"https:\/\/www.vicivision.com\/wp-content\/uploads\/2025\/08\/FLYER-CRANKSHAFTS-ENG.pdf\" target=\"_blank\" rel=\"noopener\" ><button type=\"button\" id=\"ubtn-8677\"  class=\"ubtn ult-adjust-bottom-margin ult-responsive ubtn-normal ubtn-no-hover-bg  none  ubtn-left   tooltip-69d267df797ad\"  data-hover=\"\" data-border-color=\"\" data-bg=\"#e0e0e0\" data-hover-bg=\"\" data-border-hover=\"\" data-shadow-hover=\"\" data-shadow-click=\"none\" data-shadow=\"\" data-shd-shadow=\"\"  data-ultimate-target='#ubtn-8677'  data-responsive-json-new='{\"font-size\":\"\",\"line-height\":\"\"}'  style=\"font-weight:normal;border:none;background: #e0e0e0;color: #ffffff;\"><span class=\"ubtn-hover\" style=\"background-color:\"><\/span><span class=\"ubtn-data ubtn-text \" >POBIERZ DANE TECHNICZNE<\/span><\/button><\/a><\/div>[\/vc_column][vc_column width=&#8221;1\/2&#8243;][vc_single_image image=&#8221;39208&#8243; img_size=&#8221;large&#8221;][\/vc_column][\/vc_row][vc_row parallax_content=&#8221;off&#8221; fadeout_row=&#8221;off&#8221;][vc_column width=&#8221;2\/3&#8243;][vc_column_text]<\/p>\n<h3>Powi\u0119ksz swoja produkcje.<\/h3>\n<p>VICIVISION przenosi sprz\u0119t kontrolny z laboratoria w miejsce, gdzie oferuje najwi\u0119ksze benefity: bezpo\u015brednio na hale produkcyjna. Ka\u017cdy komponent wyprodukowany na tokarce CNC mo\u017ce zosta\u0107 zmierzony bezpo\u015brednio na produkcji. Wi\u0119ksza wydajno\u015b\u0107 r\u00f3wnie\u017c przy mniejszych partiach: przezbrojenie staje si\u0119 szybk\u0119 i \u0142atwe.[\/vc_column_text][\/vc_column][vc_column width=&#8221;1\/3&#8243;][vc_single_image image=&#8221;39246&#8243; img_size=&#8221;full&#8221;][\/vc_column][\/vc_row][vc_row][vc_column width=&#8221;1\/2&#8243;][vc_single_image image=&#8221;8437&#8243; img_size=&#8221;large&#8221;][\/vc_column][vc_column width=&#8221;1\/2&#8243;][vc_empty_space height=&#8221;30px&#8221;][vc_column_text]<\/p>\n<h3>Pomiar element\u00f3w toczonych na zmieniaj\u0105c\u0105 si\u0119 przysz\u0142o\u015b\u0107.<\/h3>\n<p>Motoryzacja, lotnictwo, budownictwo, elektrotechnika, medycyna, gazownictwo to tylko kilka wiod\u0105cych sektor\u00f3w przyci\u0105gaj\u0105cych inwestycje zagraniczne. Szanse i wyzwania s\u0105 zawsze na wyci\u0105gni\u0119cie r\u0119ki: rosn\u0105cy popyt, coraz wi\u0119ksze wymagania dotycz\u0105ce standard\u00f3w, jako\u015bci, zmiany w kierunku cyfryzacji, terminowo\u015b\u0107 dostaw, presja konkurencji. Aby zaistnie\u0107 w tym \u015brodowisku biznesowym, firmy produkcyjne musz\u0105 mie\u0107 \u015bwiadomo\u015b\u0107, \u017ce czas kontroli i wyniki wp\u0142ywaj\u0105 na koszty produkcji.<\/p>\n<h3>Jeden system pomiarowy dla wielu tokarek CNC.<\/h3>\n<p>Pojedynczy system pomiarowy mo\u017ce dzia\u0142a\u0107 obok wielu centr\u00f3w obr\u00f3bczych, anga\u017cuj\u0105c wi\u0119cej ni\u017c jednego operatora.<br \/>\nProdukuj wi\u0119cej przy tej samej liczbie tokarek CNC.<br \/>\nProdukowa\u0107 wi\u0119cej oznacza zwi\u0119kszenie wydajno\u015bci. Oznacza to maksymalne wykorzystanie potencja\u0142u.<br \/>\nMo\u017cesz zwi\u0119kszy\u0107 wydajno\u015b\u0107 bez dodatkowych inwestycji:<br \/>\nUrz\u0105dzenie zawiera funkcje profilometru, skanera, suwmiarki, wysoko\u015bciomierza i oprogramowania metrologicznego.[\/vc_column_text][\/vc_column][\/vc_row][vc_row parallax_content=&#8221;off&#8221; fadeout_row=&#8221;off&#8221;][vc_column width=&#8221;1\/2&#8243;][vc_single_image image=&#8221;8436&#8243; img_size=&#8221;large&#8221;][\/vc_column][vc_column width=&#8221;1\/2&#8243;][vc_column_text]<\/p>\n<h3>Utrzymuj produkcje w tolerancji.<\/h3>\n<p>Redukcja przestoj\u00f3w maszyn dzi\u0119ki natychmiastowej kontroli bez konieczno\u015bci opuszczania stanowiska pracy. Mo\u017cesz wdro\u017cy\u0107 dzia\u0142ania zapobiegawcze wskazane na wykresach trend\u00f3w pomiaru, aby uzyska\u0107 znaczn\u0105 redukcj\u0119 odrzut\u00f3w. Operator mo\u017ce zobaczy\u0107, kt\u00f3re warto\u015bci wkr\u00f3tce wyjd\u0105 poza tolerancj\u0119 i analizowa\u0107 je w czasie. B\u0119dzie w stanie poprawi\u0107 proces, zanim spowoduje to powstanie odrzut\u00f3w prowadz\u0105cych do przestoju maszyny. Celem pomiaru optycznego jest nie tylko pomiar, ale tak\u017ce utrzymanie produkcji w granicach tolerancji, unikaj\u0105c przestoj\u00f3w maszyn.<\/p>\n<h3>VICIVISION\u00a0Tool-loop.<\/h3>\n<p>Istnieje mo\u017cliwo\u015b\u0107 ustawienia po\u0142\u0105czenia pomi\u0119dzy systemem VICIVISION a stacj\u0105 robocz\u0105 CNC. Dzi\u0119ki temu rozwi\u0105zaniu mo\u017cemy automatycznie przeprowadza\u0107 korekt\u0119 parametr\u00f3w narz\u0119dzia. Ta funkcja eliminuje b\u0142\u0119dy ludzkie i przyspiesza ustawianie parametr\u00f3w narz\u0119dzia. Ka\u017cda wyprodukowana cz\u0119\u015b\u0107 jest przygotowana do dostawy.<\/p>\n<h3>Optyczne urz\u0105dzenie pomiarowe poprawiaj\u0105ce produktywno\u015b\u0107.<\/h3>\n<p>Operatorzy s\u0105 bardziej niezale\u017cni podczas inspekcji. Przesuni\u0119cia narz\u0119dzi mo\u017cna regulowa\u0107, zanim wymiary wyjd\u0105 poza zakres tolerancji, aby zmniejszy\u0107 ilo\u015b\u0107 wytwarzanych odrzut\u00f3w.[\/vc_column_text]<div class=\" ubtn-ctn-left btn btn-green\"><a class=\"ubtn-link ult-adjust-bottom-margin ubtn-left ubtn-normal btn btn-green\" href=\"https:\/\/www.vicivision.com\/wp-content\/uploads\/2025\/08\/Tool-Wear-Compensation_VICIVISION_ENG.pdf\" target=\"_blank\" rel=\"noopener\" ><button type=\"button\" id=\"ubtn-9963\"  class=\"ubtn ult-adjust-bottom-margin ult-responsive ubtn-normal ubtn-no-hover-bg  none  ubtn-left   tooltip-69d267df797eb\"  data-hover=\"\" data-border-color=\"\" data-bg=\"#e0e0e0\" data-hover-bg=\"\" data-border-hover=\"\" data-shadow-hover=\"\" data-shadow-click=\"none\" data-shadow=\"\" data-shd-shadow=\"\"  data-ultimate-target='#ubtn-9963'  data-responsive-json-new='{\"font-size\":\"\",\"line-height\":\"\"}'  style=\"font-weight:normal;border:none;background: #e0e0e0;color: #ffffff;\"><span class=\"ubtn-hover\" style=\"background-color:\"><\/span><span class=\"ubtn-data ubtn-text \" >POBIERZ DANE TECHNICZNE<\/span><\/button><\/a><\/div>[\/vc_column][\/vc_row][vc_row parallax_content=&#8221;parallax_content_value&#8221; parallax_content_sense=&#8221;10&#8243; fadeout_row=&#8221;fadeout_row_value&#8221; fadeout_start_effect=&#8221;50&#8243;][vc_column width=&#8221;1\/3&#8243;][vc_single_image image=&#8221;57779&#8243; img_size=&#8221;medium&#8221; alignment=&#8221;center&#8221;][vc_column_text]<\/p>\n<h4 style=\"text-align: center;\">Zaawansowane oprogramowanie<\/h4>\n<p style=\"text-align: center;\">Zupe\u0142nie nowa wersja oprogramowania MTL 8.60 zosta\u0142a zaprojektowana w celu poprawy kontroli i dalszego rozszerzenia liczby mo\u017cliwych pomiar\u00f3w. Zawiera specjalne narz\u0119dzia do pomiar\u00f3w statycznych i dynamicznych oraz dedykowane narz\u0119dzia do nakr\u0119tek gwint\u00f3w, wa\u0142k\u00f3w rozrz\u0105du, turbin itp.<\/p>\n<p>[\/vc_column_text][\/vc_column][vc_column width=&#8221;1\/3&#8243;][vc_single_image image=&#8221;57770&#8243; img_size=&#8221;medium&#8221; alignment=&#8221;center&#8221;][vc_column_text]<\/p>\n<h4 style=\"text-align: center;\">Specjalne funkcje oprogramowania<\/h4>\n<p style=\"text-align: center;\">Nowe automatyczne funkcje pomagaj\u0105 operatorowi uzyska\u0107 pomiary: samodzielne programowanie, automatyczne \u0142adowanie programu cz\u0119\u015bci, programowanie wspomagane krok po kroku, por\u00f3wnanie DXF.<\/p>\n<p>[\/vc_column_text][\/vc_column][vc_column width=&#8221;1\/3&#8243;][vc_single_image image=&#8221;57788&#8243; img_size=&#8221;medium&#8221; alignment=&#8221;center&#8221;][vc_column_text]<\/p>\n<h4 style=\"text-align: center;\">Raport z pomiar\u00f3w<\/h4>\n<p style=\"text-align: center;\">Oprogramowanie umo\u017cliwia operatorowi automatycznie drukowa\u0107 lub eksportowa\u0107 kompletny i dostosowany raport z pomiar\u00f3w w formacie PDF. Wyniki pomiar\u00f3w na histogramach do natychmiastowej konsultacji.<\/p>\n<p>[\/vc_column_text][\/vc_column][\/vc_row]<\/p>\n<\/div>","protected":false},"excerpt":{"rendered":"<p>[vc_row parallax_content=&#8221;off&#8221; fadeout_row=&#8221;off&#8221;][vc_column width=&#8221;1\/2&#8243;][vc_empty_space height=&#8221;20px&#8221;][vc_column_text] Seria TECHNO Wybieraj spo\u015br\u00f3d 20 modeli. Ta seria urz\u0105dze\u0144 pomiarowych zosta\u0142a zaprojektowana tak, aby dostosowa\u0107 si\u0119 do obecnych i przysz\u0142ych wymaga\u0144 produkcyjnych. Odkryj szerok\u0105 gam\u0119 oferowanych zakres\u00f3w pomiarowych. Modu\u0142owa gama serii Techno mo\u017ce zapewni\u0107 najbardziej odpowiednie urz\u0105dzenie dla Twojej produkcji. Od 40 do 180 mm \u015brednicy i od 300 do<\/p>\n<div class=\"more\"><a class=\"more-link btn btn-green ion-ios7-arrow-forward\" href=\"https:\/\/www.vicivision.com\/pl\/pomiary-optyczne-2\/dimentional-measuring\/\">Read more<\/a><\/div>\n","protected":false},"author":2,"featured_media":26845,"parent":26678,"menu_order":0,"comment_status":"closed","ping_status":"closed","template":"page-singolo-prodotto.php","meta":{"footnotes":""},"class_list":["post-26684","page","type-page","status-publish","has-post-thumbnail","hentry"],"acf":[],"_links":{"self":[{"href":"https:\/\/www.vicivision.com\/pl\/wp-json\/wp\/v2\/pages\/26684","targetHints":{"allow":["GET"]}}],"collection":[{"href":"https:\/\/www.vicivision.com\/pl\/wp-json\/wp\/v2\/pages"}],"about":[{"href":"https:\/\/www.vicivision.com\/pl\/wp-json\/wp\/v2\/types\/page"}],"author":[{"embeddable":true,"href":"https:\/\/www.vicivision.com\/pl\/wp-json\/wp\/v2\/users\/2"}],"replies":[{"embeddable":true,"href":"https:\/\/www.vicivision.com\/pl\/wp-json\/wp\/v2\/comments?post=26684"}],"version-history":[{"count":0,"href":"https:\/\/www.vicivision.com\/pl\/wp-json\/wp\/v2\/pages\/26684\/revisions"}],"up":[{"embeddable":true,"href":"https:\/\/www.vicivision.com\/pl\/wp-json\/wp\/v2\/pages\/26678"}],"wp:featuredmedia":[{"embeddable":true,"href":"https:\/\/www.vicivision.com\/pl\/wp-json\/wp\/v2\/media\/26845"}],"wp:attachment":[{"href":"https:\/\/www.vicivision.com\/pl\/wp-json\/wp\/v2\/media?parent=26684"}],"curies":[{"name":"wp","href":"https:\/\/api.w.org\/{rel}","templated":true}]}}