{"id":26678,"date":"2014-11-20T11:18:31","date_gmt":"2014-11-20T10:18:31","guid":{"rendered":"https:\/\/www.vicivision.com\/optical-measuring-machines-for-turned-parts\/"},"modified":"2024-04-02T19:15:17","modified_gmt":"2024-04-02T17:15:17","slug":"pomiary-optyczne-2","status":"publish","type":"page","link":"https:\/\/www.vicivision.com\/pl\/pomiary-optyczne-2\/","title":{"rendered":"Pomiary optyczne"},"content":{"rendered":"<div class=\"wpb-content-wrapper\"><p>[vc_row el_class=&#8221;bgimage-extended bgimageoptical-measurement bgimageoptical-measurement-img&#8221; css=&#8221;.vc_custom_1600759640785{padding-top: 60px !important;padding-bottom: 60px !important;}&#8221;][vc_column][vc_empty_space height=&#8221;70px&#8221;][vc_column_text]<\/p>\n<h5 style=\"text-align: center;\">Optyczne przyrz\u0105dy pomiarowe dla toczonych cz\u0119\u015bci.<br \/>\nRozwi\u0105zanie do pomiaru wa\u0142k\u00f3w z szybkim zwrotem inwestycji.<br \/>\nUrz\u0105dzenia VICIVISION przeznaczone s\u0105 do u\u017cycia w warsztacie.<br \/>\nOszcz\u0119dzaj czas, dokonuj pomiaru bezpo\u015brednio na tokarce CNC.<\/h5>\n<p>[\/vc_column_text]<div class=\" ubtn-ctn-center \"><a class=\"ubtn-link ult-adjust-bottom-margin ubtn-center ubtn-normal \" href=\"https:\/\/www.vicivision.com\/pl\/optyczne-urzadzenia-pomiarowe\/\" ><button type=\"button\" id=\"ubtn-4176\"  class=\"ubtn ult-adjust-bottom-margin ult-responsive ubtn-normal ubtn-no-hover-bg  none  ubtn-center   tooltip-69d211beb874a\"  data-hover=\"\" data-border-color=\"\" data-bg=\"#33a564\" data-hover-bg=\"\" data-border-hover=\"\" data-shadow-hover=\"\" data-shadow-click=\"none\" data-shadow=\"\" data-shd-shadow=\"\"  data-ultimate-target='#ubtn-4176'  data-responsive-json-new='{\"font-size\":\"\",\"line-height\":\"\"}'  style=\"font-weight:normal;border:none;background: #33a564;color: #ffffff;\"><span class=\"ubtn-hover\" style=\"background-color:\"><\/span><span class=\"ubtn-data ubtn-text \" >POBIERZ SPECYFIKACJE TECHNICZNE<\/span><\/button><\/a><\/div>[vc_empty_space height=&#8221;70px&#8221;][\/vc_column][\/vc_row][vc_row el_class=&#8221;bgimage-extended bgimageoptical-measurement bgimageoptical-measurement-techno&#8221; css=&#8221;.vc_custom_1600759709261{padding-top: 60px !important;padding-bottom: 60px !important;}&#8221;][vc_column][vc_empty_space height=&#8221;70px&#8221;][vc_column_text]<\/p>\n<h2 style=\"text-align: center;\"><strong><a href=\"https:\/\/www.vicivision.com\/pl\/pomiary-optyczne\/dimentional-measuring\/\">TECHNO Range<\/a><\/strong><\/h2>\n<h5 style=\"text-align: center;\"><\/h5>\n<p style=\"text-align: center;\">Od \u015brednicy 40 do 180 mm i d\u0142ugo\u015bci od 300 do 1250 mm. Dok\u0142adne wy\u015bwietlanie nawet miniaturowych detali.<\/p>\n<p>[\/vc_column_text][vc_empty_space height=&#8221;70px&#8221;][\/vc_column][\/vc_row][vc_row el_class=&#8221;bgimage-extended bgimageoptical-measurement bgimageoptical-measurement-serie-prima&#8221; css=&#8221;.vc_custom_1659965199834{padding-top: 60px !important;padding-bottom: 60px !important;}&#8221;][vc_column][vc_empty_space height=&#8221;70px&#8221;][vc_column_text]<\/p>\n<h2 style=\"text-align: center;\"><strong><span style=\"color: #33a564;\"><a style=\"color: #33a564;\" href=\"https:\/\/www.vicivision.com\/pl\/new-prima-series\/\">PRIMA Series<\/a><\/span><\/strong><\/h2>\n<h5 style=\"text-align: center;\">Optyczny skaner element\u00f3w obrotowych<\/h5>\n<p style=\"text-align: center;\">PRIMA &#8211; od 60 do 140 mm i d\u0142ugo\u015bci od 300 do 600 mm.<\/p>\n<p>[\/vc_column_text][vc_empty_space height=&#8221;70px&#8221;][\/vc_column][\/vc_row][vc_row el_class=&#8221;bgimage-extended bgimageoptical-measurement bgimageoptical-measurement-seriex&#8221; css=&#8221;.vc_custom_1600759749443{padding-top: 60px !important;padding-bottom: 60px !important;}&#8221;][vc_column][vc_empty_space height=&#8221;70px&#8221;][vc_column_text]<\/p>\n<h2 style=\"text-align: center;\"><strong><a href=\"https:\/\/www.vicivision.com\/pl\/pomiary-optyczne\/mtl-x5\/\"><span style=\"color: #33a564;\">X Series<\/span><\/a><\/strong><\/h2>\n<h5 style=\"text-align: center;\"><\/h5>\n<p style=\"text-align: center;\">Jasne rozwi\u0105zanie dla implantologii dentystycznej, techniki biomedycznej, przemys\u0142u zegarowego i aplikacji mikro-mechanicznych.<\/p>\n<p>[\/vc_column_text][vc_empty_space height=&#8221;70px&#8221;][\/vc_column][\/vc_row][vc_row][vc_column][vc_separator][\/vc_column][\/vc_row][vc_row][vc_column width=&#8221;1\/2&#8243;][vc_column_text]<\/p>\n<h2 style=\"text-align: center;\"><strong><a href=\"[[_URL_]]\/pl\/optical-and-touch-probe-combination-shaft-measuring\/\"><span style=\"color: #33a564;\">Touch Probe<\/span><\/a><\/strong><\/h2>\n<h5 style=\"text-align: center;\"><span style=\"color: #33a564;\">Kombinacja funkcji optycznej i dotykowej<\/span><\/h5>\n<p>[\/vc_column_text][vc_empty_space][vc_single_image image=&#8221;23192&#8243; img_size=&#8221;medium&#8221; alignment=&#8221;center&#8221; onclick=&#8221;custom_link&#8221; link=&#8221;\/it\/misura-a-tasteggio\/&#8221;][vc_empty_space][vc_column_text]<\/p>\n<p style=\"text-align: center;\">Nieprzezwyci\u0119\u017cona moc: system pomiarowy jest teraz uzupe\u0142niony czujnikiem Renishaw.<\/p>\n<p>[\/vc_column_text][\/vc_column][vc_column width=&#8221;1\/2&#8243;][vc_column_text]<\/p>\n<h2 style=\"text-align: center;\"><strong><span style=\"color: #33a564;\"><a style=\"color: #33a564;\" href=\"[[_URL_]]\/pl\/applications-measuring-machines\/\">Aplikacje\u00a0<\/a><\/span><\/strong><\/h2>\n<p>[\/vc_column_text][vc_empty_space][vc_single_image image=&#8221;12684&#8243; img_size=&#8221;medium&#8221; alignment=&#8221;center&#8221; onclick=&#8221;custom_link&#8221; link=&#8221;\/it\/applicazioni-macchine-di-misura\/&#8221;][vc_empty_space][vc_empty_space][vc_column_text]<\/p>\n<p style=\"text-align: center;\">Rozwi\u0105zanie do kontroli jako\u015bci konkretnych aplikacji.<br \/>\nWa\u0142y krzywkowe | Wa\u0142y korbowe | Implanty dentystyczne i biomedyczne| Turbiny | Zawory.<\/p>\n<p>[\/vc_column_text][vc_empty_space][\/vc_column][\/vc_row][vc_row][vc_column][vc_separator][vc_column_text]<\/p>\n<p style=\"text-align: center;\"><span style=\"color: #33a564;\"><strong><br \/>\nKontrola jako\u015bci jest podstawow\u0105 cz\u0119\u015bci\u0105 procesu produkcyjnego producent\u00f3w cz\u0119\u015bci toczonych.<br \/>\nSp\u00f3\u0142ki potrzebuj\u0105 pracowa\u0107 efektywnie, zmniejsza\u0107 przestoje i liczb\u0119 brak\u00f3w.<br \/>\nZ optycznym przyrz\u0105dem pomiarowym zajmuje kontrola jako\u015bci tylko 30 do 60 sekund. Wykluczone s\u0105 b\u0142\u0119dy cz\u0142owieka.<br \/>\nCykl automatyczny po wci\u015bni\u0119ciu przycisku.<br \/>\nAutomatyczne zbieranie danych.<br \/>\nJedno urz\u0105dzenia oszcz\u0119dza czas oraz si\u0142\u0119 robocz\u0105 i poprawia dok\u0142adno\u015b\u0107 kontroli<br \/>\nTyposzereg Techno oferuje obraz o du\u017cej rozdzielczo\u015bci, co pozwala operatorom zarejestrowa\u0107 wszystkie nawet najmniejsze detale. Do dyspozycji jest szeroka gama p\u00f3l pomiarowych dla lepszego dostosowania si\u0119 do potrzeb produkcji.<br \/>\nOdkryj nowo zaprojektowany system pomiarowy Touch Probe, kt\u00f3ry polega na kombinacji funkcji optycznych i dotykowych, i kt\u00f3rego wynikiem jest kompaktowa kontrola wymiar\u00f3w toczonych cz\u0119\u015bci w jednym cyklu.<\/strong><\/span><\/p>\n<p>[\/vc_column_text][\/vc_column][\/vc_row]<\/p>\n<\/div>","protected":false},"excerpt":{"rendered":"<p>[vc_row el_class=&#8221;bgimage-extended bgimageoptical-measurement bgimageoptical-measurement-img&#8221; css=&#8221;.vc_custom_1600759640785{padding-top: 60px !important;padding-bottom: 60px !important;}&#8221;][vc_column][vc_empty_space height=&#8221;70px&#8221;][vc_column_text] Optyczne przyrz\u0105dy pomiarowe dla toczonych cz\u0119\u015bci. Rozwi\u0105zanie do pomiaru wa\u0142k\u00f3w z szybkim zwrotem inwestycji. Urz\u0105dzenia VICIVISION przeznaczone s\u0105 do u\u017cycia w warsztacie. Oszcz\u0119dzaj czas, dokonuj pomiaru bezpo\u015brednio na tokarce CNC. [\/vc_column_text][vc_empty_space height=&#8221;70px&#8221;][\/vc_column][\/vc_row][vc_row el_class=&#8221;bgimage-extended bgimageoptical-measurement bgimageoptical-measurement-techno&#8221; css=&#8221;.vc_custom_1600759709261{padding-top: 60px !important;padding-bottom: 60px !important;}&#8221;][vc_column][vc_empty_space height=&#8221;70px&#8221;][vc_column_text] TECHNO Range Od \u015brednicy<\/p>\n<div class=\"more\"><a class=\"more-link btn btn-green ion-ios7-arrow-forward\" href=\"https:\/\/www.vicivision.com\/pl\/pomiary-optyczne-2\/\">Read more<\/a><\/div>\n","protected":false},"author":2,"featured_media":0,"parent":0,"menu_order":0,"comment_status":"closed","ping_status":"closed","template":"","meta":{"footnotes":""},"class_list":["post-26678","page","type-page","status-publish","hentry"],"acf":[],"_links":{"self":[{"href":"https:\/\/www.vicivision.com\/pl\/wp-json\/wp\/v2\/pages\/26678","targetHints":{"allow":["GET"]}}],"collection":[{"href":"https:\/\/www.vicivision.com\/pl\/wp-json\/wp\/v2\/pages"}],"about":[{"href":"https:\/\/www.vicivision.com\/pl\/wp-json\/wp\/v2\/types\/page"}],"author":[{"embeddable":true,"href":"https:\/\/www.vicivision.com\/pl\/wp-json\/wp\/v2\/users\/2"}],"replies":[{"embeddable":true,"href":"https:\/\/www.vicivision.com\/pl\/wp-json\/wp\/v2\/comments?post=26678"}],"version-history":[{"count":0,"href":"https:\/\/www.vicivision.com\/pl\/wp-json\/wp\/v2\/pages\/26678\/revisions"}],"wp:attachment":[{"href":"https:\/\/www.vicivision.com\/pl\/wp-json\/wp\/v2\/media?parent=26678"}],"curies":[{"name":"wp","href":"https:\/\/api.w.org\/{rel}","templated":true}]}}