{"id":26646,"date":"2014-11-20T11:22:29","date_gmt":"2014-11-20T10:22:29","guid":{"rendered":"https:\/\/www.vicivision.com\/vicivision-contacts\/"},"modified":"2023-11-29T22:45:28","modified_gmt":"2023-11-29T21:45:28","slug":"vicivision-contacts","status":"publish","type":"page","link":"https:\/\/www.vicivision.com\/pl\/vicivision-contacts\/","title":{"rendered":"Contacts"},"content":{"rendered":"<div class=\"wpb-content-wrapper\"><p>[vc_row gap=&#8221;20&#8243;][vc_column width=&#8221;2\/3&#8243; el_class=&#8221;form-verde&#8221;][vc_column_text]<\/p>\n<h2><span style=\"color: #339966;\"><strong>\u017b\u0104DAJ ROZMOWY <\/strong><\/span><\/h2>\n<h6><span style=\"color: #339966;\"><strong>ZADZWONIMY DO CIEBIE<\/strong><\/span><\/h6>\n<p>[\/vc_column_text]\n<div class=\"wpcf7 no-js\" id=\"wpcf7-f26740-o1\" lang=\"en-US\" dir=\"ltr\">\n<div class=\"screen-reader-response\"><p role=\"status\" aria-live=\"polite\" aria-atomic=\"true\"><\/p> <ul><\/ul><\/div>\n<form action=\"\/pl\/wp-json\/wp\/v2\/pages\/26646#wpcf7-f26740-o1\" method=\"post\" class=\"wpcf7-form init\" aria-label=\"Contact form\" novalidate=\"novalidate\" data-status=\"init\">\n<div style=\"display: none;\">\n<input type=\"hidden\" name=\"_wpcf7\" value=\"26740\" \/>\n<input type=\"hidden\" name=\"_wpcf7_version\" value=\"5.8.7\" \/>\n<input type=\"hidden\" name=\"_wpcf7_locale\" value=\"en_US\" \/>\n<input type=\"hidden\" name=\"_wpcf7_unit_tag\" value=\"wpcf7-f26740-o1\" \/>\n<input type=\"hidden\" name=\"_wpcf7_container_post\" value=\"0\" \/>\n<input type=\"hidden\" name=\"_wpcf7_posted_data_hash\" value=\"\" \/>\n<input type=\"hidden\" name=\"_wpcf7_recaptcha_response\" value=\"\" \/>\n<\/div>\n<div class=\"row\">\n\t<div class=\"container formcontatti\">\n\t\t<div class=\"col-md-12 col-xs-12 info\">\n\t\t\t<h4>Skontaktuj si\u0119 z nami\n\t\t\t<\/h4>\n\t\t<\/div>\n\t\t<div class=\"col-md-6 col-sm-6 col-xs-12\">\n\t\t\t<p><span class=\"wpcf7-form-control-wrap\" data-name=\"nome\"><input size=\"40\" class=\"wpcf7-form-control wpcf7-text wpcf7-validates-as-required\" aria-required=\"true\" aria-invalid=\"false\" placeholder=\"Imi\u0119 i nazwisko*\" value=\"\" type=\"text\" name=\"nome\" \/><\/span><br \/>\n<span class=\"wpcf7-form-control-wrap\" data-name=\"telefono\"><input size=\"40\" class=\"wpcf7-form-control wpcf7-text\" aria-invalid=\"false\" placeholder=\"Telefon*\" value=\"\" type=\"text\" name=\"telefono\" \/><\/span>\n\t\t\t<\/p>\n\t\t<\/div>\n\t\t<div class=\"col-md-6 col-sm-6 col-xs-12\">\n\t\t\t<p><span class=\"wpcf7-form-control-wrap\" data-name=\"email\"><input size=\"40\" class=\"wpcf7-form-control wpcf7-email wpcf7-validates-as-required wpcf7-text wpcf7-validates-as-email\" aria-required=\"true\" aria-invalid=\"false\" placeholder=\"Email*\" value=\"\" type=\"email\" name=\"email\" \/><\/span><br \/>\n<span class=\"wpcf7-form-control-wrap\" data-name=\"paese\"><input size=\"40\" class=\"wpcf7-form-control wpcf7-text\" aria-invalid=\"false\" placeholder=\"Kraj\" value=\"\" type=\"text\" name=\"paese\" \/><\/span>\n\t\t\t<\/p>\n\t\t<\/div>\n\t\t<div class=\"col-md-12 col-sm-12 col-xs-12\">\n\t\t\t<p><span class=\"wpcf7-form-control-wrap\" data-name=\"messaggio\"><textarea cols=\"40\" rows=\"10\" class=\"wpcf7-form-control wpcf7-textarea\" aria-invalid=\"false\" placeholder=\"Wiadomo\u015b\u0107\" name=\"messaggio\"><\/textarea><\/span>\n\t\t\t<\/p>\n\t\t<\/div>\n\t\t<div class=\"col-md-8 col-sm-6 col-xs-12 privacy\">\n\t\t\t<p><label><strong>AUTORYZACJA<\/strong><\/label><br \/>\n<span class=\"wpcf7-form-control-wrap\" data-name=\"accetta\"><span class=\"wpcf7-form-control wpcf7-acceptance\"><span class=\"wpcf7-list-item\"><input type=\"checkbox\" name=\"accetta\" value=\"1\" checked=\"checked\" aria-invalid=\"false\" \/><\/span><\/span><\/span><span class=\"little\">Wype\u0142nieniem i wys\u0142aniem niniejszego formularza wyra\u017casz zgod\u0105 na przetwarzanie danych osobowych, kt\u00f3re udzielasz, dla cel\u00f3w podanych powy\u017cej w punkcie a), w spos\u00f3b i z ograniczeniami podanymi w <a href=\"https:\/\/www.vicivision.com\/privacy-policy\/\" class=\"iubenda-nostyle iubenda-embed\" title=\"Privacy Policy\">informac\u00edch obsa\u017een\u00fdch zde<\/a><\/span>\n\t\t\t<\/p>\n\t\t<\/div>\n\t\t<div class=\"col-md-4 col-sm-6 col-xs-12\">\n\t\t\t<p><input class=\"wpcf7-form-control wpcf7-submit has-spinner btn-green btn\" type=\"submit\" value=\"WY\u015aLIJ\" \/>\n\t\t\t<\/p>\n\t\t<\/div>\n\t<\/div>\n<\/div><div class=\"wpcf7-response-output\" aria-hidden=\"true\"><\/div>\n<\/form>\n<\/div>\n[vc_empty_space][vc_separator][\/vc_column][vc_column width=&#8221;1\/3&#8243;][vc_column_text]<\/p>\n<h2><span style=\"color: #339966;\"><strong>Kontakty<\/strong><\/span><\/h2>\n<p>[\/vc_column_text][vc_empty_space][vc_column_text]<\/p>\n<h3><strong>Vici &amp; C S.p.A.<\/strong><\/h3>\n<h5>Via J. Gutenberg, 5\u00a0\u2013 47822<br \/>\nSantarcangelo di Romagna \u2013 Italy<\/h5>\n<h5><strong>Sales<\/strong><br \/>\nTel. <a href=\"tel:+39 0541350411\">+39 0541-350411<\/a><br \/>\nFax 0541-623897<br \/>\nMail <a href=\"mailto:sales@vici.it\">sales@vici.it<\/a><\/h5>\n<h5><strong>Service<\/strong><br \/>\nTel. <a href=\"tel:+39 0541350402\">+39 0541-350402<\/a><\/h5>\n<h5>Dystrybutor na Polsk\u0119<strong><br \/>\nKUBOUSEK Polska sp. z o.o.<\/strong><br \/>\nUl. Bielska 68<br \/>\n43-400 Cieszyn<br \/>\nREGON: 361229616<br \/>\nNIP: 5482669223<br \/>\nPh <a href=\"tel:+48 505 788 814\">+48 505 788 814<\/a><\/h5>\n<p>[\/vc_column_text][\/vc_column][\/vc_row][vc_row][vc_column width=&#8221;1\/2&#8243;][\/vc_column][vc_column width=&#8221;1\/2&#8243;][\/vc_column][\/vc_row][vc_row][vc_column width=&#8221;1\/2&#8243;]<div class=\"ult-spacer spacer-69e4b06167ff8\" data-id=\"69e4b06167ff8\" data-height=\"30\" data-height-mobile=\"30\" data-height-tab=\"30\" data-height-tab-portrait=\"\" data-height-mobile-landscape=\"\" style=\"clear:both;display:block;\"><\/div>[vc_column_text]<\/p>\n<h5><strong>VICIVISION<\/strong> posiada autoryzowanych sprzedawc\u00f3w w wi\u0119kszo\u015bci kraj\u00f3w na ca\u0142ym \u015bwiecie.<\/h5>\n<h5>Wszyscy tu podani sprzedawcy s\u0105 wyszkoleni i posiadaj\u0105 uprawnienia do sprzeda\u017cy, instalacji, wzorcowania oraz \u015bwiadczenia serwisu dla produkt\u00f3w sp\u00f3\u0142ki VICIVISION.<\/h5>\n<div style=\"position: absolute; left: -3960px;\"><a href=\"http:\/\/papershelps.com\/\">www.papershelps.com<\/a><\/div>\n<p>[\/vc_column_text][\/vc_column][vc_column width=&#8221;1\/2&#8243;][vc_single_image image=&#8221;1587&#8243; img_size=&#8221;full&#8221; alignment=&#8221;center&#8221;][\/vc_column][\/vc_row][vc_row][vc_column]<div class=\"ult-spacer spacer-69e4b0616801c\" data-id=\"69e4b0616801c\" data-height=\"10\" data-height-mobile=\"10\" data-height-tab=\"10\" data-height-tab-portrait=\"\" data-height-mobile-landscape=\"\" style=\"clear:both;display:block;\"><\/div>[vc_separator][vc_column_text]<\/p>\n<h2 style=\"text-align: left;\"><span style=\"color: #33a564;\">Nasza sie\u0107 dystrybucyjna<\/span><\/h2>\n<p>[\/vc_column_text][\/vc_column][\/vc_row][vc_row][vc_column width=&#8221;1\/4&#8243;][vc_column_text]<\/p>\n<h4 style=\"text-align: left;\">EUROPA<\/h4>\n<p>[\/vc_column_text][vc_single_image image=&#8221;225&#8243; img_size=&#8221;250&#215;130&#8243;]<div class=\" ubtn-ctn-left \"><a class=\"ubtn-link ult-adjust-bottom-margin ubtn-left ubtn-small \" href=\"http:\/\/www.vicivision.com\/pl\/europe\/\" ><button type=\"button\" id=\"ubtn-6216\"  class=\"ubtn ult-adjust-bottom-margin ult-responsive ubtn-small ubtn-no-hover-bg  none  ubtn-left   tooltip-69e4b06168042\"  data-hover=\"\" data-border-color=\"\" data-bg=\"#33a564\" data-hover-bg=\"\" data-border-hover=\"\" data-shadow-hover=\"\" data-shadow-click=\"none\" data-shadow=\"\" data-shd-shadow=\"\"  data-ultimate-target='#ubtn-6216'  data-responsive-json-new='{\"font-size\":\"\",\"line-height\":\"\"}'  style=\"font-weight:normal;border:none;background: #33a564;color: #ffffff;\"><span class=\"ubtn-hover\" style=\"background-color:\"><\/span><span class=\"ubtn-data ubtn-text \" >ZNAJD\u0179 DYSTRYBUTORA<\/span><\/button><\/a><\/div>[\/vc_column][vc_column width=&#8221;1\/4&#8243;][vc_column_text]<\/p>\n<h4 style=\"text-align: left;\">AMERYKA<\/h4>\n<p>[\/vc_column_text][vc_single_image image=&#8221;226&#8243; img_size=&#8221;250&#215;130&#8243;]<div class=\" ubtn-ctn-left \"><a class=\"ubtn-link ult-adjust-bottom-margin ubtn-left ubtn-small \" href=\"http:\/\/www.vicivision.com\/pl\/america\/\" ><button type=\"button\" id=\"ubtn-1186\"  class=\"ubtn ult-adjust-bottom-margin ult-responsive ubtn-small ubtn-no-hover-bg  none  ubtn-left   tooltip-69e4b061680e7\"  data-hover=\"\" data-border-color=\"\" data-bg=\"#33a564\" data-hover-bg=\"\" data-border-hover=\"\" data-shadow-hover=\"\" data-shadow-click=\"none\" data-shadow=\"\" data-shd-shadow=\"\"  data-ultimate-target='#ubtn-1186'  data-responsive-json-new='{\"font-size\":\"\",\"line-height\":\"\"}'  style=\"font-weight:normal;border:none;background: #33a564;color: #ffffff;\"><span class=\"ubtn-hover\" style=\"background-color:\"><\/span><span class=\"ubtn-data ubtn-text \" >ZNAJD\u0179 DYSTRYBUTORA<\/span><\/button><\/a><\/div>[\/vc_column][vc_column width=&#8221;1\/4&#8243;][vc_column_text]<\/p>\n<h4 style=\"text-align: left;\">AZJA<\/h4>\n<p>[\/vc_column_text][vc_single_image image=&#8221;227&#8243; img_size=&#8221;250&#215;130&#8243;]<div class=\" ubtn-ctn-left \"><a class=\"ubtn-link ult-adjust-bottom-margin ubtn-left ubtn-small \" href=\"http:\/\/www.vicivision.com\/pl\/asia\/\" ><button type=\"button\" id=\"ubtn-3353\"  class=\"ubtn ult-adjust-bottom-margin ult-responsive ubtn-small ubtn-no-hover-bg  none  ubtn-left   tooltip-69e4b06168122\"  data-hover=\"\" data-border-color=\"\" data-bg=\"#33a564\" data-hover-bg=\"\" data-border-hover=\"\" data-shadow-hover=\"\" data-shadow-click=\"none\" data-shadow=\"\" data-shd-shadow=\"\"  data-ultimate-target='#ubtn-3353'  data-responsive-json-new='{\"font-size\":\"\",\"line-height\":\"\"}'  style=\"font-weight:normal;border:none;background: #33a564;color: #ffffff;\"><span class=\"ubtn-hover\" style=\"background-color:\"><\/span><span class=\"ubtn-data ubtn-text \" >ZNAJD\u0179 DYSTRYBUTORA<\/span><\/button><\/a><\/div>[\/vc_column][vc_column width=&#8221;1\/4&#8243;][vc_column_text]<\/p>\n<h4>RESZTA \u015aWIATA<\/h4>\n<p>[\/vc_column_text][vc_single_image image=&#8221;227&#8243; img_size=&#8221;250&#215;130&#8243;]<div class=\" ubtn-ctn-left \"><a class=\"ubtn-link ult-adjust-bottom-margin ubtn-left ubtn-small \" href=\"http:\/\/www.vicivision.com\/pl\/rest-of-the-world\/\" ><button type=\"button\" id=\"ubtn-3712\"  class=\"ubtn ult-adjust-bottom-margin ult-responsive ubtn-small ubtn-no-hover-bg  none  ubtn-left   tooltip-69e4b06168152\"  data-hover=\"\" data-border-color=\"\" data-bg=\"#33a564\" data-hover-bg=\"\" data-border-hover=\"\" data-shadow-hover=\"\" data-shadow-click=\"none\" data-shadow=\"\" data-shd-shadow=\"\"  data-ultimate-target='#ubtn-3712'  data-responsive-json-new='{\"font-size\":\"\",\"line-height\":\"\"}'  style=\"font-weight:normal;border:none;background: #33a564;color: #ffffff;\"><span class=\"ubtn-hover\" style=\"background-color:\"><\/span><span class=\"ubtn-data ubtn-text \" >ZNAJD\u0179 DYSTRYBUTORA<\/span><\/button><\/a><\/div>[\/vc_column][\/vc_row][vc_row][vc_column]<div class=\"ult-spacer spacer-69e4b0616817e\" data-id=\"69e4b0616817e\" data-height=\"10\" data-height-mobile=\"10\" data-height-tab=\"10\" data-height-tab-portrait=\"\" data-height-mobile-landscape=\"\" style=\"clear:both;display:block;\"><\/div>[vc_separator]<div class=\"ult-spacer spacer-69e4b0616819f\" data-id=\"69e4b0616819f\" data-height=\"10\" data-height-mobile=\"10\" data-height-tab=\"10\" data-height-tab-portrait=\"\" data-height-mobile-landscape=\"\" style=\"clear:both;display:block;\"><\/div>[\/vc_column][\/vc_row][vc_row][vc_column]<div class=\"ult-spacer spacer-69e4b061681bb\" data-id=\"69e4b061681bb\" data-height=\"10\" data-height-mobile=\"10\" data-height-tab=\"10\" data-height-tab-portrait=\"\" data-height-mobile-landscape=\"\" style=\"clear:both;display:block;\"><\/div>[vc_separator][vc_gmaps link=&#8221;#E-8_JTNDaWZyYW1lJTIwc3JjJTNEJTIyaHR0cHMlM0ElMkYlMkZ3d3cuZ29vZ2xlLmNvbSUyRm1hcHMlMkZlbWJlZCUzRnBiJTNEJTIxMW0xNCUyMTFtOCUyMTFtMyUyMTFkMjg2Ni45NjUyNTkwNjU2MjclMjEyZDEyLjQ2MjE2Mjk5OTk5OTk5OSUyMTNkNDQuMDYzNDI2JTIxM20yJTIxMWkxMDI0JTIxMmk3NjglMjE0ZjEzLjElMjEzbTMlMjExbTIlMjExczB4MTMyY2MwZjJiZjRhOTQyNSUyNTNBMHhjMzU0ZDk1ZjNlMTM3MDRkJTIxMnNWaWNpJTJCJTI1MjYlMkJDLiUyQi0lMkJWaWNpJTJCVmlzaW9uJTIxNWUwJTIxM20yJTIxMXNpdCUyMTJzaXQlMjE0djE0MTc2ODg4NjM2NzclMjIlMjB3aWR0aCUzRCUyMjYwMCUyMiUyMGhlaWdodCUzRCUyMjQ1MCUyMiUyMGZyYW1lYm9yZGVyJTNEJTIyMCUyMiUyMHN0eWxlJTNEJTIyYm9yZGVyJTNBMCUyMiUzRSUzQyUyRmlmcmFtZSUzRQ==&#8221;][\/vc_column][\/vc_row][vc_row][vc_column][vc_column_text]<\/p>\n<h3><span style=\"color: #008000;\">Go\u015bcinno\u015b\u0107<\/span><\/h3>\n<p>Tym, kt\u00f3rzy chcieliby sp\u0119dzi\u0107 kilka dni w tym niezapomnianym miejscu, oferujemy kilka wybranych hoteli. Wszystkie hotele, kt\u00f3re dla Pa\u0144stwa wybrali\u015bmy, s\u0105 eleganckie, go\u015bcinne z bogat\u0105 ofert\u0105 us\u0142ug, dyskretne i z bardzo profesjonalnym personelem.[\/vc_column_text]<div class=\" ubtn-ctn-left \"><a class=\"ubtn-link ult-adjust-bottom-margin ubtn-left ubtn-small \" href=\"\/en\/hospitality\/\" title=\"Hospitality\" ><button type=\"button\" id=\"ubtn-8191\"  class=\"ubtn ult-adjust-bottom-margin ult-responsive ubtn-small ubtn-no-hover-bg  none  ubtn-left   tooltip-69e4b061681d5\"  data-hover=\"\" data-border-color=\"\" data-bg=\"#33a564\" data-hover-bg=\"\" data-border-hover=\"\" data-shadow-hover=\"\" data-shadow-click=\"none\" data-shadow=\"\" data-shd-shadow=\"\"  data-ultimate-target='#ubtn-8191'  data-responsive-json-new='{\"font-size\":\"\",\"line-height\":\"\"}'  style=\"font-weight:normal;border:none;background: #33a564;color: #ffffff;\"><span class=\"ubtn-hover\" style=\"background-color:\"><\/span><span class=\"ubtn-data ubtn-text \" >CZYTAJ WI\u0118CEJ<\/span><\/button><\/a><\/div><div class=\"ult-spacer spacer-69e4b06168200\" data-id=\"69e4b06168200\" data-height=\"10\" data-height-mobile=\"10\" data-height-tab=\"10\" data-height-tab-portrait=\"\" data-height-mobile-landscape=\"\" style=\"clear:both;display:block;\"><\/div>[\/vc_column][\/vc_row][vc_row][vc_column][vc_separator][\/vc_column][\/vc_row]<\/p>\n<\/div>","protected":false},"excerpt":{"rendered":"<p>[vc_row gap=&#8221;20&#8243;][vc_column width=&#8221;2\/3&#8243; el_class=&#8221;form-verde&#8221;][vc_column_text] \u017b\u0104DAJ ROZMOWY ZADZWONIMY DO CIEBIE [\/vc_column_text][vc_empty_space][vc_separator][\/vc_column][vc_column width=&#8221;1\/3&#8243;][vc_column_text] Kontakty [\/vc_column_text][vc_empty_space][vc_column_text] Vici &amp; C S.p.A. Via J. Gutenberg, 5\u00a0\u2013 47822 Santarcangelo di Romagna \u2013 Italy Sales Tel. +39 0541-350411 Fax 0541-623897 Mail sales@vici.it Service Tel. +39 0541-350402 Dystrybutor na Polsk\u0119 KUBOUSEK Polska sp. z o.o. Ul. Bielska 68 43-400 Cieszyn REGON: 361229616 NIP:<\/p>\n<div class=\"more\"><a class=\"more-link btn btn-green ion-ios7-arrow-forward\" href=\"https:\/\/www.vicivision.com\/pl\/vicivision-contacts\/\">Read more<\/a><\/div>\n","protected":false},"author":2,"featured_media":0,"parent":0,"menu_order":0,"comment_status":"closed","ping_status":"closed","template":"","meta":{"footnotes":""},"class_list":["post-26646","page","type-page","status-publish","hentry"],"acf":[],"_links":{"self":[{"href":"https:\/\/www.vicivision.com\/pl\/wp-json\/wp\/v2\/pages\/26646","targetHints":{"allow":["GET"]}}],"collection":[{"href":"https:\/\/www.vicivision.com\/pl\/wp-json\/wp\/v2\/pages"}],"about":[{"href":"https:\/\/www.vicivision.com\/pl\/wp-json\/wp\/v2\/types\/page"}],"author":[{"embeddable":true,"href":"https:\/\/www.vicivision.com\/pl\/wp-json\/wp\/v2\/users\/2"}],"replies":[{"embeddable":true,"href":"https:\/\/www.vicivision.com\/pl\/wp-json\/wp\/v2\/comments?post=26646"}],"version-history":[{"count":0,"href":"https:\/\/www.vicivision.com\/pl\/wp-json\/wp\/v2\/pages\/26646\/revisions"}],"wp:attachment":[{"href":"https:\/\/www.vicivision.com\/pl\/wp-json\/wp\/v2\/media?parent=26646"}],"curies":[{"name":"wp","href":"https:\/\/api.w.org\/{rel}","templated":true}]}}