{"id":9712,"date":"2017-07-31T11:45:40","date_gmt":"2017-07-31T09:45:40","guid":{"rendered":"https:\/\/www.vicivision.com\/?page_id=9712\/"},"modified":"2020-08-27T14:00:37","modified_gmt":"2020-08-27T12:00:37","slug":"offerte-di-lavoro","status":"publish","type":"page","link":"https:\/\/www.vicivision.com\/it\/offerte-di-lavoro\/","title":{"rendered":"Offerte di lavoro"},"content":{"rendered":"<div class=\"wpb-content-wrapper\"><p>[vc_row][vc_column][vc_column_text]<\/p>\n<h2><span style=\"color: #339966;\">POSIZIONI APERTE<\/span><\/h2>\n<p>[\/vc_column_text][\/vc_column][\/vc_row][vc_row][vc_column width=&#8221;1\/4&#8243;][vc_column_text]<span style=\"color: #339966;\"><strong>RUOLO<\/strong><\/span>[\/vc_column_text][vc_column_text]PROGETTISTA SOFTWARE AUTOMAZIONE[\/vc_column_text][vc_single_image image=&#8221;7733&#8243; img_size=&#8221;300&#215;120&#8243;][\/vc_column][vc_column width=&#8221;1\/4&#8243;][vc_column_text]<strong><span style=\"color: #339966;\">SEDE<\/span><\/strong>[\/vc_column_text][vc_column_text]Santarcangelo di Romagna (RN)[\/vc_column_text][vc_empty_space height=&#8221;25px&#8221;][vc_single_image image=&#8221;872&#8243; img_size=&#8221;300&#215;120&#8243;][\/vc_column][vc_column width=&#8221;1\/2&#8243;][vc_column_text]<span style=\"color: #339966;\"><strong>FUNZIONE<\/strong><\/span>[\/vc_column_text][vc_column_text]<strong>Mission del ruolo<\/strong>: Dovr\u00e0 svolgere prevalentemente attivit\u00e0 di progettazione, sviluppo software e algoritmi di visione.<\/p>\n<p><strong>Descrizione profilo<\/strong>: Il candidato sar\u00e0 inserito all\u2019interno di un team che si occupa della produzione di macchine automatiche custom nell\u2019ambito della visione industriale. Dovr\u00e0 seguire il progetto in ogni sua fase: raccolta dei requisiti, test di fattibilit\u00e0, progettazione, sviluppo, collaudo, messa in opera, training al personale, servizi post-vendita ed installazione.<\/p>\n<p>La figura oggetto della ricerca sottende alla necessit\u00e0 di svolgere trasferte Nazionali ed Internazionali.<\/p>\n<p><strong>Funzioni:<\/strong><\/p>\n<ul>\n<li>Acquisizione delle specifiche di progetto<\/li>\n<li>Valutazione della Fattibilit\u00e0<\/li>\n<li>Progettazione<\/li>\n<li>Industrializzazione<\/li>\n<\/ul>\n<p><strong>Titolo di studio<\/strong>: Laurea Magistrale in Ingegneria Informatica, dell\u2019Automazione od Elettronica.<\/p>\n<p><strong>Esperienza minima<\/strong>: 5 anni in posizione analoga.<\/p>\n<p><strong>Competenze richieste<\/strong>:<\/p>\n<ul>\n<li>C++ Avanzato<\/li>\n<li>Visual Studio 2010 (o seguenti)<\/li>\n<li>Ingegneria dei sistemi software<\/li>\n<li>Sistemi di acquisizione di immagini<\/li>\n<li>Image processing<\/li>\n<li>Protocolli di comunicazione HW\/SW (PLC, telecamere, robot\u2026)<\/li>\n<li>Tool di versioning (Mercurial, Git\u2026)<\/li>\n<\/ul>\n<p><strong>Completano il profilo<\/strong>:<\/p>\n<ul>\n<li>Orientamento al cliente, interno ed esterno<\/li>\n<li>Capacit\u00e0 di ascolto e condivisione<\/li>\n<li>Curiosit\u00e0 e motivazione alla continua crescita personale e professionale (unicit\u00e0)<\/li>\n<li>Passione<\/li>\n<\/ul>\n<p>Inviare candidatura completa di CV all&#8217;indirizzo di posta\u00a0<strong><a href=\"mailto:selezione@vici.it\">selezione@vici.it<\/a>\u00a0<\/strong>indicando nell&#8217;oggetto\u00a0&#8220;Progettista software automazione &#8220;.[\/vc_column_text][vc_separator][\/vc_column][\/vc_row][vc_row][vc_column width=&#8221;1\/4&#8221;][vc_column_text]<span style=\"color: #339966;\"><strong>RUOLO<\/strong><\/span>[\/vc_column_text][vc_column_text]ADDETTO AL CABLAGGIO, MONTAGGIO E COLLAUDO[\/vc_column_text][vc_single_image image=&#8221;445&#8243; img_size=&#8221;300&#215;120&#8243;][\/vc_column][vc_column width=&#8221;1\/4&#8243;][vc_column_text]<strong><span style=\"color: #339966;\">SEDE<\/span><\/strong>[\/vc_column_text][vc_column_text]Santarcangelo di Romagna (RN)<\/p>\n<p>[\/vc_column_text][vc_empty_space height=&#8221;25px&#8221;][vc_single_image image=&#8221;872&#8243; img_size=&#8221;300&#215;120&#8243;][\/vc_column][vc_column width=&#8221;1\/2&#8243;][vc_column_text]<span style=\"color: #339966;\"><strong>FUNZIONE<\/strong><\/span>[\/vc_column_text][vc_column_text]Il ruolo di Addetto al Cablaggio Industriale prevede la partecipazione ad un parte del processo di realizzazione dei prodotti con un approccio tecnico che assicuri efficienza e garantisca un alto livello qualitativo.<\/p>\n<p>Le Persone\u00a0che vorremmo incontrare soddisfano i seguenti requisiti:<\/p>\n<ul>\n<li>Diploma di tipo Tecnico (Elettrico, Meccatronico, Meccanico)<\/li>\n<li>Capacit\u00e0 di leggere e comprendere il disegno tecnico<\/li>\n<li>Precedente esperienza nella mansione \u2013 La provenienza dal settore automazione sar\u00e0 considerato un \u2018plus\u2019<\/li>\n<li>Capacit\u00e0 di svolgere, dopo un breve periodo di affiancamento, la mansione in autonomia<\/li>\n<li>Spiccata propensione al lavoro di squadra<\/li>\n<\/ul>\n<p>All\u2019esito positivo dell\u2019iter di Selezione proponiamo:<\/p>\n<ul>\n<li>Contratto di assunzione a Tempo Determinato<\/li>\n<li>Inquadramento secondo quanto previsto dal CCNL Metalmeccanica Industria<\/li>\n<li>Buoni Pasto giornalieri del valore di 6 euro<\/li>\n<li>Orario di Lavoro full Time \u2013 Con Flessibilit\u00e0 in Ingresso ed Uscita<\/li>\n<\/ul>\n<p>Inviare candidatura completa di CV all&#8217;indirizzo di posta\u00a0<strong><a href=\"mailto:selezione@vici.it\">selezione@vici.it<\/a>\u00a0<\/strong>indicando nell&#8217;oggetto\u00a0&#8220;Addetto al cablaggio&#8221;.[\/vc_column_text][vc_separator][\/vc_column][\/vc_row][vc_row][vc_column width=&#8221;1\/4&#8243;][vc_column_text]<span style=\"color: #339966;\"><strong>RUOLO<\/strong><\/span>[\/vc_column_text][vc_column_text]TECNICO COMMERCIALE[\/vc_column_text][vc_single_image image=&#8221;5438&#8243; img_size=&#8221;300&#215;120&#8243;][\/vc_column][vc_column width=&#8221;1\/4&#8243;][vc_column_text]<strong><span style=\"color: #339966;\">SEDE<\/span><\/strong>[\/vc_column_text][vc_column_text]Santarcangelo di Romagna (RN)[\/vc_column_text][vc_single_image image=&#8221;872&#8243; img_size=&#8221;300&#215;120&#8243;][\/vc_column][vc_column width=&#8221;1\/2&#8243;][vc_column_text]<span style=\"color: #339966;\"><strong>FUNZIONE<\/strong><\/span>[\/vc_column_text][vc_column_text]Il ruolo di Tecnico Commerciale prevede la gestione della vendita diretta, ed indiretta, attraverso la nostra rete di rivenditori, dei prodotti con un approccio tecnico &#8211; consulenziale e di vendita nei principali settori industriali e manifatturieri.<\/p>\n<p>Le Persone\u00a0che vorremmo incontrare soddisfano i seguenti requisiti:<\/p>\n<ul>\n<li>Percorso di Studi (Laurea o Diploma) afferente il segmento Meccanico &#8211; Meccatronico<\/li>\n<li>Conoscenza fluente della Lingua Inglese<\/li>\n<li>Capacit\u00e0 di agire Tecniche di vendita con approccio consulenziale<\/li>\n<li>Capacit\u00e0 di gestione del Pricing e della vendita di prodotti ad alto valore aggiunto,<\/li>\n<li>Gestione della nostra rete di rivenditori operanti nella zona assegnata<\/li>\n<li>Autonomia nella predisposizione, e nel successivo monitoraggio, del budget<\/li>\n<li>Precisione nella reportistica economica \u2013 commerciale richiesta<\/li>\n<li>Disponibilit\u00e0 a trasferte su tutto il territorio nazionale ed all\u2019estero<\/li>\n<\/ul>\n<p>All\u2019esito positivo dell\u2019Iter di Selezione, la proposta professionale ed economica formulata terr\u00e0 in considerazione la posizione di provenienza e gli obiettivi aziendali designati.<\/p>\n<p>Inviare candidatura completa di CV all&#8217;indirizzo <strong><a href=\"mailto:selezione@vici.it\">selezione@vici.it<\/a><\/strong>\u00a0indicando nell&#8217;oggetto &#8220;Tecnico commerciale&#8221;.[\/vc_column_text][vc_separator][\/vc_column][\/vc_row][vc_row][vc_column width=&#8221;1\/2&#8243;][vc_column_text]<\/p>\n<h2><span style=\"color: #339966;\">STUDENTI E NEOLAUREATI<\/span><\/h2>\n<p>[\/vc_column_text][vc_column_text]Vuoi acquisire esperienza operativa, funzionale e &#8220;on the job&#8221; mettendo a frutto l&#8217;esprienza accademica? Oppure ti sei appena laureato e stai cercando un&#8217;esperienza professionale in azienda?<\/p>\n<p>Offriamo a giovani laureati e laureandi varie opportunit\u00e0 di inserimento.\u00a0Tramite uno stage avrai l&#8217;occasione di mettere in pratica le conoscenze accademiche lavorando in una delle nostre\u00a0aree operative.<\/p>\n<p>Invia la tua candidatura completa di CV a <strong><a href=\"mailto:selezione@vici.it\">selezione@vici.it<\/a><\/strong>\u00a0indicando nell&#8217;oggetto &#8220;Candidatura per stage&#8221;.<\/p>\n<p>[\/vc_column_text][\/vc_column][vc_column width=&#8221;1\/2&#8243;][vc_single_image image=&#8221;5440&#8243; img_size=&#8221;large&#8221;][\/vc_column][\/vc_row]<\/p>\n<\/div>","protected":false},"excerpt":{"rendered":"<p>[vc_row][vc_column][vc_column_text] POSIZIONI APERTE [\/vc_column_text][\/vc_column][\/vc_row][vc_row][vc_column width=&#8221;1\/4&#8243;][vc_column_text]RUOLO[\/vc_column_text][vc_column_text]PROGETTISTA SOFTWARE AUTOMAZIONE[\/vc_column_text][vc_single_image image=&#8221;7733&#8243; img_size=&#8221;300&#215;120&#8243;][\/vc_column][vc_column width=&#8221;1\/4&#8243;][vc_column_text]SEDE[\/vc_column_text][vc_column_text]Santarcangelo di Romagna (RN)[\/vc_column_text][vc_empty_space height=&#8221;25px&#8221;][vc_single_image image=&#8221;872&#8243; img_size=&#8221;300&#215;120&#8243;][\/vc_column][vc_column width=&#8221;1\/2&#8243;][vc_column_text]FUNZIONE[\/vc_column_text][vc_column_text]Mission del ruolo: Dovr\u00e0 svolgere prevalentemente attivit\u00e0 di progettazione, sviluppo software e algoritmi di visione. Descrizione profilo: Il candidato sar\u00e0 inserito all\u2019interno di un team che si occupa della produzione di macchine automatiche custom nell\u2019ambito della visione industriale. Dovr\u00e0<\/p>\n<div class=\"more\"><a class=\"more-link btn btn-green ion-ios7-arrow-forward\" href=\"https:\/\/www.vicivision.com\/it\/offerte-di-lavoro\/\">Leggi tutto<\/a><\/div>\n","protected":false},"author":2,"featured_media":10977,"parent":0,"menu_order":0,"comment_status":"closed","ping_status":"closed","template":"","meta":{"footnotes":""},"class_list":["post-9712","page","type-page","status-publish","has-post-thumbnail","hentry"],"acf":[],"_links":{"self":[{"href":"https:\/\/www.vicivision.com\/it\/wp-json\/wp\/v2\/pages\/9712","targetHints":{"allow":["GET"]}}],"collection":[{"href":"https:\/\/www.vicivision.com\/it\/wp-json\/wp\/v2\/pages"}],"about":[{"href":"https:\/\/www.vicivision.com\/it\/wp-json\/wp\/v2\/types\/page"}],"author":[{"embeddable":true,"href":"https:\/\/www.vicivision.com\/it\/wp-json\/wp\/v2\/users\/2"}],"replies":[{"embeddable":true,"href":"https:\/\/www.vicivision.com\/it\/wp-json\/wp\/v2\/comments?post=9712"}],"version-history":[{"count":0,"href":"https:\/\/www.vicivision.com\/it\/wp-json\/wp\/v2\/pages\/9712\/revisions"}],"wp:featuredmedia":[{"embeddable":true,"href":"https:\/\/www.vicivision.com\/it\/wp-json\/wp\/v2\/media\/10977"}],"wp:attachment":[{"href":"https:\/\/www.vicivision.com\/it\/wp-json\/wp\/v2\/media?parent=9712"}],"curies":[{"name":"wp","href":"https:\/\/api.w.org\/{rel}","templated":true}]}}