{"id":61501,"date":"2025-07-09T08:42:11","date_gmt":"2025-07-09T06:42:11","guid":{"rendered":"https:\/\/www.vicivision.com\/?page_id=61501"},"modified":"2025-07-21T10:20:55","modified_gmt":"2025-07-21T08:20:55","slug":"pannelli-elettrici","status":"publish","type":"page","link":"https:\/\/www.vicivision.com\/it\/pannelli-elettrici\/","title":{"rendered":"Pannelli elettrici"},"content":{"rendered":"\t\t<div data-elementor-type=\"wp-page\" data-elementor-id=\"61501\" class=\"elementor elementor-61501\">\n\t\t\t\t<div class=\"elementor-element elementor-element-f888a7a e-con-full e-flex e-con e-parent\" data-id=\"f888a7a\" data-element_type=\"container\" data-settings=\"{&quot;background_background&quot;:&quot;classic&quot;}\">\n\t\t<div class=\"elementor-element elementor-element-91c0115 e-con-full e-flex e-con e-child\" data-id=\"91c0115\" data-element_type=\"container\">\n\t\t\t\t<div class=\"elementor-element elementor-element-0a56e6a elementor-widget elementor-widget-heading\" data-id=\"0a56e6a\" data-element_type=\"widget\" data-widget_type=\"heading.default\">\n\t\t\t\t\t<h1 class=\"elementor-heading-title elementor-size-default\"> L\u2019affidabilit\u00e0 non si improvvisa. Si costruisce quadro dopo quadro.\n<\/h1>\t\t\t\t<\/div>\n\t\t\t\t<\/div>\n\t\t\t\t<\/div>\n\t\t<div class=\"elementor-element elementor-element-6171f3e e-flex e-con-boxed e-con e-parent\" data-id=\"6171f3e\" data-element_type=\"container\">\n\t\t\t\t\t<div class=\"e-con-inner\">\n\t\t\t\t<div class=\"elementor-element elementor-element-f9f04f3 elementor-widget elementor-widget-heading\" data-id=\"f9f04f3\" data-element_type=\"widget\" data-widget_type=\"heading.default\">\n\t\t\t\t\t<h2 class=\"elementor-heading-title elementor-size-default\">Quadri elettrici per l\u2019industria: alta qualit\u00e0, precisione assoluta e costi sotto controllo.\n<\/h2>\t\t\t\t<\/div>\n\t\t\t\t<div class=\"elementor-element elementor-element-9d2f8e9 elementor-widget elementor-widget-text-editor\" data-id=\"9d2f8e9\" data-element_type=\"widget\" data-widget_type=\"text-editor.default\">\n\t\t\t\t\t\t\t\t\t<p><span style=\"font-weight: 400;\">Ogni quadro elettrico che realizziamo \u00e8 il risultato di un processo produttivo ottimizzato, pensato per rispondere alle esigenze specifiche dei costruttori di impianti e macchinari industriali. Grazie a un\u2019organizzazione lean, tecnologie di progettazione avanzate e un controllo qualit\u00e0 rigoroso, garantiamo prodotti privi di difetti, pronti per l\u2019integrazione e consegnati puntualmente. Siamo strutturati per gestire grandi volumi produttivi con continuit\u00e0 e precisione, mantenendo i costi sotto controllo e assicurando tempi certi anche su commesse complesse.<\/span><\/p>\t\t\t\t\t\t\t\t<\/div>\n\t\t\t\t\t<\/div>\n\t\t\t\t<\/div>\n\t\t<div class=\"elementor-element elementor-element-d23ea1d e-flex e-con-boxed e-con e-parent\" data-id=\"d23ea1d\" data-element_type=\"container\">\n\t\t\t\t\t<div class=\"e-con-inner\">\n\t\t\t\t<div class=\"elementor-element elementor-element-2a292d2 elementor-widget elementor-widget-image\" data-id=\"2a292d2\" data-element_type=\"widget\" data-widget_type=\"image.default\">\n\t\t\t\t\t\t\t\t\t\t\t\t\t\t\t<img fetchpriority=\"high\" decoding=\"async\" width=\"1920\" height=\"1080\" src=\"https:\/\/www.vicivision.com\/wp-content\/uploads\/2025\/07\/vici.jpg\" class=\"attachment-full size-full wp-image-61597\" alt=\"\" srcset=\"https:\/\/www.vicivision.com\/wp-content\/uploads\/2025\/07\/vici.jpg 1920w, https:\/\/www.vicivision.com\/wp-content\/uploads\/2025\/07\/vici-300x169.jpg 300w, https:\/\/www.vicivision.com\/wp-content\/uploads\/2025\/07\/vici-1024x576.jpg 1024w, https:\/\/www.vicivision.com\/wp-content\/uploads\/2025\/07\/vici-768x432.jpg 768w, https:\/\/www.vicivision.com\/wp-content\/uploads\/2025\/07\/vici-1536x864.jpg 1536w\" sizes=\"(max-width: 1920px) 100vw, 1920px\" \/>\t\t\t\t\t\t\t\t\t\t\t\t\t\t\t<\/div>\n\t\t\t\t\t<\/div>\n\t\t\t\t<\/div>\n\t\t<div class=\"elementor-element elementor-element-d1b8c57 e-flex e-con-boxed e-con e-parent\" data-id=\"d1b8c57\" data-element_type=\"container\">\n\t\t\t\t\t<div class=\"e-con-inner\">\n\t\t\t\t<div class=\"elementor-element elementor-element-167952d elementor-widget elementor-widget-heading\" data-id=\"167952d\" data-element_type=\"widget\" data-widget_type=\"heading.default\">\n\t\t\t\t\t<h2 class=\"elementor-heading-title elementor-size-default\">Una business unit strategica del Gruppo VICI<\/h2>\t\t\t\t<\/div>\n\t\t\t\t<div class=\"elementor-element elementor-element-26de93c elementor-widget elementor-widget-text-editor\" data-id=\"26de93c\" data-element_type=\"widget\" data-widget_type=\"text-editor.default\">\n\t\t\t\t\t\t\t\t\t<p><span style=\"font-weight: 400;\">Dal 1977, VICI Electrical Panel progetta, produce e distribuisce quadri elettrici, bordi macchina e sistemi per l\u2019automazione industriale destinati a grandi gruppi internazionali. \u00c8 la business unit di riferimento all\u2019interno del gruppo VICI &amp; C, attivo in tutto il mondo con soluzioni tecnologiche avanzate per l\u2019industria. Affianchiamo aziende orientate all\u2019innovazione nella realizzazione di soluzioni elettriche su misura, con un\u2019organizzazione flessibile, strumenti di progettazione evoluti e processi lean certificati (ISO 9001, 14001, 45001, AEO).<\/span><\/p><p>\u00a0<\/p><p><span style=\"font-weight: 400;\">Garantiamo prodotti a zero difetti, costi ottimizzati e una capacit\u00e0 produttiva scalabile, anche su volumi importanti. I nostri clienti ci individuano come partner tecnico di lungo periodo per la nostra capacit\u00e0 di integrarci efficacemente nei processi aziendali, ridurre le complessit\u00e0 operative e garantire il rispetto rigoroso di tempi e requisiti.<\/span><\/p>\t\t\t\t\t\t\t\t<\/div>\n\t\t\t\t\t<\/div>\n\t\t\t\t<\/div>\n\t\t<div class=\"elementor-element elementor-element-af11f85 e-flex e-con-boxed e-con e-parent\" data-id=\"af11f85\" data-element_type=\"container\">\n\t\t\t\t\t<div class=\"e-con-inner\">\n\t\t\t\t<div class=\"elementor-element elementor-element-a37898f elementor-arrows-position-inside elementor-widget elementor-widget-image-carousel\" data-id=\"a37898f\" data-element_type=\"widget\" data-settings=\"{&quot;slides_to_show&quot;:&quot;6&quot;,&quot;slides_to_show_mobile&quot;:&quot;2&quot;,&quot;navigation&quot;:&quot;arrows&quot;,&quot;autoplay&quot;:&quot;yes&quot;,&quot;pause_on_hover&quot;:&quot;yes&quot;,&quot;pause_on_interaction&quot;:&quot;yes&quot;,&quot;autoplay_speed&quot;:5000,&quot;infinite&quot;:&quot;yes&quot;,&quot;speed&quot;:500}\" data-widget_type=\"image-carousel.default\">\n\t\t\t\t\t\t\t<div class=\"elementor-image-carousel-wrapper swiper\" role=\"region\" aria-roledescription=\"carousel\" aria-label=\"Image Carousel\" dir=\"ltr\">\n\t\t\t<div class=\"elementor-image-carousel swiper-wrapper\" aria-live=\"off\">\n\t\t\t\t\t\t\t\t<div class=\"swiper-slide\" role=\"group\" aria-roledescription=\"slide\" aria-label=\"1 of 6\"><figure class=\"swiper-slide-inner\"><img decoding=\"async\" class=\"swiper-slide-image\" src=\"https:\/\/www.vicivision.com\/wp-content\/uploads\/2025\/07\/iso.jpg\" alt=\"iso\" \/><\/figure><\/div><div class=\"swiper-slide\" role=\"group\" aria-roledescription=\"slide\" aria-label=\"2 of 6\"><figure class=\"swiper-slide-inner\"><img decoding=\"async\" class=\"swiper-slide-image\" src=\"https:\/\/www.vicivision.com\/wp-content\/uploads\/2025\/07\/iso45.jpg\" alt=\"iso45\" \/><\/figure><\/div><div class=\"swiper-slide\" role=\"group\" aria-roledescription=\"slide\" aria-label=\"3 of 6\"><figure class=\"swiper-slide-inner\"><img decoding=\"async\" class=\"swiper-slide-image\" src=\"https:\/\/www.vicivision.com\/wp-content\/uploads\/2025\/07\/iso14.jpg\" alt=\"iso14\" \/><\/figure><\/div><div class=\"swiper-slide\" role=\"group\" aria-roledescription=\"slide\" aria-label=\"4 of 6\"><figure class=\"swiper-slide-inner\"><img decoding=\"async\" class=\"swiper-slide-image\" src=\"https:\/\/www.vicivision.com\/wp-content\/uploads\/2025\/07\/cribis.jpg\" alt=\"cribis\" \/><\/figure><\/div><div class=\"swiper-slide\" role=\"group\" aria-roledescription=\"slide\" aria-label=\"5 of 6\"><figure class=\"swiper-slide-inner\"><img decoding=\"async\" class=\"swiper-slide-image\" src=\"https:\/\/www.vicivision.com\/wp-content\/uploads\/2025\/07\/best.jpg\" alt=\"best\" \/><\/figure><\/div><div class=\"swiper-slide\" role=\"group\" aria-roledescription=\"slide\" aria-label=\"6 of 6\"><figure class=\"swiper-slide-inner\"><img decoding=\"async\" class=\"swiper-slide-image\" src=\"https:\/\/www.vicivision.com\/wp-content\/uploads\/2025\/07\/tisax.jpg\" alt=\"tisax\" \/><\/figure><\/div>\t\t\t<\/div>\n\t\t\t\t\t\t\t\t\t\t\t\t<div class=\"elementor-swiper-button elementor-swiper-button-prev\" role=\"button\" tabindex=\"0\">\n\t\t\t\t\t\t<svg aria-hidden=\"true\" class=\"e-font-icon-svg e-eicon-chevron-left\" viewBox=\"0 0 1000 1000\" xmlns=\"http:\/\/www.w3.org\/2000\/svg\"><path d=\"M646 125C629 125 613 133 604 142L308 442C296 454 292 471 292 487 292 504 296 521 308 533L604 854C617 867 629 875 646 875 663 875 679 871 692 858 704 846 713 829 713 812 713 796 708 779 692 767L438 487 692 225C700 217 708 204 708 187 708 171 704 154 692 142 675 129 663 125 646 125Z\"><\/path><\/svg>\t\t\t\t\t<\/div>\n\t\t\t\t\t<div class=\"elementor-swiper-button elementor-swiper-button-next\" role=\"button\" tabindex=\"0\">\n\t\t\t\t\t\t<svg aria-hidden=\"true\" class=\"e-font-icon-svg e-eicon-chevron-right\" viewBox=\"0 0 1000 1000\" xmlns=\"http:\/\/www.w3.org\/2000\/svg\"><path d=\"M696 533C708 521 713 504 713 487 713 471 708 454 696 446L400 146C388 133 375 125 354 125 338 125 325 129 313 142 300 154 292 171 292 187 292 204 296 221 308 233L563 492 304 771C292 783 288 800 288 817 288 833 296 850 308 863 321 871 338 875 354 875 371 875 388 867 400 854L696 533Z\"><\/path><\/svg>\t\t\t\t\t<\/div>\n\t\t\t\t\n\t\t\t\t\t\t\t\t\t<\/div>\n\t\t\t\t\t\t<\/div>\n\t\t\t\t\t<\/div>\n\t\t\t\t<\/div>\n\t\t<div class=\"elementor-element elementor-element-18c07f6 e-flex e-con-boxed e-con e-parent\" data-id=\"18c07f6\" data-element_type=\"container\">\n\t\t\t\t\t<div class=\"e-con-inner\">\n\t\t<div class=\"elementor-element elementor-element-8900665 e-con-full e-flex e-con e-child\" data-id=\"8900665\" data-element_type=\"container\">\n\t\t\t\t<div class=\"elementor-element elementor-element-3ab2055 elementor-widget elementor-widget-heading\" data-id=\"3ab2055\" data-element_type=\"widget\" data-widget_type=\"heading.default\">\n\t\t\t\t\t<h2 class=\"elementor-heading-title elementor-size-default\">Normative tecniche di riferimento\n\n<\/h2>\t\t\t\t<\/div>\n\t\t\t\t<div class=\"elementor-element elementor-element-b7a2720 elementor-widget elementor-widget-text-editor\" data-id=\"b7a2720\" data-element_type=\"widget\" data-widget_type=\"text-editor.default\">\n\t\t\t\t\t\t\t\t\t<p><b>Direttiva macchina bassa tensione e compatibilit\u00e0 elettromagnetica, per quanto concerne l\u2019UE e i mercati affini, da cui l\u2019utilizzo delle norme europee armonizzate EN:<\/b><\/p><ul><li style=\"font-weight: 400;\" aria-level=\"1\"><span style=\"font-weight: 400;\">EN 61439-1<\/span><\/li><li style=\"font-weight: 400;\" aria-level=\"1\"><span style=\"font-weight: 400;\">EN ISO 13849-1\/2<\/span><\/li><li style=\"font-weight: 400;\" aria-level=\"1\"><span style=\"font-weight: 400;\">EN 60204-1<\/span><\/li><\/ul><p><span style=\"font-weight: 400;\">Il marchio di sicurezza UL permette ai prodotti di essere installati in USA e in Canada.<\/span><\/p>\t\t\t\t\t\t\t\t<\/div>\n\t\t\t\t<div class=\"elementor-element elementor-element-00e4dd5 elementor-widget elementor-widget-text-editor\" data-id=\"00e4dd5\" data-element_type=\"widget\" data-widget_type=\"text-editor.default\">\n\t\t\t\t\t\t\t\t\t<p><b>Certificazione UL per il mercato USA e Canada\u00a0<\/b><\/p>\t\t\t\t\t\t\t\t<\/div>\n\t\t\t\t<div class=\"elementor-element elementor-element-e0ba52b elementor-widget elementor-widget-image\" data-id=\"e0ba52b\" data-element_type=\"widget\" data-widget_type=\"image.default\">\n\t\t\t\t\t\t\t\t\t\t\t\t\t\t\t<img decoding=\"async\" width=\"818\" height=\"679\" src=\"https:\/\/www.vicivision.com\/wp-content\/uploads\/2025\/07\/UL508A-1.png\" class=\"attachment-full size-full wp-image-61661\" alt=\"\" srcset=\"https:\/\/www.vicivision.com\/wp-content\/uploads\/2025\/07\/UL508A-1.png 818w, https:\/\/www.vicivision.com\/wp-content\/uploads\/2025\/07\/UL508A-1-300x249.png 300w, https:\/\/www.vicivision.com\/wp-content\/uploads\/2025\/07\/UL508A-1-768x637.png 768w\" sizes=\"(max-width: 818px) 100vw, 818px\" \/>\t\t\t\t\t\t\t\t\t\t\t\t\t\t\t<\/div>\n\t\t\t\t<div class=\"elementor-element elementor-element-49fe735 elementor-widget elementor-widget-text-editor\" data-id=\"49fe735\" data-element_type=\"widget\" data-widget_type=\"text-editor.default\">\n\t\t\t\t\t\t\t\t\t<p><span style=\"font-weight: 400;\">La certificazione UL \u00e8 essenziale per le aziende che intendono esportare quadri elettrici e impianti industriali negli Stati Uniti e in Canada, dove sicurezza e qualit\u00e0 sono requisiti indispensabili per accedere al mercato. Lo standard UL508A, specifico per i quadri di automazione industriale, si concentra sulla protezione contro shock elettrici e incendi, assicurando elevati livelli di qualit\u00e0 e affidabilit\u00e0.<\/span><\/p><p><span style=\"font-weight: 400;\">Per questo motivo VICI Electrical Panel ha scelto di certificare i propri prodotti con UL, l\u2019ente pi\u00f9 riconosciuto a livello internazionale, che effettua ispezioni annuali per garantire la conformit\u00e0 alle normative vigenti.<\/span><\/p>\t\t\t\t\t\t\t\t<\/div>\n\t\t\t\t<\/div>\n\t\t\t\t\t<\/div>\n\t\t\t\t<\/div>\n\t\t<div class=\"elementor-element elementor-element-52261da e-flex e-con-boxed e-con e-parent\" data-id=\"52261da\" data-element_type=\"container\">\n\t\t\t\t\t<div class=\"e-con-inner\">\n\t\t<div class=\"elementor-element elementor-element-7c638c1 e-con-full e-flex e-con e-child\" data-id=\"7c638c1\" data-element_type=\"container\">\n\t\t\t\t<div class=\"elementor-element elementor-element-0827c6c elementor-widget elementor-widget-image\" data-id=\"0827c6c\" data-element_type=\"widget\" data-widget_type=\"image.default\">\n\t\t\t\t\t\t\t\t\t\t\t\t\t\t\t<img decoding=\"async\" width=\"1920\" height=\"1510\" src=\"https:\/\/www.vicivision.com\/wp-content\/uploads\/2025\/07\/INTRODUZIONE.jpg\" class=\"attachment-full size-full wp-image-61576\" alt=\"\" srcset=\"https:\/\/www.vicivision.com\/wp-content\/uploads\/2025\/07\/INTRODUZIONE.jpg 1920w, https:\/\/www.vicivision.com\/wp-content\/uploads\/2025\/07\/INTRODUZIONE-300x236.jpg 300w, https:\/\/www.vicivision.com\/wp-content\/uploads\/2025\/07\/INTRODUZIONE-1024x805.jpg 1024w, https:\/\/www.vicivision.com\/wp-content\/uploads\/2025\/07\/INTRODUZIONE-768x604.jpg 768w, https:\/\/www.vicivision.com\/wp-content\/uploads\/2025\/07\/INTRODUZIONE-1536x1208.jpg 1536w\" sizes=\"(max-width: 1920px) 100vw, 1920px\" \/>\t\t\t\t\t\t\t\t\t\t\t\t\t\t\t<\/div>\n\t\t\t\t<\/div>\n\t\t<div class=\"elementor-element elementor-element-f6172fb e-con-full e-flex e-con e-child\" data-id=\"f6172fb\" data-element_type=\"container\">\n\t\t\t\t<div class=\"elementor-element elementor-element-0d801e7 elementor-widget elementor-widget-heading\" data-id=\"0d801e7\" data-element_type=\"widget\" data-widget_type=\"heading.default\">\n\t\t\t\t\t<h2 class=\"elementor-heading-title elementor-size-default\">Produzione scalabile e personalizzata, anche su grandi volumi\n<\/h2>\t\t\t\t<\/div>\n\t\t\t\t<div class=\"elementor-element elementor-element-ec9c8f5 elementor-widget elementor-widget-text-editor\" data-id=\"ec9c8f5\" data-element_type=\"widget\" data-widget_type=\"text-editor.default\">\n\t\t\t\t\t\t\t\t\t<p><span style=\"font-weight: 400;\">Realizziamo quadri elettrici per l\u2019industria su specifica del cliente, combinando strumenti avanzati di progettazione (EPLAN P8, SPAC, Pro Panel 3D) e un\u2019organizzazione produttiva orientata al miglioramento continuo.<\/span><span style=\"font-weight: 400;\"><br \/><\/span><span style=\"font-weight: 400;\"><br \/><\/span><span style=\"font-weight: 400;\">Grazie a un approccio lean e a rapporti diretti con fornitori qualificati di componentistica commerciale, assicuriamo tempi rapidi e costi ottimizzati anche su lotti estesi. Gestiamo produzioni per serie, per lotto o su commessa singola, mantenendo flessibilit\u00e0 e controllo in ogni fase.<\/span><span style=\"font-weight: 400;\"><br \/><\/span><\/p>\t\t\t\t\t\t\t\t<\/div>\n\t\t\t\t<\/div>\n\t\t\t\t\t<\/div>\n\t\t\t\t<\/div>\n\t\t<div class=\"elementor-element elementor-element-5b6d8f8 e-flex e-con-boxed e-con e-parent\" data-id=\"5b6d8f8\" data-element_type=\"container\">\n\t\t\t\t\t<div class=\"e-con-inner\">\n\t\t<div class=\"elementor-element elementor-element-b40f767 e-con-full e-flex e-con e-child\" data-id=\"b40f767\" data-element_type=\"container\">\n\t\t\t\t<div class=\"elementor-element elementor-element-aa92a22 elementor-widget elementor-widget-heading\" data-id=\"aa92a22\" data-element_type=\"widget\" data-widget_type=\"heading.default\">\n\t\t\t\t\t<h2 class=\"elementor-heading-title elementor-size-default\">Scadenze sempre rispettate, anche su produzioni complesse\n<\/h2>\t\t\t\t<\/div>\n\t\t\t\t<div class=\"elementor-element elementor-element-e5f667f elementor-widget elementor-widget-text-editor\" data-id=\"e5f667f\" data-element_type=\"widget\" data-widget_type=\"text-editor.default\">\n\t\t\t\t\t\t\t\t\t<p><span style=\"font-weight: 400;\">Monitoriamo in tempo reale l\u2019avanzamento di ogni commessa grazie a un sistema integrato di KPI e strumenti digitali, che ci consente di garantire precisione e puntualit\u00e0 in tutte le commesse.<\/span><span style=\"font-weight: 400;\"><br \/><\/span><span style=\"font-weight: 400;\"><br \/><\/span><span style=\"font-weight: 400;\"> La gestione lean del magazzino interno, unita a modalit\u00e0 operative come \u201cJust in Time\u201d, Kanban e \u201cconsignment stock\u201d, ci permette di ridurre al minimo i tempi di attraversamento e di reagire con flessibilit\u00e0 alle richieste del cliente. Anche su lotti medio-grandi, manteniamo affidabilit\u00e0 costante, indipendentemente dalla complessit\u00e0 o dall\u2019urgenza.<\/span><span style=\"font-weight: 400;\">\u00a0<\/span><\/p>\t\t\t\t\t\t\t\t<\/div>\n\t\t\t\t<\/div>\n\t\t<div class=\"elementor-element elementor-element-85cf1cd e-con-full e-flex e-con e-child\" data-id=\"85cf1cd\" data-element_type=\"container\">\n\t\t\t\t<div class=\"elementor-element elementor-element-0f7327a elementor-widget elementor-widget-image\" data-id=\"0f7327a\" data-element_type=\"widget\" data-widget_type=\"image.default\">\n\t\t\t\t\t\t\t\t\t\t\t\t\t\t\t<img loading=\"lazy\" decoding=\"async\" width=\"2048\" height=\"1536\" src=\"https:\/\/www.vicivision.com\/wp-content\/uploads\/2025\/07\/IMG_8970.jpeg\" class=\"attachment-full size-full wp-image-61585\" alt=\"\" srcset=\"https:\/\/www.vicivision.com\/wp-content\/uploads\/2025\/07\/IMG_8970.jpeg 2048w, https:\/\/www.vicivision.com\/wp-content\/uploads\/2025\/07\/IMG_8970-300x225.jpeg 300w, https:\/\/www.vicivision.com\/wp-content\/uploads\/2025\/07\/IMG_8970-1024x768.jpeg 1024w, https:\/\/www.vicivision.com\/wp-content\/uploads\/2025\/07\/IMG_8970-768x576.jpeg 768w, https:\/\/www.vicivision.com\/wp-content\/uploads\/2025\/07\/IMG_8970-1536x1152.jpeg 1536w\" sizes=\"(max-width: 2048px) 100vw, 2048px\" \/>\t\t\t\t\t\t\t\t\t\t\t\t\t\t\t<\/div>\n\t\t\t\t<\/div>\n\t\t\t\t\t<\/div>\n\t\t\t\t<\/div>\n\t\t<div class=\"elementor-element elementor-element-28b1bd7 e-flex e-con-boxed e-con e-parent\" data-id=\"28b1bd7\" data-element_type=\"container\">\n\t\t\t\t\t<div class=\"e-con-inner\">\n\t\t<div class=\"elementor-element elementor-element-8b5400d e-con-full e-flex e-con e-child\" data-id=\"8b5400d\" data-element_type=\"container\">\n\t\t\t\t<div class=\"elementor-element elementor-element-b0d9542 elementor-widget elementor-widget-image\" data-id=\"b0d9542\" data-element_type=\"widget\" data-widget_type=\"image.default\">\n\t\t\t\t\t\t\t\t\t\t\t\t\t\t\t<img loading=\"lazy\" decoding=\"async\" width=\"2048\" height=\"1536\" src=\"https:\/\/www.vicivision.com\/wp-content\/uploads\/2025\/07\/fornitore.jpeg\" class=\"attachment-full size-full wp-image-61670\" alt=\"\" srcset=\"https:\/\/www.vicivision.com\/wp-content\/uploads\/2025\/07\/fornitore.jpeg 2048w, https:\/\/www.vicivision.com\/wp-content\/uploads\/2025\/07\/fornitore-300x225.jpeg 300w, https:\/\/www.vicivision.com\/wp-content\/uploads\/2025\/07\/fornitore-1024x768.jpeg 1024w, https:\/\/www.vicivision.com\/wp-content\/uploads\/2025\/07\/fornitore-768x576.jpeg 768w, https:\/\/www.vicivision.com\/wp-content\/uploads\/2025\/07\/fornitore-1536x1152.jpeg 1536w\" sizes=\"(max-width: 2048px) 100vw, 2048px\" \/>\t\t\t\t\t\t\t\t\t\t\t\t\t\t\t<\/div>\n\t\t\t\t<\/div>\n\t\t<div class=\"elementor-element elementor-element-21b7683 e-con-full e-flex e-con e-child\" data-id=\"21b7683\" data-element_type=\"container\">\n\t\t\t\t<div class=\"elementor-element elementor-element-572aeb8 elementor-widget elementor-widget-heading\" data-id=\"572aeb8\" data-element_type=\"widget\" data-widget_type=\"heading.default\">\n\t\t\t\t\t<h2 class=\"elementor-heading-title elementor-size-default\">Un fornitore affidabile e un partner su cui contare, sempre<\/h2>\t\t\t\t<\/div>\n\t\t\t\t<div class=\"elementor-element elementor-element-c5eaa36 elementor-widget elementor-widget-text-editor\" data-id=\"c5eaa36\" data-element_type=\"widget\" data-widget_type=\"text-editor.default\">\n\t\t\t\t\t\t\t\t\t<p><span style=\"font-weight: 400;\">Seguiamo ogni progetto dalla definizione del bisogno iniziale fino all\u2019installazione finale, grazie a un team tecnico-commerciale che affianca il cliente in tutte le fasi: progettazione hardware e software, sviluppo prototipi, definizione dei costi, collaudo e supporto post-vendita.<\/span><\/p><p>\u00a0<\/p><p><span style=\"font-weight: 400;\">Progettiamo e realizziamo soluzioni elettriche su misura, pronte per l\u2019integrazione, intervenendo anche on-site per attivit\u00e0 di test, messa in servizio e assistenza operativa. In questo modo, ogni fornitura diventa l\u2019inizio di una collaborazione stabile e duratura, fondata sull\u2019affidabilit\u00e0 tecnica e sulla continuit\u00e0 del rapporto.<\/span><\/p>\t\t\t\t\t\t\t\t<\/div>\n\t\t\t\t<\/div>\n\t\t\t\t\t<\/div>\n\t\t\t\t<\/div>\n\t\t<div class=\"elementor-element elementor-element-633528e e-flex e-con-boxed e-con e-parent\" data-id=\"633528e\" data-element_type=\"container\">\n\t\t\t\t\t<div class=\"e-con-inner\">\n\t\t\t\t<div class=\"elementor-element elementor-element-7d1f707 elementor-widget elementor-widget-heading\" data-id=\"7d1f707\" data-element_type=\"widget\" data-widget_type=\"heading.default\">\n\t\t\t\t\t<h2 class=\"elementor-heading-title elementor-size-default\">Scopri cosa possiamo fare per la tua azienda.<\/h2>\t\t\t\t<\/div>\n\t\t\t\t<div class=\"elementor-element elementor-element-fa42aae elementor-widget elementor-widget-text-editor\" data-id=\"fa42aae\" data-element_type=\"widget\" data-widget_type=\"text-editor.default\">\n\t\t\t\t\t\t\t\t\t<p><span style=\"font-weight: 400;\">Prenota una call con il nostro team: ti mostreremo esempi concreti di progetti realizzati per produttori di impianti e linee di packaging.<\/span><span style=\"font-weight: 400;\"><br \/><\/span><span style=\"font-weight: 400;\">Scoprirai come abbiamo ridotto tempi, costi e complessit\u00e0 operative per clienti come te.<\/span><span style=\"font-weight: 400;\"><br \/><\/span><\/p>\t\t\t\t\t\t\t\t<\/div>\n\t\t\t\t<div class=\"elementor-element elementor-element-90b0ecc elementor-align-center elementor-widget elementor-widget-button\" data-id=\"90b0ecc\" data-element_type=\"widget\" data-widget_type=\"button.default\">\n\t\t\t\t\t\t\t\t\t\t<a class=\"elementor-button elementor-button-link elementor-size-sm\" href=\"https:\/\/www.vicivision.com\/it\/contatti-vicivision\/\">\n\t\t\t\t\t\t<span class=\"elementor-button-content-wrapper\">\n\t\t\t\t\t\t\t\t\t<span class=\"elementor-button-text\">Contattaci<\/span>\n\t\t\t\t\t<\/span>\n\t\t\t\t\t<\/a>\n\t\t\t\t\t\t\t\t<\/div>\n\t\t\t\t\t<\/div>\n\t\t\t\t<\/div>\n\t\t\t\t<\/div>\n\t\t","protected":false},"excerpt":{"rendered":"<p>L\u2019affidabilit\u00e0 non si improvvisa. Si costruisce quadro dopo quadro. Quadri elettrici per l\u2019industria: alta qualit\u00e0, precisione assoluta e costi sotto controllo. Ogni quadro elettrico che realizziamo \u00e8 il risultato di un processo produttivo ottimizzato, pensato per rispondere alle esigenze specifiche dei costruttori di impianti e macchinari industriali. Grazie a un\u2019organizzazione lean, tecnologie di progettazione avanzate<\/p>\n<div class=\"more\"><a class=\"more-link btn btn-green ion-ios7-arrow-forward\" href=\"https:\/\/www.vicivision.com\/it\/pannelli-elettrici\/\">Leggi tutto<\/a><\/div>\n","protected":false},"author":7,"featured_media":0,"parent":0,"menu_order":0,"comment_status":"closed","ping_status":"closed","template":"","meta":{"footnotes":""},"class_list":["post-61501","page","type-page","status-publish","hentry"],"acf":[],"_links":{"self":[{"href":"https:\/\/www.vicivision.com\/it\/wp-json\/wp\/v2\/pages\/61501","targetHints":{"allow":["GET"]}}],"collection":[{"href":"https:\/\/www.vicivision.com\/it\/wp-json\/wp\/v2\/pages"}],"about":[{"href":"https:\/\/www.vicivision.com\/it\/wp-json\/wp\/v2\/types\/page"}],"author":[{"embeddable":true,"href":"https:\/\/www.vicivision.com\/it\/wp-json\/wp\/v2\/users\/7"}],"replies":[{"embeddable":true,"href":"https:\/\/www.vicivision.com\/it\/wp-json\/wp\/v2\/comments?post=61501"}],"version-history":[{"count":0,"href":"https:\/\/www.vicivision.com\/it\/wp-json\/wp\/v2\/pages\/61501\/revisions"}],"wp:attachment":[{"href":"https:\/\/www.vicivision.com\/it\/wp-json\/wp\/v2\/media?parent=61501"}],"curies":[{"name":"wp","href":"https:\/\/api.w.org\/{rel}","templated":true}]}}