{"id":60151,"date":"2025-02-03T16:25:23","date_gmt":"2025-02-03T15:25:23","guid":{"rendered":"https:\/\/www.vicivision.com\/?page_id=60151"},"modified":"2025-02-10T16:28:07","modified_gmt":"2025-02-10T15:28:07","slug":"software-dream-vicivision","status":"publish","type":"page","link":"https:\/\/www.vicivision.com\/it\/software-dream-vicivision\/","title":{"rendered":"SOFTWARE DREAM"},"content":{"rendered":"<div class=\"wpb-content-wrapper\"><p>[vc_row full_width=&#8221;stretch_row_content_no_spaces&#8221; bg_type=&#8221;image&#8221; fadeout_row=&#8221;fadeout_row_value&#8221; fadeout_start_effect=&#8221;50&#8243; enable_overlay=&#8221;enable_overlay_value&#8221; overlay_color=&#8221;rgba(2,10,2,0.53)&#8221; overlay_pattern=&#8221;transperant&#8221; overlay_pattern_opacity=&#8221;100&#8243; css=&#8221;.vc_custom_1738594427306{background-image: url(https:\/\/www.vicivision.com\/wp-content\/uploads\/2025\/02\/0-copertina.jpg?id=60137) !important;background-position: center !important;background-repeat: no-repeat !important;background-size: cover !important;}&#8221; el_class=&#8221;Rbgrow&#8221;][vc_column width=&#8221;1\/4&#8243;][\/vc_column][vc_column width=&#8221;1\/2&#8243;][vc_empty_space height=&#8221;550px&#8221;][vc_column_text][\/vc_column_text][vc_empty_space height=&#8221;200px&#8221;][\/vc_column][vc_column width=&#8221;1\/4&#8243;][\/vc_column][\/vc_row][vc_row][vc_column][vc_column_text]<\/p>\n<h1><strong>Trasforma la tua esperienza di metrologia<\/strong><\/h1>\n<h2>Ora il sogno \u00e8 finalmente realt\u00e0.<\/h2>\n<p>[\/vc_column_text][\/vc_column][\/vc_row][vc_row][vc_column][vc_column_text]Il software Dream di VICIVISION rappresenta un\u2019innovazione straordinaria nel mondo della metrologia ottica. La sua velocit\u00e0 di elaborazione, unita a un\u2019interfaccia intuitiva e accessibile a tutti, consente di ottimizzare ogni fase del controllo qualit\u00e0 con la massima efficienza.<\/p>\n<p>Grazie alla sua completezza di funzioni, Dream permette di sfruttare al meglio le macchine di misura ottica, garantendo precisione, affidabilit\u00e0 e semplicit\u00e0 d\u2019uso. \u00c8 la soluzione perfetta per chi cerca prestazioni elevate senza compromessi, migliorando il flusso di lavoro con strumenti all\u2019avanguardia.[\/vc_column_text][\/vc_column][\/vc_row][vc_row][vc_column][vc_empty_space height=&#8221;60px&#8221;][\/vc_column][\/vc_row][vc_row][vc_column][vc_empty_space height=&#8221;22px&#8221;][vc_column_text]<\/p>\n<h2>PRIMA, Serie X, TECHNO, Tastatore e Confocale. Tutto \u00e8 pronto per misurare.<br \/>\nMa sei sicuro di utilizzare la tua VICIVISION al massimo delle sue potenzialit\u00e0?<\/h2>\n<h5><\/h5>\n<h5><strong>Software semplificato per una programmazione rapida<\/strong><\/h5>\n<h5>Grazie a un\u2019organizzazione chiara e funzionale dei comandi, l\u2019utilizzo del software diventa semplice e immediato, riducendo il rischio di errori. Questo approccio non solo ottimizza i tempi di lavoro, ma contribuisce anche a potenziare la produttivit\u00e0 complessiva, rendendo ogni operazione pi\u00f9 fluida e precisa. Inoltre, la reattivit\u00e0 del software garantisce un\u2019interazione rapida e senza intoppi, migliorando il flusso di lavoro e assicurando prestazioni elevate anche nelle operazioni pi\u00f9 complesse. Dream Software non \u00e8 solo una soluzione tecnologica avanzata, ma un vero alleato per chi cerca semplicit\u00e0, velocit\u00e0 e completezza nelle operazioni di misura ottica.<\/h5>\n<p>&nbsp;<\/p>\n<h5><strong>Vivian, il nuovo assistente di misura, ti guida passo dopo passo nella creazione del programma<\/strong><\/h5>\n<h5>Vivian, il nuovo assistente di misurazione, rivoluziona l\u2019esperienza degli operatori, offrendo un supporto intelligente, interattivo e guidato in ogni fase della programmazione. Grazie alla sua interfaccia intuitiva e alla capacit\u00e0 di accompagnarti passo dopo passo, Vivian semplifica anche le operazioni pi\u00f9 complesse, rendendole accessibili a tutti, indipendentemente dal livello di esperienza.<\/h5>\n<h5>Questo assistente smart ottimizza i tempi di configurazione, riduce il margine di errore e permette di creare programmi in modo pi\u00f9 veloce ed efficiente. Con suggerimenti chiari, istruzioni dettagliate e un\u2019interazione fluida, Vivian trasforma la programmazione in un processo intuitivo e senza stress, garantendo risultati di misurazione sempre precisi e affidabili.<\/h5>\n<h5>Vivian non \u00e8 solo un assistente, ma un vero e proprio partner tecnologico, pronto a rendere ogni fase della misurazione pi\u00f9 efficiente e performante.<\/h5>\n<p>&nbsp;<\/p>\n<h5><strong>Assistenza Remota<\/strong><\/h5>\n<h5>Grazie alla funzione di accesso remoto, i nostri specialisti possono monitorare e gestire le tue macchine di misura ottica da qualsiasi luogo, semplicemente disponendo di una connessione internet ed aiutarti per qualsiasi esigenza. L\u2019accesso remoto consente ai nostri operatori di verificare lo stato delle macchine, analizzare i dati di misurazione e intervenire tempestivamente in caso di necessit\u00e0, riducendo al minimo i tempi di inattivit\u00e0.<\/h5>\n<p>&nbsp;<\/p>\n<h5><strong>Prendi decisioni basate sui dati<\/strong><\/h5>\n<h5>Gli avanzati strumenti di reporting e analisi di Dream Software offrono un livello di dettaglio e precisione senza precedenti, trasformando i dati di misurazione in informazioni strategiche di grande valore. Grazie a una generazione automatizzata di report completi e personalizzabili, gli operatori e i responsabili della produzione possono ottenere una visione chiara e approfondita delle prestazioni e della qualit\u00e0 dei processi.<\/h5>\n<h5>Le intuitive visualizzazioni grafiche permettono di interpretare rapidamente le tendenze, identificare potenziali criticit\u00e0 e adottare decisioni informate in tempo reale.<\/h5>\n<h5>Grazie alla capacit\u00e0 di integrare questi dati nei processi aziendali, Dream Software diventa un alleato fondamentale per il miglioramento continuo della qualit\u00e0 del prodotto, garantendo standard elevati e una produzione sempre pi\u00f9 efficiente, precisa e competitiva. Un sistema potente, veloce e completo per portare il controllo qualit\u00e0 a un livello superiore.<\/h5>\n<p>[\/vc_column_text][vc_empty_space height=&#8221;92px&#8221;][\/vc_column][\/vc_row][vc_row][vc_column width=&#8221;1\/3&#8243;][vc_single_image image=&#8221;60177&#8243; img_size=&#8221;medium&#8221;][\/vc_column][vc_column width=&#8221;1\/3&#8243;][vc_single_image image=&#8221;60167&#8243; img_size=&#8221;medium&#8221; alignment=&#8221;center&#8221;][\/vc_column][vc_column width=&#8221;1\/3&#8243;][vc_single_image image=&#8221;60186&#8243; img_size=&#8221;medium&#8221;][\/vc_column][\/vc_row]<\/p>\n<\/div>","protected":false},"excerpt":{"rendered":"<p>[vc_row full_width=&#8221;stretch_row_content_no_spaces&#8221; bg_type=&#8221;image&#8221; fadeout_row=&#8221;fadeout_row_value&#8221; fadeout_start_effect=&#8221;50&#8243; enable_overlay=&#8221;enable_overlay_value&#8221; overlay_color=&#8221;rgba(2,10,2,0.53)&#8221; overlay_pattern=&#8221;transperant&#8221; overlay_pattern_opacity=&#8221;100&#8243; css=&#8221;.vc_custom_1738594427306{background-image: url(https:\/\/www.vicivision.com\/wp-content\/uploads\/2025\/02\/0-copertina.jpg?id=60137) !important;background-position: center !important;background-repeat: no-repeat !important;background-size: cover !important;}&#8221; el_class=&#8221;Rbgrow&#8221;][vc_column width=&#8221;1\/4&#8243;][\/vc_column][vc_column width=&#8221;1\/2&#8243;][vc_empty_space height=&#8221;550px&#8221;][vc_column_text][\/vc_column_text][vc_empty_space height=&#8221;200px&#8221;][\/vc_column][vc_column width=&#8221;1\/4&#8243;][\/vc_column][\/vc_row][vc_row][vc_column][vc_column_text] Trasforma la tua esperienza di metrologia Ora il sogno \u00e8 finalmente realt\u00e0. [\/vc_column_text][\/vc_column][\/vc_row][vc_row][vc_column][vc_column_text]Il software Dream di VICIVISION rappresenta un\u2019innovazione straordinaria nel mondo della metrologia ottica. La sua velocit\u00e0 di elaborazione, unita<\/p>\n<div class=\"more\"><a class=\"more-link btn btn-green ion-ios7-arrow-forward\" href=\"https:\/\/www.vicivision.com\/it\/software-dream-vicivision\/\">Leggi tutto<\/a><\/div>\n","protected":false},"author":2,"featured_media":0,"parent":0,"menu_order":0,"comment_status":"closed","ping_status":"closed","template":"","meta":{"footnotes":""},"class_list":["post-60151","page","type-page","status-publish","hentry"],"acf":[],"_links":{"self":[{"href":"https:\/\/www.vicivision.com\/it\/wp-json\/wp\/v2\/pages\/60151","targetHints":{"allow":["GET"]}}],"collection":[{"href":"https:\/\/www.vicivision.com\/it\/wp-json\/wp\/v2\/pages"}],"about":[{"href":"https:\/\/www.vicivision.com\/it\/wp-json\/wp\/v2\/types\/page"}],"author":[{"embeddable":true,"href":"https:\/\/www.vicivision.com\/it\/wp-json\/wp\/v2\/users\/2"}],"replies":[{"embeddable":true,"href":"https:\/\/www.vicivision.com\/it\/wp-json\/wp\/v2\/comments?post=60151"}],"version-history":[{"count":0,"href":"https:\/\/www.vicivision.com\/it\/wp-json\/wp\/v2\/pages\/60151\/revisions"}],"wp:attachment":[{"href":"https:\/\/www.vicivision.com\/it\/wp-json\/wp\/v2\/media?parent=60151"}],"curies":[{"name":"wp","href":"https:\/\/api.w.org\/{rel}","templated":true}]}}