{"id":58262,"date":"2024-01-15T12:35:23","date_gmt":"2024-01-15T11:35:23","guid":{"rendered":"https:\/\/www.vicivision.com\/?page_id=58262"},"modified":"2025-09-22T09:58:53","modified_gmt":"2025-09-22T07:58:53","slug":"laboratorio-metrologico-di-taratura","status":"publish","type":"page","link":"https:\/\/www.vicivision.com\/it\/laboratorio-metrologico-di-taratura\/","title":{"rendered":"LABORATORIO METROLOGICO DI TARATURA"},"content":{"rendered":"<div class=\"wpb-content-wrapper\"><p>[vc_row][vc_column][vc_single_image image=&#8221;60220&#8243; img_size=&#8221;large&#8221; alignment=&#8221;center&#8221;][vc_column_text]<\/p>\n<p style=\"text-align: left;\">Conforme alla norma UNI CEI EN ISO\/IEC 17025: 2018<\/p>\n<p><strong>Il primo laboratorio in Italia accreditato da ACCREDIA DT per la verifica di prestazione di macchine per misurazione di pezzi, a simmetria di rivoluzione, con tecnica di misura ottica 2D.<\/strong><\/p>\n<p>&nbsp;<\/p>\n<p style=\"text-align: left;\">LAT N\u00b0 02220<br \/>\nMembro degli Accordi di Mutuo Riconoscimento EA, IAF, e ILAC Signatory of EA, IAF and ILAC.<\/p>\n<p>&nbsp;<\/p>\n<p>In oltre 20 anni di attivit\u00e0 come costruttore di macchine di misura ottica, VICI&amp;C. ha incessantemente perseguito gli obiettivi della qualit\u00e0 e dell\u2019ottimizzazione di tutti i processi di misurazione, sapendo intuire e realizzare, sempre in vantaggio sui tempi, le innovazioni e i perfezionamenti che un mercato cos\u00ec complesso richiede.<\/p>\n<p>Volendo essere non solo precursori, ma anche custodi di una tradizione di eccellenza che continua a guidare il nostro impegno verso un futuro in cui la precisione e la qualit\u00e0 saranno sempre pi\u00f9 elementi imprescindibili, VICI&amp;C. ha deciso di inserire nella propria struttura CALIBRA di VICI&amp;C., Laboratorio Metrologico operante in conformit\u00e0 alla norma di riferimento UNI CEI EN ISO\/IEC 17025:2018.[\/vc_column_text]<div class=\" ubtn-ctn-center \"><a class=\"ubtn-link ult-adjust-bottom-margin ubtn-center ubtn-normal \" href=\"https:\/\/www.vicivision.com\/wp-content\/uploads\/2025\/02\/Cat_CALIBRA_LAT334_20240923_low.pdf\" target=\"_blank\" rel=\"noopener\" ><button type=\"button\" id=\"ubtn-8759\"  class=\"ubtn ult-adjust-bottom-margin ult-responsive ubtn-normal ubtn-no-hover-bg  none  ubtn-center   tooltip-69e5d9798f5fd\"  data-hover=\"\" data-border-color=\"\" data-bg=\"#e0e0e0\" data-hover-bg=\"\" data-border-hover=\"\" data-shadow-hover=\"\" data-shadow-click=\"none\" data-shadow=\"\" data-shd-shadow=\"\"  data-ultimate-target='#ubtn-8759'  data-responsive-json-new='{\"font-size\":\"\",\"line-height\":\"\"}'  style=\"font-weight:normal;border:none;background: #e0e0e0;color: #000000;\"><span class=\"ubtn-hover\" style=\"background-color:\"><\/span><span class=\"ubtn-data ubtn-text \" >SCARICA LA BROCHURE<\/span><\/button><\/a><\/div>[vc_column_text]CALIBRA di VICI&amp;C., accreditato come LAT N\u00b0 02220, rappresenta il primo baluardo italiano nel campo della verifica di prestazione <span data-teams=\"true\"><span class=\"ui-provider a b c d e f g h i j k l m n o p q r s t u v w x y z ab ac ae af ag ah ai aj ak\" dir=\"ltr\">di macchine di misura di pezzi a simmetria di rivoluzione con tecnica di misura ottica 2D<\/span><\/span>.<\/p>\n<p>L\u2019accreditamento ACCREDIA ne attesta la competenza, l&#8217;indipendenza e l&#8217;imparzialit\u00e0 ad effettuare le attivit\u00e0 di certificazione della taratura in conformit\u00e0 ai requisiti della norma UNI CEI EN ISO\/IEC 17025 e l\u2019attuazione di un sistema di gestione in accordo ai principi della norma UNI EN ISO 9001.[\/vc_column_text][\/vc_column][\/vc_row][vc_row][vc_column][vc_separator][vc_column_text]<\/p>\n<h4 style=\"text-align: left;\"><strong>SERVIZIO DI TARATURA &#8211;\u00a0<\/strong><strong>SIGNIFICATO ACCREDITAMENTO<\/strong><\/h4>\n<p><strong>VALORE SERVIZI ACCREDITATI<\/strong><\/p>\n<p>&nbsp;<\/p>\n<p><strong>IMPARZIALIT\u00c0<\/strong><br \/>\nACCREDIA accerta l\u2019effettiva terziet\u00e0 a garanzia dell\u2019obiettivit\u00e0 e dell\u2019equit\u00e0 delle loro valutazioni.<\/p>\n<p><strong>COMPETENZA<br \/>\n<\/strong>ACCREDIA valuta l\u2019esperienza e la preparazione tecnica e professionale del personale del laboratorio in funzione degli specifici settori operativi.<\/p>\n<p><strong>RISERVATEZZA<\/strong><br \/>\nI laboratori non possono divulgare alcuna informazione riservata ottenuta durante il processo di valutazione della conformit\u00e0.<\/p>\n<p><strong>ASSENZA DI CONFLITTI DI INTERESSE<br \/>\n<\/strong>Il personale del laboratorio deve dimostrare l\u2019assenza di conflitti d\u2019interesse rispetto all\u2019attivit\u00e0 di verifica di prestazione da eseguire per il cliente.<\/p>\n<p><strong>RESPONSABILIT\u00c0<br \/>\n<\/strong>I laboratori sono responsabili della valutazione delle evidenze oggettive su cui basano le proprie decisioni circa la conformit\u00e0 della verifica effettuata.<\/p>\n<p><strong>GESTIONE DEI RECLAMI<br \/>\n<\/strong>Gli organismi e i laboratori devono gestire in modo rapido e accurato i reclami provenienti dai clienti e dal mercato.[\/vc_column_text][\/vc_column][\/vc_row][vc_row][vc_column][vc_separator][vc_column_text]<\/p>\n<h4><strong>PERCHE\u2019 PREFERIRE UN CERTIFICATO DI TARATURA?<br \/>\n<\/strong><\/h4>\n<p>I certificati di taratura accreditati ACCREDIA sono riconosciuti e accettati in ambito nazionale, europeo ed internazionale in virt\u00f9 di specifici accordi di mutuo riconoscimento dell\u2019EA (European co-operation for Accreditation) e dell\u2019ILAC (International Laboratory Accreditation Cooperation), sottoscritti da ACCREDIA e dagli Organismi di Accreditamento di altri Paesi.<\/p>\n<p>Tali certificati di taratura garantiscono quindi la riferibilit\u00e0 metrologica alle unit\u00e0 del Sistema Internazionale per gli strumenti con tecnica di misura ottica 2D, utilizzati nei processi di misurazione dalle aziende che devono dimostrare di operare in termini di \u201cgaranzia della qualit\u00e0\u201d, contribuendo ad alimentare la fiducia che sul mercato circolino beni e servizi sicuri e di qualit\u00e0.<\/p>\n<p>&nbsp;<\/p>\n<h4 style=\"text-align: center;\"><a href=\"https:\/\/www.vicivision.com\/wp-content\/uploads\/2025\/04\/TABELLA_02220LAT_DT.pdf\"><strong>TABELLA DI ACCREDITAMENTO<\/strong><\/a><\/h4>\n<p>&nbsp;<\/p>\n<p><em>Per un quadro completo sul significato dell\u2019accreditamento e sulle corrette modalit\u00e0 di utilizzo del riferimento all\u2019accreditamento, si veda il sito di ACCREDIA: <a href=\"http:\/\/www.accredia.it\">www.accredia.it<\/a><\/em>[\/vc_column_text][\/vc_column][\/vc_row][vc_row][vc_column][vc_column_text]Per richieste, comunicazioni e per inoltro reclami, contattare: <a href=\"mailto:laboratorio@vici.it\">laboratorio@vici.it<\/a><\/p>\n<p>[\/vc_column_text][\/vc_column][\/vc_row]<\/p>\n<\/div>","protected":false},"excerpt":{"rendered":"<p>[vc_row][vc_column][vc_single_image image=&#8221;60220&#8243; img_size=&#8221;large&#8221; alignment=&#8221;center&#8221;][vc_column_text] Conforme alla norma UNI CEI EN ISO\/IEC 17025: 2018 Il primo laboratorio in Italia accreditato da ACCREDIA DT per la verifica di prestazione di macchine per misurazione di pezzi, a simmetria di rivoluzione, con tecnica di misura ottica 2D. &nbsp; LAT N\u00b0 02220 Membro degli Accordi di Mutuo Riconoscimento EA, IAF,<\/p>\n<div class=\"more\"><a class=\"more-link btn btn-green ion-ios7-arrow-forward\" href=\"https:\/\/www.vicivision.com\/it\/laboratorio-metrologico-di-taratura\/\">Leggi tutto<\/a><\/div>\n","protected":false},"author":2,"featured_media":0,"parent":0,"menu_order":0,"comment_status":"closed","ping_status":"closed","template":"","meta":{"footnotes":""},"class_list":["post-58262","page","type-page","status-publish","hentry"],"acf":[],"_links":{"self":[{"href":"https:\/\/www.vicivision.com\/it\/wp-json\/wp\/v2\/pages\/58262","targetHints":{"allow":["GET"]}}],"collection":[{"href":"https:\/\/www.vicivision.com\/it\/wp-json\/wp\/v2\/pages"}],"about":[{"href":"https:\/\/www.vicivision.com\/it\/wp-json\/wp\/v2\/types\/page"}],"author":[{"embeddable":true,"href":"https:\/\/www.vicivision.com\/it\/wp-json\/wp\/v2\/users\/2"}],"replies":[{"embeddable":true,"href":"https:\/\/www.vicivision.com\/it\/wp-json\/wp\/v2\/comments?post=58262"}],"version-history":[{"count":0,"href":"https:\/\/www.vicivision.com\/it\/wp-json\/wp\/v2\/pages\/58262\/revisions"}],"wp:attachment":[{"href":"https:\/\/www.vicivision.com\/it\/wp-json\/wp\/v2\/media?parent=58262"}],"curies":[{"name":"wp","href":"https:\/\/api.w.org\/{rel}","templated":true}]}}