{"id":41664,"date":"2020-10-01T11:25:09","date_gmt":"2020-10-01T09:25:09","guid":{"rendered":"https:\/\/www.vicivision.com\/pardot-flyer-techno\/"},"modified":"2021-03-09T11:26:04","modified_gmt":"2021-03-09T10:26:04","slug":"strumenti-di-misura-in-meccanica","status":"publish","type":"page","link":"https:\/\/www.vicivision.com\/it\/strumenti-di-misura-in-meccanica\/","title":{"rendered":"PARDOT &#8211; Flyer Techno"},"content":{"rendered":"<div class=\"wpb-content-wrapper\"><p>[vc_row gap=&#8221;5&#8243; equal_height=&#8221;yes&#8221; css=&#8221;.vc_custom_1614338579507{margin-bottom: 0px !important;padding-right: 0% !important;padding-left: 0% !important;}&#8221; el_id=&#8221;flayer&#8221;][vc_column][vc_column_text]<\/p>\n<h3><strong><br \/>\nECCO IL METODO CHE TI METTER\u00c0 AL RIPARO DA SPIACEVOLI ERRORI.<\/strong><\/h3>\n<p>&nbsp;<\/p>\n<p>Nei prossimi 3 anni l\u2019offerta automobilistica sar\u00e0 completamente rinnovata.<\/p>\n<p><strong>I classici componenti come alberi a camme, turbine, giunti omocinetici, alberi di trasmissione, valvole, pistoni, alberi a gomito non spariranno. <\/strong><\/p>\n<p><strong>Si ridurranno i volumi<\/strong>, aumenteranno le performance e <strong>cambieranno i modelli<\/strong>.<\/p>\n<p>Immaginiamoci qualcuno che bussa alla porta e dice: deve funzionare come il vecchio, costare di meno, avere maggiori performance, durare di pi\u00f9 ed andare a regime in tempo brevissimo. Ah dimenticavo: dobbiamo rimanere flessibili perch\u00e9 i volumi sono bassi e sulla stessa linea passeranno pi\u00f9 codici.<\/p>\n<p><strong>Come garantirai qualit\u00e0 <\/strong>in queste condizioni?<br \/>\nCome <strong>manterrai i costi sotto controllo riducendo i volumi<\/strong>?<br \/>\nQuali saranno i <strong>parametri di OEE attesi<\/strong>?<\/p>\n<p><strong>Intervistando i responsabili qualit\u00e0 e di produzione <\/strong>scopriamo che le <strong>sfide pi\u00f9 grandi<\/strong> sono:<\/p>\n<p>Avere soluzioni <strong>flessibili e veloci al tempo stesso<br \/>\n<\/strong>Ispezionare fuori dalla sala metrologica mantenendo <strong>tracciabilit\u00e0 del dato e controllo<br \/>\n<\/strong>Formare il personale per avere <strong>difetti tendenti a zero <\/strong>con alta variabilit\u00e0 di codici<br \/>\nMonitorare costantemente e <strong>correggere<\/strong> per tempo.<\/p>\n<p>Di fronte a questo scenario VICIVISION ha consolidato il metodo capace di darti il sistema adatto a te:<\/p>\n<ol>\n<li>Cambia codice con barcode senza riattrezzaggio<\/li>\n<li>Misura in pochi secondi<\/li>\n<li>Funziona in officina<\/li>\n<li>Retro-aziona le macchine utensili<\/li>\n<li>Fornisce i dati alla sala metrologica<\/li>\n<li>Riceve istruzioni dal MES e raccoglie dati per il sistema statistico<\/li>\n<\/ol>\n<p><strong>Pi\u00f9 di 2000 aziende lo stanno gi\u00e0 utilizzando<\/strong>.<\/p>\n<p>&nbsp;<\/p>\n<p>Vuoi saperne di pi\u00f9?<\/p>\n<p>Compila il form. Riceverai:<\/p>\n<ul>\n<li>Informazioni sulla serie Techno e su applicazioni specifiche sviluppate per il settore automotive<\/li>\n<li>Una best practice alla settimana.<\/li>\n<\/ul>\n<p>[\/vc_column_text][\/vc_column][\/vc_row]<\/p>\n<\/div>","protected":false},"excerpt":{"rendered":"<p>[vc_row gap=&#8221;5&#8243; equal_height=&#8221;yes&#8221; css=&#8221;.vc_custom_1614338579507{margin-bottom: 0px !important;padding-right: 0% !important;padding-left: 0% !important;}&#8221; el_id=&#8221;flayer&#8221;][vc_column][vc_column_text] ECCO IL METODO CHE TI METTER\u00c0 AL RIPARO DA SPIACEVOLI ERRORI. &nbsp; Nei prossimi 3 anni l\u2019offerta automobilistica sar\u00e0 completamente rinnovata. I classici componenti come alberi a camme, turbine, giunti omocinetici, alberi di trasmissione, valvole, pistoni, alberi a gomito non spariranno. Si ridurranno i<\/p>\n<div class=\"more\"><a class=\"more-link btn btn-green ion-ios7-arrow-forward\" href=\"https:\/\/www.vicivision.com\/it\/strumenti-di-misura-in-meccanica\/\">Leggi tutto<\/a><\/div>\n","protected":false},"author":5,"featured_media":0,"parent":0,"menu_order":0,"comment_status":"closed","ping_status":"closed","template":"template-form-handler.php","meta":{"footnotes":""},"class_list":["post-41664","page","type-page","status-publish","hentry"],"acf":[],"_links":{"self":[{"href":"https:\/\/www.vicivision.com\/it\/wp-json\/wp\/v2\/pages\/41664","targetHints":{"allow":["GET"]}}],"collection":[{"href":"https:\/\/www.vicivision.com\/it\/wp-json\/wp\/v2\/pages"}],"about":[{"href":"https:\/\/www.vicivision.com\/it\/wp-json\/wp\/v2\/types\/page"}],"author":[{"embeddable":true,"href":"https:\/\/www.vicivision.com\/it\/wp-json\/wp\/v2\/users\/5"}],"replies":[{"embeddable":true,"href":"https:\/\/www.vicivision.com\/it\/wp-json\/wp\/v2\/comments?post=41664"}],"version-history":[{"count":0,"href":"https:\/\/www.vicivision.com\/it\/wp-json\/wp\/v2\/pages\/41664\/revisions"}],"wp:attachment":[{"href":"https:\/\/www.vicivision.com\/it\/wp-json\/wp\/v2\/media?parent=41664"}],"curies":[{"name":"wp","href":"https:\/\/api.w.org\/{rel}","templated":true}]}}