{"id":12931,"date":"2018-07-27T17:28:51","date_gmt":"2018-07-27T15:28:51","guid":{"rendered":"https:\/\/www.vicivision.com\/?page_id=12931\/"},"modified":"2024-12-18T14:20:07","modified_gmt":"2024-12-18T13:20:07","slug":"privacy-policy","status":"publish","type":"page","link":"https:\/\/www.vicivision.com\/it\/privacy-policy\/","title":{"rendered":"Privacy policy"},"content":{"rendered":"<div class=\"wpb-content-wrapper\"><p>[vc_row][vc_column][vc_column_text]<strong>Informazioni societarie<\/strong><\/p>\n<table width=\"100%\">\n<tbody>\n<tr>\n<td width=\"25%\">Ragione Sociale<\/td>\n<td><strong>Vici &amp; C S.p.A.<\/strong><\/td>\n<\/tr>\n<tr>\n<td width=\"25%\">Indirizzo sede legale<\/td>\n<td><strong>Via J. Gutenberg, 5<br \/>\n47822 Santarcangelo di Romagna (Rn)<\/strong><\/td>\n<\/tr>\n<tr>\n<td width=\"25%\">Partita Iva<\/td>\n<td><strong>00715370409<\/strong><\/td>\n<\/tr>\n<tr>\n<td width=\"25%\"><\/td>\n<td><\/td>\n<\/tr>\n<\/tbody>\n<\/table>\n<p>&nbsp;<\/p>\n<p><strong>Privacy Policy<\/strong><\/p>\n<p><strong>Trattamento dei dati personali<br \/>\n<\/strong>Di seguito, sono descritte le modalit\u00e0 di gestione del sito\u00a0www.vicivision.com in riferimento al trattamento dei dati personali degli utenti.\u00a0<strong>L&#8217;informativa \u00e8 resa ai sensi del d.lgs.196\/2003 e \u00a0dell&#8217;art.13 del Regolamento (UE) 2016\/679 <\/strong>relativo alla protezione delle persone fisiche con riguardo al trattamento dei dati personali (GDPR &#8211; Regolamento generale sulla protezione dei dati), a coloro che interagiscono con i servizi web, accessibili per via telematica a partire dall&#8217;indirizzo citato corrispondente alla pagina iniziale del sito. \u00a0L&#8217;informativa \u00e8 resa solo per il sito di\u00a0<strong>Vici &amp; C S.p.A.<\/strong>\u00a0e non per altri siti web eventualmente consultati dall&#8217;utente tramite link.<\/p>\n<p><strong>Titolare del trattamento<br \/>\n<\/strong>A seguito della consultazione di questo sito possono essere trattati dati relativi a persone identificate o identificabili.<br \/>\n<strong>Titolare del loro trattamento:<\/strong>\u00a0Vici &amp; C S.p.A. &#8211; Via J. Gutenberg, 5 &#8211; 47822 &#8211; Santarcangelo di Romagna &#8211; email:\u00a0<a href=\"mailto:info@vici.it\">info@vici.it<\/a>, con sede legale in Via J. Gutenberg, 5 47822 Santarcangelo di Romagna (Rn).<\/p>\n<p><strong>Luogo di trattamento dei dati<br \/>\n<\/strong>I trattamenti connessi ai servizi web di questo sito hanno luogo in Germania presso Hetzner Online GmbH \u2022 Industriestr. 25 \u2022 91710 Gunzenhausen I trattamenti effettuati per le operazioni di manutenzione e gestione del sito web sono effettuati da Retina S.n.c<\/p>\n<p><strong>Tipo di dati trattati<\/strong><\/p>\n<p><strong>Dati di navigazione<\/strong><br \/>\nGli applicativi software preposti al funzionamento del sito web di Vici &amp; C S.p.A. acquisiscono alcuni dati personali trasmessi mediante protocolli sicuri. Tali informazioni\u00a0<strong>non sono raccolte<\/strong>\u00a0per essere associate a interessati identificati, ma potrebbero, attraverso elaborazioni ed associazioni con dati detenuti da terzi, permettere di identificare gli utenti. In questa categoria di dati rientrano gli indirizzi IP, identificativo del browser (user agent), gli indirizzi in notazione URI (Uniform Resource Identifier) delle risorse richieste, l&#8217;orario della richiesta, il metodo utilizzato nel sottoporre la richiesta al server, il codice numerico indicante lo stato della risposta data dal server (ad esempio buon fine, errore) ed altri parametri relativi al sistema operativo e all&#8217;ambiente informatico dell&#8217;utente. Questi dati vengono utilizzati al solo fine di ricavare informazioni statistiche anonime sull&#8217;uso del sito e per controllarne il corretto funzionamento.<\/p>\n<p><strong>Dati forniti volontariamente dall&#8217;utente<\/strong><br \/>\nPer l&#8217;accesso ad alcuni servizi erogati tramite il sito web di Vici &amp; C S.p.A. ( modulo contatti e\u00a0 newsletter) &#8211; potr\u00e0 essere richiesto l&#8217;inserimento facoltativo e volontario di alcuni dati identificativi (email, nominativo, recapiti, ed informazioni necessarie ad erogare il servizio richiesto)per i quali si rinvia alle specifiche informative e dove necessario alla richiesta di consenso per procedere al trattamento<\/p>\n<p><strong>Finalit\u00e0 del trattamento<\/strong><\/p>\n<p><strong>Erogazione del servizio\u00a0<\/strong><br \/>\nI dati personali forniti dagli utenti che si avvalgono dei servizi resi da Vici &amp; C S.p.A.\u00a0 (es: attraverso la navigazione sul sito, la compilazione di form per varie richieste) sono utilizzati al solo scopo di eseguire il servizio o la prestazione richiesta.\u00a0<strong>\u00a0<\/strong><\/p>\n<p><strong>Ulteriori comunicazioni a seguito di un acquisto di beni o servizi<\/strong><br \/>\nSuccessivamente all&#8217;acquisto di un prodotto o un servizio, Vici &amp; C S.p.A. potr\u00e0 comunicare al cliente ulteriori indicazioni anche di carattere commerciale inerenti la medesima categoria merceologica degli acquisti effettuati. La base giuridica del trattamento sopra esposto \u00e8 il legittimo interesse del titolare del trattamento (considerando \u00a047 GDPR).<\/p>\n<p><strong>Newsletter <\/strong><br \/>\nIn caso di consenso specifico (registrandosi alla newsletter) Vici &amp; C S.p.A. potr\u00e0 inviare per posta elettronica informazioni sui nuovi prodotti, promozioni e offerte speciali. E&#8217; facolt\u00e0 dell&#8217;utente disabilitare il servizio in qualsiasi momento attraverso l&#8217;apposita procedura e\/o le modalit\u00e0 indicate successivamente per l&#8217;esercizio dei suoi diritti. La base giuridica del trattamento sopra esposto \u00e8 il consenso dell&#8217;interessato. Specifiche informative di sintesi, se necessario, all&#8217;occorrenza, verranno riportate o visualizzate nelle pagine del sito predisposte per particolari ulteriori servizi a richiesta.<\/p>\n<p><strong>Periodo di conservazione dei dati<br \/>\n<\/strong>Il periodo di conservazione dei dati \u00e8 quello necessario per le finalit\u00e0 derivanti dai servizi richiesti. Per quanto attiene ai dati tecnici gestiti dal sito, quali i cookie, il periodo di conservazione \u00e8 definito dalle caratteristiche tecniche dei cookie stessi.<\/p>\n<p><strong>Facoltativit\u00e0 del conferimento dei dati<br \/>\n<\/strong>A parte quanto specificato per i dati di navigazione, l&#8217;utente \u00e8 libero di fornire a Vici &amp; C S.p.A. i dati personali richiesti per fruire dei servizi erogati tramite il sito. Il mancato conferimento dei dati relativi ai campi contrassegnati da asterisco (obbligatori) comporta l&#8217;impossibilit\u00e0 di usufruire del servizio offerto.<\/p>\n<p><strong>Modalit\u00e0 e sicurezza del trattamento<br \/>\n<\/strong>Il trattamento dei dati personali avviene attraverso strumenti informatici idonei a garantire la sicurezza e la riservatezza dei dati stessi e comunque nel rispetto delle misure di sicurezza adeguate cos\u00ec come richiesto dall&#8217;art. 32 GDPR, mediante i protocolli di comunicazione sicuri con algoritmi di criptazione SSL.<\/p>\n<p><strong>Diritti degli interessati<br \/>\n<\/strong>Gli interessati (soggetti a cui si riferiscono i dati personali) possono in qualunque momento, esercitare i diritti previsti dal Regolamento, inviando un&#8217;email a <a href=\"mailto:info@vici.it\">info@vici.it<\/a>.<br \/>\nIn particolare i soggetti potranno legittimamente esercitare i diritti previsti dagli <u>artt. da 15 a 22 e 34 del GDPR <\/u><br \/>\nLe richieste <span data-teams=\"true\">per l\u2019esercizio <\/span>dei diritti degli interessati possono essere altres\u00ec rivolte utilizzando i seguenti contatti:<br \/>\n<strong>Titolare del trattamento:\u00a0<\/strong>Vici &amp; C S.p.A. &#8211; Via J. Gutenberg, 5 &#8211; 47822 &#8211; Santarcangelo di Romagna &#8211; email:\u00a0<a href=\"mailto:info@vici.it\">info@vici.it<\/a><\/p>\n<p><strong>Informativa estesa sull&#8217;uso dei cookie<br \/>\n<\/strong>Informativa estesa sull&#8217;uso dei cookie ai sensi del\u00a0<strong>provvedimento del Garante della Privacy n. 229\/2014<\/strong>, per coloro che interagiscono con i servizi web di Vici &amp; C S.p.A., accessibili a partire dall\u2019 indirizzo\u00a0www.vicivision.com Il sito web di Vici &amp; C S.p.A. utilizza cookie e tecnologie simili per garantire il corretto funzionamento delle procedure e migliorare l&#8217;esperienza d&#8217;uso delle applicazioni online. Il presente documento fornisce informazioni dettagliate sull&#8217;uso dei cookie e di tecnologie similari, su come sono utilizzati da Vici &amp; C S.p.A. e su come gestirli.<\/p>\n<p><strong>Definizioni<br \/>\n<\/strong>I cookie sono stringhe di testo di piccole dimensioni che i siti visitati dall&#8217;utente inviano al suo terminale (solitamente al browser), dove vengono memorizzati per essere poi ritrasmessi agli stessi siti alla successiva visita del medesimo utente. I cookie vengono memorizzati, in base alle preferenze dell&#8217;utente, dal singolo browser sullo specifico dispositivo utilizzato (computer, tablet, smartphone).<\/p>\n<p><strong>Tipologie di cookie<br \/>\n<\/strong>In base alle caratteristiche e all&#8217;utilizzo, i cookie si possono distinguere in diverse categorie:<\/p>\n<p><strong>Cookie strettamente necessari\u00a0<\/strong><br \/>\nSi tratta di cookie indispensabili per gestire il login e l&#8217;accesso alle funzioni riservate del sito, tipicamente per l&#8217;aggiornamento delle pagine da parte delle redazioni web. La durata di questi cookie \u00e8 strettamente limitata alla sessione di lavoro (chiuso il browser vengono cancellati). La loro disattivazione compromette l&#8217;utilizzo dei servizi accessibili dal login. La parte pubblica dei siti resta invece normalmente utilizzabile.<\/p>\n<p><strong>Cookie tecnici (di analisi e prestazioni)<\/strong><br \/>\nSono cookie utilizzati per raccogliere e analizzare il traffico e l&#8217;utilizzo del sito in modo anonimo. Questi cookie, pur senza identificare l&#8217;utente, consentono per esempio, di rilevare se il medesimo utente torna a collegarsi in momenti diversi. Permettono inoltre di monitorare il sistema e migliorarne le prestazioni e l&#8217;usabilit\u00e0. In alcune pagine del sito\u00a0<em>www.metrios.net<\/em>\u00a0possono memorizzare le preferenze dell&#8217;utente relativamente alla dimensione del font e alla modalit\u00e0 di visualizzazione preferita (grafica, alto contrasto o testuale) ai fini dell&#8217;accessibilit\u00e0 dei contenuti. La disattivazione di tali cookie pu\u00f2 essere eseguita senza alcuna perdita di funzionalit\u00e0.<\/p>\n<p><strong>Cookie di profilazione<\/strong><br \/>\nSi tratta di cookie permanenti utilizzati per identificare (in modo anonimo e non) le preferenze dell&#8217;utente e migliorare la sua esperienza di navigazione.<\/p>\n<p><strong>Durata dei cookie<br \/>\n<\/strong>Alcuni cookie (cookie di sessione) restano attivi solo fino alla chiusura del browser o all&#8217;esecuzione del comando di logout. Altri cookie &#8220;sopravvivono&#8221; alla chiusura del browser e sono disponibili anche in successive visite dell&#8217;utente. Questi cookie sono detti persistenti e la loro durata \u00e8 fissata dal server al momento della loro creazione. Navigando attraverso le pagine del sito\u00a0www.vicivision.com, si pu\u00f2 interagire con siti gestiti da terze parti che possono creare o modificare cookie persistenti e di profilazione. La conservazione temporale di ogni singolo cookie \u00e8 visibile nella tabella &#8220;elenco cookie&#8221;.\u00a0<strong>\u00a0<\/strong><\/p>\n<p><strong>Gestione dei cookie<br \/>\n<\/strong>L&#8217;utente pu\u00f2 decidere se accettare o meno i cookie utilizzando le impostazioni del proprio browser. La disabilitazione totale o parziale dei cookie potrebbe compromette l&#8217;utilizzo delle funzionalit\u00e0 del sito, ma non impedirne la navigazione. L&#8217;impostazione pu\u00f2 essere definita in modo specifico per i diversi siti e applicazioni web. Di seguito le risorse web che illustrano come procedere per ciascuno dei principali browser:\u00a0<a href=\"https:\/\/support.google.com\/chrome\/answer\/95647?hl=it\">Chrome<\/a>,\u00a0<a href=\"https:\/\/support.mozilla.org\/it\/kb\/Gestione%20dei%20cookie\">Firefox<\/a>, <a href=\"https:\/\/support.microsoft.com\/it-it\/help\/17442\/windows-internet-explorer-delete-manage-cookie\">Microsoft Edge<\/a>,\u00a0<a href=\"http:\/\/help.opera.com\/Windows\/10.00\/it\/cookie.html\">Opera<\/a>,\u00a0<a href=\"https:\/\/support.apple.com\/kb\/HT1677?viewlocale=it_IT\">Safari<\/a>.<\/p>\n<p><strong>Google Analytics<br \/>\n<\/strong><em>www.vicivision.com\u00a0<\/em>pu\u00f2 includere componenti trasmessi da Google Analytics, un servizio di analisi del traffico web fornito da Google Inc. (&#8220;Google&#8221;). Si tratta di cookie di terze parti utilizzati per raccogliere e analizzare in forma anonima informazioni sui comportamenti di utilizzo del sito di Vici &amp; C S.p.A. da parte degli utenti visitatori. Questi cookie vengono utilizzati per memorizzare informazioni non personali. Google Analytics tutela la riservatezza dei suoi dati. Per ulteriori informazioni, si rinvia al link di seguito indicato:\u00a0<a href=\"https:\/\/support.google.com\/analytics\/answer\/6004245\">https:\/\/support.google.com\/analytics\/answer\/6004245<\/a>. L&#8217;utente pu\u00f2 disabilitare in modo selettivo l&#8217;azione di Google Analytics installando sul proprio browser la componente di opt-out fornita da Google:\u00a0<a href=\"https:\/\/tools.google.com\/dlpage\/gaoptout\">https:\/\/tools.google.com\/dlpage\/gaoptout<\/a>.<\/p>\n<p><strong>Cookie di profilazione di terze parti<br \/>\n<\/strong>Il sito www.vicivision.com fa uso di cookie di profilazione di terze parti. Sono cookie utilizzati per tracciare la navigazione dell&#8217;utente in rete e creare profili sui suoi gusti, abitudini, scelte, ecc. Con questi cookie possono essere trasmessi al terminale dell&#8217;utente messaggi pubblicitari in linea con le preferenze gi\u00e0 manifestate dallo stesso utente nella navigazione online. Tali cookie possono scambiare informazioni e tracciare la navigazione dell&#8217;utente che \u00e8 registrato ad uno dei servizi presenti.[\/vc_column_text][\/vc_column][\/vc_row]<\/p>\n<\/div>","protected":false},"excerpt":{"rendered":"<p>[vc_row][vc_column][vc_column_text]Informazioni societarie Ragione Sociale Vici &amp; C S.p.A. Indirizzo sede legale Via J. Gutenberg, 5 47822 Santarcangelo di Romagna (Rn) Partita Iva 00715370409 &nbsp; Privacy Policy Trattamento dei dati personali Di seguito, sono descritte le modalit\u00e0 di gestione del sito\u00a0www.vicivision.com in riferimento al trattamento dei dati personali degli utenti.\u00a0L&#8217;informativa \u00e8 resa ai sensi del d.lgs.196\/2003<\/p>\n<div class=\"more\"><a class=\"more-link btn btn-green ion-ios7-arrow-forward\" href=\"https:\/\/www.vicivision.com\/it\/privacy-policy\/\">Leggi tutto<\/a><\/div>\n","protected":false},"author":5,"featured_media":0,"parent":0,"menu_order":0,"comment_status":"closed","ping_status":"closed","template":"","meta":{"footnotes":""},"class_list":["post-12931","page","type-page","status-publish","hentry"],"acf":[],"_links":{"self":[{"href":"https:\/\/www.vicivision.com\/it\/wp-json\/wp\/v2\/pages\/12931","targetHints":{"allow":["GET"]}}],"collection":[{"href":"https:\/\/www.vicivision.com\/it\/wp-json\/wp\/v2\/pages"}],"about":[{"href":"https:\/\/www.vicivision.com\/it\/wp-json\/wp\/v2\/types\/page"}],"author":[{"embeddable":true,"href":"https:\/\/www.vicivision.com\/it\/wp-json\/wp\/v2\/users\/5"}],"replies":[{"embeddable":true,"href":"https:\/\/www.vicivision.com\/it\/wp-json\/wp\/v2\/comments?post=12931"}],"version-history":[{"count":0,"href":"https:\/\/www.vicivision.com\/it\/wp-json\/wp\/v2\/pages\/12931\/revisions"}],"wp:attachment":[{"href":"https:\/\/www.vicivision.com\/it\/wp-json\/wp\/v2\/media?parent=12931"}],"curies":[{"name":"wp","href":"https:\/\/api.w.org\/{rel}","templated":true}]}}