{"id":8722,"date":"2016-10-25T13:40:02","date_gmt":"2016-10-25T11:40:02","guid":{"rendered":"https:\/\/www.vicivision.com\/?page_id=8722\/"},"modified":"2021-04-13T14:38:11","modified_gmt":"2021-04-13T12:38:11","slug":"m1-2","status":"publish","type":"page","link":"https:\/\/www.vicivision.com\/fr\/mesure-optique-2\/m1-2\/","title":{"rendered":"M Series &#8211; FR"},"content":{"rendered":"<div class=\"wpb-content-wrapper\"><p>[vc_row parallax_content=\u00a0\u00bboff\u00a0\u00bb fadeout_row=\u00a0\u00bboff\u00a0\u00bb][vc_column width=\u00a0\u00bb1\/2&Prime;][vc_empty_space height=\u00a0\u00bb20px\u00a0\u00bb][vc_column_text]<\/p>\n<h1 style=\"text-align: left;\">S\u00e9rie M<\/h1>\n<h2>Le meilleur rapport qualit\u00e9-prix pour la sous traitance.<\/h2>\n<p>&nbsp;<\/p>\n<h2 style=\"text-align: left;\">M1<span style=\"color: #ff0000;\">\u00a0<\/span>&#8211; M1c<\/h2>\n<h3 style=\"text-align: left;\">Le syst\u00e8me de mesure id\u00e9al pour communiquer avec les centres de tournage CNC.<\/h3>\n<p>Compact et ergonomique, le comparateur optique automatis\u00e9 id\u00e9al pour communiquer avec les centres de tournage CNC.<\/p>\n<p><strong>M1<\/strong> Encore plus rapide, les temps de mesure sont r\u00e9duit pour placer la barre encore plus haute dans le secteur.<br \/>\nMesurez de simples raccords \u00e0 de petites tiges mesurant jusqu&rsquo;\u00e0 <span style=\"color: #339966;\">300&#215;60 mm<\/span>.<\/p>\n<p><strong>M1c<\/strong><span style=\"color: #ff0000;\">\u00a0<span style=\"color: #000000;\">syst\u00e8me de mesure id\u00e9al pour de minuscules pi\u00e8ces tordues,<br \/>\nL&rsquo;objectif est de fournir des normes de mesure \u00e9lev\u00e9es dans un mod\u00e8le compact et \u00e0 prix comp\u00e9titif.<br \/>\nCon\u00e7u pour mesurer jusqu&rsquo;\u00e0 <span style=\"color: #339966;\">160&#215;60 mm<\/span>.<\/span><br \/>\n<\/span>[\/vc_column_text]<div class=\" ubtn-ctn-center btn-green btn\"><a class=\"ubtn-link ult-adjust-bottom-margin ubtn-center ubtn-small btn-green btn\" href=\"http:\/\/www.vicivision.com\/fr\/instruments-de-mesure-pour-parties-tournes\/\" ><button type=\"button\" id=\"ubtn-1974\"  class=\"ubtn ult-adjust-bottom-margin ult-responsive ubtn-small ubtn-no-hover-bg  none  ubtn-center   tooltip-69f79330afc85\"  data-hover=\"\" data-border-color=\"\" data-bg=\"#33a564\" data-hover-bg=\"\" data-border-hover=\"\" data-shadow-hover=\"\" data-shadow-click=\"none\" data-shadow=\"\" data-shd-shadow=\"\"  data-ultimate-target='#ubtn-1974'  data-responsive-json-new='{\"font-size\":\"\",\"line-height\":\"\"}'  style=\"font-weight:normal;border:none;background: #33a564;color: #ffffff;\"><span class=\"ubtn-hover\" style=\"background-color:\"><\/span><span class=\"ubtn-data ubtn-text \" >T\u00c9L\u00c9CHARGEZ LA BROCHURE AVEC LES SP\u00c9CIFICATIONS TECHNIQUES<\/span><\/button><\/a><\/div>[\/vc_column][vc_column width=\u00a0\u00bb1\/2&Prime;][vc_single_image image=\u00a0\u00bb7343&Prime; img_size=\u00a0\u00bblarge\u00a0\u00bb alignment=\u00a0\u00bbcenter\u00a0\u00bb][\/vc_column][\/vc_row][vc_row][vc_column width=\u00a0\u00bb1\/2&Prime;][vc_single_image image=\u00a0\u00bb22204&Prime; img_size=\u00a0\u00bb350&#215;350&Prime; alignment=\u00a0\u00bbcenter\u00a0\u00bb][\/vc_column][vc_column width=\u00a0\u00bb1\/2&Prime;][vc_column_text]<\/p>\n<h3><a href=\"https:\/\/www.vicivision.com\/fr\/solutions-de-mesure-automatiques\/\"><span style=\"color: #339966;\">Id\u00e9al pour les raccords et les filetages tourn\u00e9s<\/span><\/a><\/h3>\n<p>Il est souvent difficile pour les fabricants d&rsquo;obtenir des informations pr\u00e9cises et des r\u00e9sultats ibjectifs lors de la mesure de filetages tourn\u00e9s.<\/p>\n<p>Un seul logiciel de m\u00e9trologie permet de mesurer automatiquement les raccords et les filetages tourn\u00e9s, ainsi que des vis et des boulons, en quelques secondes.<\/p>\n<p>Vous trouverez ici les principales fonctionnalit\u00e9s du logiciel de m\u00e9trologie VICIVISION d\u00e9di\u00e9 \u00e0 ces mesures sp\u00e9cifiques.[\/vc_column_text]<div class=\" ubtn-ctn-center btn-green btn\"><a class=\"ubtn-link ult-adjust-bottom-margin ubtn-center ubtn-small btn-green btn\" href=\"http:\/\/www.vicivision.com\/fr\/solutions-de-mesure-automatiques\/\" ><button type=\"button\" id=\"ubtn-4019\"  class=\"ubtn ult-adjust-bottom-margin ult-responsive ubtn-small ubtn-no-hover-bg  none  ubtn-center   tooltip-69f79330afd1f\"  data-hover=\"\" data-border-color=\"\" data-bg=\"#33a564\" data-hover-bg=\"\" data-border-hover=\"\" data-shadow-hover=\"\" data-shadow-click=\"none\" data-shadow=\"\" data-shd-shadow=\"\"  data-ultimate-target='#ubtn-4019'  data-responsive-json-new='{\"font-size\":\"\",\"line-height\":\"\"}'  style=\"font-weight:normal;border:none;background: #33a564;color: #ffffff;\"><span class=\"ubtn-hover\" style=\"background-color:\"><\/span><span class=\"ubtn-data ubtn-text \" >T\u00c9L\u00c9CHARGER LE GUIDE<\/span><\/button><\/a><\/div>[\/vc_column][\/vc_row][vc_row parallax_content=\u00a0\u00bboff\u00a0\u00bb fadeout_row=\u00a0\u00bboff\u00a0\u00bb][vc_column width=\u00a0\u00bb1\/2&Prime;][vc_column_text]<\/p>\n<h2 style=\"text-align: left;\">M2<span style=\"color: #ff0000;\">\u00a0<\/span>&#8211; M3<\/h2>\n<h3 style=\"text-align: left;\">Des petits composants aux tiges de 140x900mm.<\/h3>\n<p style=\"text-align: left;\">Con\u00e7u non seulement pour mesurer les grandes tiges, elles peuvent \u00e9galement capturer des d\u00e9tails minuscules tels que des biseaux et des petits rayons.<\/p>\n<p style=\"text-align: left;\"><strong>M2<\/strong>\u00a0permet de mesurer les petites pi\u00e8ces tourn\u00e9es jusqu&rsquo;aux grandes tiges de <span style=\"color: #339966;\">600&#215;140<\/span> <span style=\"color: #339966;\">mm<\/span>, avec une capacit\u00e9 totale de <span style=\"color: #339966;\">625&#215;240\u00a0<\/span><span style=\"color: #339966;\">mm<\/span>.<\/p>\n<p><strong>M3<\/strong><span style=\"color: #ff0000;\">\u00a0<span style=\"color: #000000;\">con\u00e7ue pour mesurer des tiges jusqu&rsquo;\u00e0 <span style=\"color: #339966;\">140&#215;900<\/span> <span style=\"color: #339966;\">mm<\/span>, avec une capacit\u00e9 totale de <span style=\"color: #339966;\">925&#215;240<\/span>\u00a0<span style=\"color: #339966;\">mm<\/span>.<\/span><\/span>[\/vc_column_text]<div class=\" ubtn-ctn-left \"><a class=\"ubtn-link ult-adjust-bottom-margin ubtn-left ubtn-normal \" href=\"http:\/\/www.vicivision.com\/fr\/instrument-de-mesure-optique-haute-precision\/\" ><button type=\"button\" id=\"ubtn-3138\"  class=\"ubtn ult-adjust-bottom-margin ult-responsive ubtn-normal ubtn-no-hover-bg  none  ubtn-left   tooltip-69f79330afd62\"  data-hover=\"\" data-border-color=\"\" data-bg=\"#e0e0e0\" data-hover-bg=\"\" data-border-hover=\"\" data-shadow-hover=\"\" data-shadow-click=\"none\" data-shadow=\"\" data-shd-shadow=\"\"  data-ultimate-target='#ubtn-3138'  data-responsive-json-new='{\"font-size\":\"\",\"line-height\":\"\"}'  style=\"font-weight:normal;border:none;background: #e0e0e0;color: #000000;\"><span class=\"ubtn-hover\" style=\"background-color:\"><\/span><span class=\"ubtn-data ubtn-text \" >T\u00c9L\u00c9CHARGEZ LA BROCHURE AVEC LES SP\u00c9CIFICATIONS TECHNIQUES<\/span><\/button><\/a><\/div>[\/vc_column][vc_column width=\u00a0\u00bb1\/2&Prime;][vc_single_image image=\u00a0\u00bb40921&Prime; img_size=\u00a0\u00bbfull\u00a0\u00bb alignment=\u00a0\u00bbcenter\u00a0\u00bb][\/vc_column][\/vc_row][vc_row parallax_content=\u00a0\u00bboff\u00a0\u00bb fadeout_row=\u00a0\u00bboff\u00a0\u00bb][vc_column width=\u00a0\u00bb1\/2&Prime;][vc_single_image image=\u00a0\u00bb7529&Prime; img_size=\u00a0\u00bblarge\u00a0\u00bb alignment=\u00a0\u00bbcenter\u00a0\u00bb][\/vc_column][vc_column width=\u00a0\u00bb1\/2&Prime;][vc_column_text]<\/p>\n<h3 style=\"text-align: left;\">Augmentation de la production<\/h3>\n<p style=\"text-align: left;\">\u2022 Inspections en quelques secondes, mesures de programmes en quelques minutes.<br \/>\n\u2022 Les op\u00e9rateurs sont plus libres lors de l&rsquo;inspection.<br \/>\n\u2022 La mesure n&rsquo;est pas influenc\u00e9e par une intervention manuelle.<br \/>\n\u2022 Permet de r\u00e9gler le d\u00e9calage de l&rsquo;outil avant que les valeurs ne soient hors tol\u00e9rance.<\/p>\n<p>[\/vc_column_text]<div class=\" ubtn-ctn-left \"><a class=\"ubtn-link ult-adjust-bottom-margin ubtn-left ubtn-small \" href=\"http:\/\/www.vicivision.com\/fr\/machines-de-mesure-optique-vicivision\/\" ><button type=\"button\" id=\"ubtn-2299\"  class=\"ubtn ult-adjust-bottom-margin ult-responsive ubtn-small ubtn-no-hover-bg  none  ubtn-left   tooltip-69f79330afd92\"  data-hover=\"\" data-border-color=\"\" data-bg=\"#e0e0e0\" data-hover-bg=\"\" data-border-hover=\"\" data-shadow-hover=\"\" data-shadow-click=\"none\" data-shadow=\"\" data-shd-shadow=\"\"  data-ultimate-target='#ubtn-2299'  data-responsive-json-new='{\"font-size\":\"\",\"line-height\":\"\"}'  style=\"font-weight:normal;border:none;background: #e0e0e0;color: #000000;\"><span class=\"ubtn-hover\" style=\"background-color:\"><\/span><span class=\"ubtn-data ubtn-text \" >T\u00c9L\u00c9CHARGEZ LA BROCHURE AVEC LES SP\u00c9CIFICATIONS TECHNIQUES<\/span><\/button><\/a><\/div>[\/vc_column][\/vc_row][vc_row parallax_content=\u00a0\u00bboff\u00a0\u00bb fadeout_row=\u00a0\u00bboff\u00a0\u00bb][vc_column width=\u00a0\u00bb1\/2&Prime;][vc_single_image image=\u00a0\u00bb7357&Prime; img_size=\u00a0\u00bblarge\u00a0\u00bb][\/vc_column][vc_column width=\u00a0\u00bb1\/2&Prime;][vc_column_text]<\/p>\n<h3 style=\"text-align: left;\">Domaine de travail<\/h3>\n<p>L&rsquo;image de la pi\u00e8ce retranscrite en directe sur le logiciel, combin\u00e9e \u00e0 l&rsquo;importante zone de travail \u00e9clair\u00e9e par des LED, donnent une vision claire des conditions du composant mesur\u00e9.<\/p>\n<p>La conception permet un acc\u00e8s direct \u00e0 la pi\u00e8ce et assure une grande facilit\u00e9 de chargement pour les petites comme pour les grandes pi\u00e8ces.<\/p>\n<p>Les capteurs r\u00e9tractables activ\u00e9s pendant le chargement et le d\u00e9chargement fournissent un renforcement, avec des protections suppl\u00e9mentaires.<\/p>\n<p>Le levier ergonomique de serrage de la pi\u00e8ce de la machine de mesure a une poign\u00e9e suffisamment large, qui convient aussi bien aux gauchers qu&rsquo;aux droitiers. Le levier \u00e9vite \u00e9galement d&rsquo;obstruer la vue lors du serrage ou du desserrage de la pi\u00e8ce.<\/p>\n<p>Une capacit\u00e9 de charge accrue permet de positionner des \u00e9l\u00e9ments jusqu&rsquo;\u00e0 120 mm de diam\u00e8tre.[\/vc_column_text][\/vc_column][\/vc_row][vc_row][vc_column width=\u00a0\u00bb1\/2&Prime;][vc_column_text]<\/p>\n<div class=\"wpb_text_column wpb_content_element \">\n<div class=\"wpb_wrapper\">\n<h3>Une plus grande efficacit\u00e9 sur les petits lots<\/h3>\n<p>Produire aujourd&rsquo;hui signifie \u00eatre efficace m\u00eame sur de petits lots.<\/p>\n<p>Commandes en flux tendu, prototypes, clients qui passent des commandes cibl\u00e9es afin de ne pas surcharger l&rsquo;entrep\u00f4t.<\/p>\n<p>La production de petits lots n\u00e9cessite de prendre en compte les co\u00fbts et les d\u00e9lais de r\u00e9outillage. La solution consiste \u00e0 acc\u00e9l\u00e9rer le changement de lot.<\/p>\n<p>Lorsque nous produisons une pi\u00e8ce et la mesurons avec des outils de mesure traditionnels, tels qu&rsquo;un projecteur de profil, nous recueillons des donn\u00e9es pour corriger les param\u00e8tres du tour.<\/p>\n<p>Cela peut prendre entre 10 et 20 minutes. Nous r\u00e9p\u00e9tons la m\u00eame op\u00e9ration pour les pi\u00e8ces suivantes. Temps d&rsquo;arr\u00eat total : pr\u00e8s de 2 heures, dont au moins 1 heure pour la mesure.<\/p>\n<p>En installant une machine de mesure telle que la <strong>M1<\/strong> &#8211; <strong>M1c<\/strong> &#8211;<strong>M2<\/strong> ou la <strong>M3<\/strong> \u00e0 c\u00f4t\u00e9 du tour, plut\u00f4t que dans la salle de m\u00e9trologie, l&rsquo;op\u00e9rateur est autonome et responsable du contr\u00f4le dimensionnel. En moins de 60 secondes, vous obtenez un rapport automatique utile pour corriger les param\u00e8tres du tour.<\/p>\n<p>Cela rend l&rsquo;entreprise efficace, m\u00eame sur de petits lots.<\/p>\n<ul>\n<li>Acc\u00e9l\u00e9rer le changement de lot : gagner jusqu&rsquo;\u00e0 une heure pour chaque changement de lot.<\/li>\n<li>\u00c9vitez les temps d&rsquo;arr\u00eat caus\u00e9s par l&rsquo;usure des outils, m\u00eame si les tol\u00e9rances sont serr\u00e9es.<\/li>\n<li>R\u00e9duction des rejets en mettant en \u0153uvre les actions pr\u00e9ventives indiqu\u00e9es par les graphiques de tendance des mesures.<\/li>\n<\/ul>\n<p>La <strong>s\u00e9rie M<\/strong> peut \u00eatre utilis\u00e9e par plusieurs op\u00e9rateurs simultan\u00e9ment pour desservir plusieurs machines.<\/p>\n<\/div>\n<\/div>\n<p>[\/vc_column_text][\/vc_column][vc_column width=\u00a0\u00bb1\/2&Prime;][vc_single_image image=\u00a0\u00bb25498&Prime; img_size=\u00a0\u00bblarge\u00a0\u00bb alignment=\u00a0\u00bbcenter\u00a0\u00bb][\/vc_column][\/vc_row][vc_row bg_type=\u00a0\u00bbgrad\u00a0\u00bb bg_override=\u00a0\u00bbfull\u00a0\u00bb fadeout_row=\u00a0\u00bbfadeout_row_value\u00a0\u00bb fadeout_start_effect=\u00a0\u00bb40&Prime; bg_grad=\u00a0\u00bbbackground: -webkit-gradient(linear, left top, left bottom, color-stop(0%, #FBFBFB), color-stop(50%, #E3E3E3), color-stop(100%, #C2C2C2));background: -moz-linear-gradient(top,#FBFBFB 0%,#E3E3E3 50%,#C2C2C2 100%);background: -webkit-linear-gradient(top,#FBFBFB 0%,#E3E3E3 50%,#C2C2C2 100%);background: -o-linear-gradient(top,#FBFBFB 0%,#E3E3E3 50%,#C2C2C2 100%);background: -ms-linear-gradient(top,#FBFBFB 0%,#E3E3E3 50%,#C2C2C2 100%);background: linear-gradient(top,#FBFBFB 0%,#E3E3E3 50%,#C2C2C2 100%);\u00a0\u00bb][vc_column][vc_text_separator title=\u00a0\u00bbGALERIE PHOTO\u00a0\u00bb][vc_gallery type=\u00a0\u00bbimage_grid\u00a0\u00bb images=\u00a0\u00bb7365,7363,7361,7531&Prime; img_size=\u00a0\u00bb200&#215;200&Prime;][vc_separator][\/vc_column][\/vc_row][vc_row parallax_content=\u00a0\u00bbparallax_content_value\u00a0\u00bb parallax_content_sense=\u00a0\u00bb10&Prime; fadeout_row=\u00a0\u00bbfadeout_row_value\u00a0\u00bb fadeout_start_effect=\u00a0\u00bb50&Prime;][vc_column width=\u00a0\u00bb1\/3&Prime;][vc_single_image image=\u00a0\u00bb412&Prime; img_size=\u00a0\u00bbfull\u00a0\u00bb alignment=\u00a0\u00bbcenter\u00a0\u00bb][vc_column_text]<\/p>\n<h4 style=\"text-align: center;\">Des logiciels de pointe<\/h4>\n<p style=\"text-align: center;\">La toute nouvelle version MTL 8.10 est con\u00e7ue pour am\u00e9liorer la phase de contr\u00f4le et \u00e9tendre encore le nombre de mesures possibles. Elle comprend des outils sp\u00e9cifiques pour les mesures statiques et dynamiques et des outils d\u00e9di\u00e9s pour les filetages, les \u00e9crous, les arbres \u00e0 cames, les turbines, etc.<\/p>\n<h4 style=\"text-align: center;\"><\/h4>\n<p>[\/vc_column_text][\/vc_column][vc_column width=\u00a0\u00bb1\/3&Prime;][vc_single_image image=\u00a0\u00bb411&Prime; img_size=\u00a0\u00bblarge\u00a0\u00bb alignment=\u00a0\u00bbcenter\u00a0\u00bb][vc_column_text]<\/p>\n<h4 style=\"text-align: center;\">Fonctions logicielles avanc\u00e9es<\/h4>\n<p style=\"text-align: center;\">De nouvelles fonctions automatiques aident l&rsquo;op\u00e9rateur \u00e0 obtenir des mesures : auto-programmation, chargement automatique du programme pi\u00e8ce, programmation assist\u00e9e pas \u00e0 pas, comparaison DXF.<\/p>\n<p>[\/vc_column_text][\/vc_column][vc_column width=\u00a0\u00bb1\/3&Prime;][vc_single_image image=\u00a0\u00bb415&Prime; img_size=\u00a0\u00bbmedium\u00a0\u00bb alignment=\u00a0\u00bbcenter\u00a0\u00bb][vc_column_text]<\/p>\n<h4 style=\"text-align: center;\">Rapports de mesure<\/h4>\n<p style=\"text-align: center;\">Le logiciel permet \u00e0 l&rsquo;op\u00e9rateur d&rsquo;imprimer ou d&rsquo;exporter des rapports de mesure complets et personnalis\u00e9s au format pdf. Les r\u00e9sultats des mesures sur les histogrammes pour une consultation imm\u00e9diate.<\/p>\n<p>[\/vc_column_text][\/vc_column][\/vc_row]<\/p>\n<\/div>","protected":false},"excerpt":{"rendered":"<p>[vc_row parallax_content=\u00a0\u00bboff\u00a0\u00bb fadeout_row=\u00a0\u00bboff\u00a0\u00bb][vc_column width=\u00a0\u00bb1\/2&Prime;][vc_empty_space height=\u00a0\u00bb20px\u00a0\u00bb][vc_column_text] S\u00e9rie M Le meilleur rapport qualit\u00e9-prix pour la sous traitance. &nbsp; M1\u00a0&#8211; M1c Le syst\u00e8me de mesure id\u00e9al pour communiquer avec les centres de tournage CNC. Compact et ergonomique, le comparateur optique automatis\u00e9 id\u00e9al pour communiquer avec les centres de tournage CNC. M1 Encore plus rapide, les temps de mesure<\/p>\n<div class=\"more\"><a class=\"more-link btn btn-green ion-ios7-arrow-forward\" href=\"https:\/\/www.vicivision.com\/fr\/mesure-optique-2\/m1-2\/\">En savoir plus<\/a><\/div>\n","protected":false},"author":2,"featured_media":17481,"parent":2815,"menu_order":0,"comment_status":"closed","ping_status":"closed","template":"page-singolo-prodotto.php","meta":{"footnotes":""},"class_list":["post-8722","page","type-page","status-publish","has-post-thumbnail","hentry"],"acf":[],"_links":{"self":[{"href":"https:\/\/www.vicivision.com\/fr\/wp-json\/wp\/v2\/pages\/8722","targetHints":{"allow":["GET"]}}],"collection":[{"href":"https:\/\/www.vicivision.com\/fr\/wp-json\/wp\/v2\/pages"}],"about":[{"href":"https:\/\/www.vicivision.com\/fr\/wp-json\/wp\/v2\/types\/page"}],"author":[{"embeddable":true,"href":"https:\/\/www.vicivision.com\/fr\/wp-json\/wp\/v2\/users\/2"}],"replies":[{"embeddable":true,"href":"https:\/\/www.vicivision.com\/fr\/wp-json\/wp\/v2\/comments?post=8722"}],"version-history":[{"count":0,"href":"https:\/\/www.vicivision.com\/fr\/wp-json\/wp\/v2\/pages\/8722\/revisions"}],"up":[{"embeddable":true,"href":"https:\/\/www.vicivision.com\/fr\/wp-json\/wp\/v2\/pages\/2815"}],"wp:featuredmedia":[{"embeddable":true,"href":"https:\/\/www.vicivision.com\/fr\/wp-json\/wp\/v2\/media\/17481"}],"wp:attachment":[{"href":"https:\/\/www.vicivision.com\/fr\/wp-json\/wp\/v2\/media?parent=8722"}],"curies":[{"name":"wp","href":"https:\/\/api.w.org\/{rel}","templated":true}]}}