{"id":60150,"date":"2025-02-03T16:25:23","date_gmt":"2025-02-03T15:25:23","guid":{"rendered":"https:\/\/www.vicivision.com\/?page_id=60150"},"modified":"2025-02-26T10:59:04","modified_gmt":"2025-02-26T09:59:04","slug":"logiciel-dream","status":"publish","type":"page","link":"https:\/\/www.vicivision.com\/fr\/logiciel-dream\/","title":{"rendered":"LOGICIEL DREAM"},"content":{"rendered":"<div class=\"wpb-content-wrapper\"><p>[vc_row full_width=\u00a0\u00bbstretch_row_content_no_spaces\u00a0\u00bb bg_type=\u00a0\u00bbimage\u00a0\u00bb fadeout_row=\u00a0\u00bbfadeout_row_value\u00a0\u00bb fadeout_start_effect=\u00a0\u00bb50&Prime; enable_overlay=\u00a0\u00bbenable_overlay_value\u00a0\u00bb overlay_color=\u00a0\u00bbrgba(2,10,2,0.53)\u00a0\u00bb overlay_pattern=\u00a0\u00bbtransperant\u00a0\u00bb overlay_pattern_opacity=\u00a0\u00bb100&Prime; css=\u00a0\u00bb.vc_custom_1738594427306{background-image: url(https:\/\/www.vicivision.com\/wp-content\/uploads\/2025\/02\/0-copertina.jpg?id=60137) !important;background-position: center !important;background-repeat: no-repeat !important;background-size: cover !important;}\u00a0\u00bb el_class=\u00a0\u00bbRbgrow\u00a0\u00bb][vc_column width=\u00a0\u00bb1\/4&Prime;][\/vc_column][vc_column width=\u00a0\u00bb1\/2&Prime;][vc_empty_space height=\u00a0\u00bb550px\u00a0\u00bb][vc_column_text][\/vc_column_text][vc_empty_space height=\u00a0\u00bb200px\u00a0\u00bb][\/vc_column][vc_column width=\u00a0\u00bb1\/4&Prime;][\/vc_column][\/vc_row][vc_row][vc_column][vc_column_text]<\/p>\n<h1>L&rsquo;interface utilisateur r\u00e9v\u00e9e<\/h1>\n<h2>Quand le r\u00eave devient r\u00e9alit\u00e9!<\/h2>\n<p>[\/vc_column_text][\/vc_column][\/vc_row][vc_row][vc_column][vc_column_text]<\/p>\n<h5>Le logiciel Dream de VICIVISION repr\u00e9sente une innovation extraordinaire dans le monde de la m\u00e9trologie dimensionnelle. Sa rapidit\u00e9 de traitement, associ\u00e9e \u00e0 une interface intuitive et conviviale, permet d\u2019optimiser chaque \u00e9tape du contr\u00f4le qualit\u00e9 avec une efficacit\u00e9 maximale.<\/h5>\n<h5>Gr\u00e2ce \u00e0 ses fonctionnalit\u00e9s compl\u00e8tes, Dream exploite tout le potentiel des machines de mesure scan optique VICIVISION, garantissant pr\u00e9cision, fiabilit\u00e9 et simplicit\u00e9 d\u2019utilisation. C\u2019est la solution id\u00e9ale pour ceux qui recherchent des performances \u00e9lev\u00e9es sans compromis, am\u00e9liorant la productivit\u00e9 gr\u00e2ce \u00e0 des outils de pointe.<\/h5>\n<p>[\/vc_column_text][\/vc_column][\/vc_row][vc_row][vc_column][vc_empty_space height=\u00a0\u00bb60px\u00a0\u00bb][\/vc_column][\/vc_row][vc_row][vc_column][vc_empty_space height=\u00a0\u00bb22px\u00a0\u00bb][vc_column_text]<\/p>\n<h2>Machines de scan optique PRIMA, X-Series, TECHNO avec ses options palpeur SP25 et capteur confocal. Tout est l\u00e0!<br \/>\nMais \u00eates-vous s\u00fbr d\u2019en exploiter tout le potentiel ?<\/h2>\n<h5><\/h5>\n<h5><strong>Interface ergonomique pour une utilisation ultra rapide<\/strong><\/h5>\n<h5>Gr\u00e2ce \u00e0 une interface claire et fonctionnelle, l&rsquo;utilisation du logiciel devient simple et intuitive, permettant une utilisation optimale de la machine de contr\u00f4le.<br \/>\nLe logiciel DREAM optimise non seulement le temps de travail, mais il am\u00e9liore \u00e9galement la productivit\u00e9 globale, rendant chaque op\u00e9ration plus fluide et plus pr\u00e9cise. De plus, la r\u00e9activit\u00e9 du logiciel garantit une interaction imm\u00e9diate avec la machine, assurant des performances \u00e9lev\u00e9es, m\u00eame lors des op\u00e9rations les plus complexes.<br \/>\nDream Software n&rsquo;est pas seulement une solution technologique avanc\u00e9e, c&rsquo;est un v\u00e9ritable alli\u00e9 pour ceux qui recherchent simplicit\u00e9, rapidit\u00e9 et pr\u00e9cision dans les op\u00e9rations de contr\u00f4les dimensionnels de leurs pi\u00e8ces au quotidien.<\/h5>\n<p>&nbsp;<\/p>\n<h5><strong>Vivian, le nouvel assistant de mesure, vous guide pas \u00e0 pas dans la cr\u00e9ation de programmes<\/strong><\/h5>\n<h5>Vivian, votre nouvel assistant de mesure, vous offre un accompagnement intelligent et interactif \u00e0 l\u2019utilisation de votre machine en vous guidant \u00e0 chaque \u00e9tape de la programmation. Gr\u00e2ce \u00e0 son interface intuitive et son accompagnement pas \u00e0 pas, Vivian simplifie m\u00eame les op\u00e9rations les plus complexes, les rendant accessibles \u00e0 tous, quel que soit le niveau d\u2019exp\u00e9rience.<br \/>\nCet assistant intelligent optimise le temps de cr\u00e9ation de gammes de contr\u00f4le, les rendant plus rapide et plus efficace. Avec des suggestions claires, des instructions d\u00e9taill\u00e9es et une interaction fluide, Vivian transforme la programmation en un processus simple et sans stress, garantissant des r\u00e9sultats de mesure toujours pr\u00e9cis et fiables.<br \/>\nVivian n\u2019est pas seulement un assistant, c\u2019est votre coll\u00e8gue disponible au quotidien, pr\u00eat \u00e0 rendre chaque \u00e9tape de la mesure plus efficace et performante pour vous aider dans votre travail.<\/h5>\n<p>&nbsp;<\/p>\n<h5><strong>Support et assistance a distance<\/strong><\/h5>\n<h5>Gr\u00e2ce \u00e0 la fonction d\u2019acc\u00e8s \u00e0 distance, notre \u00e9quipe peut surveiller et g\u00e9rer vos machines de mesure optique o\u00f9 que vous soyez, simplement avec une connexion Internet, et vous assister en cas de besoin pour par exemple la cr\u00e9ation d\u2019un nouveau protocole de contr\u00f4le sur la machine.<br \/>\nL\u2019acc\u00e8s \u00e0 distance nous permet de v\u00e9rifier l\u2019\u00e9tat des machines, d\u2019analyser les donn\u00e9es de mesure et d\u2019intervenir rapidement si n\u00e9cessaire, r\u00e9duisant ainsi au minimum les temps d\u2019arr\u00eat.<\/h5>\n<p>&nbsp;<\/p>\n<h5><strong>Prenez des d\u00e9cisions bas\u00e9es sur les donn\u00e9es<\/strong><\/h5>\n<h5>Les outils avanc\u00e9s de rapports et d\u2019analyse de Dream offrent un niveau de d\u00e9tail et de pr\u00e9cision in\u00e9gal\u00e9, transformant les donn\u00e9es de mesure en informations strat\u00e9giques de grande valeur. Gr\u00e2ce \u00e0 la g\u00e9n\u00e9ration automatis\u00e9e de rapports complets et personnalisables, les op\u00e9rateurs et responsables de production obtiennent une vision claire et approfondie des performances et de la qualit\u00e9 des processus.<br \/>\nLes visualisations graphiques intuitives permettent d\u2019interpr\u00e9ter rapidement les tendances, d\u2019identifier d\u2019\u00e9ventuels points critiques et de prendre les meilleures d\u00e9cisions en temps r\u00e9el.<br \/>\nEn int\u00e9grant ces donn\u00e9es aux processus industriels, Dream Software devient un alli\u00e9 essentiel dans l\u2019am\u00e9lioration continue de la qualit\u00e9 des produits, garantissant des standards \u00e9lev\u00e9s et une production toujours plus efficace, pr\u00e9cise et comp\u00e9titive. Un syst\u00e8me puissant, rapide et complet pour faire passer le contr\u00f4le qualit\u00e9 au niveau sup\u00e9rieur.<\/h5>\n<p>[\/vc_column_text][vc_empty_space height=\u00a0\u00bb92px\u00a0\u00bb][\/vc_column][\/vc_row][vc_row][vc_column width=\u00a0\u00bb1\/3&Prime;][vc_single_image image=\u00a0\u00bb60172&Prime; img_size=\u00a0\u00bbmedium\u00a0\u00bb][\/vc_column][vc_column width=\u00a0\u00bb1\/3&Prime;][vc_single_image image=\u00a0\u00bb60162&Prime; img_size=\u00a0\u00bbmedium\u00a0\u00bb alignment=\u00a0\u00bbcenter\u00a0\u00bb][\/vc_column][vc_column width=\u00a0\u00bb1\/3&Prime;][vc_single_image image=\u00a0\u00bb60181&Prime; img_size=\u00a0\u00bbmedium\u00a0\u00bb alignment=\u00a0\u00bbright\u00a0\u00bb][\/vc_column][\/vc_row]<\/p>\n<\/div>","protected":false},"excerpt":{"rendered":"<p>[vc_row full_width=\u00a0\u00bbstretch_row_content_no_spaces\u00a0\u00bb bg_type=\u00a0\u00bbimage\u00a0\u00bb fadeout_row=\u00a0\u00bbfadeout_row_value\u00a0\u00bb fadeout_start_effect=\u00a0\u00bb50&Prime; enable_overlay=\u00a0\u00bbenable_overlay_value\u00a0\u00bb overlay_color=\u00a0\u00bbrgba(2,10,2,0.53)\u00a0\u00bb overlay_pattern=\u00a0\u00bbtransperant\u00a0\u00bb overlay_pattern_opacity=\u00a0\u00bb100&Prime; css=\u00a0\u00bb.vc_custom_1738594427306{background-image: url(https:\/\/www.vicivision.com\/wp-content\/uploads\/2025\/02\/0-copertina.jpg?id=60137) !important;background-position: center !important;background-repeat: no-repeat !important;background-size: cover !important;}\u00a0\u00bb el_class=\u00a0\u00bbRbgrow\u00a0\u00bb][vc_column width=\u00a0\u00bb1\/4&Prime;][\/vc_column][vc_column width=\u00a0\u00bb1\/2&Prime;][vc_empty_space height=\u00a0\u00bb550px\u00a0\u00bb][vc_column_text][\/vc_column_text][vc_empty_space height=\u00a0\u00bb200px\u00a0\u00bb][\/vc_column][vc_column width=\u00a0\u00bb1\/4&Prime;][\/vc_column][\/vc_row][vc_row][vc_column][vc_column_text] L&rsquo;interface utilisateur r\u00e9v\u00e9e Quand le r\u00eave devient r\u00e9alit\u00e9! [\/vc_column_text][\/vc_column][\/vc_row][vc_row][vc_column][vc_column_text] Le logiciel Dream de VICIVISION repr\u00e9sente une innovation extraordinaire dans le monde de la m\u00e9trologie dimensionnelle. Sa rapidit\u00e9 de traitement, associ\u00e9e \u00e0<\/p>\n<div class=\"more\"><a class=\"more-link btn btn-green ion-ios7-arrow-forward\" href=\"https:\/\/www.vicivision.com\/fr\/logiciel-dream\/\">En savoir plus<\/a><\/div>\n","protected":false},"author":2,"featured_media":0,"parent":0,"menu_order":0,"comment_status":"closed","ping_status":"closed","template":"","meta":{"footnotes":""},"class_list":["post-60150","page","type-page","status-publish","hentry"],"acf":[],"_links":{"self":[{"href":"https:\/\/www.vicivision.com\/fr\/wp-json\/wp\/v2\/pages\/60150","targetHints":{"allow":["GET"]}}],"collection":[{"href":"https:\/\/www.vicivision.com\/fr\/wp-json\/wp\/v2\/pages"}],"about":[{"href":"https:\/\/www.vicivision.com\/fr\/wp-json\/wp\/v2\/types\/page"}],"author":[{"embeddable":true,"href":"https:\/\/www.vicivision.com\/fr\/wp-json\/wp\/v2\/users\/2"}],"replies":[{"embeddable":true,"href":"https:\/\/www.vicivision.com\/fr\/wp-json\/wp\/v2\/comments?post=60150"}],"version-history":[{"count":0,"href":"https:\/\/www.vicivision.com\/fr\/wp-json\/wp\/v2\/pages\/60150\/revisions"}],"wp:attachment":[{"href":"https:\/\/www.vicivision.com\/fr\/wp-json\/wp\/v2\/media?parent=60150"}],"curies":[{"name":"wp","href":"https:\/\/api.w.org\/{rel}","templated":true}]}}