{"id":52782,"date":"2022-09-08T12:19:10","date_gmt":"2022-09-08T10:19:10","guid":{"rendered":"https:\/\/www.vicivision.com\/?page_id=52782"},"modified":"2022-12-12T16:12:31","modified_gmt":"2022-12-12T15:12:31","slug":"systeme-confocal","status":"publish","type":"page","link":"https:\/\/www.vicivision.com\/fr\/systeme-confocal\/","title":{"rendered":"PARDOT &#8211; SYST\u00c8ME CONFOCAL"},"content":{"rendered":"<div class=\"wpb-content-wrapper\"><p>[vc_row gap=\u00a0\u00bb5&Prime; equal_height=\u00a0\u00bbyes\u00a0\u00bb css=\u00a0\u00bb.vc_custom_1614175210718{margin-bottom: 0px !important;padding-right: 0% !important;padding-left: 0% !important;}\u00a0\u00bb el_id=\u00a0\u00bbflayer\u00a0\u00bb][vc_column][vc_empty_space][vc_column_text]<\/p>\n<div class=\"wpb_text_column wpb_content_element \">\n<div class=\"wpb_wrapper\">\n<div class=\"wpb_text_column wpb_content_element \">\n<div class=\"wpb_wrapper\">\n<h3><strong>Mesurer les caract\u00e9ristiques typiques d\u2019arbres cannel\u00e9s avec un seul scan.<\/strong><\/h3>\n<h3><strong>R\u00e9duire le temps d\u2019inspection de 95 %.<\/strong><\/h3>\n<\/div>\n<\/div>\n<div class=\"wpb_text_column wpb_content_element \">\n<div class=\"wpb_wrapper\">\n<p>Avec la combinaison de mesure optique et confocale VICIVISION, tout op\u00e9rateur peut mesurer le profil ext\u00e9rieur, les mesures statiques et dynamiques, ainsi que les cannelures.<\/p>\n<p>T\u00e9l\u00e9chargez le d\u00e9pliant gratuit et d\u00e9couvrez combien il est facile de mesurer des arbres cannel\u00e9s avec le syst\u00e8me confocal VICIVISION.<\/p>\n<p>&nbsp;<\/p>\n<\/div>\n<\/div>\n<\/div>\n<\/div>\n<p>[\/vc_column_text][\/vc_column][\/vc_row]<\/p>\n<\/div>","protected":false},"excerpt":{"rendered":"<p>[vc_row gap=\u00a0\u00bb5&Prime; equal_height=\u00a0\u00bbyes\u00a0\u00bb css=\u00a0\u00bb.vc_custom_1614175210718{margin-bottom: 0px !important;padding-right: 0% !important;padding-left: 0% !important;}\u00a0\u00bb el_id=\u00a0\u00bbflayer\u00a0\u00bb][vc_column][vc_empty_space][vc_column_text] Mesurer les caract\u00e9ristiques typiques d\u2019arbres cannel\u00e9s avec un seul scan. R\u00e9duire le temps d\u2019inspection de 95 %. Avec la combinaison de mesure optique et confocale VICIVISION, tout op\u00e9rateur peut mesurer le profil ext\u00e9rieur, les mesures statiques et dynamiques, ainsi que les cannelures. T\u00e9l\u00e9chargez le<\/p>\n<div class=\"more\"><a class=\"more-link btn btn-green ion-ios7-arrow-forward\" href=\"https:\/\/www.vicivision.com\/fr\/systeme-confocal\/\">En savoir plus<\/a><\/div>\n","protected":false},"author":2,"featured_media":0,"parent":0,"menu_order":0,"comment_status":"closed","ping_status":"closed","template":"template-form-handler.php","meta":{"footnotes":""},"class_list":["post-52782","page","type-page","status-publish","hentry"],"acf":[],"_links":{"self":[{"href":"https:\/\/www.vicivision.com\/fr\/wp-json\/wp\/v2\/pages\/52782","targetHints":{"allow":["GET"]}}],"collection":[{"href":"https:\/\/www.vicivision.com\/fr\/wp-json\/wp\/v2\/pages"}],"about":[{"href":"https:\/\/www.vicivision.com\/fr\/wp-json\/wp\/v2\/types\/page"}],"author":[{"embeddable":true,"href":"https:\/\/www.vicivision.com\/fr\/wp-json\/wp\/v2\/users\/2"}],"replies":[{"embeddable":true,"href":"https:\/\/www.vicivision.com\/fr\/wp-json\/wp\/v2\/comments?post=52782"}],"version-history":[{"count":0,"href":"https:\/\/www.vicivision.com\/fr\/wp-json\/wp\/v2\/pages\/52782\/revisions"}],"wp:attachment":[{"href":"https:\/\/www.vicivision.com\/fr\/wp-json\/wp\/v2\/media?parent=52782"}],"curies":[{"name":"wp","href":"https:\/\/api.w.org\/{rel}","templated":true}]}}