{"id":50766,"date":"2022-03-02T14:43:23","date_gmt":"2022-03-02T13:43:23","guid":{"rendered":"https:\/\/www.vicivision.com\/?page_id=50766"},"modified":"2025-08-07T14:14:46","modified_gmt":"2025-08-07T12:14:46","slug":"new-prima-series-2","status":"publish","type":"page","link":"https:\/\/www.vicivision.com\/fr\/new-prima-series-2\/","title":{"rendered":"Nouvelle s\u00e9rie PRIMA"},"content":{"rendered":"<div class=\"wpb-content-wrapper\"><p>[vc_row full_width=\u00a0\u00bbstretch_row_content_no_spaces\u00a0\u00bb bg_type=\u00a0\u00bbimage\u00a0\u00bb fadeout_row=\u00a0\u00bbfadeout_row_value\u00a0\u00bb fadeout_start_effect=\u00a0\u00bb50&Prime; enable_overlay=\u00a0\u00bbenable_overlay_value\u00a0\u00bb overlay_color=\u00a0\u00bbrgba(2,10,2,0.53)\u00a0\u00bb overlay_pattern=\u00a0\u00bbtransperant\u00a0\u00bb overlay_pattern_opacity=\u00a0\u00bb100&Prime; css=\u00a0\u00bb.vc_custom_1645018118166{background-image: url(https:\/\/www.vicivision.com\/wp-content\/uploads\/2022\/02\/Image238-vincic709657-e1645018009283.jpg?id=50193) !important;background-position: center !important;background-repeat: no-repeat !important;background-size: cover !important;}\u00a0\u00bb][vc_column width=\u00a0\u00bb1\/4&Prime;][\/vc_column][vc_column width=\u00a0\u00bb1\/2&Prime;][vc_empty_space height=\u00a0\u00bb550px\u00a0\u00bb][vc_column_text]<\/p>\n<h1 style=\"color: white; text-align: left;\"><strong>Produisez-vous des pi\u00e8ces tourn\u00e9es?<\/strong><\/h1>\n<h2 style=\"color: white; text-align: left;\"><strong>Voici notre VICIVISON <em>PRIMA<\/em>.<\/strong><br \/>\n<strong>La machine de mesure optique pour toutes les tourneries.<\/strong><\/h2>\n<p>[\/vc_column_text][vc_empty_space height=\u00a0\u00bb200px\u00a0\u00bb][\/vc_column][vc_column width=\u00a0\u00bb1\/4&Prime;][\/vc_column][\/vc_row][vc_row][vc_column width=\u00a0\u00bb1\/2&Prime;][vc_empty_space height=\u00a0\u00bb82px\u00a0\u00bb][vc_column_text]<\/p>\n<h4><strong>Quelle est le meilleur moyen de mesurer des pi\u00e8ces tourn\u00e9es?<\/strong><\/h4>\n<h5>En utilisant une machine qui serre la pi\u00e8ce comme le ferait un tour: avec des centres et un mandrin.<\/h5>\n<p>&nbsp;<\/p>\n<h4><strong>O\u00f9 puis je mesurer mes pi\u00e8ces?<\/strong><\/h4>\n<h5>Juste \u00e0 c\u00f4t\u00e9 du tour, ce qui vous donne un r\u00e9sultat imm\u00e9diat.<\/h5>\n<p>&nbsp;<\/p>\n<h4><strong>Ai-je besoin de personnel qualifi\u00e9s?<\/strong><\/h4>\n<h5>Des milliers de tourneries sont d\u00e9j\u00e0 utilis\u00e9es en totale autonomie. Nous vous guidons jusqu&rsquo;\u00e0 l&rsquo;obtention du r\u00e9sultat final.<\/h5>\n<p>[\/vc_column_text]<div class=\" ubtn-ctn-left \"><a class=\"ubtn-link ult-adjust-bottom-margin ubtn-left ubtn-normal \" href=\"https:\/\/www.vicivision.com\/wp-content\/uploads\/2025\/08\/Flyer-PRIMA_ENG_web.pdf\" ><button type=\"button\" id=\"ubtn-6635\"  class=\"ubtn ult-adjust-bottom-margin ult-responsive ubtn-normal ubtn-no-hover-bg  none  ubtn-left   tooltip-69e1e9afada84\"  data-hover=\"\" data-border-color=\"\" data-bg=\"#36af4e\" data-hover-bg=\"\" data-border-hover=\"\" data-shadow-hover=\"\" data-shadow-click=\"none\" data-shadow=\"\" data-shd-shadow=\"\"  data-ultimate-target='#ubtn-6635'  data-responsive-json-new='{\"font-size\":\"\",\"line-height\":\"\"}'  style=\"font-weight:normal;border:none;background: #36af4e;color: #ffffff;\"><span class=\"ubtn-hover\" style=\"background-color:\"><\/span><span class=\"ubtn-data ubtn-text \" >T\u00c9L\u00c9CHARGER LES DONN\u00c9ES TECHNIQUES<\/span><\/button><\/a><\/div>[\/vc_column][vc_column width=\u00a0\u00bb1\/2&Prime;][vc_single_image image=\u00a0\u00bb50375&Prime; img_size=\u00a0\u00bblarge\u00a0\u00bb][\/vc_column][\/vc_row][vc_row][vc_column][vc_empty_space height=\u00a0\u00bb60px\u00a0\u00bb][\/vc_column][\/vc_row][vc_row][vc_column width=\u00a0\u00bb1\/2&Prime;][vc_single_image image=\u00a0\u00bb50540&Prime; img_size=\u00a0\u00bblarge\u00a0\u00bb][vc_empty_space height=\u00a0\u00bb22px\u00a0\u00bb][\/vc_column][vc_column width=\u00a0\u00bb1\/2&Prime;][vc_column_text]<\/p>\n<h2><\/h2>\n<h2 style=\"text-align: left;\"><strong>Ce que <em>PRIMA\u00a0<\/em>fait pour vous<\/strong><\/h2>\n<h5><\/h5>\n<ul>\n<li style=\"text-align: left;\">\n<h5><strong>R\u00e9duction des rebuts<\/strong>,<br \/>\nr\u00e9duire les co\u00fbts et l&rsquo;impact environnemental<\/h5>\n<\/li>\n<li style=\"text-align: left;\">\n<h5><strong>Donner des mesures objectives<br \/>\n<\/strong>en \u00e9liminant les erreurs humaines et en \u00e9vitant les perturbations<\/h5>\n<\/li>\n<li>\n<h5><strong>Obtenir des r\u00e9sultats rapides<\/strong><br \/>\npour gagner du temps<\/h5>\n<\/li>\n<li>\n<h5><strong>Stocker des donn\u00e9es num\u00e9riques<\/strong><br \/>\nA utiliser pour la production. Pour garder le processus sous contr\u00f4le.<\/h5>\n<\/li>\n<\/ul>\n<p>[\/vc_column_text][vc_empty_space height=\u00a0\u00bb92px\u00a0\u00bb][\/vc_column][\/vc_row][vc_row full_width=\u00a0\u00bbstretch_row_content_no_spaces\u00a0\u00bb bg_type=\u00a0\u00bbimage\u00a0\u00bb enable_overlay=\u00a0\u00bbenable_overlay_value\u00a0\u00bb overlay_color=\u00a0\u00bbrgba(2,10,2,0.53)\u00a0\u00bb overlay_pattern=\u00a0\u00bbtransperant\u00a0\u00bb overlay_pattern_opacity=\u00a0\u00bb100&Prime; css=\u00a0\u00bb.vc_custom_1646217003548{background-image: url(https:\/\/www.vicivision.com\/wp-content\/uploads\/2022\/02\/SERIE_PRIMA-VICIVISION.jpg?id=50478) !important;background-position: center !important;background-repeat: no-repeat !important;background-size: cover !important;}\u00a0\u00bb][vc_column width=\u00a0\u00bb1\/4&Prime;][\/vc_column][vc_column width=\u00a0\u00bb1\/2&Prime;][vc_empty_space height=\u00a0\u00bb370px\u00a0\u00bb][vc_column_text]<\/p>\n<h2 style=\"color: white;\"><strong>Des solutions accessibles \u00e0 tous les op\u00e9rateurs qui recherchent un contr\u00f4le facile et rapide et des r\u00e9sultats fiables.<\/strong><\/h2>\n<p>[\/vc_column_text][vc_empty_space height=\u00a0\u00bb270px\u00a0\u00bb][\/vc_column][vc_column width=\u00a0\u00bb1\/4&Prime;][\/vc_column][\/vc_row][vc_row][vc_column width=\u00a0\u00bb1\/2&Prime;][vc_single_image image=\u00a0\u00bb50460&Prime; img_size=\u00a0\u00bblarge\u00a0\u00bb][\/vc_column][vc_column width=\u00a0\u00bb1\/2&Prime;][vc_empty_space][vc_column_text]<\/p>\n<h2 style=\"text-align: left;\"><strong>Mesures d\u00e9tectables<\/strong><\/h2>\n<p style=\"text-align: left;\"><strong>Mesures statiques:<\/strong><br \/>\n&#8211;\u00a0diam\u00e8tre<br \/>\n&#8211; longueur<br \/>\n&#8211; angle<br \/>\n&#8211; rayon<br \/>\n&#8211; chanfrein<\/p>\n<p><strong>Mesures dynamiques:<\/strong><br \/>\n&#8211; coaxialit\u00e9<br \/>\n&#8211; faux-rond<br \/>\n&#8211; circularit\u00e9<br \/>\n&#8211; cylindricit\u00e9<br \/>\n&#8211; effilochage<\/p>\n<p><strong>Fils:<\/strong><br \/>\n&#8211; diam\u00e8tre nominal<br \/>\n&#8211; diam\u00e8tre primitif<br \/>\n&#8211; diam\u00e8tre du noyau<br \/>\n&#8211; angle des cr\u00eates<br \/>\n&#8211; pas<br \/>\n&#8211; dimension du rouleau<\/p>\n<p><strong>\u00c9crou:<\/strong><br \/>\n&#8211; diam\u00e8tre<br \/>\n&#8211; asym\u00e9trie<br \/>\n&#8211; temps<\/p>\n<p><strong>Mesures du profil (facultatif):<\/strong><br \/>\n&#8211; comparaison DXF<br \/>\n&#8211; exportation DXF[\/vc_column_text][vc_empty_space height=\u00a0\u00bb80px\u00a0\u00bb]<div class=\" ubtn-ctn-left \"><a class=\"ubtn-link ult-adjust-bottom-margin ubtn-left ubtn-normal \" href=\"https:\/\/www.vicivision.com\/wp-content\/uploads\/2025\/08\/Flyer-PRIMA_ENG_web.pdf\" ><button type=\"button\" id=\"ubtn-3625\"  class=\"ubtn ult-adjust-bottom-margin ult-responsive ubtn-normal ubtn-no-hover-bg  none  ubtn-left   tooltip-69e1e9afadb2a\"  data-hover=\"\" data-border-color=\"\" data-bg=\"#36af4e\" data-hover-bg=\"\" data-border-hover=\"\" data-shadow-hover=\"\" data-shadow-click=\"none\" data-shadow=\"\" data-shd-shadow=\"\"  data-ultimate-target='#ubtn-3625'  data-responsive-json-new='{\"font-size\":\"\",\"line-height\":\"\"}'  style=\"font-weight:normal;border:none;background: #36af4e;color: #ffffff;\"><span class=\"ubtn-hover\" style=\"background-color:\"><\/span><span class=\"ubtn-data ubtn-text \" >T\u00c9L\u00c9CHARGER LES DONN\u00c9ES TECHNIQUES<\/span><\/button><\/a><\/div>[\/vc_column][\/vc_row][vc_row el_class=\u00a0\u00bbvideo-full-height\u00a0\u00bb][vc_column][vc_empty_space height=\u00a0\u00bb140px\u00a0\u00bb][vc_video link=\u00a0\u00bbhttps:\/\/www.youtube.com\/watch?v=s9XiQV17OZY\u00a0\u00bb align=\u00a0\u00bbcenter\u00a0\u00bb][vc_empty_space height=\u00a0\u00bb100px\u00a0\u00bb][\/vc_column][\/vc_row][vc_row][vc_column][vc_empty_space height=\u00a0\u00bb72px\u00a0\u00bb][vc_column_text]<\/p>\n<h2 style=\"text-align: left;\"><strong>Qu\u2019est ce qui rend la <em>PRIMA <\/em>unique?<br \/>\n<\/strong><\/h2>\n<h3 style=\"text-align: left;\">Toute l&rsquo;exp\u00e9rience de milliers de clients VICIVISION dans une machine optimis\u00e9e pour le processus de contr\u00f4le de pi\u00e8ces tourn\u00e9es.<\/h3>\n<p>&nbsp;<\/p>\n<h5><\/h5>\n<h5><strong>Un logiciel simplifi\u00e9 pour une programmation rapide.<\/strong><br \/>\nL&rsquo;interface est con\u00e7ue pour r\u00e9pondre aux besoins de l&rsquo;utilisateur final.<br \/>\nDiff\u00e9rents environnements en fonction du type d&rsquo;utilisateur.<\/h5>\n<h5><strong><em>Vivian<\/em>, le nouvel assistant de mesure, vous guide pas \u00e0 pas dans la cr\u00e9ation du programme<\/strong><strong>.<\/strong><br \/>\nIl r\u00e9duit le temps de formation et de programmation des op\u00e9rateurs.<\/h5>\n<h5><strong>La plateforme d&rsquo;apprentissage en ligne illustre et explique avec une voix r\u00e9elle, pour vous aider \u00e0 chaque instant.<\/strong><br \/>\nUn cours de formation pour les nouveaux utilisateurs; pour ceux qui veulent revoir et approfondir les bases apprises dans le cours initial ou pour am\u00e9liorer leurs connaissances.<\/h5>\n<h5><strong>Le service de programmation \u00e0 distance.<\/strong><br \/>\nUn technicien VICI pr\u00eat \u00e0 se connecter avec le client en temps r\u00e9el pour l&rsquo;aider dans la cr\u00e9ation d&rsquo;un programme.<\/h5>\n<p>[\/vc_column_text][\/vc_column][\/vc_row][vc_row][vc_column][vc_empty_space height=\u00a0\u00bb72px\u00a0\u00bb][vc_single_image image=\u00a0\u00bb50481&Prime; img_size=\u00a0\u00bbfull\u00a0\u00bb][vc_column_text]<\/p>\n<h5 style=\"text-align: center;\"><span style=\"color: #ff0000;\"><span style=\"color: #000000;\">La simplicit\u00e9 permet \u00e0 chaque op\u00e9rateur de contr\u00f4ler le processus de production \u00e0 tout moment.<\/span><\/span><\/h5>\n<h5 style=\"text-align: center;\"><span style=\"color: #ff0000;\"><span style=\"color: #000000;\">L&rsquo;objectif est de fournir des normes de mesure \u00e9lev\u00e9es dans une nouvelle machine comp\u00e9titive et compacte.<\/span><\/span><\/h5>\n<h5 style=\"text-align: center;\"><span style=\"color: #ff0000;\"><span style=\"color: #000000;\">D\u00e9tecter des centaines de mesures en quelques secondes sur toutes les pi\u00e8ces tourn\u00e9es et rectifi\u00e9es.<\/span><\/span><\/h5>\n<h5 style=\"text-align: center;\"><span style=\"color: #ff0000;\"><span style=\"color: #000000;\">Les champs de mesure de cette nouvelle s\u00e9rie sont <strong>de 60 \u00e0 140 mm de diam\u00e8tre, de 300 \u00e0 600 mm de longueur<\/strong>.<\/span><\/span><\/h5>\n<p>[\/vc_column_text][vc_empty_space height=\u00a0\u00bb80px\u00a0\u00bb][\/vc_column][\/vc_row][vc_row][vc_column][vc_empty_space][\/vc_column][\/vc_row][vc_row full_width=\u00a0\u00bbstretch_row_content_no_spaces\u00a0\u00bb bg_type=\u00a0\u00bbimage\u00a0\u00bb enable_overlay=\u00a0\u00bbenable_overlay_value\u00a0\u00bb overlay_color=\u00a0\u00bbrgba(2,10,2,0.53)\u00a0\u00bb overlay_pattern=\u00a0\u00bbtransperant\u00a0\u00bb overlay_pattern_opacity=\u00a0\u00bb100&Prime; css=\u00a0\u00bb.vc_custom_1645015721885{background-image: url(https:\/\/www.vicivision.com\/wp-content\/uploads\/2019\/04\/Cattura.png?id=22202) !important;background-position: center !important;background-repeat: no-repeat !important;background-size: cover !important;}\u00a0\u00bb][vc_column width=\u00a0\u00bb1\/4&Prime;][\/vc_column][vc_column width=\u00a0\u00bb1\/2&Prime;][vc_empty_space height=\u00a0\u00bb350px\u00a0\u00bb][vc_column_text]<\/p>\n<h1 style=\"color: white; text-align: left;\"><strong>Id\u00e9al pour les raccords et les filetages tourn\u00e9s<\/strong><\/h1>\n<h2 style=\"color: white; text-align: left;\"><strong>Avec <em>PRIMA<\/em> vous pouvez mesurer les filetages tourn\u00e9s, les vis et les boulons en quelques secondes seulement.<\/strong><\/h2>\n<p>[\/vc_column_text]<div class=\" ubtn-ctn-left \"><a class=\"ubtn-link ult-adjust-bottom-margin ubtn-left ubtn-normal \" href=\"https:\/\/www.vicivision.com\/wp-content\/uploads\/2025\/08\/Measuring_fittings_FR.pdf\" ><button type=\"button\" id=\"ubtn-2499\"  class=\"ubtn ult-adjust-bottom-margin ult-responsive ubtn-normal ubtn-no-hover-bg  none  ubtn-left   tooltip-69e1e9afadb7b\"  data-hover=\"\" data-border-color=\"\" data-bg=\"#e0e0e0\" data-hover-bg=\"\" data-border-hover=\"\" data-shadow-hover=\"\" data-shadow-click=\"none\" data-shadow=\"\" data-shd-shadow=\"\"  data-ultimate-target='#ubtn-2499'  data-responsive-json-new='{\"font-size\":\"\",\"line-height\":\"\"}'  style=\"font-weight:normal;border:none;background: #e0e0e0;color: #000000;\"><span class=\"ubtn-hover\" style=\"background-color:\"><\/span><span class=\"ubtn-data ubtn-text \" >T\u00c9L\u00c9CHARGER LE GUIDE<\/span><\/button><\/a><\/div>[vc_empty_space height=\u00a0\u00bb180px\u00a0\u00bb][\/vc_column][vc_column width=\u00a0\u00bb1\/4&Prime;][\/vc_column][\/vc_row][vc_row][vc_column][vc_column_text]<\/p>\n<h3><strong>Des centaines de mesures en quelques secondes sur des pi\u00e8ces tourn\u00e9es et rectifi\u00e9es.<\/strong><\/h3>\n<p>&nbsp;<\/p>\n<h5><strong>Avantages.<\/strong><\/h5>\n<h5>La <em>Prima<\/em>\u00a0est la machine de mesure optique d&rsquo;atelier qui vous aide \u00e0 produire plus.<br \/>\nAcc\u00e9l\u00e9rez les processus, suivez la qualit\u00e9, r\u00e9duisez les rebuts et les temps d&rsquo;arr\u00eat.<br \/>\n90% des outils de mesure que vous utilisez tous les jours dans une solution unique avec un retour sur investissement rapide.<\/h5>\n<p>&nbsp;<\/p>\n<h5><strong>Proche de vous.<\/strong><\/h5>\n<h5>VICIVISION s&rsquo;appuie sur un r\u00e9seau de distribution mondial dot\u00e9 d\u2019une grande exp\u00e9rience et travaillant avec professionnalisme.<br \/>\nDes dizaines d&rsquo;experts vous suivent tout au long du processus d&rsquo;achat et de consultation, et sont capables d&rsquo;installer, de programmer et de fournir un support apr\u00e8s-vente.<\/h5>\n<h5><strong>\u00a0<\/strong><\/h5>\n<p>[\/vc_column_text]<div class=\" ubtn-ctn-left \"><a class=\"ubtn-link ult-adjust-bottom-margin ubtn-left ubtn-normal \" href=\"https:\/\/www.vicivision.com\/wp-content\/uploads\/2025\/08\/Flyer-PRIMA_ENG_web.pdf\" ><button type=\"button\" id=\"ubtn-1382\"  class=\"ubtn ult-adjust-bottom-margin ult-responsive ubtn-normal ubtn-no-hover-bg  none  ubtn-left   tooltip-69e1e9afadbd5\"  data-hover=\"\" data-border-color=\"\" data-bg=\"#36af4e\" data-hover-bg=\"\" data-border-hover=\"\" data-shadow-hover=\"\" data-shadow-click=\"none\" data-shadow=\"\" data-shd-shadow=\"\"  data-ultimate-target='#ubtn-1382'  data-responsive-json-new='{\"font-size\":\"\",\"line-height\":\"\"}'  style=\"font-weight:normal;border:none;background: #36af4e;color: #ffffff;\"><span class=\"ubtn-hover\" style=\"background-color:\"><\/span><span class=\"ubtn-data ubtn-text \" >T\u00c9L\u00c9CHARGER LES DONN\u00c9ES TECHNIQUES<\/span><\/button><\/a><\/div>[\/vc_column][\/vc_row]<\/p>\n<\/div>","protected":false},"excerpt":{"rendered":"<p>[vc_row full_width=\u00a0\u00bbstretch_row_content_no_spaces\u00a0\u00bb bg_type=\u00a0\u00bbimage\u00a0\u00bb fadeout_row=\u00a0\u00bbfadeout_row_value\u00a0\u00bb fadeout_start_effect=\u00a0\u00bb50&Prime; enable_overlay=\u00a0\u00bbenable_overlay_value\u00a0\u00bb overlay_color=\u00a0\u00bbrgba(2,10,2,0.53)\u00a0\u00bb overlay_pattern=\u00a0\u00bbtransperant\u00a0\u00bb overlay_pattern_opacity=\u00a0\u00bb100&Prime; css=\u00a0\u00bb.vc_custom_1645018118166{background-image: url(https:\/\/www.vicivision.com\/wp-content\/uploads\/2022\/02\/Image238-vincic709657-e1645018009283.jpg?id=50193) !important;background-position: center !important;background-repeat: no-repeat !important;background-size: cover !important;}\u00a0\u00bb][vc_column width=\u00a0\u00bb1\/4&Prime;][\/vc_column][vc_column width=\u00a0\u00bb1\/2&Prime;][vc_empty_space height=\u00a0\u00bb550px\u00a0\u00bb][vc_column_text] Produisez-vous des pi\u00e8ces tourn\u00e9es? Voici notre VICIVISON PRIMA. La machine de mesure optique pour toutes les tourneries. [\/vc_column_text][vc_empty_space height=\u00a0\u00bb200px\u00a0\u00bb][\/vc_column][vc_column width=\u00a0\u00bb1\/4&Prime;][\/vc_column][\/vc_row][vc_row][vc_column width=\u00a0\u00bb1\/2&Prime;][vc_empty_space height=\u00a0\u00bb82px\u00a0\u00bb][vc_column_text] Quelle est le meilleur moyen de mesurer des pi\u00e8ces tourn\u00e9es? En utilisant<\/p>\n<div class=\"more\"><a class=\"more-link btn btn-green ion-ios7-arrow-forward\" href=\"https:\/\/www.vicivision.com\/fr\/new-prima-series-2\/\">En savoir plus<\/a><\/div>\n","protected":false},"author":2,"featured_media":0,"parent":0,"menu_order":0,"comment_status":"closed","ping_status":"closed","template":"","meta":{"footnotes":""},"class_list":["post-50766","page","type-page","status-publish","hentry"],"acf":[],"_links":{"self":[{"href":"https:\/\/www.vicivision.com\/fr\/wp-json\/wp\/v2\/pages\/50766","targetHints":{"allow":["GET"]}}],"collection":[{"href":"https:\/\/www.vicivision.com\/fr\/wp-json\/wp\/v2\/pages"}],"about":[{"href":"https:\/\/www.vicivision.com\/fr\/wp-json\/wp\/v2\/types\/page"}],"author":[{"embeddable":true,"href":"https:\/\/www.vicivision.com\/fr\/wp-json\/wp\/v2\/users\/2"}],"replies":[{"embeddable":true,"href":"https:\/\/www.vicivision.com\/fr\/wp-json\/wp\/v2\/comments?post=50766"}],"version-history":[{"count":0,"href":"https:\/\/www.vicivision.com\/fr\/wp-json\/wp\/v2\/pages\/50766\/revisions"}],"wp:attachment":[{"href":"https:\/\/www.vicivision.com\/fr\/wp-json\/wp\/v2\/media?parent=50766"}],"curies":[{"name":"wp","href":"https:\/\/api.w.org\/{rel}","templated":true}]}}