{"id":50650,"date":"2022-03-02T10:29:09","date_gmt":"2022-03-02T09:29:09","guid":{"rendered":"https:\/\/www.vicivision.com\/?page_id=50650"},"modified":"2022-07-12T09:19:29","modified_gmt":"2022-07-12T07:19:29","slug":"pardot-serie-prima","status":"publish","type":"page","link":"https:\/\/www.vicivision.com\/fr\/pardot-serie-prima\/","title":{"rendered":"PARDOT &#8211; S\u00e9rie PRIMA"},"content":{"rendered":"<div class=\"wpb-content-wrapper\"><p>[vc_row gap=\u00a0\u00bb5&Prime; equal_height=\u00a0\u00bbyes\u00a0\u00bb css=\u00a0\u00bb.vc_custom_1614674010654{margin-bottom: 0px !important;padding-right: 0% !important;padding-left: 0% !important;}\u00a0\u00bb el_id=\u00a0\u00bbflayer\u00a0\u00bb][vc_column][vc_column_text]<\/p>\n<h3><\/h3>\n<h3><strong>CE QUE\u00a0<em>PRIMA<\/em> FAIT POUR VOUS?<br \/>\n<\/strong><\/h3>\n<p>&nbsp;<\/p>\n<ol>\n<li><strong><u>R\u00e9duction des rebuts<\/u><\/strong><\/li>\n<\/ol>\n<p>r\u00e9duire les co\u00fbts et l\u2019impact environnemental.<\/p>\n<p>&nbsp;<\/p>\n<ol start=\"2\">\n<li><strong><u>Donner des mesures objectives<\/u><\/strong><\/li>\n<\/ol>\n<p>en \u00e9liminant les erreurs humaines et en \u00e9vitant les perturbations.<\/p>\n<p>&nbsp;<\/p>\n<ol start=\"3\">\n<li><strong><u>Obtenir des r\u00e9sultats rapides<\/u><\/strong><\/li>\n<\/ol>\n<p>pour gagner du temps.<\/p>\n<p>&nbsp;<\/p>\n<ol start=\"3\">\n<li><strong><u>Stocker des donn\u00e9es num\u00e9riques<\/u><\/strong><\/li>\n<\/ol>\n<p>A utiliser pour la production. Pour garder le processus sous contr\u00f4le.<\/p>\n<p>&nbsp;<\/p>\n<p>&nbsp;<\/p>\n<p><strong>POURQUOI CHOISIR <em>PRIMA<\/em>?<\/strong><\/p>\n<p><strong><em>Prima<\/em> englobe l&rsquo;exp\u00e9rience de milliers de clients VICIVISION dans le monde entier.<\/strong>[\/vc_column_text][\/vc_column][\/vc_row]<\/p>\n<\/div>","protected":false},"excerpt":{"rendered":"<p>[vc_row gap=\u00a0\u00bb5&Prime; equal_height=\u00a0\u00bbyes\u00a0\u00bb css=\u00a0\u00bb.vc_custom_1614674010654{margin-bottom: 0px !important;padding-right: 0% !important;padding-left: 0% !important;}\u00a0\u00bb el_id=\u00a0\u00bbflayer\u00a0\u00bb][vc_column][vc_column_text] CE QUE\u00a0PRIMA FAIT POUR VOUS? &nbsp; R\u00e9duction des rebuts r\u00e9duire les co\u00fbts et l\u2019impact environnemental. &nbsp; Donner des mesures objectives en \u00e9liminant les erreurs humaines et en \u00e9vitant les perturbations. &nbsp; Obtenir des r\u00e9sultats rapides pour gagner du temps. &nbsp; Stocker des donn\u00e9es num\u00e9riques<\/p>\n<div class=\"more\"><a class=\"more-link btn btn-green ion-ios7-arrow-forward\" href=\"https:\/\/www.vicivision.com\/fr\/pardot-serie-prima\/\">En savoir plus<\/a><\/div>\n","protected":false},"author":2,"featured_media":0,"parent":0,"menu_order":0,"comment_status":"closed","ping_status":"closed","template":"template-form-handler.php","meta":{"footnotes":""},"class_list":["post-50650","page","type-page","status-publish","hentry"],"acf":[],"_links":{"self":[{"href":"https:\/\/www.vicivision.com\/fr\/wp-json\/wp\/v2\/pages\/50650","targetHints":{"allow":["GET"]}}],"collection":[{"href":"https:\/\/www.vicivision.com\/fr\/wp-json\/wp\/v2\/pages"}],"about":[{"href":"https:\/\/www.vicivision.com\/fr\/wp-json\/wp\/v2\/types\/page"}],"author":[{"embeddable":true,"href":"https:\/\/www.vicivision.com\/fr\/wp-json\/wp\/v2\/users\/2"}],"replies":[{"embeddable":true,"href":"https:\/\/www.vicivision.com\/fr\/wp-json\/wp\/v2\/comments?post=50650"}],"version-history":[{"count":0,"href":"https:\/\/www.vicivision.com\/fr\/wp-json\/wp\/v2\/pages\/50650\/revisions"}],"wp:attachment":[{"href":"https:\/\/www.vicivision.com\/fr\/wp-json\/wp\/v2\/media?parent=50650"}],"curies":[{"name":"wp","href":"https:\/\/api.w.org\/{rel}","templated":true}]}}