{"id":42527,"date":"2021-01-22T11:58:43","date_gmt":"2021-01-22T10:58:43","guid":{"rendered":"https:\/\/www.vicivision.com\/?page_id=42527"},"modified":"2021-04-01T10:20:53","modified_gmt":"2021-04-01T08:20:53","slug":"mesure-micromecanique-vicivision","status":"publish","type":"page","link":"https:\/\/www.vicivision.com\/fr\/mesure-micromecanique-vicivision\/","title":{"rendered":"PARDOT &#8211; X360_ENG"},"content":{"rendered":"<div class=\"wpb-content-wrapper\"><p>[vc_row gap=\u00a0\u00bb5&Prime; equal_height=\u00a0\u00bbyes\u00a0\u00bb css=\u00a0\u00bb.vc_custom_1614674828049{margin-bottom: 0px !important;padding-right: 0% !important;padding-left: 0% !important;}\u00a0\u00bb el_id=\u00a0\u00bbflayer\u00a0\u00bb][vc_column][vc_column_text]<\/p>\n<h3><strong><br \/>\nOFFREZ UNE QUALIT\u00c9 Z\u00c9RO D\u00c9FAUT ET AUGMENTEZ VOS PROFITS!<br \/>\nVOICI TROIS CONSEILS QUI VOUS RENDRONT UNIQUE.<\/strong><\/h3>\n<p>&nbsp;<\/p>\n<p>Vous trouverez ci-dessous trois conseils avec un avantage imm\u00e9diat que de nombreux tourneurs du secteur utilisent d\u00e9j\u00e0.<br \/>\nId\u00e9al pour ceux qui font du tournage d&rsquo;implants dentaires, de proth\u00e8ses et de vis \u00e0 os, de microm\u00e9canique et d&rsquo;horlogerie.<\/p>\n<ol>\n<li><strong><u>Gagner de l&rsquo;argent avec de petits lots.<\/u><\/strong><\/li>\n<\/ol>\n<p>Combien de r\u00e9 outillages par jour faites-vous dans votre atelier?<br \/>\nA combien estimez-vous le co\u00fbt horaire d&rsquo;un temps d&rsquo;arr\u00eat du tour?<\/p>\n<p>D\u00e9couvrez comment r\u00e9duire les temps d&rsquo;arr\u00eat.<\/p>\n<p>D\u00e9tectez les dimensions des pi\u00e8ces en quelques secondes et transf\u00e9rez-les imm\u00e9diatement au tour \u00e0 commande num\u00e9rique.<\/p>\n<p><strong>Gagnez jusqu&rsquo;\u00e0 40 minutes sur chaque changement de lot<\/strong>.<\/p>\n<ol start=\"2\">\n<li><strong><u>\u00c9liminez les d\u00e9chets.<\/u><\/strong><\/li>\n<\/ol>\n<p>Combien de mat\u00e9riaux gaspillez-vous en un an?<br \/>\nEt que se passe-t-il si les rebuts arrivent chez le client?<\/p>\n<p><strong>Profitez d&rsquo;un syst\u00e8me de mesure \u00e0 c\u00f4t\u00e9 du tour qui vous permet d&rsquo;\u00e9viter les pi\u00e8ces de rebut<\/strong>.<\/p>\n<ol start=\"3\">\n<li><strong><u>Battre la concurrence.<\/u><\/strong><\/li>\n<\/ol>\n<p>Dans quelle mesure la qualit\u00e9 et la r\u00e9putation influencent-elles votre choix d&rsquo;un fournisseur?<br \/>\nQuel est le co\u00fbt des plaintes? Et qu&rsquo;en est-il des audits de qualit\u00e9?<\/p>\n<p><strong>Suivez la qualit\u00e9 sans frais, \u00e9vitez les r\u00e9clamations, mettez vos performances en valeur<\/strong>.<\/p>\n<p>&nbsp;<\/p>\n<p>Vous voulez savoir comment mettre tout cela en pratique?<\/p>\n<p>Avec l&rsquo;outil de <strong>mesure optique VICIVISION<\/strong> con\u00e7u pour les <strong>producteurs d&rsquo;implants et de micro-composants dentaires<\/strong>.<\/p>\n<p>Il sera facile \u00e0 utiliser et vous <strong>amortirez l&rsquo;investissement en 3 mois environ<\/strong>.<\/p>\n<p>D\u00e8s lors, vous augmenterez votre marge et battrez la concurrence.<\/p>\n<p>&nbsp;<\/p>\n<p>Remplissez le formulaire. Vous recevrez:<\/p>\n<ul>\n<li>Des informations sur la s\u00e9rie X, un appareil de mesure sp\u00e9cialement con\u00e7u pour les industries dentaire, biom\u00e9dicale et horlog\u00e8re<\/li>\n<li>Un guide pratique par semaine.<\/li>\n<\/ul>\n<p>[\/vc_column_text][\/vc_column][\/vc_row]<\/p>\n<\/div>","protected":false},"excerpt":{"rendered":"<p>[vc_row gap=\u00a0\u00bb5&Prime; equal_height=\u00a0\u00bbyes\u00a0\u00bb css=\u00a0\u00bb.vc_custom_1614674828049{margin-bottom: 0px !important;padding-right: 0% !important;padding-left: 0% !important;}\u00a0\u00bb el_id=\u00a0\u00bbflayer\u00a0\u00bb][vc_column][vc_column_text] OFFREZ UNE QUALIT\u00c9 Z\u00c9RO D\u00c9FAUT ET AUGMENTEZ VOS PROFITS! VOICI TROIS CONSEILS QUI VOUS RENDRONT UNIQUE. &nbsp; Vous trouverez ci-dessous trois conseils avec un avantage imm\u00e9diat que de nombreux tourneurs du secteur utilisent d\u00e9j\u00e0. Id\u00e9al pour ceux qui font du tournage d&rsquo;implants dentaires, de<\/p>\n<div class=\"more\"><a class=\"more-link btn btn-green ion-ios7-arrow-forward\" href=\"https:\/\/www.vicivision.com\/fr\/mesure-micromecanique-vicivision\/\">En savoir plus<\/a><\/div>\n","protected":false},"author":2,"featured_media":0,"parent":0,"menu_order":0,"comment_status":"closed","ping_status":"closed","template":"template-form-handler.php","meta":{"footnotes":""},"class_list":["post-42527","page","type-page","status-publish","hentry"],"acf":[],"_links":{"self":[{"href":"https:\/\/www.vicivision.com\/fr\/wp-json\/wp\/v2\/pages\/42527","targetHints":{"allow":["GET"]}}],"collection":[{"href":"https:\/\/www.vicivision.com\/fr\/wp-json\/wp\/v2\/pages"}],"about":[{"href":"https:\/\/www.vicivision.com\/fr\/wp-json\/wp\/v2\/types\/page"}],"author":[{"embeddable":true,"href":"https:\/\/www.vicivision.com\/fr\/wp-json\/wp\/v2\/users\/2"}],"replies":[{"embeddable":true,"href":"https:\/\/www.vicivision.com\/fr\/wp-json\/wp\/v2\/comments?post=42527"}],"version-history":[{"count":0,"href":"https:\/\/www.vicivision.com\/fr\/wp-json\/wp\/v2\/pages\/42527\/revisions"}],"wp:attachment":[{"href":"https:\/\/www.vicivision.com\/fr\/wp-json\/wp\/v2\/media?parent=42527"}],"curies":[{"name":"wp","href":"https:\/\/api.w.org\/{rel}","templated":true}]}}