{"id":42488,"date":"2021-01-21T12:13:07","date_gmt":"2021-01-21T11:13:07","guid":{"rendered":"https:\/\/www.vicivision.com\/pardot-twc_fr\/"},"modified":"2021-04-01T10:20:19","modified_gmt":"2021-04-01T08:20:19","slug":"compensation-de-usure-de-outil","status":"publish","type":"page","link":"https:\/\/www.vicivision.com\/fr\/compensation-de-usure-de-outil\/","title":{"rendered":"PARDOT &#8211; twc_ENG"},"content":{"rendered":"<div class=\"wpb-content-wrapper\"><p>[vc_row gap=\u00a0\u00bb5&Prime; equal_height=\u00a0\u00bbyes\u00a0\u00bb css=\u00a0\u00bb.vc_custom_1614674564198{margin-bottom: 0px !important;padding-right: 0% !important;padding-left: 0% !important;}\u00a0\u00bb el_id=\u00a0\u00bbflayer\u00a0\u00bb][vc_column][vc_column_text]<\/p>\n<h3><strong><br \/>\nRESTER AU COURANT DES CHANGEMENTS DANS LES PROCESSUS DE PRODUCTION \u00c0 L&rsquo;\u00c8RE DE L&rsquo;INDUSTRIE 4.0.<br \/>\n<\/strong><\/h3>\n<p>&nbsp;<\/p>\n<p>En <strong>interrogeant les responsables de la qualit\u00e9 et de la production<\/strong>, nous constatons que les plus grands d\u00e9fis sont:<\/p>\n<p>Disposer de <strong>solutions \u00e0 la fois flexibles et rapides<\/strong><br \/>\nInspecter en dehors de la salle de m\u00e9trologie tout en<strong> maintenant la tra\u00e7abilit\u00e9 et le contr\u00f4le des donn\u00e9es<\/strong><br \/>\nFormer les op\u00e9rateurs pour qu&rsquo;ils aient <strong>z\u00e9ro d\u00e9faut<\/strong> avec une grande variabilit\u00e9 des codes<br \/>\nContr\u00f4ler en permanence et <strong>corriger \u00e0 temps<\/strong>.<\/p>\n<p>Le logiciel <strong>TWC lit les fichiers CSV<\/strong>, les traite, calcule les d\u00e9calages, puis les met \u00e0 disposition d&rsquo;un automate via une <strong>connexion Profinet ou Profibus<\/strong>, pour mettre en \u0153uvre la <strong>compensation automatique<\/strong>.[\/vc_column_text][\/vc_column][\/vc_row]<\/p>\n<\/div>","protected":false},"excerpt":{"rendered":"<p>[vc_row gap=\u00a0\u00bb5&Prime; equal_height=\u00a0\u00bbyes\u00a0\u00bb css=\u00a0\u00bb.vc_custom_1614674564198{margin-bottom: 0px !important;padding-right: 0% !important;padding-left: 0% !important;}\u00a0\u00bb el_id=\u00a0\u00bbflayer\u00a0\u00bb][vc_column][vc_column_text] RESTER AU COURANT DES CHANGEMENTS DANS LES PROCESSUS DE PRODUCTION \u00c0 L&rsquo;\u00c8RE DE L&rsquo;INDUSTRIE 4.0. &nbsp; En interrogeant les responsables de la qualit\u00e9 et de la production, nous constatons que les plus grands d\u00e9fis sont: Disposer de solutions \u00e0 la fois flexibles et rapides<\/p>\n<div class=\"more\"><a class=\"more-link btn btn-green ion-ios7-arrow-forward\" href=\"https:\/\/www.vicivision.com\/fr\/compensation-de-usure-de-outil\/\">En savoir plus<\/a><\/div>\n","protected":false},"author":2,"featured_media":0,"parent":0,"menu_order":0,"comment_status":"closed","ping_status":"closed","template":"template-form-handler.php","meta":{"footnotes":""},"class_list":["post-42488","page","type-page","status-publish","hentry"],"acf":[],"_links":{"self":[{"href":"https:\/\/www.vicivision.com\/fr\/wp-json\/wp\/v2\/pages\/42488","targetHints":{"allow":["GET"]}}],"collection":[{"href":"https:\/\/www.vicivision.com\/fr\/wp-json\/wp\/v2\/pages"}],"about":[{"href":"https:\/\/www.vicivision.com\/fr\/wp-json\/wp\/v2\/types\/page"}],"author":[{"embeddable":true,"href":"https:\/\/www.vicivision.com\/fr\/wp-json\/wp\/v2\/users\/2"}],"replies":[{"embeddable":true,"href":"https:\/\/www.vicivision.com\/fr\/wp-json\/wp\/v2\/comments?post=42488"}],"version-history":[{"count":0,"href":"https:\/\/www.vicivision.com\/fr\/wp-json\/wp\/v2\/pages\/42488\/revisions"}],"wp:attachment":[{"href":"https:\/\/www.vicivision.com\/fr\/wp-json\/wp\/v2\/media?parent=42488"}],"curies":[{"name":"wp","href":"https:\/\/api.w.org\/{rel}","templated":true}]}}