{"id":41756,"date":"2020-10-05T15:31:56","date_gmt":"2020-10-05T13:31:56","guid":{"rendered":"https:\/\/www.vicivision.com\/pardot-touch-probe\/"},"modified":"2021-04-01T10:19:29","modified_gmt":"2021-04-01T08:19:29","slug":"systeme-de-palpage-pour-mesure","status":"publish","type":"page","link":"https:\/\/www.vicivision.com\/fr\/systeme-de-palpage-pour-mesure\/","title":{"rendered":"PARDOT &#8211; Touch Probe"},"content":{"rendered":"<div class=\"wpb-content-wrapper\"><p>[vc_row gap=\u00a0\u00bb5&Prime; equal_height=\u00a0\u00bbyes\u00a0\u00bb css=\u00a0\u00bb.vc_custom_1614175210718{margin-bottom: 0px !important;padding-right: 0% !important;padding-left: 0% !important;}\u00a0\u00bb el_id=\u00a0\u00bbflayer\u00a0\u00bb][vc_column][vc_empty_space][vc_column_text]<\/p>\n<div class=\"wpb_text_column wpb_content_element \">\n<div class=\"wpb_wrapper\">\n<h3><strong>UN SYST\u00c8ME DE MESURE, PLUSIEURS CHOIX.<\/strong><\/h3>\n<\/div>\n<\/div>\n<div class=\"wpb_text_column wpb_content_element \">\n<div class=\"wpb_wrapper\">\n<p>VICIVISION propose une fonction de mesure enti\u00e8rement nouvelle pour les arbres, en combinant la m\u00e9thode du savoir-faire optique avec un\u00a0<strong>syst\u00e8me de mesure tactile<\/strong>.<\/p>\n<p>Le\u00a0<strong>syst\u00e8me de mesure optique<\/strong>, compos\u00e9 d\u2019une optique t\u00e9l\u00e9centrique, d\u2019une source de lumi\u00e8re, d\u2019un syst\u00e8me de rotation et de capteurs, fournit depuis des ann\u00e9es une large liste de mesures \u00e0 des centaines de fabricants d\u2019arbres.<\/p>\n<p>Aujourd\u2019hui, la\u00a0<strong>combinaison des fonctions optiques et tactiles<\/strong>\u00a0permet un contr\u00f4le complet de la mesure des pi\u00e8ces tourn\u00e9es en un seul cycle.<\/p>\n<p>Ce syst\u00e8me de mesure au rapport qualit\u00e9-prix imbattable est maintenant enrichi d\u2019un capteur\u00a0<strong>Renishaw<\/strong>, mont\u00e9 sur le dessus de l\u2019axe optique.\u00a0<strong>La sonde est interchangeable<\/strong>\u00a0et couvre tout le champ de mesure.<\/p>\n<p>Alors que le syst\u00e8me de mesure optique fournit rapidement des mesures statiques, g\u00e9om\u00e9triques et de filetage, de forme et d\u2019\u00e9crou, le\u00a0<strong>syst\u00e8me de palpage<\/strong>\u00a0d\u00e9tecte les caract\u00e9ristiques qui ne sont pas visibles optiquement.<\/p>\n<p>La combinaison optique et tactile donne \u00e0 l\u2019utilisateur final la possibilit\u00e9 de mesurer:<\/p>\n<p><b>Faux-rond axial et axial total<br \/>\n<\/b><b>Longueurs avec d\u00e9tection des points de contre-d\u00e9pouille<br \/>\n<\/b><b>Fente de clavette<br \/>\n<\/b><b>Profondeur de la rainure de clavette<br \/>\n<\/b><b>Largeur de la rainure de clavette<br \/>\n<\/b><b>Longueur de la rainure de clavette<\/b><\/p>\n<\/div>\n<\/div>\n<p>[\/vc_column_text][\/vc_column][\/vc_row]<\/p>\n<\/div>","protected":false},"excerpt":{"rendered":"<p>[vc_row gap=\u00a0\u00bb5&Prime; equal_height=\u00a0\u00bbyes\u00a0\u00bb css=\u00a0\u00bb.vc_custom_1614175210718{margin-bottom: 0px !important;padding-right: 0% !important;padding-left: 0% !important;}\u00a0\u00bb el_id=\u00a0\u00bbflayer\u00a0\u00bb][vc_column][vc_empty_space][vc_column_text] UN SYST\u00c8ME DE MESURE, PLUSIEURS CHOIX. VICIVISION propose une fonction de mesure enti\u00e8rement nouvelle pour les arbres, en combinant la m\u00e9thode du savoir-faire optique avec un\u00a0syst\u00e8me de mesure tactile. Le\u00a0syst\u00e8me de mesure optique, compos\u00e9 d\u2019une optique t\u00e9l\u00e9centrique, d\u2019une source de lumi\u00e8re, d\u2019un syst\u00e8me de<\/p>\n<div class=\"more\"><a class=\"more-link btn btn-green ion-ios7-arrow-forward\" href=\"https:\/\/www.vicivision.com\/fr\/systeme-de-palpage-pour-mesure\/\">En savoir plus<\/a><\/div>\n","protected":false},"author":5,"featured_media":0,"parent":0,"menu_order":0,"comment_status":"closed","ping_status":"closed","template":"template-form-handler.php","meta":{"footnotes":""},"class_list":["post-41756","page","type-page","status-publish","hentry"],"acf":[],"_links":{"self":[{"href":"https:\/\/www.vicivision.com\/fr\/wp-json\/wp\/v2\/pages\/41756","targetHints":{"allow":["GET"]}}],"collection":[{"href":"https:\/\/www.vicivision.com\/fr\/wp-json\/wp\/v2\/pages"}],"about":[{"href":"https:\/\/www.vicivision.com\/fr\/wp-json\/wp\/v2\/types\/page"}],"author":[{"embeddable":true,"href":"https:\/\/www.vicivision.com\/fr\/wp-json\/wp\/v2\/users\/5"}],"replies":[{"embeddable":true,"href":"https:\/\/www.vicivision.com\/fr\/wp-json\/wp\/v2\/comments?post=41756"}],"version-history":[{"count":0,"href":"https:\/\/www.vicivision.com\/fr\/wp-json\/wp\/v2\/pages\/41756\/revisions"}],"wp:attachment":[{"href":"https:\/\/www.vicivision.com\/fr\/wp-json\/wp\/v2\/media?parent=41756"}],"curies":[{"name":"wp","href":"https:\/\/api.w.org\/{rel}","templated":true}]}}