{"id":41741,"date":"2020-10-05T16:09:16","date_gmt":"2020-10-05T14:09:16","guid":{"rendered":"https:\/\/www.vicivision.com\/pardot-serie-m\/"},"modified":"2021-04-01T10:07:51","modified_gmt":"2021-04-01T08:07:51","slug":"instrument-de-mesure-optique-haute-precision","status":"publish","type":"page","link":"https:\/\/www.vicivision.com\/fr\/instrument-de-mesure-optique-haute-precision\/","title":{"rendered":"PARDOT &#8211; Serie M"},"content":{"rendered":"<div class=\"wpb-content-wrapper\"><p>[vc_row gap=\u00a0\u00bb5&Prime; equal_height=\u00a0\u00bbyes\u00a0\u00bb css=\u00a0\u00bb.vc_custom_1614673845301{margin-bottom: 0px !important;padding-right: 0% !important;padding-left: 0% !important;}\u00a0\u00bb el_id=\u00a0\u00bbflayer\u00a0\u00bb][vc_column][vc_column_text]<\/p>\n<h3><strong><br \/>\n<\/strong><strong>450 ENTREPRISES DE D\u00c9COLLETAGE EN ITALIE ET PLUS DE 3000 DANS LE MONDE ONT D\u00c9J\u00c0 PRIS DES MESURES POUR AUGMENTER LEURS MARGES B\u00c9N\u00c9FICIAIRES.<br \/>\nCELA PEUT VOUS SEMBLER BEAUCOUP, MAIS IL NE S&rsquo;AGIT QUE DES PREMIERS : LES EARLY ADOPTERS R\u00c9COLTENT LES B\u00c9N\u00c9FICES.<\/strong><\/h3>\n<p>&nbsp;<\/p>\n<p>L&rsquo;<strong>augmentation des b\u00e9n\u00e9fices<\/strong> est une priorit\u00e9 pour la plupart des entreprises.<\/p>\n<p>Il existe trois fa\u00e7ons d&rsquo;y parvenir:<\/p>\n<p><strong>Produire plus,<br \/>\n<\/strong><strong>R\u00e9duire les rejets,<br \/>\n<\/strong><strong>Facturer plus cher.<\/strong><\/p>\n<p>Vous pouvez avoir les trois<strong> sans investir dans de nouveaux tours CNC ou de nouvelles machines \u00e0 rectifier.<\/strong><\/p>\n<p>Comment?<\/p>\n<p>Voyons cela ensemble:<\/p>\n<p>Si j&rsquo;<strong>\u00e9limine les temps d&rsquo;arr\u00eat<\/strong>, est-ce que je produis davantage ?<br \/>\nSi je <strong>corrige les param\u00e8tres de l&rsquo;outil avant de produire des pi\u00e8ces de rebut<\/strong>, est-ce que je r\u00e9duis les rejets ?<br \/>\nSi j&rsquo;<strong>offre une meilleure qualit\u00e9<\/strong>, puis-je facturer davantage ?<\/p>\n<p><strong>Tout cela sans changer les machines de production.<\/strong><\/p>\n<p>Profitez d&rsquo;une machine \u00e0 mesurer optique d&rsquo;atelier con\u00e7ue pour les pi\u00e8ces tourn\u00e9es.<\/p>\n<p>Les machines de mesure optique <strong>VICIVISION vous permettent<\/strong>:<\/p>\n<p>Une <strong>augmentation de l&rsquo;efficacit\u00e9 jusqu&rsquo;\u00e0 37%<\/strong> en acc\u00e9l\u00e9rant le changement de lot<br \/>\nLa certitude d&rsquo;un <strong>lot 100% conforme gr\u00e2ce \u00e0 la correction automatique des param\u00e8tres<\/strong> de l&rsquo;outil<br \/>\nUne t<strong>ra\u00e7abilit\u00e9 de la qualit\u00e9<\/strong> \u00e0 co\u00fbt nul.<\/p>\n<p>&nbsp;<\/p>\n<p>Et vous, pensez-vous vraiment que vous exploitez tout votre potentiel ? Voulez-vous encore investir dans d&rsquo;autres machines de production?<\/p>\n<p>&nbsp;<\/p>\n<p>Vous voulez en savoir plus?<\/p>\n<p>Remplissez le formulaire. Vous recevrez:<\/p>\n<ul>\n<li>Des informations sur la S\u00e9rie M, une solution de mesure d\u00e9di\u00e9e \u00e0 la sous-traitance et au tournage<\/li>\n<li>Un guide par semaine sur la fa\u00e7on de produire plus, de r\u00e9duire les rejets, d&rsquo;\u00eatre plus flexible et de battre la concurrence.<\/li>\n<\/ul>\n<p>[\/vc_column_text][\/vc_column][\/vc_row]<\/p>\n<\/div>","protected":false},"excerpt":{"rendered":"<p>[vc_row gap=\u00a0\u00bb5&Prime; equal_height=\u00a0\u00bbyes\u00a0\u00bb css=\u00a0\u00bb.vc_custom_1614673845301{margin-bottom: 0px !important;padding-right: 0% !important;padding-left: 0% !important;}\u00a0\u00bb el_id=\u00a0\u00bbflayer\u00a0\u00bb][vc_column][vc_column_text] 450 ENTREPRISES DE D\u00c9COLLETAGE EN ITALIE ET PLUS DE 3000 DANS LE MONDE ONT D\u00c9J\u00c0 PRIS DES MESURES POUR AUGMENTER LEURS MARGES B\u00c9N\u00c9FICIAIRES. CELA PEUT VOUS SEMBLER BEAUCOUP, MAIS IL NE S&rsquo;AGIT QUE DES PREMIERS : LES EARLY ADOPTERS R\u00c9COLTENT LES B\u00c9N\u00c9FICES. &nbsp; L&rsquo;augmentation<\/p>\n<div class=\"more\"><a class=\"more-link btn btn-green ion-ios7-arrow-forward\" href=\"https:\/\/www.vicivision.com\/fr\/instrument-de-mesure-optique-haute-precision\/\">En savoir plus<\/a><\/div>\n","protected":false},"author":5,"featured_media":0,"parent":0,"menu_order":0,"comment_status":"closed","ping_status":"closed","template":"template-form-handler.php","meta":{"footnotes":""},"class_list":["post-41741","page","type-page","status-publish","hentry"],"acf":[],"_links":{"self":[{"href":"https:\/\/www.vicivision.com\/fr\/wp-json\/wp\/v2\/pages\/41741","targetHints":{"allow":["GET"]}}],"collection":[{"href":"https:\/\/www.vicivision.com\/fr\/wp-json\/wp\/v2\/pages"}],"about":[{"href":"https:\/\/www.vicivision.com\/fr\/wp-json\/wp\/v2\/types\/page"}],"author":[{"embeddable":true,"href":"https:\/\/www.vicivision.com\/fr\/wp-json\/wp\/v2\/users\/5"}],"replies":[{"embeddable":true,"href":"https:\/\/www.vicivision.com\/fr\/wp-json\/wp\/v2\/comments?post=41741"}],"version-history":[{"count":0,"href":"https:\/\/www.vicivision.com\/fr\/wp-json\/wp\/v2\/pages\/41741\/revisions"}],"wp:attachment":[{"href":"https:\/\/www.vicivision.com\/fr\/wp-json\/wp\/v2\/media?parent=41741"}],"curies":[{"name":"wp","href":"https:\/\/api.w.org\/{rel}","templated":true}]}}