{"id":41734,"date":"2020-10-05T15:29:38","date_gmt":"2020-10-05T13:29:38","guid":{"rendered":"https:\/\/www.vicivision.com\/pardot-raccordi\/"},"modified":"2021-04-01T10:07:21","modified_gmt":"2021-04-01T08:07:21","slug":"solutions-de-mesure-automatiques","status":"publish","type":"page","link":"https:\/\/www.vicivision.com\/fr\/solutions-de-mesure-automatiques\/","title":{"rendered":"PARDOT &#8211; Raccordi"},"content":{"rendered":"<div class=\"wpb-content-wrapper\"><p>[vc_row css=\u00a0\u00bb.vc_custom_1614175379379{padding-right: 0px !important;padding-left: 0px !important;}\u00a0\u00bb][vc_column][vc_empty_space][vc_column_text]<\/p>\n<h3><strong>COMMENT LES MESURER EN QUELQUES SECONDES.<\/strong><br \/>\nUn outil logiciel sp\u00e9cifique pour mesurer les \u00e9l\u00e9ments filet\u00e9s, les raccords, les vis et les boulons.<\/h3>\n<p>&nbsp;<\/p>\n<p>Il est souvent difficile pour les fabricants d&rsquo;obtenir des r\u00e9sultats pr\u00e9cis et objectifs lorsqu&rsquo;ils mesurent des filets tourn\u00e9s, des caract\u00e9ristiques typiques des raccords et des filets roul\u00e9s.<\/p>\n<p>En travaillant \u00e9troitement avec nos clients pour comprendre leurs besoins, nous avons d\u00e9velopp\u00e9 un logiciel sp\u00e9cifique pour mesurer les raccords.<\/p>\n<p>En plus des mesures standard (c&rsquo;est-\u00e0-dire le diam\u00e8tre, la longueur, l&rsquo;angle, le rayon et les chanfreins), des dimensions sp\u00e9cifiques pour les pi\u00e8ces filet\u00e9es peuvent \u00eatre obtenues.<\/p>\n<p>Un seul logiciel permet de mesurer automatiquement les raccords et les filetages tourn\u00e9s, ainsi que les vis ou les boulons, en quelques secondes.[\/vc_column_text][\/vc_column][\/vc_row]<\/p>\n<\/div>","protected":false},"excerpt":{"rendered":"<p>[vc_row css=\u00a0\u00bb.vc_custom_1614175379379{padding-right: 0px !important;padding-left: 0px !important;}\u00a0\u00bb][vc_column][vc_empty_space][vc_column_text] COMMENT LES MESURER EN QUELQUES SECONDES. Un outil logiciel sp\u00e9cifique pour mesurer les \u00e9l\u00e9ments filet\u00e9s, les raccords, les vis et les boulons. &nbsp; Il est souvent difficile pour les fabricants d&rsquo;obtenir des r\u00e9sultats pr\u00e9cis et objectifs lorsqu&rsquo;ils mesurent des filets tourn\u00e9s, des caract\u00e9ristiques typiques des raccords et des filets<\/p>\n<div class=\"more\"><a class=\"more-link btn btn-green ion-ios7-arrow-forward\" href=\"https:\/\/www.vicivision.com\/fr\/solutions-de-mesure-automatiques\/\">En savoir plus<\/a><\/div>\n","protected":false},"author":5,"featured_media":0,"parent":0,"menu_order":0,"comment_status":"closed","ping_status":"closed","template":"template-form-handler.php","meta":{"footnotes":""},"class_list":["post-41734","page","type-page","status-publish","hentry"],"acf":[],"_links":{"self":[{"href":"https:\/\/www.vicivision.com\/fr\/wp-json\/wp\/v2\/pages\/41734","targetHints":{"allow":["GET"]}}],"collection":[{"href":"https:\/\/www.vicivision.com\/fr\/wp-json\/wp\/v2\/pages"}],"about":[{"href":"https:\/\/www.vicivision.com\/fr\/wp-json\/wp\/v2\/types\/page"}],"author":[{"embeddable":true,"href":"https:\/\/www.vicivision.com\/fr\/wp-json\/wp\/v2\/users\/5"}],"replies":[{"embeddable":true,"href":"https:\/\/www.vicivision.com\/fr\/wp-json\/wp\/v2\/comments?post=41734"}],"version-history":[{"count":0,"href":"https:\/\/www.vicivision.com\/fr\/wp-json\/wp\/v2\/pages\/41734\/revisions"}],"wp:attachment":[{"href":"https:\/\/www.vicivision.com\/fr\/wp-json\/wp\/v2\/media?parent=41734"}],"curies":[{"name":"wp","href":"https:\/\/api.w.org\/{rel}","templated":true}]}}