{"id":41688,"date":"2020-10-05T11:53:24","date_gmt":"2020-10-05T09:53:24","guid":{"rendered":"https:\/\/www.vicivision.com\/pardot-alberi-a-gomito\/"},"modified":"2021-04-01T10:05:34","modified_gmt":"2021-04-01T08:05:34","slug":"mesurer-les-vilebrequins","status":"publish","type":"page","link":"https:\/\/www.vicivision.com\/fr\/mesurer-les-vilebrequins\/","title":{"rendered":"PARDOT &#8211; Alberi a gomito"},"content":{"rendered":"<div class=\"wpb-content-wrapper\"><p>[vc_row gap=\u00a0\u00bb5&Prime; equal_height=\u00a0\u00bbyes\u00a0\u00bb css=\u00a0\u00bb.vc_custom_1614174538793{margin-bottom: 0px !important;padding-right: 0% !important;padding-left: 0% !important;}\u00a0\u00bb el_id=\u00a0\u00bbflayer\u00a0\u00bb][vc_column][vc_column_text]<\/p>\n<h3><strong>COMMENT OFFRIR QUALIT\u00c9 ET EFFICACIT\u00c9 DANS UN SC\u00c9NARIO EN \u00c9VOLUTION.<\/strong><\/h3>\n<p>&nbsp;<\/p>\n<p>L&rsquo;<strong>industrie automobile<\/strong> est actuellement en pleine transformation, caract\u00e9ris\u00e9e par une \u00e9volution progressive vers les v\u00e9hicules \u00e9lectriques.<\/p>\n<p>Dans ce secteur en constante \u00e9volution, caract\u00e9ris\u00e9 par une production all\u00e9g\u00e9e, des lots de petite taille et des stocks r\u00e9duits, les <strong>fabricants sont \u00e0 la recherche de solutions flexibles<\/strong> pour faire face \u00e0 la variabilit\u00e9 accrue des produits.<\/p>\n<p>Les grandes s\u00e9ries de production font place \u00e0 la <strong>variabilit\u00e9 et les petites cellules<\/strong> de fabrication flexibles sont souvent pr\u00e9f\u00e9r\u00e9es aux lignes de production rigides.<\/p>\n<p>Les <strong>instruments de mesure<\/strong> suivent les m\u00eames r\u00e8gles : <strong>flexibilit\u00e9, adaptabilit\u00e9 et polyvalence<\/strong>. Ils sont con\u00e7us pour soutenir les processus de fabrication et doivent donc, naturellement, <strong>\u00eatre install\u00e9s dans l&rsquo;atelier<\/strong>.<\/p>\n<p>Dans un environnement de production, le calibrage dur et la mesure par contact peuvent s&rsquo;av\u00e9rer co\u00fbteux, lents et n\u00e9cessitant beaucoup de maintenance. En outre, lorsqu&rsquo;il s&rsquo;agit de volumes \u00e9lev\u00e9s, les jauges typiques sont sujettes \u00e0 l&rsquo;usure ou aux dommages. Cela vaut m\u00eame pour les machines hautement sp\u00e9cifiques d&rsquo;inspection de vilebrequins.<\/p>\n<p>L&rsquo;usure et l&rsquo;endommagement des instruments dans l&rsquo;atelier n\u00e9cessitent une maintenance et des temps d&rsquo;arr\u00eat qui, s&rsquo;ils ne sont pas effectu\u00e9s \u00e0 temps, peuvent compromettre la rentabilit\u00e9 du travail.<\/p>\n<p><strong>Des r\u00e9sultats pr\u00e9cis et objectifs sont essentiels ! C&rsquo;est pourquoi VICIVISION a d\u00e9velopp\u00e9 un outil logiciel sp\u00e9cifique d\u00e9di\u00e9 aux mesures de vilebrequins directement dans l&rsquo;atelier.<\/strong>[\/vc_column_text][\/vc_column][\/vc_row]<\/p>\n<\/div>","protected":false},"excerpt":{"rendered":"<p>[vc_row gap=\u00a0\u00bb5&Prime; equal_height=\u00a0\u00bbyes\u00a0\u00bb css=\u00a0\u00bb.vc_custom_1614174538793{margin-bottom: 0px !important;padding-right: 0% !important;padding-left: 0% !important;}\u00a0\u00bb el_id=\u00a0\u00bbflayer\u00a0\u00bb][vc_column][vc_column_text] COMMENT OFFRIR QUALIT\u00c9 ET EFFICACIT\u00c9 DANS UN SC\u00c9NARIO EN \u00c9VOLUTION. &nbsp; L&rsquo;industrie automobile est actuellement en pleine transformation, caract\u00e9ris\u00e9e par une \u00e9volution progressive vers les v\u00e9hicules \u00e9lectriques. Dans ce secteur en constante \u00e9volution, caract\u00e9ris\u00e9 par une production all\u00e9g\u00e9e, des lots de petite taille et<\/p>\n<div class=\"more\"><a class=\"more-link btn btn-green ion-ios7-arrow-forward\" href=\"https:\/\/www.vicivision.com\/fr\/mesurer-les-vilebrequins\/\">En savoir plus<\/a><\/div>\n","protected":false},"author":5,"featured_media":0,"parent":0,"menu_order":0,"comment_status":"closed","ping_status":"closed","template":"template-form-handler.php","meta":{"footnotes":""},"class_list":["post-41688","page","type-page","status-publish","hentry"],"acf":[],"_links":{"self":[{"href":"https:\/\/www.vicivision.com\/fr\/wp-json\/wp\/v2\/pages\/41688","targetHints":{"allow":["GET"]}}],"collection":[{"href":"https:\/\/www.vicivision.com\/fr\/wp-json\/wp\/v2\/pages"}],"about":[{"href":"https:\/\/www.vicivision.com\/fr\/wp-json\/wp\/v2\/types\/page"}],"author":[{"embeddable":true,"href":"https:\/\/www.vicivision.com\/fr\/wp-json\/wp\/v2\/users\/5"}],"replies":[{"embeddable":true,"href":"https:\/\/www.vicivision.com\/fr\/wp-json\/wp\/v2\/comments?post=41688"}],"version-history":[{"count":0,"href":"https:\/\/www.vicivision.com\/fr\/wp-json\/wp\/v2\/pages\/41688\/revisions"}],"wp:attachment":[{"href":"https:\/\/www.vicivision.com\/fr\/wp-json\/wp\/v2\/media?parent=41688"}],"curies":[{"name":"wp","href":"https:\/\/api.w.org\/{rel}","templated":true}]}}