{"id":11080,"date":"2015-12-03T09:13:03","date_gmt":"2015-12-03T08:13:03","guid":{"rendered":"https:\/\/www.vicivision.com\/video\/"},"modified":"2025-07-08T08:51:18","modified_gmt":"2025-07-08T06:51:18","slug":"videos-of-vici-vision-optical-measuring-machines","status":"publish","type":"page","link":"https:\/\/www.vicivision.com\/fr\/videos-of-vici-vision-optical-measuring-machines\/","title":{"rendered":"Videos"},"content":{"rendered":"<div class=\"wpb-content-wrapper\"><p>[vc_row][vc_column][vc_video link=\u00a0\u00bbhttps:\/\/youtu.be\/l4QLyFKB7oE\u00a0\u00bb][vc_column_text]<\/p>\n<h4 style=\"text-align: center;\">Vici&amp;C &#8211; Beyond the Name<br \/>\nA story shaped by people, ideas and ambition<\/h4>\n<p>[\/vc_column_text][\/vc_column][\/vc_row][vc_row][vc_column][vc_video link=\u00a0\u00bbhttps:\/\/youtu.be\/Pb2FyqWdbvU?si=eEsrNFLQxzmfI98F\u00a0\u00bb][vc_column_text]<\/p>\n<h4 style=\"text-align: center;\">La nouvelle gamme de machines \u00e0 mesurer optiques VICIVISION.<br \/>\nS\u00c9RIE TECHNO | S\u00c9RIE X | S\u00c9RIE PRIMA<\/h4>\n<p>[\/vc_column_text][vc_empty_space height=\u00a0\u00bb62px\u00a0\u00bb][vc_video link=\u00a0\u00bbhttps:\/\/youtu.be\/1ZduZdWdrv0&Prime;][vc_column_text]<\/p>\n<h4 style=\"text-align: center;\">VICIVISION &amp; Robot \u2013 Int\u00e9gration pour augmenter la production<\/h4>\n<p>[\/vc_column_text][vc_empty_space height=\u00a0\u00bb62px\u00a0\u00bb][\/vc_column][\/vc_row][vc_row][vc_column][vc_video link=\u00a0\u00bbhttps:\/\/www.youtube.com\/watch?v=CV169TOpLFE\u00a0\u00bb][vc_column_text]<\/p>\n<h4 style=\"text-align: center;\">Contr\u00f4le &amp; Mesure Pi\u00e8ces de R\u00e9volution &#8211; VICIVISION<\/h4>\n<h5 class=\"title style-scope ytd-video-primary-info-renderer\" style=\"text-align: center;\"><a href=\"http:\/\/www.pms-becus.com\/\">PMS BECUS M\u00e9trologie<\/a> pr\u00e9sente la VICIVISION TECHNO M 606, machine de mesure optique pour le contr\u00f4le et la mesure automatique de pi\u00e8ces cylindriques.<\/h5>\n<p>[\/vc_column_text][vc_empty_space height=\u00a0\u00bb62px\u00a0\u00bb][\/vc_column][\/vc_row][vc_row][vc_column width=\u00a0\u00bb1\/2&Prime;][vc_video link=\u00a0\u00bbhttps:\/\/youtu.be\/CK8oGhpSXyE\u00a0\u00bb align=\u00a0\u00bbcenter\u00a0\u00bb][vc_column_text]<\/p>\n<h4 class=\"title style-scope ytd-video-primary-info-renderer\" style=\"text-align: center;\">5 SOLID REASONS TO CHOOSE AN OPTICAL MACHINE | <strong>Reason1: Cut production costs<\/strong><\/h4>\n<p>[\/vc_column_text][vc_empty_space][\/vc_column][vc_column width=\u00a0\u00bb1\/2&Prime;][vc_video link=\u00a0\u00bbhttps:\/\/youtu.be\/IDS0XznX1eQ\u00a0\u00bb align=\u00a0\u00bbcenter\u00a0\u00bb][vc_column_text]<\/p>\n<h4 class=\"title style-scope ytd-video-primary-info-renderer\" style=\"text-align: center;\">5 SOLID REASONS TO CHOOSE AN OPTICAL MACHINE | <strong>Reason2: Speed make a difference<\/strong><\/h4>\n<p>[\/vc_column_text][vc_empty_space][\/vc_column][\/vc_row][vc_row][vc_column width=\u00a0\u00bb1\/2&Prime;][vc_video link=\u00a0\u00bbhttps:\/\/youtu.be\/uig3kfWbMIs\u00a0\u00bb align=\u00a0\u00bbcenter\u00a0\u00bb][vc_column_text]<\/p>\n<h4 class=\"title style-scope ytd-video-primary-info-renderer\" style=\"text-align: center;\">5 SOLID REASONS TO CHOOSE AN OPTICAL MACHINE | <strong>Reason3: To meet highly specific requirements<\/strong><\/h4>\n<p>[\/vc_column_text][vc_empty_space][\/vc_column][vc_column width=\u00a0\u00bb1\/2&Prime;][vc_video link=\u00a0\u00bbhttps:\/\/youtu.be\/MnXzb8d6kUY\u00a0\u00bb align=\u00a0\u00bbcenter\u00a0\u00bb][vc_column_text]<\/p>\n<h4 class=\"title style-scope ytd-video-primary-info-renderer\" style=\"text-align: center;\">5 SOLID REASONS TO CHOOSE AN OPTICAL MACHINE | <strong>Reason4: It ensures accuracy and repeatability<\/strong><\/h4>\n<p>[\/vc_column_text][vc_empty_space][\/vc_column][\/vc_row][vc_row][vc_column][vc_video link=\u00a0\u00bbhttps:\/\/youtu.be\/DzSQCCBoEHY\u00a0\u00bb align=\u00a0\u00bbcenter\u00a0\u00bb][vc_column_text]<\/p>\n<h4 class=\"title style-scope ytd-video-primary-info-renderer\" style=\"text-align: center;\">Voici pourquoi vous devriez choisir une machine de mesure automatique | VICIVISION<\/h4>\n<p>[\/vc_column_text][vc_empty_space][\/vc_column][\/vc_row][vc_row][vc_column][vc_video link=\u00a0\u00bbhttps:\/\/youtu.be\/ezvt_BcKjIk\u00a0\u00bb align=\u00a0\u00bbcenter\u00a0\u00bb][vc_column_text]<\/p>\n<h4 class=\"title style-scope ytd-video-primary-info-renderer\" style=\"text-align: center;\">VICIVISION machines-Performance event at Carfulan Group.<\/h4>\n<p>[\/vc_column_text][vc_empty_space][\/vc_column][\/vc_row][vc_row][vc_column][vc_video link=\u00a0\u00bbhttps:\/\/youtu.be\/hfqnnN80b0Y\u00a0\u00bb][vc_column_text]<\/p>\n<h4 style=\"text-align: center;\">VICIVISION OPEN HOUSE &#8211; HANDS ON MACHINES February.2018<\/h4>\n<p>[\/vc_column_text][vc_empty_space height=\u00a0\u00bb18 pt\u00a0\u00bb][\/vc_column][\/vc_row][vc_row][vc_column][vc_empty_space][\/vc_column][\/vc_row][vc_row][vc_column width=\u00a0\u00bb1\/2&Prime;][vc_video link=\u00a0\u00bbhttps:\/\/www.youtube.com\/watch?v=WYWSo05vDJ4&Prime;][vc_column_text]<\/p>\n<h4 class=\"yt watch-title-container\" style=\"text-align: center;\"><span id=\"eow-title\" class=\"watch-title \" dir=\"ltr\" title=\"OGP's Vici Vision MTL X5, As Seen on Quality Digest Live TechCorner, September 28, 2012\">MTL X5, As Seen on Quality Digest Live TechCorner 2012 &#8211; by OGP<\/span><\/h4>\n<p>[\/vc_column_text][\/vc_column][vc_column width=\u00a0\u00bb1\/2&Prime;][vc_video link=\u00a0\u00bbhttps:\/\/youtu.be\/WndjQ4u5xVI\u00a0\u00bb][vc_column_text]<\/p>\n<h4 class=\"yt watch-title-container\" style=\"text-align: center;\"><span id=\"eow-title\" class=\"watch-title \" dir=\"ltr\" title=\"OGP's Vici Vision MTL X5, As Seen on Quality Digest Live TechCorner, September 28, 2012\">MTL X5. For dental implantology and biomedical technology.<\/span><\/h4>\n<p>[\/vc_column_text][\/vc_column][\/vc_row][vc_row][vc_column]<div class=\" ubtn-ctn-center \"><a class=\"ubtn-link ult-adjust-bottom-margin ubtn-center ubtn-normal \" href=\"http:\/\/www.vicivision.com\/optical-measuring-machines-for-turned-parts\/mtl-x5\/\" target=\"_blank\" rel=\"noopener\" ><button type=\"button\" id=\"ubtn-3375\"  class=\"ubtn ult-adjust-bottom-margin ult-responsive ubtn-normal ubtn-no-hover-bg  none  ubtn-center   tooltip-69e37e6cb6b33\"  data-hover=\"\" data-border-color=\"\" data-bg=\"#e0e0e0\" data-hover-bg=\"\" data-border-hover=\"\" data-shadow-hover=\"\" data-shadow-click=\"none\" data-shadow=\"\" data-shd-shadow=\"\"  data-ultimate-target='#ubtn-3375'  data-responsive-json-new='{\"font-size\":\"\",\"line-height\":\"\"}'  style=\"font-weight:normal;border:none;background: #e0e0e0;color: #4acc3f;\"><span class=\"ubtn-hover\" style=\"background-color:\"><\/span><span class=\"ubtn-data ubtn-text \" >Read More<\/span><\/button><\/a><\/div>[vc_empty_space][\/vc_column][\/vc_row][vc_row][vc_column][vc_empty_space][\/vc_column][\/vc_row][vc_row][vc_column][vc_video link=\u00a0\u00bbhttps:\/\/www.youtube.com\/watch?v=QVHs0BnSeII\u00a0\u00bb][vc_column_text]<\/p>\n<h4 style=\"text-align: center;\">MTL 500 Ergon + robot<\/h4>\n<p>[\/vc_column_text][vc_empty_space][\/vc_column][\/vc_row]<\/p>\n<\/div>","protected":false},"excerpt":{"rendered":"<p>[vc_row][vc_column][vc_video link=\u00a0\u00bbhttps:\/\/youtu.be\/l4QLyFKB7oE\u00a0\u00bb][vc_column_text] Vici&amp;C &#8211; Beyond the Name A story shaped by people, ideas and ambition [\/vc_column_text][\/vc_column][\/vc_row][vc_row][vc_column][vc_video link=\u00a0\u00bbhttps:\/\/youtu.be\/Pb2FyqWdbvU?si=eEsrNFLQxzmfI98F\u00a0\u00bb][vc_column_text] La nouvelle gamme de machines \u00e0 mesurer optiques VICIVISION. S\u00c9RIE TECHNO | S\u00c9RIE X | S\u00c9RIE PRIMA [\/vc_column_text][vc_empty_space height=\u00a0\u00bb62px\u00a0\u00bb][vc_video link=\u00a0\u00bbhttps:\/\/youtu.be\/1ZduZdWdrv0&Prime;][vc_column_text] VICIVISION &amp; Robot \u2013 Int\u00e9gration pour augmenter la production [\/vc_column_text][vc_empty_space height=\u00a0\u00bb62px\u00a0\u00bb][\/vc_column][\/vc_row][vc_row][vc_column][vc_video link=\u00a0\u00bbhttps:\/\/www.youtube.com\/watch?v=CV169TOpLFE\u00a0\u00bb][vc_column_text] Contr\u00f4le &amp; Mesure Pi\u00e8ces de R\u00e9volution<\/p>\n<div class=\"more\"><a class=\"more-link btn btn-green ion-ios7-arrow-forward\" href=\"https:\/\/www.vicivision.com\/fr\/videos-of-vici-vision-optical-measuring-machines\/\">En savoir plus<\/a><\/div>\n","protected":false},"author":2,"featured_media":0,"parent":0,"menu_order":0,"comment_status":"closed","ping_status":"closed","template":"","meta":{"footnotes":""},"class_list":["post-11080","page","type-page","status-publish","hentry"],"acf":[],"_links":{"self":[{"href":"https:\/\/www.vicivision.com\/fr\/wp-json\/wp\/v2\/pages\/11080","targetHints":{"allow":["GET"]}}],"collection":[{"href":"https:\/\/www.vicivision.com\/fr\/wp-json\/wp\/v2\/pages"}],"about":[{"href":"https:\/\/www.vicivision.com\/fr\/wp-json\/wp\/v2\/types\/page"}],"author":[{"embeddable":true,"href":"https:\/\/www.vicivision.com\/fr\/wp-json\/wp\/v2\/users\/2"}],"replies":[{"embeddable":true,"href":"https:\/\/www.vicivision.com\/fr\/wp-json\/wp\/v2\/comments?post=11080"}],"version-history":[{"count":0,"href":"https:\/\/www.vicivision.com\/fr\/wp-json\/wp\/v2\/pages\/11080\/revisions"}],"wp:attachment":[{"href":"https:\/\/www.vicivision.com\/fr\/wp-json\/wp\/v2\/media?parent=11080"}],"curies":[{"name":"wp","href":"https:\/\/api.w.org\/{rel}","templated":true}]}}