{"id":8549,"date":"2017-05-23T14:33:07","date_gmt":"2017-05-23T12:33:07","guid":{"rendered":"https:\/\/www.vicivision.com\/sistemas-de-medicion-opticas\/measuring-systems\/"},"modified":"2025-08-07T15:17:40","modified_gmt":"2025-08-07T13:17:40","slug":"gama-de-maquinas-de-medicion","status":"publish","type":"page","link":"https:\/\/www.vicivision.com\/es\/medicion-optica-2\/gama-de-maquinas-de-medicion\/","title":{"rendered":"Gama TECHNO"},"content":{"rendered":"<div class=\"wpb-content-wrapper\"><p>[vc_row parallax_content=\u00bboff\u00bb fadeout_row=\u00bboff\u00bb][vc_column width=\u00bb1\/2&#8243;][vc_empty_space height=\u00bb20px\u00bb][vc_column_text]<\/p>\n<h1 style=\"text-align: left;\">Gama TECHNO<\/h1>\n<h2>Encuentra el tuyo entre m\u00e1s de 20 modelos.<\/h2>\n<p style=\"text-align: left;\">Esta gama de m\u00e1quinas de medici\u00f3n est\u00e1 dise\u00f1ada para adaptarse a las demandas de fabricaci\u00f3n actuales y futuras. Descubra la amplia gama de rangos de medici\u00f3n disponibles. La gama modular de la serie Techno puede proporcionar la m\u00e1quina m\u00e1s adecuada para su producci\u00f3n. De 40 a 180 mm de di\u00e1metro y de 300 a 2000 mm de longitud. VICIVISION ofrece la evoluci\u00f3n del proyector de perfiles, un comparador \u00f3ptico compacto y r\u00e1pido para uso en taller.<\/p>\n<p>[\/vc_column_text]<div class=\" ubtn-ctn-left btn btn-green\"><a class=\"ubtn-link ult-adjust-bottom-margin ubtn-left ubtn-normal btn btn-green\" href=\"https:\/\/www.vicivision.com\/wp-content\/uploads\/2025\/08\/FLYER_TECHNO_ESP.pdf\" target=\"_blank\" rel=\"noopener\" ><button type=\"button\" id=\"ubtn-2260\"  class=\"ubtn ult-adjust-bottom-margin ult-responsive ubtn-normal ubtn-no-hover-bg  none  ubtn-left   tooltip-69e62c36ab464\"  data-hover=\"\" data-border-color=\"\" data-bg=\"#e0e0e0\" data-hover-bg=\"\" data-border-hover=\"\" data-shadow-hover=\"\" data-shadow-click=\"none\" data-shadow=\"\" data-shd-shadow=\"\"  data-ultimate-target='#ubtn-2260'  data-responsive-json-new='{\"font-size\":\"\",\"line-height\":\"\"}'  style=\"font-weight:normal;border:none;background: #e0e0e0;color: #ffffff;\"><span class=\"ubtn-hover\" style=\"background-color:\"><\/span><span class=\"ubtn-data ubtn-text \" >DESCARGAR DATOS T\u00c9CNICOS<\/span><\/button><\/a><\/div>[vc_column_text]<\/p>\n<h3 style=\"text-align: left;\">Descarga la gu\u00eda de medici\u00f3n: c\u00f3mo medir en segundos cigue\u00f1ales, roscas y tornillos con precisi\u00f3n<\/h3>\n<p style=\"text-align: left;\">A menudo es dif\u00edcil para los fabricantes obtener resultados precisos y objetivos al medir roscas torneadas. A veces es dif\u00edcil medir acoples y roscas laminadas. Con la Herramienta de roscas VICIVISION, una sola funci\u00f3n de software puede medir autom\u00e1ticamente acoples y roscas torneadas, as\u00ed como tornillos y pernos, en cuesti\u00f3n de segundos.<\/p>\n<p>[\/vc_column_text]<div class=\" ubtn-ctn-left btn btn-green\"><a class=\"ubtn-link ult-adjust-bottom-margin ubtn-left ubtn-normal btn btn-green\" href=\"https:\/\/www.vicivision.com\/wp-content\/uploads\/2025\/08\/Como-medir-en-segundos-ciguenales-roscas-y-tornillos-con-precision.pdf\" target=\"_blank\" rel=\"noopener\" ><button type=\"button\" id=\"ubtn-7330\"  class=\"ubtn ult-adjust-bottom-margin ult-responsive ubtn-normal ubtn-no-hover-bg  none  ubtn-left   tooltip-69e62c36ab523\"  data-hover=\"\" data-border-color=\"\" data-bg=\"#e0e0e0\" data-hover-bg=\"\" data-border-hover=\"\" data-shadow-hover=\"\" data-shadow-click=\"none\" data-shadow=\"\" data-shd-shadow=\"\"  data-ultimate-target='#ubtn-7330'  data-responsive-json-new='{\"font-size\":\"\",\"line-height\":\"\"}'  style=\"font-weight:normal;border:none;background: #e0e0e0;color: #ffffff;\"><span class=\"ubtn-hover\" style=\"background-color:\"><\/span><span class=\"ubtn-data ubtn-text \" >DESCARGUE LA GU\u00cdA DE MEDICI\u00d3N<\/span><\/button><\/a><\/div>[\/vc_column][vc_column width=\u00bb1\/2&#8243;][vc_single_image image=\u00bb8397&#8243; img_size=\u00bbfull\u00bb alignment=\u00bbcenter\u00bb][\/vc_column][\/vc_row][vc_row parallax_content=\u00bboff\u00bb fadeout_row=\u00bboff\u00bb][vc_column width=\u00bb1\/2&#8243;][vc_single_image image=\u00bb23188&#8243; img_size=\u00bb550&#215;320&#8243;][\/vc_column][vc_column width=\u00bb1\/2&#8243;][vc_column_text]<\/p>\n<h3 class=\"entry-title\"><a href=\"https:\/\/www.vicivision.com\/es\/sonda-tactil\/\">Rendimiento inmejorable con combinaci\u00f3n \u00f3ptica y t\u00e1ctil<\/a><\/h3>\n<p>VICIVISION proporciona una funci\u00f3n de medici\u00f3n completamente nueva para ejes, combinando el m\u00e9todo de reconocimiento \u00f3ptico espec\u00edfico con un sistema de medici\u00f3n por contacto.[\/vc_column_text]<div class=\" ubtn-ctn-left btn btn-green\"><a class=\"ubtn-link ult-adjust-bottom-margin ubtn-left ubtn-normal btn btn-green\" href=\"https:\/\/www.vicivision.com\/wp-content\/uploads\/2025\/08\/Touch-Probe-ESP_low.pdf\" target=\"_blank\" rel=\"noopener\" ><button type=\"button\" id=\"ubtn-2439\"  class=\"ubtn ult-adjust-bottom-margin ult-responsive ubtn-normal ubtn-no-hover-bg  none  ubtn-left   tooltip-69e62c36ab57b\"  data-hover=\"\" data-border-color=\"\" data-bg=\"#e0e0e0\" data-hover-bg=\"\" data-border-hover=\"\" data-shadow-hover=\"\" data-shadow-click=\"none\" data-shadow=\"\" data-shd-shadow=\"\"  data-ultimate-target='#ubtn-2439'  data-responsive-json-new='{\"font-size\":\"\",\"line-height\":\"\"}'  style=\"font-weight:normal;border:none;background: #e0e0e0;color: #ffffff;\"><span class=\"ubtn-hover\" style=\"background-color:\"><\/span><span class=\"ubtn-data ubtn-text \" >DESCARGAR DATOS T\u00c9CNICOS<\/span><\/button><\/a><\/div>[\/vc_column][\/vc_row][vc_row parallax_content=\u00bboff\u00bb fadeout_row=\u00bboff\u00bb][vc_column width=\u00bb1\/2&#8243;][vc_column_text]<\/p>\n<h3 class=\"entry-title\" style=\"text-align: left;\"><a href=\"https:\/\/www.vicivision.com\/es\/comprobar-ciguenales\/\">Ideal para medir cig\u00fce\u00f1ales<\/a><\/h3>\n<p>Los fabricantes est\u00e1n buscando soluciones flexibles para hacer frente al incremento de la variabilidad del producto. Flexible, adaptable y vers\u00e1til. VICIVISION ha desarrollado una herramienta de software espec\u00edfica dedicada a las mediciones del cig\u00fce\u00f1al directamente en el taller.[\/vc_column_text]<div class=\" ubtn-ctn-left btn btn-green\"><a class=\"ubtn-link ult-adjust-bottom-margin ubtn-left ubtn-normal btn btn-green\" href=\"https:\/\/www.vicivision.com\/wp-content\/uploads\/2025\/08\/FLYER-CRANKSHAFTS-ENG.pdf\" target=\"_blank\" rel=\"noopener\" ><button type=\"button\" id=\"ubtn-9924\"  class=\"ubtn ult-adjust-bottom-margin ult-responsive ubtn-normal ubtn-no-hover-bg  none  ubtn-left   tooltip-69e62c36ab5d9\"  data-hover=\"\" data-border-color=\"\" data-bg=\"#e0e0e0\" data-hover-bg=\"\" data-border-hover=\"\" data-shadow-hover=\"\" data-shadow-click=\"none\" data-shadow=\"\" data-shd-shadow=\"\"  data-ultimate-target='#ubtn-9924'  data-responsive-json-new='{\"font-size\":\"\",\"line-height\":\"\"}'  style=\"font-weight:normal;border:none;background: #e0e0e0;color: #ffffff;\"><span class=\"ubtn-hover\" style=\"background-color:\"><\/span><span class=\"ubtn-data ubtn-text \" >DESCARGAR DATOS T\u00c9CNICOS<\/span><\/button><\/a><\/div>[\/vc_column][vc_column width=\u00bb1\/2&#8243;][vc_single_image image=\u00bb39208&#8243; img_size=\u00bblarge\u00bb][\/vc_column][\/vc_row][vc_row parallax_content=\u00bboff\u00bb fadeout_row=\u00bboff\u00bb][vc_column width=\u00bb2\/3&#8243;][vc_column_text]<\/p>\n<h3>Incrementando su producci\u00f3n.<\/h3>\n<p>VICIVISION lleva el equipo de inspecci\u00f3n al lugar donde ofrece la mayor ventaja: directamente en la planta de producci\u00f3n. Cada pieza producida por el torno CNC se puede medir dentro del entorno de producci\u00f3n. Mayor productividad tambi\u00e9n en lotes m\u00e1s peque\u00f1os: el cambio de lote es r\u00e1pido y eficiente.[\/vc_column_text][\/vc_column][vc_column width=\u00bb1\/3&#8243;][vc_single_image image=\u00bb39246&#8243; img_size=\u00bbfull\u00bb][\/vc_column][\/vc_row][vc_row][vc_column width=\u00bb1\/2&#8243;][vc_single_image image=\u00bb8437&#8243; img_size=\u00bblarge\u00bb][\/vc_column][vc_column width=\u00bb1\/2&#8243;][vc_empty_space height=\u00bb30px\u00bb][vc_column_text]<\/p>\n<h3>Medici\u00f3n de piezas de revoluci\u00f3n para un futuro cambiante.<\/h3>\n<p>Automoci\u00f3n, aeroespacial, construcci\u00f3n, electricidad y derivados, m\u00e9dico, petr\u00f3leo y gas, son solo algunos de los sectores l\u00edderes que atraen inversiones extranjeras. Las oportunidades y los desaf\u00edos siempre est\u00e1n a la vuelta de la esquina: demanda creciente, solicitudes de est\u00e1ndares de calidad cada vez mayores, cambios hacia lo digital, entregas a tiempo, presi\u00f3n competitiva. Para emerger en este entorno empresarial, las empresas de fabricaci\u00f3n deben ser conscientes de que el tiempo de inspecci\u00f3n y los resultados afectan los costes de producci\u00f3n.<\/p>\n<h3>Un sistema de medici\u00f3n para m\u00faltiples tornos CNC.<\/h3>\n<p>Un \u00fanico sistema de medici\u00f3n puede operar junto a m\u00faltiples centros de mecanizado, involucrando a m\u00e1s de un operario. Produzca m\u00e1s con el mismo n\u00famero de tornos CNC. Producir m\u00e1s significa aumentar la eficiencia. Significa aprovechar al m\u00e1ximo su potencial. Puede aumentar su productividad sin ninguna inversi\u00f3n adicional: la m\u00e1quina incluye la funci\u00f3n de perfil\u00f3metro, comparador \u00f3ptico, calibre, medidor de alturas y otros equipos de metrolog\u00eda.[\/vc_column_text][\/vc_column][\/vc_row][vc_row parallax_content=\u00bboff\u00bb fadeout_row=\u00bboff\u00bb][vc_column width=\u00bb1\/2&#8243;][vc_single_image image=\u00bb8436&#8243; img_size=\u00bblarge\u00bb][\/vc_column][vc_column width=\u00bb1\/2&#8243;][vc_column_text]<\/p>\n<h3>Manteniendo la producci\u00f3n en tolerancia.<\/h3>\n<p>Reducci\u00f3n del tiempo de inactividad de la m\u00e1quina gracias a la inspecci\u00f3n inmediata sin necesidad de salir del puesto de trabajo. Puede implementar acciones preventivas indicadas por los gr\u00e1ficos de tendencia de medici\u00f3n para obtener una reducci\u00f3n significativa de los rechazos. El operario puede ver qu\u00e9 valores est\u00e1n a punto de quedar fuera de tolerancia y analizarlos con el tiempo. Podr\u00e1 corregir el proceso antes de que esto produzca rechazos que provoquen un tiempo de inactividad de la m\u00e1quina. El objetivo de una medici\u00f3n \u00f3ptica no es solo medir, sino tambi\u00e9n mantener las piezas de producci\u00f3n dentro de la tolerancia, evitando tiempos de inactividad de la m\u00e1quina.<\/p>\n<h3>Funci\u00f3n Tool-loop VICIVISION.<\/h3>\n<p>Es posible configurar la interfaz entre los sistemas VICIVISION y la estaci\u00f3n de trabajo. Esto corregir\u00e1 autom\u00e1ticamente los par\u00e1metros de la herramienta. Esta funci\u00f3n elimina el error humano y acelera la configuraci\u00f3n de los par\u00e1metros de la herramienta. Cada pieza producida est\u00e1 lista para ser entregada.<\/p>\n<h3>El dispositivo de medici\u00f3n \u00f3ptico que mejora la productividad.<\/h3>\n<p>Los operarios son m\u00e1s independientes durante la inspecci\u00f3n. Las compensaciones de la herramienta se pueden ajustar antes de que las piezas se salgan de la tolerancia para reducir la cantidad de rechazos producidos.[\/vc_column_text]<div class=\" ubtn-ctn-left btn btn-green\"><a class=\"ubtn-link ult-adjust-bottom-margin ubtn-left ubtn-normal btn btn-green\" href=\"https:\/\/www.vicivision.com\/wp-content\/uploads\/2025\/08\/Tool-Wear-Compensation_VICIVISION_ENG.pdf\" target=\"_blank\" rel=\"noopener\" ><button type=\"button\" id=\"ubtn-5375\"  class=\"ubtn ult-adjust-bottom-margin ult-responsive ubtn-normal ubtn-no-hover-bg  none  ubtn-left   tooltip-69e62c36ab627\"  data-hover=\"\" data-border-color=\"\" data-bg=\"#e0e0e0\" data-hover-bg=\"\" data-border-hover=\"\" data-shadow-hover=\"\" data-shadow-click=\"none\" data-shadow=\"\" data-shd-shadow=\"\"  data-ultimate-target='#ubtn-5375'  data-responsive-json-new='{\"font-size\":\"\",\"line-height\":\"\"}'  style=\"font-weight:normal;border:none;background: #e0e0e0;color: #ffffff;\"><span class=\"ubtn-hover\" style=\"background-color:\"><\/span><span class=\"ubtn-data ubtn-text \" >DESCARGAR DATOS T\u00c9CNICOS<\/span><\/button><\/a><\/div>[\/vc_column][\/vc_row][vc_row parallax_content=\u00bbparallax_content_value\u00bb parallax_content_sense=\u00bb10&#8243; fadeout_row=\u00bbfadeout_row_value\u00bb fadeout_start_effect=\u00bb50&#8243;][vc_column width=\u00bb1\/3&#8243;][vc_single_image image=\u00bb57780&#8243; img_size=\u00bbmedium\u00bb alignment=\u00bbcenter\u00bb][vc_column_text]<\/p>\n<h4 style=\"text-align: center;\">Software de \u00faltima generaci\u00f3n<\/h4>\n<p style=\"text-align: center;\">La nueva versi\u00f3n MTL 8.10 est\u00e1 dise\u00f1ada para mejorar la fase de control y ampliar a\u00fan m\u00e1s el n\u00famero de posibles mediciones. Incluye herramientas espec\u00edficas para medidas est\u00e1ticas y din\u00e1micas, y herramientas dedicadas para roscas, tuercas, \u00e1rboles de levas, turbinas, etc.<\/p>\n<p>[\/vc_column_text][\/vc_column][vc_column width=\u00bb1\/3&#8243;][vc_single_image image=\u00bb57771&#8243; img_size=\u00bbmedium\u00bb alignment=\u00bbcenter\u00bb][vc_column_text]<\/p>\n<h4 style=\"text-align: center;\">Software con funcionalidades avanzadas<\/h4>\n<p style=\"text-align: center;\">Las nuevas funciones autom\u00e1ticas ayudan al operario a obtener medidas: auto-programaci\u00f3n, carga autom\u00e1tica del programa de pieza, programaci\u00f3n asistida paso a paso, comparaci\u00f3n DXF.<\/p>\n<p>[\/vc_column_text][\/vc_column][vc_column width=\u00bb1\/3&#8243;][vc_single_image image=\u00bb57789&#8243; img_size=\u00bbmedium\u00bb alignment=\u00bbcenter\u00bb][vc_column_text]<\/p>\n<h4 style=\"text-align: center;\">Informe de medici\u00f3n<\/h4>\n<p style=\"text-align: center;\">El software permite al operario imprimir o exportar informes de medici\u00f3n PDF completos y personalizados. Visualiza resultados de mediciones en histogramas para consulta inmediata.<\/p>\n<p>[\/vc_column_text][\/vc_column][\/vc_row]<\/p>\n<\/div>","protected":false},"excerpt":{"rendered":"<p>[vc_row parallax_content=\u00bboff\u00bb fadeout_row=\u00bboff\u00bb][vc_column width=\u00bb1\/2&#8243;][vc_empty_space height=\u00bb20px\u00bb][vc_column_text] Gama TECHNO Encuentra el tuyo entre m\u00e1s de 20 modelos. Esta gama de m\u00e1quinas de medici\u00f3n est\u00e1 dise\u00f1ada para adaptarse a las demandas de fabricaci\u00f3n actuales y futuras. Descubra la amplia gama de rangos de medici\u00f3n disponibles. La gama modular de la serie Techno puede proporcionar la m\u00e1quina m\u00e1s adecuada<\/p>\n<div class=\"more\"><a class=\"more-link btn btn-green ion-ios7-arrow-forward\" href=\"https:\/\/www.vicivision.com\/es\/medicion-optica-2\/gama-de-maquinas-de-medicion\/\">leer m\u00e1s<\/a><\/div>\n","protected":false},"author":2,"featured_media":0,"parent":2816,"menu_order":0,"comment_status":"closed","ping_status":"closed","template":"page-singolo-prodotto.php","meta":{"footnotes":""},"class_list":["post-8549","page","type-page","status-publish","hentry"],"acf":[],"_links":{"self":[{"href":"https:\/\/www.vicivision.com\/es\/wp-json\/wp\/v2\/pages\/8549","targetHints":{"allow":["GET"]}}],"collection":[{"href":"https:\/\/www.vicivision.com\/es\/wp-json\/wp\/v2\/pages"}],"about":[{"href":"https:\/\/www.vicivision.com\/es\/wp-json\/wp\/v2\/types\/page"}],"author":[{"embeddable":true,"href":"https:\/\/www.vicivision.com\/es\/wp-json\/wp\/v2\/users\/2"}],"replies":[{"embeddable":true,"href":"https:\/\/www.vicivision.com\/es\/wp-json\/wp\/v2\/comments?post=8549"}],"version-history":[{"count":0,"href":"https:\/\/www.vicivision.com\/es\/wp-json\/wp\/v2\/pages\/8549\/revisions"}],"up":[{"embeddable":true,"href":"https:\/\/www.vicivision.com\/es\/wp-json\/wp\/v2\/pages\/2816"}],"wp:attachment":[{"href":"https:\/\/www.vicivision.com\/es\/wp-json\/wp\/v2\/media?parent=8549"}],"curies":[{"name":"wp","href":"https:\/\/api.w.org\/{rel}","templated":true}]}}