{"id":52781,"date":"2022-09-08T12:19:10","date_gmt":"2022-09-08T10:19:10","guid":{"rendered":"https:\/\/www.vicivision.com\/?page_id=52781"},"modified":"2022-12-12T14:53:17","modified_gmt":"2022-12-12T13:53:17","slug":"pardot-sistema-confocal","status":"publish","type":"page","link":"https:\/\/www.vicivision.com\/es\/pardot-sistema-confocal\/","title":{"rendered":"PARDOT &#8211; Sistema confocal"},"content":{"rendered":"<div class=\"wpb-content-wrapper\"><p>[vc_row gap=\u00bb5&#8243; equal_height=\u00bbyes\u00bb css=\u00bb.vc_custom_1614175210718{margin-bottom: 0px !important;padding-right: 0% !important;padding-left: 0% !important;}\u00bb el_id=\u00bbflayer\u00bb][vc_column][vc_empty_space][vc_column_text]<\/p>\n<div class=\"wpb_text_column wpb_content_element \">\n<div class=\"wpb_wrapper\">\n<h3><strong>Mide las caracter\u00edsticas t\u00edpicas de ejes estriados con un \u00fanico escaneo.<\/strong><\/h3>\n<h3><strong>Reduce el tiempo de inspecci\u00f3n en un 95%.<\/strong><\/h3>\n<\/div>\n<\/div>\n<div class=\"wpb_text_column wpb_content_element \">\n<div class=\"wpb_wrapper\">\n<p>OCon la combinaci\u00f3n de la medici\u00f3n \u00f3ptica y confocal de VICIVISION, cualquier operario puede medir perfiles externos, mediciones est\u00e1ticas y din\u00e1micas, as\u00ed como ejes estriados.<\/p>\n<p>Descargue la ficha t\u00e9cnica y descubre c\u00f3mo es f\u00e1cil medir con el sistema confocal VICIVISION.<\/p>\n<p>&nbsp;<\/p>\n<\/div>\n<\/div>\n<p>[\/vc_column_text][\/vc_column][\/vc_row]<\/p>\n<\/div>","protected":false},"excerpt":{"rendered":"<p>[vc_row gap=\u00bb5&#8243; equal_height=\u00bbyes\u00bb css=\u00bb.vc_custom_1614175210718{margin-bottom: 0px !important;padding-right: 0% !important;padding-left: 0% !important;}\u00bb el_id=\u00bbflayer\u00bb][vc_column][vc_empty_space][vc_column_text] Mide las caracter\u00edsticas t\u00edpicas de ejes estriados con un \u00fanico escaneo. Reduce el tiempo de inspecci\u00f3n en un 95%. OCon la combinaci\u00f3n de la medici\u00f3n \u00f3ptica y confocal de VICIVISION, cualquier operario puede medir perfiles externos, mediciones est\u00e1ticas y din\u00e1micas, as\u00ed como ejes estriados.<\/p>\n<div class=\"more\"><a class=\"more-link btn btn-green ion-ios7-arrow-forward\" href=\"https:\/\/www.vicivision.com\/es\/pardot-sistema-confocal\/\">leer m\u00e1s<\/a><\/div>\n","protected":false},"author":2,"featured_media":0,"parent":0,"menu_order":0,"comment_status":"closed","ping_status":"closed","template":"template-form-handler.php","meta":{"footnotes":""},"class_list":["post-52781","page","type-page","status-publish","hentry"],"acf":[],"_links":{"self":[{"href":"https:\/\/www.vicivision.com\/es\/wp-json\/wp\/v2\/pages\/52781","targetHints":{"allow":["GET"]}}],"collection":[{"href":"https:\/\/www.vicivision.com\/es\/wp-json\/wp\/v2\/pages"}],"about":[{"href":"https:\/\/www.vicivision.com\/es\/wp-json\/wp\/v2\/types\/page"}],"author":[{"embeddable":true,"href":"https:\/\/www.vicivision.com\/es\/wp-json\/wp\/v2\/users\/2"}],"replies":[{"embeddable":true,"href":"https:\/\/www.vicivision.com\/es\/wp-json\/wp\/v2\/comments?post=52781"}],"version-history":[{"count":0,"href":"https:\/\/www.vicivision.com\/es\/wp-json\/wp\/v2\/pages\/52781\/revisions"}],"wp:attachment":[{"href":"https:\/\/www.vicivision.com\/es\/wp-json\/wp\/v2\/media?parent=52781"}],"curies":[{"name":"wp","href":"https:\/\/api.w.org\/{rel}","templated":true}]}}