{"id":5254,"date":"2015-09-24T15:28:00","date_gmt":"2015-09-24T13:28:00","guid":{"rendered":"https:\/\/www.vicivision.com\/es\/europe\/"},"modified":"2026-03-30T16:13:56","modified_gmt":"2026-03-30T14:13:56","slug":"europe","status":"publish","type":"page","link":"https:\/\/www.vicivision.com\/es\/europe\/","title":{"rendered":"Europe"},"content":{"rendered":"<div class=\"wpb-content-wrapper\"><p>[vc_row][vc_column][vc_empty_space][vc_column_text]<strong>VICIVISION\u00a0invites you to visit our Technical Centers for experiencing the outstanding demo units.<\/strong>[\/vc_column_text][vc_empty_space][\/vc_column][\/vc_row][vc_row][vc_column width=\u00bb1\/4&#8243;][vc_column_text]<\/p>\n<h2 class=\"wpb_heading wpb_map_heading\">Germany, Austria<\/h2>\n<p>[\/vc_column_text][vc_column_text]<strong>VICIVISION GmbH<br \/>\n<\/strong>Seestra\u00dfe 5\/1<br \/>\n74232 Abstatt<br \/>\nTel:\u00a0<a href=\"tel:+39 0541 350411\">+39 0541 350411<\/a><br \/>\nE-mail:<a href=\"mailto:sales@vici.it\">sales@vici.it<\/a>[\/vc_column_text][\/vc_column][vc_column width=\u00bb1\/4&#8243;][vc_column_text]<\/p>\n<h2 class=\"wpb_heading wpb_map_heading\">Italy, Albania, Greece<\/h2>\n<p>[\/vc_column_text][vc_column_text]<strong>Vici &amp; C S.p.A.<br \/>\n<\/strong>VIa J. Gutenberg, 5<br \/>\nSantarcangelo di Romagna, 47822\u00a0 RN<br \/>\nTel:\u00a0<a href=\"tel:+39 0541-350411\">+39 0541-350411<\/a><br \/>\nFax\u00a00541-623897<br \/>\nEmail:\u00a0<a href=\"mailto:sales@vici.it\">sales@vici.it<\/a> \u2013 <a href=\"mailto:info@vici.it\">info@vici.it<br \/>\n<\/a><strong><br \/>\n<\/strong>[\/vc_column_text][\/vc_column][vc_column width=\u00bb1\/4&#8243;][vc_column_text]<\/p>\n<h2 class=\"wpb_heading wpb_map_heading\">Czech Republic<\/h2>\n<p>[\/vc_column_text][vc_column_text]<strong>Kubousek s.r.o.<br \/>\n<\/strong>Lidicka 1937<br \/>\n370 07 Cesk\u00e9 Budejovice<br \/>\nTel:\u00a0<a href=\"tel:+420 389 041111\">+420 389 041111<\/a><br \/>\nE-mail:\u00a0<a href=\"mailto:sales@vici.it\">sales@vici.it<\/a><\/p>\n<p>Ref. Mr. <strong>Jan Majer<\/strong>[\/vc_column_text][\/vc_column][vc_column width=\u00bb1\/4&#8243;][vc_column_text]<\/p>\n<h2 class=\"wpb_heading wpb_map_heading\">Slovakia<\/h2>\n<p>[\/vc_column_text][vc_column_text]<strong>KUBOU\u0160EK SK, s.r.o.<br \/>\n<\/strong>Vin\u00e1rska 1006\/7<br \/>\n951 41 Lu\u017eianky<br \/>\nSlovakia<br \/>\nTel:\u00a0<a href=\"tel:+421 37 630 73 83\">+421 37 630 73 83<\/a><br \/>\nE-mail:\u00a0<a href=\"mailto:sales@vici.it\">sales@vici.it<\/a><\/p>\n<p>Ref. Mr. <strong>Jan Majer<\/strong>[\/vc_column_text][\/vc_column][\/vc_row][vc_row][vc_column][vc_empty_space height=\u00bb42px\u00bb][\/vc_column][\/vc_row][vc_row][vc_column width=\u00bb1\/4&#8243;][vc_column_text]<\/p>\n<h2 class=\"wpb_heading wpb_map_heading\">Poland, Estonia, Latvia, Lithuania<\/h2>\n<p>[\/vc_column_text][vc_column_text]<strong>Kubou\u0161ek Polska Sp. z o.o.<br \/>\n<\/strong>Ul. Bielska 68<br \/>\n43-400 Cieszyn<br \/>\nTel:\u00a0<a href=\"tel:+48 505 788 814\">+48 505 788 814<\/a><br \/>\nE-mail:\u00a0<a href=\"mailto:sales@vici.it\">sales@vici.it<\/a><\/p>\n<p>Ref. Mr. <strong>Jozef Galdun<\/strong>[\/vc_column_text][\/vc_column][vc_column width=\u00bb1\/4&#8243;][vc_column_text]<\/p>\n<h2 class=\"wpb_heading wpb_map_heading\">Benelux<\/h2>\n<p>[\/vc_column_text][vc_column_text]<strong>Analis<br \/>\n<\/strong>Zoning Industriel de Rhisnes,<br \/>\nRue de N\u00e9verl\u00e9e 11,<br \/>\nB-5020 Suarl\u00e8e (Namur)<br \/>\nBelgium<br \/>\nTel:\u00a0<a href=\"tel:+32 (0)81 25 50 50\">+32 (0)81 25 50 50<\/a><br \/>\nE-mail:\u00a0<a href=\"mailto:sales@vici.it\">sales@vici.it<\/a><br \/>\n<strong><br \/>\n<\/strong>Ref. <strong>Stefaan Dayer<\/strong>[\/vc_column_text][\/vc_column][vc_column width=\u00bb1\/4&#8243;][vc_column_text]<\/p>\n<h2 class=\"wpb_heading wpb_map_heading\">Russia<\/h2>\n<p>[\/vc_column_text][vc_column_text]<strong>Ostec-SMT Ltd.<br \/>\n<\/strong>123592, Russia 20, bul.1G, Kulakova Str., Moscow<br \/>\nTel: <a href=\"tel:+7 (495) 788-44-44\">+7 (495) 788-44-44<\/a><br \/>\nFax: +7 (495) 788-44-42<br \/>\nE-mail:\u00a0<a href=\"mailto:sales@vici.it\">sales@vici.it<\/a><\/p>\n<p>Ref.\u00a0<strong>Haris Fehretdinov<\/strong>[\/vc_column_text][\/vc_column][vc_column width=\u00bb1\/4&#8243;][vc_column_text]<\/p>\n<h2 class=\"wpb_heading wpb_map_heading\">Spain,\u00a0Portugal<\/h2>\n<p>[\/vc_column_text][vc_column_text]<strong>Sariki Metrologia S.A.<br \/>\n<\/strong>San Antolin, 920870<br \/>\nElgoibar (Guipuzcoa)<br \/>\nTel:\u00a0<a href=\"tel:+34 943 743808\">+34 943 743808<\/a><br \/>\nE-mail:\u00a0<a href=\"mailto:sales@vici.it\">sales@vici.it<\/a><\/p>\n<p>Ref. <strong>Josu Cruz<\/strong>[\/vc_column_text][\/vc_column][\/vc_row][vc_row][vc_column][vc_empty_space height=\u00bb42px\u00bb][\/vc_column][\/vc_row][vc_row][vc_column width=\u00bb1\/4&#8243;][vc_column_text]<\/p>\n<h2 class=\"wpb_heading wpb_map_heading\">Sweden,<br \/>\nFinland, Norway,<br \/>\nDenmark<\/h2>\n<p>[\/vc_column_text][vc_column_text]<strong>OGP Scandinavia AB<br \/>\n<\/strong>M\u00e5tt Johanssons v\u00e4g 9<br \/>\n633 46 Eskilstuna<br \/>\nSweden<br \/>\nTel:\u00a0<a href=\"tel:+46 16 17 11 50\">+46 16 17 11 50<\/a><br \/>\nE-mail:\u00a0<a href=\"mailto:sales@vici.it\">sales@vici.it<\/a><\/p>\n<p>Ref.\u00a0<strong>Robert Landin<\/strong>[\/vc_column_text][\/vc_column][vc_column width=\u00bb1\/4&#8243;][vc_column_text]<\/p>\n<h2 class=\"wpb_heading wpb_map_heading\">Switzerland,<br \/>\nLiechtenstein<\/h2>\n<p>[\/vc_column_text][vc_column_text]<strong>Osterwalder Messtechnik AG<br \/>\n<\/strong>Sumpfstrasse 13<br \/>\nCH-6312 Steinhausen<br \/>\nTel:\u00a0<a href=\"tel:+41 41 7481919\">+41 41 7481919<\/a><br \/>\nE-mail:\u00a0<a href=\"mailto:sales@vici.it\">sales@vici.it<\/a><\/p>\n<p>Ref.\u00a0<strong>Reto Stadler<\/strong>[\/vc_column_text][\/vc_column][vc_column width=\u00bb1\/4&#8243;][vc_column_text]<\/p>\n<h2 class=\"wpb_heading wpb_map_heading\">Turkey<\/h2>\n<p>[\/vc_column_text][vc_column_text]<strong>BiLGiNOGLU ENDUSTRi MALZEMELERi SAN. ve TiC. A.S.<\/strong><br \/>\nIOSB Fatih Sanayi Sitesi No:7B Blok No:2 \u0130kitelli Istanbul<br \/>\nTel: <a href=\"tel:+90 212 612 55 45\">+90 212 612 55 4<\/a>5Dahili\/Int: 2800<br \/>\nFax +90 212 612 65 85<br \/>\nE-mail:\u00a0<a href=\"mailto:sales@vici.it\">sales@vici.it<\/a><\/p>\n<p>Ref.\u00a0<strong>Ismail Bilginogullari<\/strong>[\/vc_column_text][\/vc_column][vc_column width=\u00bb1\/4&#8243;][vc_column_text]<\/p>\n<h2 class=\"wpb_heading wpb_map_heading\">United Kingdom<\/h2>\n<p>[\/vc_column_text][vc_column_text]<strong>OGP UK<\/strong><br \/>\nFaraday House,<br \/>\nTomlinson Business Park,<br \/>\nWoodyard Lane,<br \/>\nFoston,<br \/>\nDerbyshire, DE65 5BU<br \/>\nUK<br \/>\nTel:\u00a0<a href=\"tel:01283 585933\">01283 585933<\/a><br \/>\nE-mail:\u00a0<a href=\"mailto:sales@vici.it\">sales@vici.it<br \/>\n<\/a><\/p>\n<p>Ref. <strong>Rob Thompson<\/strong>[\/vc_column_text][\/vc_column][vc_column][vc_empty_space height=\u00bb42px\u00bb][\/vc_column][\/vc_row][vc_row][vc_column width=\u00bb1\/4&#8243;][vc_column_text]<\/p>\n<h2 class=\"wpb_heading wpb_map_heading\">Romania, Bulgaria<\/h2>\n<p>[\/vc_column_text][vc_column_text]<strong>Top Metrology Srl<br \/>\n<\/strong>Blvd. Iuliu Maniu<br \/>\nNr. 7-11 Complex Apaca<br \/>\nSector 6 Bucuresti<br \/>\nTel:\u00a0<a href=\"tel:+40 746.608.707\">+40 746.608.707<\/a><br \/>\nE-mail:\u00a0<a href=\"mailto:sales@vici.it\">sales@vici.it<\/a><\/p>\n<p>Ref. <strong>Cristian Vicleanu<\/strong>[\/vc_column_text][\/vc_column][vc_column width=\u00bb1\/4&#8243;][vc_column_text]<\/p>\n<h2 class=\"wpb_heading wpb_map_heading\">Slovenia,<br \/>\nCroatia,<br \/>\nSerbia,<br \/>\nBosnia,<br \/>\nMacedonia,<br \/>\nMontenegro<\/h2>\n<p>[\/vc_column_text][vc_column_text]<strong>Binmat Bernetic in ostali d.n.o.<br \/>\n<\/strong>Preloze, 12<br \/>\nLokev, 6219<br \/>\nSlovenia<br \/>\nTel: <a href=\"tel:+386 41628642\">+386 41628642<br \/>\n<\/a>E-mail:\u00a0<a href=\"mailto:sales@vici.it\">sales@vici.it<\/a><\/p>\n<p>Ref.\u00a0<strong>Matej Bernetic<\/strong>[\/vc_column_text][\/vc_column][vc_column width=\u00bb1\/4&#8243;][vc_column_text]<\/p>\n<h2 class=\"wpb_heading wpb_map_heading\">France<\/h2>\n<p>[\/vc_column_text][vc_column_text]<strong>Vicivision-Metrios France<\/strong><br \/>\n16, Route des Esserts<br \/>\n74140 Douvaine<br \/>\nTel:\u00a0<a href=\"tel:+33 (0)4 50 85 09 46\">+33 (0)4 50 85 09 46<\/a><br \/>\nE-mail:\u00a0<a href=\"mailto:sales@vici.it\">sales@vici.it<\/a><\/p>\n<p>Ref. <strong>Franck Zollinger<\/strong>[\/vc_column_text][\/vc_column][vc_column width=\u00bb1\/4&#8243;][vc_column_text]<\/p>\n<h2 class=\"wpb_heading wpb_map_heading\">Hungary<\/h2>\n<p>[\/vc_column_text][vc_column_text]<strong>LAMATEC M\u00e9r\u00e9stechnika Kft.<\/strong><br \/>\nVadvir\u00e1g u. 41<br \/>\nH-8440 Herend<br \/>\nTel: <a href=\"tel:+36-70\/312-4741\">+36-70\/312-4741<\/a><br \/>\nE-mail:\u00a0<a href=\"mailto:sales@vici.it\">sales@vici.it<\/a><\/p>\n<p>Ref. <strong>M\u00e1t\u00e9 L\u00e1szl\u00f3<\/strong>[\/vc_column_text][\/vc_column][\/vc_row]<\/p>\n<\/div>","protected":false},"excerpt":{"rendered":"<p>[vc_row][vc_column][vc_empty_space][vc_column_text]VICIVISION\u00a0invites you to visit our Technical Centers for experiencing the outstanding demo units.[\/vc_column_text][vc_empty_space][\/vc_column][\/vc_row][vc_row][vc_column width=\u00bb1\/4&#8243;][vc_column_text] Germany, Austria [\/vc_column_text][vc_column_text]VICIVISION GmbH Seestra\u00dfe 5\/1 74232 Abstatt Tel:\u00a0+39 0541 350411 E-mail:sales@vici.it[\/vc_column_text][\/vc_column][vc_column width=\u00bb1\/4&#8243;][vc_column_text] Italy, Albania, Greece [\/vc_column_text][vc_column_text]Vici &amp; C S.p.A. VIa J. Gutenberg, 5 Santarcangelo di Romagna, 47822\u00a0 RN Tel:\u00a0+39 0541-350411 Fax\u00a00541-623897 Email:\u00a0sales@vici.it \u2013 info@vici.it [\/vc_column_text][\/vc_column][vc_column width=\u00bb1\/4&#8243;][vc_column_text] Czech Republic [\/vc_column_text][vc_column_text]Kubousek s.r.o.<\/p>\n<div class=\"more\"><a class=\"more-link btn btn-green ion-ios7-arrow-forward\" href=\"https:\/\/www.vicivision.com\/es\/europe\/\">leer m\u00e1s<\/a><\/div>\n","protected":false},"author":2,"featured_media":0,"parent":0,"menu_order":0,"comment_status":"closed","ping_status":"closed","template":"","meta":{"footnotes":""},"class_list":["post-5254","page","type-page","status-publish","hentry"],"acf":[],"_links":{"self":[{"href":"https:\/\/www.vicivision.com\/es\/wp-json\/wp\/v2\/pages\/5254","targetHints":{"allow":["GET"]}}],"collection":[{"href":"https:\/\/www.vicivision.com\/es\/wp-json\/wp\/v2\/pages"}],"about":[{"href":"https:\/\/www.vicivision.com\/es\/wp-json\/wp\/v2\/types\/page"}],"author":[{"embeddable":true,"href":"https:\/\/www.vicivision.com\/es\/wp-json\/wp\/v2\/users\/2"}],"replies":[{"embeddable":true,"href":"https:\/\/www.vicivision.com\/es\/wp-json\/wp\/v2\/comments?post=5254"}],"version-history":[{"count":0,"href":"https:\/\/www.vicivision.com\/es\/wp-json\/wp\/v2\/pages\/5254\/revisions"}],"wp:attachment":[{"href":"https:\/\/www.vicivision.com\/es\/wp-json\/wp\/v2\/media?parent=5254"}],"curies":[{"name":"wp","href":"https:\/\/api.w.org\/{rel}","templated":true}]}}