{"id":50784,"date":"2022-03-02T14:43:23","date_gmt":"2022-03-02T13:43:23","guid":{"rendered":"https:\/\/www.vicivision.com\/?page_id=50784"},"modified":"2025-08-07T15:24:37","modified_gmt":"2025-08-07T13:24:37","slug":"maquina-de-medicion-optica-para-todos-los-decoletadores-2","status":"publish","type":"page","link":"https:\/\/www.vicivision.com\/es\/maquina-de-medicion-optica-para-todos-los-decoletadores-2\/","title":{"rendered":"Nueva serie PRIMA"},"content":{"rendered":"<div class=\"wpb-content-wrapper\"><p>[vc_row full_width=\u00bbstretch_row_content_no_spaces\u00bb bg_type=\u00bbimage\u00bb fadeout_row=\u00bbfadeout_row_value\u00bb fadeout_start_effect=\u00bb50&#8243; enable_overlay=\u00bbenable_overlay_value\u00bb overlay_color=\u00bbrgba(2,10,2,0.53)\u00bb overlay_pattern=\u00bbtransperant\u00bb overlay_pattern_opacity=\u00bb100&#8243; css=\u00bb.vc_custom_1645018118166{background-image: url(https:\/\/www.vicivision.com\/wp-content\/uploads\/2022\/02\/Image238-vincic709657-e1645018009283.jpg?id=50193) !important;background-position: center !important;background-repeat: no-repeat !important;background-size: cover !important;}\u00bb][vc_column width=\u00bb1\/4&#8243;][\/vc_column][vc_column width=\u00bb1\/2&#8243;][vc_empty_space height=\u00bb550px\u00bb][vc_column_text]<\/p>\n<h1 style=\"color: white; text-align: left;\"><strong>\u00bfFabricas piezas de revoluci\u00f3n?<\/strong><\/h1>\n<h2 style=\"color: white; text-align: left;\"><strong>Aqu\u00ed esta la nueva <em>PRIMA<\/em> VICIVISION.<\/strong><br \/>\n<strong>La m\u00e1quina de medici\u00f3n \u00f3ptica para todos los decoletadores.<\/strong><\/h2>\n<p>[\/vc_column_text][vc_empty_space height=\u00bb200px\u00bb][\/vc_column][vc_column width=\u00bb1\/4&#8243;][\/vc_column][\/vc_row][vc_row][vc_column width=\u00bb1\/2&#8243;][vc_empty_space height=\u00bb82px\u00bb][vc_column_text]<\/p>\n<h4><strong>\u00bfCu\u00e1l es la mejor forma de medir piezas de revoluci\u00f3n?<\/strong><\/h4>\n<h5>Mediante el uso de una m\u00e1quina que sujeta la pieza como lo har\u00eda un torno: con centros y un mandril.<\/h5>\n<p>&nbsp;<\/p>\n<h4><strong>\u00bfD\u00f3nde puedo medir mis piezas?<\/strong><\/h4>\n<h5>Justo al lado del torno, donde ofrece un beneficio inmediato.<\/h5>\n<p>&nbsp;<\/p>\n<h4><strong>\u00bfNecesito personal especializado?<\/strong><\/h4>\n<h5>Miles de decoletadores ya lo utilizan con total autonom\u00eda. Te guiamos hasta obtener el resultado final.<\/h5>\n<p>[\/vc_column_text]<div class=\" ubtn-ctn-left \"><a class=\"ubtn-link ult-adjust-bottom-margin ubtn-left ubtn-normal \" href=\"https:\/\/www.vicivision.com\/wp-content\/uploads\/2025\/08\/Flyer-PRIMA_ESP.pdf\" ><button type=\"button\" id=\"ubtn-4583\"  class=\"ubtn ult-adjust-bottom-margin ult-responsive ubtn-normal ubtn-no-hover-bg  none  ubtn-left   tooltip-69ea273d881a5\"  data-hover=\"\" data-border-color=\"\" data-bg=\"#36af4e\" data-hover-bg=\"\" data-border-hover=\"\" data-shadow-hover=\"\" data-shadow-click=\"none\" data-shadow=\"\" data-shd-shadow=\"\"  data-ultimate-target='#ubtn-4583'  data-responsive-json-new='{\"font-size\":\"\",\"line-height\":\"\"}'  style=\"font-weight:normal;border:none;background: #36af4e;color: #ffffff;\"><span class=\"ubtn-hover\" style=\"background-color:\"><\/span><span class=\"ubtn-data ubtn-text \" >DESCARGAR DATOS T\u00c9CNICOS<\/span><\/button><\/a><\/div>[\/vc_column][vc_column width=\u00bb1\/2&#8243;][vc_single_image image=\u00bb50375&#8243; img_size=\u00bblarge\u00bb][\/vc_column][\/vc_row][vc_row][vc_column][vc_empty_space height=\u00bb60px\u00bb][\/vc_column][\/vc_row][vc_row][vc_column width=\u00bb1\/2&#8243;][vc_single_image image=\u00bb50540&#8243; img_size=\u00bblarge\u00bb][vc_empty_space height=\u00bb22px\u00bb][\/vc_column][vc_column width=\u00bb1\/2&#8243;][vc_column_text]<\/p>\n<h2><\/h2>\n<h2 style=\"text-align: left;\"><strong>\u00bfQu\u00e9 puede hacer <em>PRIMA<\/em> por ti?<\/strong><\/h2>\n<h5><\/h5>\n<ul>\n<li style=\"text-align: left;\">\n<h5><strong>Reduce el achatarrado<\/strong>,<br \/>\nreduciendo los costes e impacto ambiental<\/h5>\n<\/li>\n<li style=\"text-align: left;\">\n<h5><strong>Realiza mediciones objetivas<br \/>\n<\/strong>eliminando el error humano y evitando interrupciones<\/h5>\n<\/li>\n<li>\n<h5><strong>Obtiene resultados r\u00e1pidos<\/strong><br \/>\npara ahorrar tiempo<\/h5>\n<\/li>\n<li>\n<h5><strong>Aalmacena datos digitales<\/strong><br \/>\npara que producci\u00f3n los utilice.\u00a0Para mantener el proceso bajo control.<\/h5>\n<\/li>\n<\/ul>\n<p>[\/vc_column_text][vc_empty_space height=\u00bb92px\u00bb][\/vc_column][\/vc_row][vc_row full_width=\u00bbstretch_row_content_no_spaces\u00bb bg_type=\u00bbimage\u00bb enable_overlay=\u00bbenable_overlay_value\u00bb overlay_color=\u00bbrgba(2,10,2,0.53)\u00bb overlay_pattern=\u00bbtransperant\u00bb overlay_pattern_opacity=\u00bb100&#8243; css=\u00bb.vc_custom_1646217003548{background-image: url(https:\/\/www.vicivision.com\/wp-content\/uploads\/2022\/02\/SERIE_PRIMA-VICIVISION.jpg?id=50478) !important;background-position: center !important;background-repeat: no-repeat !important;background-size: cover !important;}\u00bb][vc_column width=\u00bb1\/4&#8243;][\/vc_column][vc_column width=\u00bb1\/2&#8243;][vc_empty_space height=\u00bb370px\u00bb][vc_column_text]<\/p>\n<h2 style=\"color: white;\"><strong>Soluciones accesibles para todos los operarios de torno que buscan un control f\u00e1cil y r\u00e1pido, y resultados fiables.<\/strong><\/h2>\n<p>[\/vc_column_text][vc_empty_space height=\u00bb270px\u00bb][\/vc_column][vc_column width=\u00bb1\/4&#8243;][\/vc_column][\/vc_row][vc_row][vc_column width=\u00bb1\/2&#8243;][vc_single_image image=\u00bb50460&#8243; img_size=\u00bblarge\u00bb][\/vc_column][vc_column width=\u00bb1\/2&#8243;][vc_empty_space][vc_column_text]<\/p>\n<h2 style=\"text-align: left;\"><strong>Medidas detectables<\/strong><\/h2>\n<p style=\"text-align: left;\"><strong>Medidas est\u00e1ticas:<\/strong><br \/>\n&#8211;\u00a0di\u00e1metro<br \/>\n&#8211; longitud<br \/>\n&#8211; \u00e1ngulo<br \/>\n&#8211; radio<br \/>\n&#8211; chafl\u00e1n<\/p>\n<p><strong>Medidas din\u00e1micas:<\/strong><br \/>\n&#8211; coaxialidad<br \/>\n&#8211; salto<br \/>\n&#8211; circularidad<br \/>\n&#8211; cilindricidad<br \/>\n&#8211; disminuci\u00f3n gradual<\/p>\n<p><strong>Roscas:<\/strong><br \/>\n&#8211; di\u00e1metro exterior<br \/>\n&#8211; di\u00e1metro medio<br \/>\n&#8211; di\u00e1metro m\u00ednimo<br \/>\n&#8211; \u00e1ngulos de cresta<br \/>\n&#8211; paso<br \/>\n&#8211; dimensi\u00f3n varillas<\/p>\n<p><strong>Tuerca:<\/strong><br \/>\n&#8211; di\u00e1metro<br \/>\n&#8211; asimetr\u00eda angular<br \/>\n&#8211; posici\u00f3n angular<\/p>\n<p><strong>Medidas del perfil (opcional):<\/strong><br \/>\n&#8211; comparaci\u00f3n DXF<br \/>\n&#8211; exportaci\u00f3n DXF[\/vc_column_text][vc_empty_space height=\u00bb80px\u00bb]<div class=\" ubtn-ctn-left \"><a class=\"ubtn-link ult-adjust-bottom-margin ubtn-left ubtn-normal \" href=\"https:\/\/www.vicivision.com\/wp-content\/uploads\/2025\/08\/Flyer-PRIMA_ESP.pdf\" ><button type=\"button\" id=\"ubtn-4901\"  class=\"ubtn ult-adjust-bottom-margin ult-responsive ubtn-normal ubtn-no-hover-bg  none  ubtn-left   tooltip-69ea273d88228\"  data-hover=\"\" data-border-color=\"\" data-bg=\"#36af4e\" data-hover-bg=\"\" data-border-hover=\"\" data-shadow-hover=\"\" data-shadow-click=\"none\" data-shadow=\"\" data-shd-shadow=\"\"  data-ultimate-target='#ubtn-4901'  data-responsive-json-new='{\"font-size\":\"\",\"line-height\":\"\"}'  style=\"font-weight:normal;border:none;background: #36af4e;color: #ffffff;\"><span class=\"ubtn-hover\" style=\"background-color:\"><\/span><span class=\"ubtn-data ubtn-text \" >DESCARGAR DATOS T\u00c9CNICOS<\/span><\/button><\/a><\/div>[\/vc_column][\/vc_row][vc_row el_class=\u00bbvideo-full-height\u00bb][vc_column][vc_empty_space height=\u00bb140px\u00bb][vc_video link=\u00bbhttps:\/\/www.youtube.com\/watch?v=s9XiQV17OZY\u00bb align=\u00bbcenter\u00bb][vc_empty_space height=\u00bb100px\u00bb][\/vc_column][\/vc_row][vc_row][vc_column][vc_empty_space height=\u00bb72px\u00bb][vc_column_text]<\/p>\n<h2 style=\"text-align: left;\"><strong>\u00bfQu\u00e9 hace que <em>PRIMA<\/em> sea \u00fanica?<br \/>\n<\/strong><\/h2>\n<h3 style=\"text-align: left;\">Toda la experiencia de miles de clientes VICIVISION en una m\u00e1quina optimizada para el control del proceso de torneado.<\/h3>\n<p>&nbsp;<\/p>\n<h5><\/h5>\n<h5><strong>Software simplificado para una programaci\u00f3n r\u00e1pida.<\/strong><br \/>\nLa interfaz est\u00e1 dise\u00f1ada para satisfacer las necesidades de los usuarios finales.<br \/>\nDiferentes interfaces dependiendo del tipo de usuario.<\/h5>\n<h5><strong><em>Vivian<\/em>,\u00a0el nuevo asistente de medici\u00f3n, te gu\u00eda paso por paso durante la creaci\u00f3n de programas<\/strong><strong>.<\/strong><br \/>\nReduce la necesidad de formaci\u00f3n del operario y el tiempo de programaci\u00f3n.<\/h5>\n<h5><strong>La plataforma de e-learning ilustra y explica con voz humana, para apoyarte en todo momento.<\/strong><br \/>\nUn curso de formaci\u00f3n para nuevos usuarios: para aquellos que quieren repasar y profundizar en los conceptos b\u00e1sicos que han adquirido en el curso inicial, o para ampliar sus conocimientos.<\/h5>\n<h5><strong>El servicio de programaci\u00f3n remota.<\/strong><br \/>\nUn t\u00e9cnico VICI dispuesto a conectarse con el cliente en tiempo real para ayudarle en la creaci\u00f3n de programas.<\/h5>\n<p>[\/vc_column_text][\/vc_column][\/vc_row][vc_row][vc_column][vc_empty_space height=\u00bb72px\u00bb][vc_single_image image=\u00bb50481&#8243; img_size=\u00bbfull\u00bb][vc_column_text]<\/p>\n<h5 style=\"text-align: center;\"><span style=\"color: #ff0000;\"><span style=\"color: #000000;\">La sencillez permite a los operarios controlar el proceso de producci\u00f3n en cualquier momento.<\/span><\/span><\/h5>\n<h5 style=\"text-align: center;\"><span style=\"color: #ff0000;\"><span style=\"color: #000000;\">El objetivo es proporcionar altos est\u00e1ndares de medici\u00f3n en una nueva, competitiva y compacta m\u00e1quina.<\/span><\/span><\/h5>\n<h5 style=\"text-align: center;\"><span style=\"color: #ff0000;\"><span style=\"color: #000000;\">Detecta cientos de medidas en segundos, en todo tipo de piezas torneadas y rectificadas.<\/span><\/span><\/h5>\n<h5 style=\"text-align: center;\"><span style=\"color: #ff0000;\"><span style=\"color: #000000;\">Los campos de medici\u00f3n de esta nueva serie son <strong>desde\u00a060 &#8211; 140 mm de di\u00e1metro<\/strong>, <strong>hasta 300 &#8211; 600 mm\u00a0de\u00a0longitud<\/strong>.<\/span><\/span><\/h5>\n<p>[\/vc_column_text][vc_empty_space height=\u00bb80px\u00bb][\/vc_column][\/vc_row][vc_row][vc_column][vc_empty_space][\/vc_column][\/vc_row][vc_row full_width=\u00bbstretch_row_content_no_spaces\u00bb bg_type=\u00bbimage\u00bb enable_overlay=\u00bbenable_overlay_value\u00bb overlay_color=\u00bbrgba(2,10,2,0.53)\u00bb overlay_pattern=\u00bbtransperant\u00bb overlay_pattern_opacity=\u00bb100&#8243; css=\u00bb.vc_custom_1645015721885{background-image: url(https:\/\/www.vicivision.com\/wp-content\/uploads\/2019\/04\/Cattura.png?id=22202) !important;background-position: center !important;background-repeat: no-repeat !important;background-size: cover !important;}\u00bb][vc_column width=\u00bb1\/4&#8243;][\/vc_column][vc_column width=\u00bb1\/2&#8243;][vc_empty_space height=\u00bb350px\u00bb][vc_column_text]<\/p>\n<h1 style=\"color: white; text-align: left;\"><strong>Gu\u00eda de medici\u00f3n: c\u00f3mo medir en segundos cigue\u00f1ales, roscas y tornillos con precisi\u00f3n.<\/strong><\/h1>\n<h2 style=\"color: white; text-align: left;\"><strong>Con\u00a0<em>PRIMA<\/em> podr\u00e1s medir roscas torneadas, tornillos y pernos en pocos segundos.<\/strong><\/h2>\n<p>[\/vc_column_text]<div class=\" ubtn-ctn-left \"><a class=\"ubtn-link ult-adjust-bottom-margin ubtn-left ubtn-normal \" href=\"https:\/\/www.vicivision.com\/wp-content\/uploads\/2025\/08\/Como-medir-en-segundos-ciguenales-roscas-y-tornillos-con-precision.pdf\" ><button type=\"button\" id=\"ubtn-2462\"  class=\"ubtn ult-adjust-bottom-margin ult-responsive ubtn-normal ubtn-no-hover-bg  none  ubtn-left   tooltip-69ea273d8825d\"  data-hover=\"\" data-border-color=\"\" data-bg=\"#e0e0e0\" data-hover-bg=\"\" data-border-hover=\"\" data-shadow-hover=\"\" data-shadow-click=\"none\" data-shadow=\"\" data-shd-shadow=\"\"  data-ultimate-target='#ubtn-2462'  data-responsive-json-new='{\"font-size\":\"\",\"line-height\":\"\"}'  style=\"font-weight:normal;border:none;background: #e0e0e0;color: #000000;\"><span class=\"ubtn-hover\" style=\"background-color:\"><\/span><span class=\"ubtn-data ubtn-text \" >DESCARGUE LA GU\u00cdA DE MEDICI\u00d3N<\/span><\/button><\/a><\/div>[vc_empty_space height=\u00bb180px\u00bb][\/vc_column][vc_column width=\u00bb1\/4&#8243;][\/vc_column][\/vc_row][vc_row][vc_column][vc_column_text]<\/p>\n<h3><strong>Cientos de mediciones en segundos en piezas torneadas y rectificadas.<\/strong><\/h3>\n<p>&nbsp;<\/p>\n<h5><strong>Numerosas ventajas.<\/strong><\/h5>\n<h5><em>Prima<\/em> es la m\u00e1quina de medici\u00f3n \u00f3ptica de taller que te ayudar\u00e1 a producir m\u00e1s.<br \/>\nAcelera procesos, controla la calidad, reduce el achatarramiento y los tiempos de inactividad.<br \/>\nAgrupa el 90% de las herramientas de medici\u00f3n que se utilizan a diario en una sola soluci\u00f3n con un r\u00e1pido retorno de la inversi\u00f3n.<\/h5>\n<p>&nbsp;<\/p>\n<h5><strong>Cerca de ti.<\/strong><\/h5>\n<h5>VICIVISION se apoya en una red de distribuidores a nivel mundial que trabajan con experiencia y profesionalidad.<br \/>\nDecenas de expertos que te acompa\u00f1an durante el proceso de consulta y compra, capaces de instalar, programar y ofrecer soporte post-venta.<\/h5>\n<h5><strong>\u00a0<\/strong><\/h5>\n<p>[\/vc_column_text]<div class=\" ubtn-ctn-left \"><a class=\"ubtn-link ult-adjust-bottom-margin ubtn-left ubtn-normal \" href=\"https:\/\/www.vicivision.com\/wp-content\/uploads\/2025\/08\/Flyer-PRIMA_ESP.pdf\" ><button type=\"button\" id=\"ubtn-8429\"  class=\"ubtn ult-adjust-bottom-margin ult-responsive ubtn-normal ubtn-no-hover-bg  none  ubtn-left   tooltip-69ea273d88288\"  data-hover=\"\" data-border-color=\"\" data-bg=\"#36af4e\" data-hover-bg=\"\" data-border-hover=\"\" data-shadow-hover=\"\" data-shadow-click=\"none\" data-shadow=\"\" data-shd-shadow=\"\"  data-ultimate-target='#ubtn-8429'  data-responsive-json-new='{\"font-size\":\"\",\"line-height\":\"\"}'  style=\"font-weight:normal;border:none;background: #36af4e;color: #ffffff;\"><span class=\"ubtn-hover\" style=\"background-color:\"><\/span><span class=\"ubtn-data ubtn-text \" >DESCARGAR DATOS T\u00c9CNICOS<\/span><\/button><\/a><\/div>[\/vc_column][\/vc_row]<\/p>\n<\/div>","protected":false},"excerpt":{"rendered":"<p>[vc_row full_width=\u00bbstretch_row_content_no_spaces\u00bb bg_type=\u00bbimage\u00bb fadeout_row=\u00bbfadeout_row_value\u00bb fadeout_start_effect=\u00bb50&#8243; enable_overlay=\u00bbenable_overlay_value\u00bb overlay_color=\u00bbrgba(2,10,2,0.53)\u00bb overlay_pattern=\u00bbtransperant\u00bb overlay_pattern_opacity=\u00bb100&#8243; css=\u00bb.vc_custom_1645018118166{background-image: url(https:\/\/www.vicivision.com\/wp-content\/uploads\/2022\/02\/Image238-vincic709657-e1645018009283.jpg?id=50193) !important;background-position: center !important;background-repeat: no-repeat !important;background-size: cover !important;}\u00bb][vc_column width=\u00bb1\/4&#8243;][\/vc_column][vc_column width=\u00bb1\/2&#8243;][vc_empty_space height=\u00bb550px\u00bb][vc_column_text] \u00bfFabricas piezas de revoluci\u00f3n? Aqu\u00ed esta la nueva PRIMA VICIVISION. La m\u00e1quina de medici\u00f3n \u00f3ptica para todos los decoletadores. [\/vc_column_text][vc_empty_space height=\u00bb200px\u00bb][\/vc_column][vc_column width=\u00bb1\/4&#8243;][\/vc_column][\/vc_row][vc_row][vc_column width=\u00bb1\/2&#8243;][vc_empty_space height=\u00bb82px\u00bb][vc_column_text] \u00bfCu\u00e1l es la mejor forma de medir piezas de revoluci\u00f3n?<\/p>\n<div class=\"more\"><a class=\"more-link btn btn-green ion-ios7-arrow-forward\" href=\"https:\/\/www.vicivision.com\/es\/maquina-de-medicion-optica-para-todos-los-decoletadores-2\/\">leer m\u00e1s<\/a><\/div>\n","protected":false},"author":2,"featured_media":0,"parent":0,"menu_order":0,"comment_status":"closed","ping_status":"closed","template":"","meta":{"footnotes":""},"class_list":["post-50784","page","type-page","status-publish","hentry"],"acf":[],"_links":{"self":[{"href":"https:\/\/www.vicivision.com\/es\/wp-json\/wp\/v2\/pages\/50784","targetHints":{"allow":["GET"]}}],"collection":[{"href":"https:\/\/www.vicivision.com\/es\/wp-json\/wp\/v2\/pages"}],"about":[{"href":"https:\/\/www.vicivision.com\/es\/wp-json\/wp\/v2\/types\/page"}],"author":[{"embeddable":true,"href":"https:\/\/www.vicivision.com\/es\/wp-json\/wp\/v2\/users\/2"}],"replies":[{"embeddable":true,"href":"https:\/\/www.vicivision.com\/es\/wp-json\/wp\/v2\/comments?post=50784"}],"version-history":[{"count":0,"href":"https:\/\/www.vicivision.com\/es\/wp-json\/wp\/v2\/pages\/50784\/revisions"}],"wp:attachment":[{"href":"https:\/\/www.vicivision.com\/es\/wp-json\/wp\/v2\/media?parent=50784"}],"curies":[{"name":"wp","href":"https:\/\/api.w.org\/{rel}","templated":true}]}}