{"id":42526,"date":"2021-01-22T11:58:43","date_gmt":"2021-01-22T10:58:43","guid":{"rendered":"https:\/\/www.vicivision.com\/?page_id=42526"},"modified":"2021-04-01T10:02:28","modified_gmt":"2021-04-01T08:02:28","slug":"medicion-micromecanica","status":"publish","type":"page","link":"https:\/\/www.vicivision.com\/es\/medicion-micromecanica\/","title":{"rendered":"PARDOT &#8211; X360_ENG"},"content":{"rendered":"<div class=\"wpb-content-wrapper\"><p>[vc_row gap=\u00bb5&#8243; equal_height=\u00bbyes\u00bb css=\u00bb.vc_custom_1614674828049{margin-bottom: 0px !important;padding-right: 0% !important;padding-left: 0% !important;}\u00bb el_id=\u00bbflayer\u00bb][vc_column][vc_column_text]<\/p>\n<h3><strong><br \/>\n\u00a1OFREZCA UNA CALIDAD CERO DEFECTOS Y AUMENTE SUS GANANCIAS!<br \/>\nAQU\u00cd HAY TRES CONSEJOS QUE LE HAR\u00c1N \u00daNICO.<\/strong><\/h3>\n<p>&nbsp;<\/p>\n<p>A continuaci\u00f3n, encontrar\u00e1 tres consejos con un beneficio inmediato que muchos decoletadores en la industria ya utilizan.<\/p>\n<p>Ideal para aquellos que hacen decoletaje de <strong>implantes dentales,<\/strong> <strong>pr\u00f3tesis<\/strong> y <strong>tornillos \u00f3seos,<\/strong> <strong>micromec\u00e1nica<\/strong> y <strong>relojer\u00eda.<br \/>\n<\/strong><\/p>\n<ol>\n<li><strong><u>Ganar dinero en lotes peque\u00f1os.<\/u><\/strong><\/li>\n<\/ol>\n<p>\u00bfCu\u00e1ntos cambios de herramienta hace por d\u00eda en su planta productiva?<br \/>\n\u00bfC\u00f3mo estima el coste por hora de una parada de un torno?<\/p>\n<p>Descubra c\u00f3mo reducir los tiempos de inactividad.<\/p>\n<p>Detecte las dimensiones de las piezas en unos segundos y transfi\u00e9ralas inmediatamente al torno CNC.<\/p>\n<p><strong>Ahorre hasta 40 minutos en cada cambio de lote<\/strong>.<\/p>\n<ol start=\"2\">\n<li><strong><u>Elimine la chatarra.<\/u><\/strong><\/li>\n<\/ol>\n<p>\u00bfCu\u00e1nto material desperdicia en un a\u00f1o?<br \/>\n\u00bfY si la chatarra llega al cliente?<\/p>\n<p>Aproveche un sistema de <strong>medici\u00f3n junto al torno<\/strong> que le permita evitar <strong>chatarra<\/strong>.<\/p>\n<ol start=\"3\">\n<li><strong><u>Supere a la competencia.<\/u><\/strong><\/li>\n<\/ol>\n<p>\u00bfCu\u00e1nto afecta la calidad y la reputaci\u00f3n en su elecci\u00f3n de proveedor?<br \/>\n\u00bfCu\u00e1nto cuestan las quejas? \u00bfY qu\u00e9 pasa con las auditor\u00edas de calidad?<\/p>\n<p><strong>Realice un seguimiento de la calidad sin coste <\/strong>alguno, <strong>evite reclamaciones,<\/strong> muestre<strong> su rendimiento<\/strong>.<\/p>\n<p>&nbsp;<\/p>\n<p>\u00bfQuieres saber c\u00f3mo ponerlo todo en pr\u00e1ctica?<\/p>\n<p><strong>Con la herramienta de medici\u00f3n \u00f3ptica VICIVISION dise\u00f1ada para fabricantes de implantes dentales y microcomponentes.<\/strong><\/p>\n<p>Ser\u00e1 f\u00e1cil de usar y <strong>recuperar\u00e1 la inversi\u00f3n en unos 3 meses<\/strong>.<\/p>\n<p>A partir de entonces, aumentar\u00e1 su margen y vencer\u00e1 a la competencia.<\/p>\n<p>&nbsp;<\/p>\n<p>Rellene el formulario. Recibir\u00e1:<\/p>\n<ul>\n<li>Informaci\u00f3n sobre la serie X, un dispositivo de medici\u00f3n dise\u00f1ado espec\u00edficamente para las industrias dental, biom\u00e9dica y relojera<\/li>\n<li>Una buena pr\u00e1ctica recomendada por semana.<\/li>\n<\/ul>\n<p>[\/vc_column_text][\/vc_column][\/vc_row]<\/p>\n<\/div>","protected":false},"excerpt":{"rendered":"<p>[vc_row gap=\u00bb5&#8243; equal_height=\u00bbyes\u00bb css=\u00bb.vc_custom_1614674828049{margin-bottom: 0px !important;padding-right: 0% !important;padding-left: 0% !important;}\u00bb el_id=\u00bbflayer\u00bb][vc_column][vc_column_text] \u00a1OFREZCA UNA CALIDAD CERO DEFECTOS Y AUMENTE SUS GANANCIAS! AQU\u00cd HAY TRES CONSEJOS QUE LE HAR\u00c1N \u00daNICO. &nbsp; A continuaci\u00f3n, encontrar\u00e1 tres consejos con un beneficio inmediato que muchos decoletadores en la industria ya utilizan. Ideal para aquellos que hacen decoletaje de implantes dentales,<\/p>\n<div class=\"more\"><a class=\"more-link btn btn-green ion-ios7-arrow-forward\" href=\"https:\/\/www.vicivision.com\/es\/medicion-micromecanica\/\">leer m\u00e1s<\/a><\/div>\n","protected":false},"author":2,"featured_media":0,"parent":0,"menu_order":0,"comment_status":"closed","ping_status":"closed","template":"template-form-handler.php","meta":{"footnotes":""},"class_list":["post-42526","page","type-page","status-publish","hentry"],"acf":[],"_links":{"self":[{"href":"https:\/\/www.vicivision.com\/es\/wp-json\/wp\/v2\/pages\/42526","targetHints":{"allow":["GET"]}}],"collection":[{"href":"https:\/\/www.vicivision.com\/es\/wp-json\/wp\/v2\/pages"}],"about":[{"href":"https:\/\/www.vicivision.com\/es\/wp-json\/wp\/v2\/types\/page"}],"author":[{"embeddable":true,"href":"https:\/\/www.vicivision.com\/es\/wp-json\/wp\/v2\/users\/2"}],"replies":[{"embeddable":true,"href":"https:\/\/www.vicivision.com\/es\/wp-json\/wp\/v2\/comments?post=42526"}],"version-history":[{"count":0,"href":"https:\/\/www.vicivision.com\/es\/wp-json\/wp\/v2\/pages\/42526\/revisions"}],"wp:attachment":[{"href":"https:\/\/www.vicivision.com\/es\/wp-json\/wp\/v2\/media?parent=42526"}],"curies":[{"name":"wp","href":"https:\/\/api.w.org\/{rel}","templated":true}]}}