{"id":42518,"date":"2021-01-21T12:13:07","date_gmt":"2021-01-21T11:13:07","guid":{"rendered":"https:\/\/www.vicivision.com\/pardot-twc_esp\/"},"modified":"2021-04-01T10:02:02","modified_gmt":"2021-04-01T08:02:02","slug":"correccion-automatica-de-herramientas","status":"publish","type":"page","link":"https:\/\/www.vicivision.com\/es\/correccion-automatica-de-herramientas\/","title":{"rendered":"PARDOT &#8211; twc_ENG"},"content":{"rendered":"<div class=\"wpb-content-wrapper\"><p>[vc_row gap=\u00bb5&#8243; equal_height=\u00bbyes\u00bb css=\u00bb.vc_custom_1614674564198{margin-bottom: 0px !important;padding-right: 0% !important;padding-left: 0% !important;}\u00bb el_id=\u00bbflayer\u00bb][vc_column][vc_column_text]<\/p>\n<h3><strong><br \/>\nMANT\u00c9NGASE AL D\u00cdA SOBRE LOS CAMBIOS EN LOS PROCESOS DE PRODUCCI\u00d3N EN LA ERA DE LA INDUSTRIA 4.0.<br \/>\n<\/strong><\/h3>\n<p>&nbsp;<\/p>\n<p>Al <strong>entrevistar a gerentes de calidad y producci\u00f3n, <\/strong>encontramos que los mayores desaf\u00edos son:<\/p>\n<p>Tener <strong>soluciones flexibles y r\u00e1pidas<\/strong><br \/>\nInspecci\u00f3n fuera de la sala de metrolog\u00eda manteniendo <strong>la trazabilidad y el control de datos<\/strong><br \/>\nFormar a operarios para tener <strong>cero defectos<\/strong> con alta variabilidad de c\u00f3digos<br \/>\nSupervisar y <strong>corregir <\/strong><strong>constantemente en<\/strong> <strong>tiempo<\/strong>.<\/p>\n<p>El <strong>software TWC lee los archivos CSV, los <\/strong>procesa, calcula los offset y, a continuaci\u00f3n, los pone a disposici\u00f3n de un <strong>PLC<\/strong> a trav\u00e9s de la conexi\u00f3n <strong>Profinet<\/strong> o <strong>Profibus,<\/strong> para implementar la <strong>compensaci\u00f3n<\/strong> <strong>autom\u00e1tica<\/strong>.[\/vc_column_text][\/vc_column][\/vc_row]<\/p>\n<\/div>","protected":false},"excerpt":{"rendered":"<p>[vc_row gap=\u00bb5&#8243; equal_height=\u00bbyes\u00bb css=\u00bb.vc_custom_1614674564198{margin-bottom: 0px !important;padding-right: 0% !important;padding-left: 0% !important;}\u00bb el_id=\u00bbflayer\u00bb][vc_column][vc_column_text] MANT\u00c9NGASE AL D\u00cdA SOBRE LOS CAMBIOS EN LOS PROCESOS DE PRODUCCI\u00d3N EN LA ERA DE LA INDUSTRIA 4.0. &nbsp; Al entrevistar a gerentes de calidad y producci\u00f3n, encontramos que los mayores desaf\u00edos son: Tener soluciones flexibles y r\u00e1pidas Inspecci\u00f3n fuera de la sala de<\/p>\n<div class=\"more\"><a class=\"more-link btn btn-green ion-ios7-arrow-forward\" href=\"https:\/\/www.vicivision.com\/es\/correccion-automatica-de-herramientas\/\">leer m\u00e1s<\/a><\/div>\n","protected":false},"author":2,"featured_media":0,"parent":0,"menu_order":0,"comment_status":"closed","ping_status":"closed","template":"template-form-handler.php","meta":{"footnotes":""},"class_list":["post-42518","page","type-page","status-publish","hentry"],"acf":[],"_links":{"self":[{"href":"https:\/\/www.vicivision.com\/es\/wp-json\/wp\/v2\/pages\/42518","targetHints":{"allow":["GET"]}}],"collection":[{"href":"https:\/\/www.vicivision.com\/es\/wp-json\/wp\/v2\/pages"}],"about":[{"href":"https:\/\/www.vicivision.com\/es\/wp-json\/wp\/v2\/types\/page"}],"author":[{"embeddable":true,"href":"https:\/\/www.vicivision.com\/es\/wp-json\/wp\/v2\/users\/2"}],"replies":[{"embeddable":true,"href":"https:\/\/www.vicivision.com\/es\/wp-json\/wp\/v2\/comments?post=42518"}],"version-history":[{"count":0,"href":"https:\/\/www.vicivision.com\/es\/wp-json\/wp\/v2\/pages\/42518\/revisions"}],"wp:attachment":[{"href":"https:\/\/www.vicivision.com\/es\/wp-json\/wp\/v2\/media?parent=42518"}],"curies":[{"name":"wp","href":"https:\/\/api.w.org\/{rel}","templated":true}]}}