{"id":41760,"date":"2020-10-05T15:31:56","date_gmt":"2020-10-05T13:31:56","guid":{"rendered":"https:\/\/www.vicivision.com\/pardot-touch-probe\/"},"modified":"2021-04-01T10:01:34","modified_gmt":"2021-04-01T08:01:34","slug":"sonda-tactil","status":"publish","type":"page","link":"https:\/\/www.vicivision.com\/es\/sonda-tactil\/","title":{"rendered":"PARDOT &#8211; Touch Probe"},"content":{"rendered":"<div class=\"wpb-content-wrapper\"><p>[vc_row gap=\u00bb5&#8243; equal_height=\u00bbyes\u00bb css=\u00bb.vc_custom_1614175210718{margin-bottom: 0px !important;padding-right: 0% !important;padding-left: 0% !important;}\u00bb el_id=\u00bbflayer\u00bb][vc_column][vc_empty_space][vc_column_text]<\/p>\n<div class=\"wpb_text_column wpb_content_element \">\n<div class=\"wpb_wrapper\">\n<h3><strong>UNA SOLA HERRAMIENTA, A\u00daN M\u00c1S COMPLETA.<\/strong><\/h3>\n<\/div>\n<\/div>\n<div class=\"wpb_text_column wpb_content_element \">\n<div class=\"wpb_wrapper\">\n<p>VICIVISION ofrece una funci\u00f3n de medici\u00f3n completamente nueva para los ejes, combinando el m\u00e9todo espec\u00edfico de conocimientos \u00f3pticos con un\u00a0<strong>sistema de medici\u00f3n por contacto<\/strong>.<\/p>\n<p>El\u00a0<strong>sistema de medici\u00f3n \u00f3ptica<\/strong>, fabricado con lente telec\u00e9ntrica, fuente de luz, sistema de rotaci\u00f3n y sensores, proporciona desde hace a\u00f1os una amplia lista de mediciones a cientos de fabricantes de ejes.<\/p>\n<p>Hoy en d\u00eda,\u00a0<strong>la combinaci\u00f3n de funciones \u00f3pticas y t\u00e1ctiles<\/strong>\u00a0dan como resultado un control de medici\u00f3n completo para piezas torneadas en un solo ciclo.<\/p>\n<p>El sistema de medici\u00f3n, con una inmejorable relaci\u00f3n precio-rendimiento, ahora mejora sus opciones con una\u00a0<strong>sonda de escaneado Renishaw<\/strong>, montada en la parte superior de la fuente de luz. La sonda es intercambiable y\u00a0<strong>cubre todo el \u00e1rea longitudinal<\/strong>.<\/p>\n<p>Mientras que\u00a0<strong>el sistema de medici\u00f3n \u00f3ptico<\/strong>\u00a0proporciona mediciones est\u00e1ticas, geom\u00e9tricas y de roscas, mediciones de formas y tuercas,\u00a0<strong>el sistema t\u00e1ctil detecta caracter\u00edsticas que no son \u00f3pticamente visibles<\/strong>.<\/p>\n<p>La combinaci\u00f3n \u00f3ptico y t\u00e1ctil proporciona a los usuarios finales la posibilidad de medir:<\/p>\n<p><b>Desplazamiento axial y\u00a0axial total<br \/>\n<\/b><b>Longitudes con punto de corte<br \/>\n<\/b><b>Ranura de chavetero<br \/>\n<\/b><b>Ancho de chavetero<br \/>\n<\/b><b>Profundidad de chavetero<br \/>\n<\/b><b>Longitud\u00a0de chavetero<\/b><\/p>\n<\/div>\n<\/div>\n<p>[\/vc_column_text][\/vc_column][\/vc_row]<\/p>\n<\/div>","protected":false},"excerpt":{"rendered":"<p>[vc_row gap=\u00bb5&#8243; equal_height=\u00bbyes\u00bb css=\u00bb.vc_custom_1614175210718{margin-bottom: 0px !important;padding-right: 0% !important;padding-left: 0% !important;}\u00bb el_id=\u00bbflayer\u00bb][vc_column][vc_empty_space][vc_column_text] UNA SOLA HERRAMIENTA, A\u00daN M\u00c1S COMPLETA. VICIVISION ofrece una funci\u00f3n de medici\u00f3n completamente nueva para los ejes, combinando el m\u00e9todo espec\u00edfico de conocimientos \u00f3pticos con un\u00a0sistema de medici\u00f3n por contacto. El\u00a0sistema de medici\u00f3n \u00f3ptica, fabricado con lente telec\u00e9ntrica, fuente de luz, sistema de rotaci\u00f3n<\/p>\n<div class=\"more\"><a class=\"more-link btn btn-green ion-ios7-arrow-forward\" href=\"https:\/\/www.vicivision.com\/es\/sonda-tactil\/\">leer m\u00e1s<\/a><\/div>\n","protected":false},"author":5,"featured_media":0,"parent":0,"menu_order":0,"comment_status":"closed","ping_status":"closed","template":"template-form-handler.php","meta":{"footnotes":""},"class_list":["post-41760","page","type-page","status-publish","hentry"],"acf":[],"_links":{"self":[{"href":"https:\/\/www.vicivision.com\/es\/wp-json\/wp\/v2\/pages\/41760","targetHints":{"allow":["GET"]}}],"collection":[{"href":"https:\/\/www.vicivision.com\/es\/wp-json\/wp\/v2\/pages"}],"about":[{"href":"https:\/\/www.vicivision.com\/es\/wp-json\/wp\/v2\/types\/page"}],"author":[{"embeddable":true,"href":"https:\/\/www.vicivision.com\/es\/wp-json\/wp\/v2\/users\/5"}],"replies":[{"embeddable":true,"href":"https:\/\/www.vicivision.com\/es\/wp-json\/wp\/v2\/comments?post=41760"}],"version-history":[{"count":0,"href":"https:\/\/www.vicivision.com\/es\/wp-json\/wp\/v2\/pages\/41760\/revisions"}],"wp:attachment":[{"href":"https:\/\/www.vicivision.com\/es\/wp-json\/wp\/v2\/media?parent=41760"}],"curies":[{"name":"wp","href":"https:\/\/api.w.org\/{rel}","templated":true}]}}