{"id":41746,"date":"2020-10-05T16:09:16","date_gmt":"2020-10-05T14:09:16","guid":{"rendered":"https:\/\/www.vicivision.com\/pardot-serie-m\/"},"modified":"2021-04-01T09:59:38","modified_gmt":"2021-04-01T07:59:38","slug":"instrumento-de-medicion-optica-de-alta-precision","status":"publish","type":"page","link":"https:\/\/www.vicivision.com\/es\/instrumento-de-medicion-optica-de-alta-precision\/","title":{"rendered":"PARDOT &#8211; Serie M"},"content":{"rendered":"<div class=\"wpb-content-wrapper\"><p>[vc_row gap=\u00bb5&#8243; equal_height=\u00bbyes\u00bb css=\u00bb.vc_custom_1614673845301{margin-bottom: 0px !important;padding-right: 0% !important;padding-left: 0% !important;}\u00bb el_id=\u00bbflayer\u00bb][vc_column][vc_column_text]<\/p>\n<h3><strong><br \/>\n<\/strong><strong>450 EMPRESAS DE DECOLETAGE EN ITALIA Y M\u00c1S DE 3.000 EN EL MUNDO YA HAN ACTUADO PARA AUMENTAR LOS M\u00c1RGENES DE SU BENEFICIO. PUEDEN PARECER MUCHAS, PERO SON S\u00d3LO LAS PRIMERAS: LOS \u201cEARLY ADOPTER\u201d OBTENIENDO LOS BENEFICIOS.<\/strong><\/h3>\n<p>&nbsp;<\/p>\n<p><strong>Aumentar el beneficio<\/strong> es una prioridad para la mayor\u00eda de las empresas.<\/p>\n<p>Hay tres maneras de hacer esto:<\/p>\n<p><strong>Producir m\u00e1s<\/strong><strong>,<br \/>\n<\/strong><strong>Reducir los rechazos,<br \/>\n<\/strong><strong>Cobrar m\u00e1s.<\/strong><\/p>\n<p>Puede tener las tres <strong>sin invertir en nuevos tornos CNC o rectificadoras.<\/strong><\/p>\n<p>\u00bfC\u00f3mo?<\/p>\n<p>Analic\u00e9moslo juntos:<\/p>\n<p>Si <strong>elimino el tiempo de inactividad<\/strong>, \u00bfproduzco m\u00e1s?<br \/>\nSi <strong>corrijo los par\u00e1metros de la herramienta antes de producir piezas de scrap, <\/strong>\u00bfpuedo reducir los rechazos?<br \/>\nSi <strong>ofrezco mayor calidad, <\/strong>\u00bfpuedo cobrar m\u00e1s?<\/p>\n<p><strong>Todo ello sin cambiar las m\u00e1quinas de producci\u00f3n.<\/strong><\/p>\n<p>Aprov\u00e9chese de una m\u00e1quina de medici\u00f3n \u00f3ptica de taller dise\u00f1ada para piezas de revoluci\u00f3n.<\/p>\n<p><strong>Las m\u00e1quinas de medici\u00f3n \u00f3ptica VICIVISION<\/strong> le permiten:<\/p>\n<p>Un <strong>aumento de la eficiencia de hasta un 37%<\/strong> al acelerar el cambio de lote<br \/>\nLa certeza de <strong>un lote 100% compatible<\/strong> corrigiendo autom\u00e1ticamente los par\u00e1metros de la herramienta<br \/>\n<strong>Trazabilidad de calidad<\/strong> a coste cero.<\/p>\n<p>&nbsp;<\/p>\n<p>Y usted, \u00bfde verdad cree que est\u00e1 aprovechando todo su potencial? \u00bfTodav\u00eda desea invertir en m\u00e1s m\u00e1quinas de producci\u00f3n?<\/p>\n<p>&nbsp;<\/p>\n<p>\u00bfQuiere saber m\u00e1s?<\/p>\n<p>Rellene el formulario. Recibir\u00e1:<\/p>\n<ul>\n<li>Informaci\u00f3n sobre la serie M, una soluci\u00f3n de medici\u00f3n dedicada a subcontrataci\u00f3n y decoletaje<\/li>\n<li>Una buena pr\u00e1ctica a la semana sobre c\u00f3mo producir m\u00e1s, reducir los rechazos, ser m\u00e1s flexible y vencer a la competencia.<\/li>\n<\/ul>\n<p>[\/vc_column_text][\/vc_column][\/vc_row]<\/p>\n<\/div>","protected":false},"excerpt":{"rendered":"<p>[vc_row gap=\u00bb5&#8243; equal_height=\u00bbyes\u00bb css=\u00bb.vc_custom_1614673845301{margin-bottom: 0px !important;padding-right: 0% !important;padding-left: 0% !important;}\u00bb el_id=\u00bbflayer\u00bb][vc_column][vc_column_text] 450 EMPRESAS DE DECOLETAGE EN ITALIA Y M\u00c1S DE 3.000 EN EL MUNDO YA HAN ACTUADO PARA AUMENTAR LOS M\u00c1RGENES DE SU BENEFICIO. PUEDEN PARECER MUCHAS, PERO SON S\u00d3LO LAS PRIMERAS: LOS \u201cEARLY ADOPTER\u201d OBTENIENDO LOS BENEFICIOS. &nbsp; Aumentar el beneficio es una prioridad<\/p>\n<div class=\"more\"><a class=\"more-link btn btn-green ion-ios7-arrow-forward\" href=\"https:\/\/www.vicivision.com\/es\/instrumento-de-medicion-optica-de-alta-precision\/\">leer m\u00e1s<\/a><\/div>\n","protected":false},"author":5,"featured_media":0,"parent":0,"menu_order":0,"comment_status":"closed","ping_status":"closed","template":"template-form-handler.php","meta":{"footnotes":""},"class_list":["post-41746","page","type-page","status-publish","hentry"],"acf":[],"_links":{"self":[{"href":"https:\/\/www.vicivision.com\/es\/wp-json\/wp\/v2\/pages\/41746","targetHints":{"allow":["GET"]}}],"collection":[{"href":"https:\/\/www.vicivision.com\/es\/wp-json\/wp\/v2\/pages"}],"about":[{"href":"https:\/\/www.vicivision.com\/es\/wp-json\/wp\/v2\/types\/page"}],"author":[{"embeddable":true,"href":"https:\/\/www.vicivision.com\/es\/wp-json\/wp\/v2\/users\/5"}],"replies":[{"embeddable":true,"href":"https:\/\/www.vicivision.com\/es\/wp-json\/wp\/v2\/comments?post=41746"}],"version-history":[{"count":0,"href":"https:\/\/www.vicivision.com\/es\/wp-json\/wp\/v2\/pages\/41746\/revisions"}],"wp:attachment":[{"href":"https:\/\/www.vicivision.com\/es\/wp-json\/wp\/v2\/media?parent=41746"}],"curies":[{"name":"wp","href":"https:\/\/api.w.org\/{rel}","templated":true}]}}