{"id":41739,"date":"2020-10-05T15:29:38","date_gmt":"2020-10-05T13:29:38","guid":{"rendered":"https:\/\/www.vicivision.com\/pardot-raccordi\/"},"modified":"2025-06-23T16:02:08","modified_gmt":"2025-06-23T14:02:08","slug":"soluciones-de-medicion-automatica","status":"publish","type":"page","link":"https:\/\/www.vicivision.com\/es\/soluciones-de-medicion-automatica\/","title":{"rendered":"PARDOT &#8211; Raccordi"},"content":{"rendered":"<div class=\"wpb-content-wrapper\"><p>[vc_row css=\u00bb.vc_custom_1614175379379{padding-right: 0px !important;padding-left: 0px !important;}\u00bb][vc_column][vc_empty_space][vc_column_text]<\/p>\n<h3>Hemos desarrollado un\u00a0software espec\u00edfico\u00a0para la\u00a0medici\u00f3n de piezas de acople.<\/h3>\n<p>&nbsp;<\/p>\n<h3><\/h3>\n<p>Con frecuencia, para los fabricantes de componentes puede ser dif\u00edcil obtener resultados precisos y objetivos en la medici\u00f3n de <strong>roscas torneadas<\/strong>.<\/p>\n<p>Gracias a una preciada colaboraci\u00f3n con nuestros clientes, hemos desarrollado un\u00a0<strong>software espec\u00edfico<\/strong>\u00a0<strong>para<\/strong> la\u00a0<strong>medici\u00f3n de piezas de acople.<\/strong><\/p>\n<p>A trav\u00e9s de una \u00fanica herramienta software es posible medir de manera sencilla y autom\u00e1tica, no solo piezas de acople y roscas torneadas, sino tambi\u00e9n <strong>tornillos<\/strong> y <strong>tuercas<\/strong>, en pocos segundos.[\/vc_column_text][\/vc_column][\/vc_row]<\/p>\n<\/div>","protected":false},"excerpt":{"rendered":"<p>[vc_row css=\u00bb.vc_custom_1614175379379{padding-right: 0px !important;padding-left: 0px !important;}\u00bb][vc_column][vc_empty_space][vc_column_text] Hemos desarrollado un\u00a0software espec\u00edfico\u00a0para la\u00a0medici\u00f3n de piezas de acople. &nbsp; Con frecuencia, para los fabricantes de componentes puede ser dif\u00edcil obtener resultados precisos y objetivos en la medici\u00f3n de roscas torneadas. Gracias a una preciada colaboraci\u00f3n con nuestros clientes, hemos desarrollado un\u00a0software espec\u00edfico\u00a0para la\u00a0medici\u00f3n de piezas de acople. A<\/p>\n<div class=\"more\"><a class=\"more-link btn btn-green ion-ios7-arrow-forward\" href=\"https:\/\/www.vicivision.com\/es\/soluciones-de-medicion-automatica\/\">leer m\u00e1s<\/a><\/div>\n","protected":false},"author":5,"featured_media":0,"parent":0,"menu_order":0,"comment_status":"closed","ping_status":"closed","template":"template-form-handler.php","meta":{"footnotes":""},"class_list":["post-41739","page","type-page","status-publish","hentry"],"acf":[],"_links":{"self":[{"href":"https:\/\/www.vicivision.com\/es\/wp-json\/wp\/v2\/pages\/41739","targetHints":{"allow":["GET"]}}],"collection":[{"href":"https:\/\/www.vicivision.com\/es\/wp-json\/wp\/v2\/pages"}],"about":[{"href":"https:\/\/www.vicivision.com\/es\/wp-json\/wp\/v2\/types\/page"}],"author":[{"embeddable":true,"href":"https:\/\/www.vicivision.com\/es\/wp-json\/wp\/v2\/users\/5"}],"replies":[{"embeddable":true,"href":"https:\/\/www.vicivision.com\/es\/wp-json\/wp\/v2\/comments?post=41739"}],"version-history":[{"count":0,"href":"https:\/\/www.vicivision.com\/es\/wp-json\/wp\/v2\/pages\/41739\/revisions"}],"wp:attachment":[{"href":"https:\/\/www.vicivision.com\/es\/wp-json\/wp\/v2\/media?parent=41739"}],"curies":[{"name":"wp","href":"https:\/\/api.w.org\/{rel}","templated":true}]}}