{"id":41723,"date":"2020-10-01T11:25:09","date_gmt":"2020-10-01T09:25:09","guid":{"rendered":"https:\/\/www.vicivision.com\/pardot-flyer-techno\/"},"modified":"2021-04-14T11:05:15","modified_gmt":"2021-04-14T09:05:15","slug":"instrumentos-de-medicion-en-mecanica","status":"publish","type":"page","link":"https:\/\/www.vicivision.com\/es\/instrumentos-de-medicion-en-mecanica\/","title":{"rendered":"PARDOT &#8211; Flyer Techno"},"content":{"rendered":"<div class=\"wpb-content-wrapper\"><p>[vc_row gap=\u00bb5&#8243; equal_height=\u00bbyes\u00bb css=\u00bb.vc_custom_1614673617668{margin-bottom: 0px !important;padding-right: 0% !important;padding-left: 0% !important;}\u00bb el_id=\u00bbflayer\u00bb][vc_column][vc_column_text]<\/p>\n<h3><strong><br \/>\nAQU\u00cd EST\u00c1 EL M\u00c9TODO QUE TE PROTEGER\u00c1 DE ERRORES DESAGRADABLES.<\/strong><\/h3>\n<p>&nbsp;<\/p>\n<p>En los pr\u00f3ximos 3 a\u00f1os, la oferta de automoci\u00f3n se renovar\u00e1 por completo.<\/p>\n<p><strong>Los componentes cl\u00e1sicos como \u00e1rboles de levas, turbinas, juntas de velocidad constante, ejes de transmisi\u00f3n, v\u00e1lvulas, pistones, cig\u00fce\u00f1ales no desaparecer\u00e1n.<\/strong><\/p>\n<p><strong>Se reducir\u00e1n los vol\u00famenes<\/strong>, se aumentar\u00e1 el rendimiento y los modelos <strong>cambiar\u00e1n<\/strong>.<\/p>\n<p>Imag\u00ednese a alguien llamando a la puerta y diciendo: \u00abTiene que funcionar como el viejo, que cueste menos, tener m\u00e1s rendimiento, durar m\u00e1s tiempo y actualizado en muy poco tiempo. Oh, lo olvid\u00e9: tenemos que mantenernos flexibles porque los vol\u00famenes son bajos y pasar\u00e1n m\u00e1s c\u00f3digos por la misma l\u00ednea\u00bb.<\/p>\n<p>\u00bfC\u00f3mo<strong> garantizar\u00e1 la calidad<\/strong> en estas condiciones?<br \/>\n\u00bfC\u00f3mo <strong>mantendr\u00e1 los costes bajo control reduciendo los vol\u00famenes<\/strong>?<br \/>\n\u00bfCu\u00e1les ser\u00e1n los <strong>par\u00e1metros OEE esperados<\/strong>?<\/p>\n<p>Al <strong>entrevistar a gerentes de calidad y producci\u00f3n, <\/strong>encontramos que los mayores desaf\u00edos son:<\/p>\n<p><strong>Tener soluciones flexibles y r\u00e1pidas<br \/>\n<\/strong>Inspecci\u00f3n fuera de la sala de metrolog\u00eda manteniendo<strong> la trazabilidad y el control de datos<br \/>\n<\/strong>Formar a operarios para tener <strong>cero defectos<\/strong> con alta variabilidad de c\u00f3digos<br \/>\nSupervisar y <strong>corregir <\/strong><strong>constantemente en<\/strong> <strong>tiempo<\/strong>.<\/p>\n<p>Ante este escenario, VICIVISION ha establecido el m\u00e9todo para darle el instrumento de medici\u00f3n adecuado:<\/p>\n<ol>\n<li><strong>Cambio de la pieza mediante el uso de un c\u00f3digo de barras<\/strong> sin cambio de herramienta<\/li>\n<li><strong>Mide en pocos segundos<\/strong><\/li>\n<li><strong>Funciona en planta productiva<\/strong><\/li>\n<li><strong>Retroalimenta m\u00e1quinas herramienta<\/strong><\/li>\n<li><strong>Suministra datos al laboratorio de metrolog\u00eda<\/strong><\/li>\n<li>Recibe instrucciones de MES y <strong>recopila datos<\/strong> para el sistema estad\u00edstico<\/li>\n<\/ol>\n<p>M\u00e1s de 2.000 empresas ya lo est\u00e1n utilizando.<\/p>\n<p>&nbsp;<\/p>\n<p>\u00bfQuiere saber m\u00e1s?<\/p>\n<p>Rellene el formulario. Recibir\u00e1:<\/p>\n<ul>\n<li>Informaci\u00f3n sobre los equipos de inspecci\u00f3n Techno y aplicaciones espec\u00edficas desarrolladas para el sector automoci\u00f3n<\/li>\n<li>Una buena pr\u00e1ctica recomendada por semana.<\/li>\n<\/ul>\n<p>[\/vc_column_text][\/vc_column][\/vc_row]<\/p>\n<\/div>","protected":false},"excerpt":{"rendered":"<p>[vc_row gap=\u00bb5&#8243; equal_height=\u00bbyes\u00bb css=\u00bb.vc_custom_1614673617668{margin-bottom: 0px !important;padding-right: 0% !important;padding-left: 0% !important;}\u00bb el_id=\u00bbflayer\u00bb][vc_column][vc_column_text] AQU\u00cd EST\u00c1 EL M\u00c9TODO QUE TE PROTEGER\u00c1 DE ERRORES DESAGRADABLES. &nbsp; En los pr\u00f3ximos 3 a\u00f1os, la oferta de automoci\u00f3n se renovar\u00e1 por completo. Los componentes cl\u00e1sicos como \u00e1rboles de levas, turbinas, juntas de velocidad constante, ejes de transmisi\u00f3n, v\u00e1lvulas, pistones, cig\u00fce\u00f1ales no desaparecer\u00e1n.<\/p>\n<div class=\"more\"><a class=\"more-link btn btn-green ion-ios7-arrow-forward\" href=\"https:\/\/www.vicivision.com\/es\/instrumentos-de-medicion-en-mecanica\/\">leer m\u00e1s<\/a><\/div>\n","protected":false},"author":5,"featured_media":0,"parent":0,"menu_order":0,"comment_status":"closed","ping_status":"closed","template":"template-form-handler.php","meta":{"footnotes":""},"class_list":["post-41723","page","type-page","status-publish","hentry"],"acf":[],"_links":{"self":[{"href":"https:\/\/www.vicivision.com\/es\/wp-json\/wp\/v2\/pages\/41723","targetHints":{"allow":["GET"]}}],"collection":[{"href":"https:\/\/www.vicivision.com\/es\/wp-json\/wp\/v2\/pages"}],"about":[{"href":"https:\/\/www.vicivision.com\/es\/wp-json\/wp\/v2\/types\/page"}],"author":[{"embeddable":true,"href":"https:\/\/www.vicivision.com\/es\/wp-json\/wp\/v2\/users\/5"}],"replies":[{"embeddable":true,"href":"https:\/\/www.vicivision.com\/es\/wp-json\/wp\/v2\/comments?post=41723"}],"version-history":[{"count":0,"href":"https:\/\/www.vicivision.com\/es\/wp-json\/wp\/v2\/pages\/41723\/revisions"}],"wp:attachment":[{"href":"https:\/\/www.vicivision.com\/es\/wp-json\/wp\/v2\/media?parent=41723"}],"curies":[{"name":"wp","href":"https:\/\/api.w.org\/{rel}","templated":true}]}}