{"id":41716,"date":"2020-10-05T11:53:23","date_gmt":"2020-10-05T09:53:23","guid":{"rendered":"https:\/\/www.vicivision.com\/pardot-dentale\/"},"modified":"2025-06-24T12:25:09","modified_gmt":"2025-06-24T10:25:09","slug":"medir-implantes-dentales-y-micropartes","status":"publish","type":"page","link":"https:\/\/www.vicivision.com\/es\/medir-implantes-dentales-y-micropartes\/","title":{"rendered":"PARDOT &#8211; Dentale"},"content":{"rendered":"<div class=\"wpb-content-wrapper\"><p>[vc_row gap=\u00bb5&#8243; equal_height=\u00bbyes\u00bb css=\u00bb.vc_custom_1614673584603{margin-bottom: 0px !important;padding-right: 0% !important;padding-left: 0% !important;}\u00bb el_id=\u00bbflayer\u00bb][vc_column][vc_column_text]<\/p>\n<h3><\/h3>\n<h3><strong>A CONTINUACI\u00d3N, ENCONTRAR\u00c1 TRES CONSEJOS CON UN BENEFICIO INMEDIATO QUE MUCHOS DECOLETADORES EN LA INDUSTRIA YA UTILIZAN. IDEAL PARA AQUELLOS QUE HACEN DECOLETAJE DE IMPLANTES DENTALES, PR\u00d3TESIS Y TORNILLOS \u00d3SEOS, MICROMEC\u00c1NICA Y RELOJER\u00cdA.<\/strong><\/h3>\n<p>&nbsp;<\/p>\n<ol>\n<li><strong><u>Ganar dinero en lotes peque\u00f1os.<\/u><\/strong><\/li>\n<\/ol>\n<p>\u00bfCu\u00e1ntos cambios de herramienta hace por d\u00eda en su planta productiva?<br \/>\n\u00bfC\u00f3mo estima el coste por hora de una parada de un torno?<\/p>\n<p>Descubra c\u00f3mo reducir los tiempos de inactividad.<\/p>\n<p>Detecte las dimensiones de las piezas en unos segundos y transfi\u00e9ralas inmediatamente al torno CNC.<\/p>\n<p><strong>Ahorre hasta 40 minutos en cada cambio de <\/strong>lote.<\/p>\n<ol start=\"2\">\n<li><strong><u>Elimine la chatarra.<\/u><\/strong><\/li>\n<\/ol>\n<p>\u00bfCu\u00e1nto material desperdicia en un a\u00f1o?<br \/>\n\u00bfY si la chatarra llega al cliente?<\/p>\n<p>Aproveche un sistema de <strong>medici\u00f3n junto al torno<\/strong> que le permita evitar<strong> chatarra<\/strong>.<\/p>\n<ol start=\"3\">\n<li><strong><u>Supere a la competencia.<\/u><\/strong><\/li>\n<\/ol>\n<p>\u00bfCu\u00e1nto afecta la calidad y la reputaci\u00f3n en su elecci\u00f3n de proveedor?<br \/>\n\u00bfCu\u00e1nto cuestan las quejas? \u00bfY qu\u00e9 pasa con las auditor\u00edas de calidad?<\/p>\n<p><strong>Realice un seguimiento de la calidad sin coste <\/strong>alguno, <strong>evite reclamaciones,<\/strong> muestre<strong> su rendimiento<\/strong>.<\/p>\n<p>&nbsp;<\/p>\n<p>\u00bfQuieres saber c\u00f3mo ponerlo todo en pr\u00e1ctica?<\/p>\n<p>Con la herramienta de <strong>medici\u00f3n \u00f3ptica VICIVISION<\/strong> dise\u00f1ada para fabricantes de<strong> implantes dentales<\/strong> y<strong> microcomponentes<\/strong>.<\/p>\n<p>Ser\u00e1 f\u00e1cil de usar y <strong>recuperar\u00e1 la inversi\u00f3n en unos 3 meses<\/strong>.<\/p>\n<p>A partir de entonces, aumentar\u00e1 su margen y vencer\u00e1 a la competencia.<\/p>\n<p>&nbsp;<\/p>\n<p>Rellene el formulario. Recibir\u00e1:<\/p>\n<ul>\n<li>Informaci\u00f3n sobre la serie X, un dispositivo de medici\u00f3n dise\u00f1ado espec\u00edficamente para las industrias dental, biom\u00e9dica y relojera<\/li>\n<li>Una buena pr\u00e1ctica recomendada por semana.<\/li>\n<\/ul>\n<p>[\/vc_column_text][\/vc_column][\/vc_row]<\/p>\n<\/div>","protected":false},"excerpt":{"rendered":"<p>[vc_row gap=\u00bb5&#8243; equal_height=\u00bbyes\u00bb css=\u00bb.vc_custom_1614673584603{margin-bottom: 0px !important;padding-right: 0% !important;padding-left: 0% !important;}\u00bb el_id=\u00bbflayer\u00bb][vc_column][vc_column_text] A CONTINUACI\u00d3N, ENCONTRAR\u00c1 TRES CONSEJOS CON UN BENEFICIO INMEDIATO QUE MUCHOS DECOLETADORES EN LA INDUSTRIA YA UTILIZAN. IDEAL PARA AQUELLOS QUE HACEN DECOLETAJE DE IMPLANTES DENTALES, PR\u00d3TESIS Y TORNILLOS \u00d3SEOS, MICROMEC\u00c1NICA Y RELOJER\u00cdA. &nbsp; Ganar dinero en lotes peque\u00f1os. \u00bfCu\u00e1ntos cambios de herramienta hace<\/p>\n<div class=\"more\"><a class=\"more-link btn btn-green ion-ios7-arrow-forward\" href=\"https:\/\/www.vicivision.com\/es\/medir-implantes-dentales-y-micropartes\/\">leer m\u00e1s<\/a><\/div>\n","protected":false},"author":5,"featured_media":0,"parent":0,"menu_order":0,"comment_status":"closed","ping_status":"closed","template":"template-form-handler.php","meta":{"footnotes":""},"class_list":["post-41716","page","type-page","status-publish","hentry"],"acf":[],"_links":{"self":[{"href":"https:\/\/www.vicivision.com\/es\/wp-json\/wp\/v2\/pages\/41716","targetHints":{"allow":["GET"]}}],"collection":[{"href":"https:\/\/www.vicivision.com\/es\/wp-json\/wp\/v2\/pages"}],"about":[{"href":"https:\/\/www.vicivision.com\/es\/wp-json\/wp\/v2\/types\/page"}],"author":[{"embeddable":true,"href":"https:\/\/www.vicivision.com\/es\/wp-json\/wp\/v2\/users\/5"}],"replies":[{"embeddable":true,"href":"https:\/\/www.vicivision.com\/es\/wp-json\/wp\/v2\/comments?post=41716"}],"version-history":[{"count":0,"href":"https:\/\/www.vicivision.com\/es\/wp-json\/wp\/v2\/pages\/41716\/revisions"}],"wp:attachment":[{"href":"https:\/\/www.vicivision.com\/es\/wp-json\/wp\/v2\/media?parent=41716"}],"curies":[{"name":"wp","href":"https:\/\/api.w.org\/{rel}","templated":true}]}}