{"id":41692,"date":"2020-10-05T11:53:24","date_gmt":"2020-10-05T09:53:24","guid":{"rendered":"https:\/\/www.vicivision.com\/pardot-alberi-a-gomito\/"},"modified":"2021-04-01T09:58:47","modified_gmt":"2021-04-01T07:58:47","slug":"comprobar-ciguenales","status":"publish","type":"page","link":"https:\/\/www.vicivision.com\/es\/comprobar-ciguenales\/","title":{"rendered":"PARDOT &#8211; Alberi a gomito"},"content":{"rendered":"<div class=\"wpb-content-wrapper\"><p>[vc_row gap=\u00bb5&#8243; equal_height=\u00bbyes\u00bb css=\u00bb.vc_custom_1614174538793{margin-bottom: 0px !important;padding-right: 0% !important;padding-left: 0% !important;}\u00bb el_id=\u00bbflayer\u00bb][vc_column][vc_column_text]<\/p>\n<h3><strong>\u00bfC\u00d3MO OFRECER CALIDAD Y EFICIENCIA EN UN ESCENARIO CAMBIANTE?<\/strong><\/h3>\n<p>&nbsp;<\/p>\n<p>La\u00a0<strong>industria automotriz<\/strong>\u00a0est\u00e1 actualmente en proceso de transformaci\u00f3n, caracterizada por un movimiento progresivo hacia los veh\u00edculos el\u00e9ctricos.<\/p>\n<p>En esta industria en constante evoluci\u00f3n del \u201clean manufacturing\u201d (tama\u00f1os de lote peque\u00f1os e inventarios reducidos)\u00a0<strong>los fabricantes est\u00e1n buscando soluciones flexibles<\/strong>\u00a0para mantenerse al d\u00eda con una mayor variabilidad del producto.<\/p>\n<p>Las grandes tiradas de producci\u00f3n est\u00e1n dando paso a la variabilidad, donde peque\u00f1as c\u00e9lulas de\u00a0<strong>fabricaci\u00f3n flexibles<\/strong>\u00a0a menudo se eligen sobre l\u00edneas de producci\u00f3n r\u00edgidas.<\/p>\n<p><strong>Los instrumentos de medici\u00f3n<\/strong>\u00a0siguen las mismas reglas: \u00a0<strong>flexibles, adaptables y vers\u00e1tiles.<\/strong>\u00a0Est\u00e1n dise\u00f1ados para apoyar los procesos de fabricaci\u00f3n por lo que, naturalmente, deben estar\u00a0<strong>ubicados en la planta productiva<\/strong>.<\/p>\n<p>En un entorno de producci\u00f3n, la instrumentaci\u00f3n y la\u00a0<strong>medici\u00f3n<\/strong>\u00a0por contacto puede ser: costosa, lenta e intensiva en mantenimiento. Adem\u00e1s, cuando se trata de grandes vol\u00famenes, los instrumentos t\u00edpicos est\u00e1n sujetos a desgaste o da\u00f1o. Esto tambi\u00e9n aplica a m\u00e1quinas de inspecci\u00f3n espec\u00edficas de cig\u00fce\u00f1ales.<\/p>\n<p>El desgaste y los da\u00f1os de los instrumentos en el taller requieren mantenimiento y tiempo de inactividad, lo que, podr\u00eda comprometer la rentabilidad del trabajo.<\/p>\n<p><strong>\u00a1Los resultados precisos y objetivos\u00a0<\/strong>son esenciales! Es por eso que VICIVISION ha desarrollado una herramienta de software espec\u00edfica dedicada a las mediciones del\u00a0<strong>cig\u00fce\u00f1al directamente en producci\u00f3n.<\/strong>[\/vc_column_text][\/vc_column][\/vc_row]<\/p>\n<\/div>","protected":false},"excerpt":{"rendered":"<p>[vc_row gap=\u00bb5&#8243; equal_height=\u00bbyes\u00bb css=\u00bb.vc_custom_1614174538793{margin-bottom: 0px !important;padding-right: 0% !important;padding-left: 0% !important;}\u00bb el_id=\u00bbflayer\u00bb][vc_column][vc_column_text] \u00bfC\u00d3MO OFRECER CALIDAD Y EFICIENCIA EN UN ESCENARIO CAMBIANTE? &nbsp; La\u00a0industria automotriz\u00a0est\u00e1 actualmente en proceso de transformaci\u00f3n, caracterizada por un movimiento progresivo hacia los veh\u00edculos el\u00e9ctricos. En esta industria en constante evoluci\u00f3n del \u201clean manufacturing\u201d (tama\u00f1os de lote peque\u00f1os e inventarios reducidos)\u00a0los fabricantes est\u00e1n<\/p>\n<div class=\"more\"><a class=\"more-link btn btn-green ion-ios7-arrow-forward\" href=\"https:\/\/www.vicivision.com\/es\/comprobar-ciguenales\/\">leer m\u00e1s<\/a><\/div>\n","protected":false},"author":5,"featured_media":0,"parent":0,"menu_order":0,"comment_status":"closed","ping_status":"closed","template":"template-form-handler.php","meta":{"footnotes":""},"class_list":["post-41692","page","type-page","status-publish","hentry"],"acf":[],"_links":{"self":[{"href":"https:\/\/www.vicivision.com\/es\/wp-json\/wp\/v2\/pages\/41692","targetHints":{"allow":["GET"]}}],"collection":[{"href":"https:\/\/www.vicivision.com\/es\/wp-json\/wp\/v2\/pages"}],"about":[{"href":"https:\/\/www.vicivision.com\/es\/wp-json\/wp\/v2\/types\/page"}],"author":[{"embeddable":true,"href":"https:\/\/www.vicivision.com\/es\/wp-json\/wp\/v2\/users\/5"}],"replies":[{"embeddable":true,"href":"https:\/\/www.vicivision.com\/es\/wp-json\/wp\/v2\/comments?post=41692"}],"version-history":[{"count":0,"href":"https:\/\/www.vicivision.com\/es\/wp-json\/wp\/v2\/pages\/41692\/revisions"}],"wp:attachment":[{"href":"https:\/\/www.vicivision.com\/es\/wp-json\/wp\/v2\/media?parent=41692"}],"curies":[{"name":"wp","href":"https:\/\/api.w.org\/{rel}","templated":true}]}}