{"id":4140,"date":"2014-11-20T11:18:46","date_gmt":"2014-11-20T10:18:46","guid":{"rendered":"https:\/\/www.vicivision.com\/?page_id=4140"},"modified":"2021-01-13T15:29:13","modified_gmt":"2021-01-13T14:29:13","slug":"servicios","status":"publish","type":"page","link":"https:\/\/www.vicivision.com\/es\/servicios\/","title":{"rendered":"Servicios"},"content":{"rendered":"<div class=\"wpb-content-wrapper\"><p>[vc_row][vc_column]<div class=\" uavc-icons-center uavc-icons \">\n<div class=\"aio-icon  \" data-animation=\"fadeInUp\" data-animation-delay=\"03\" style=\"font-size:32px;margin-right:5px;\">\n\t<i class=\"Defaults-phone\"><\/i>\n<\/div>\n<div class=\"aio-icon  \" data-animation=\"fadeInUp\" data-animation-delay=\"03\" style=\"font-size:32px;margin-right:5px;\">\n\t<i class=\"Defaults-wrench\"><\/i>\n<\/div>\n<div class=\"aio-icon  \" data-animation=\"fadeInUp\" data-animation-delay=\"03\" style=\"font-size:32px;margin-right:5px;\">\n\t<i class=\"Defaults-ok\"><\/i>\n<\/div><\/div>[\/vc_column][\/vc_row][vc_row][vc_column][vc_column_text]<\/p>\n<h4 style=\"text-align: center;\"><strong>Soporte telef\u00f3nico<\/strong><\/h4>\n<h5 style=\"text-align: center;\">Para m\u00e1quinas de medici\u00f3n \u00f3ptica:\u00a0<span style=\"color: #339966;\"><strong>+39 0541 350402<\/strong><\/span><\/h5>\n<h5 style=\"text-align: center;\">Para soluciones personalizadas (Automatizaci\u00f3n industrial y m\u00e1quinas de inspecci\u00f3n):\u00a0<span style=\"color: #339966;\"><strong>+39 0541 350411<\/strong><\/span><\/h5>\n<h5 style=\"text-align: center;\">e-mail <strong><span style=\"color: #339966;\">service@vici.it<\/span><\/strong><\/h5>\n<p>[\/vc_column_text]<div class=\" ubtn-ctn-center \"><a class=\"ubtn-link ult-adjust-bottom-margin ubtn-center ubtn-small \" href=\"http:\/\/www.vicivision.com\/es\/contatti-vicivision\/\" ><button type=\"button\" id=\"ubtn-2782\"  class=\"ubtn ult-adjust-bottom-margin ult-responsive ubtn-small ubtn-no-hover-bg  none  ubtn-center   tooltip-69f40085e6965\"  data-hover=\"\" data-border-color=\"\" data-bg=\"#33a564\" data-hover-bg=\"\" data-border-hover=\"\" data-shadow-hover=\"\" data-shadow-click=\"none\" data-shadow=\"\" data-shd-shadow=\"\"  data-ultimate-target='#ubtn-2782'  data-responsive-json-new='{\"font-size\":\"desktop:14px;\",\"line-height\":\"\"}'  style=\"font-weight:normal;border:none;background: #33a564;color: #ffffff;\"><span class=\"ubtn-data ubtn-icon\"><i class=\"none\" style=\"font-size:32px;color:;\"><\/i><\/span><span class=\"ubtn-hover\" style=\"background-color:\"><\/span><span class=\"ubtn-data ubtn-text \" >CONTACTA CON EL CENTRO T\u00c9CNICO M\u00c1S CERCANO.<\/span><\/button><\/a><\/div>[vc_separator][\/vc_column][\/vc_row][vc_row][vc_column]<div class=\"ult-just-icon-wrapper  \"><div class=\"align-icon\" style=\"text-align:center;\">\n<div class=\"aio-icon none \"  style=\"color:#333;font-size:32px;display:inline-block;\">\n\t<i class=\"Defaults-comment-alt\"><\/i>\n<\/div><\/div><\/div>[vc_column_text]<\/p>\n<h4 style=\"text-align: center;\"><strong>La Satisfacci\u00f3n del cliente es nuestra prioridad<\/strong><\/h4>\n<h5 style=\"text-align: center;\"><strong>VICIVISION<\/strong> ofrece un completo y profesional servicio post-venta, llevado a cabo tanto en Italia como en el extranjero a trav\u00e9s de un servicio telef\u00f3nico adecuado e intervenciones t\u00e9cnicas \u201cin situ\u201d.<\/h5>\n<p>[\/vc_column_text][\/vc_column][\/vc_row][vc_row][vc_column]<div class=\"ult-just-icon-wrapper  \"><div class=\"align-icon\" style=\"text-align:center;\">\n<div class=\"aio-icon none \"  style=\"color:#333;font-size:32px;display:inline-block;\">\n\t<i class=\"Defaults-cogs\"><\/i>\n<\/div><\/div><\/div>[vc_column_text]<\/p>\n<h4 style=\"text-align: center;\"><strong>Formaci\u00f3n y servicio<\/strong><\/h4>\n<h5 style=\"text-align: center;\">Con el fin de mantener las plantas en condiciones \u00f3ptimas para la funcionalidad y la capacidad de producci\u00f3n, nuestro personal t\u00e9cnico proporciona asistencia continua y cualificada: desde cursos de formaci\u00f3n a los operadores asignados a las m\u00e1quinas, as\u00ed como las reparaciones, suministros de piezas de repuesto y las intervenciones por encargo.<\/h5>\n<p>[\/vc_column_text][\/vc_column][\/vc_row][vc_row][vc_column]<div class=\"ult-just-icon-wrapper  \"><div class=\"align-icon\" style=\"text-align:center;\">\n<div class=\"aio-icon none \"  style=\"color:#333;font-size:32px;display:inline-block;\">\n\t<i class=\"Defaults-eye-open\"><\/i>\n<\/div><\/div><\/div>[vc_column_text]<\/p>\n<h4 style=\"text-align: center;\"><strong>Teleservicio<\/strong><\/h4>\n<h5 style=\"text-align: center;\">El servicio se lleva a cabo no s\u00f3lo con la ayuda de instrumentos convencionales, sino tambi\u00e9n a trav\u00e9s de tele-servicio para verificar el funcionamiento de las plantas, identificar condiciones defectuosas indicadas por el manejo y actualizaci\u00f3n del software.<\/h5>\n<p>[\/vc_column_text][\/vc_column][\/vc_row]<\/p>\n<\/div>","protected":false},"excerpt":{"rendered":"<p>[vc_row][vc_column][\/vc_column][\/vc_row][vc_row][vc_column][vc_column_text] Soporte telef\u00f3nico Para m\u00e1quinas de medici\u00f3n \u00f3ptica:\u00a0+39 0541 350402 Para soluciones personalizadas (Automatizaci\u00f3n industrial y m\u00e1quinas de inspecci\u00f3n):\u00a0+39 0541 350411 e-mail service@vici.it [\/vc_column_text][vc_separator][\/vc_column][\/vc_row][vc_row][vc_column][vc_column_text] La Satisfacci\u00f3n del cliente es nuestra prioridad VICIVISION ofrece un completo y profesional servicio post-venta, llevado a cabo tanto en Italia como en el extranjero a trav\u00e9s de un servicio telef\u00f3nico<\/p>\n<div class=\"more\"><a class=\"more-link btn btn-green ion-ios7-arrow-forward\" href=\"https:\/\/www.vicivision.com\/es\/servicios\/\">leer m\u00e1s<\/a><\/div>\n","protected":false},"author":2,"featured_media":0,"parent":0,"menu_order":0,"comment_status":"closed","ping_status":"closed","template":"","meta":{"footnotes":""},"class_list":["post-4140","page","type-page","status-publish","hentry"],"acf":[],"_links":{"self":[{"href":"https:\/\/www.vicivision.com\/es\/wp-json\/wp\/v2\/pages\/4140","targetHints":{"allow":["GET"]}}],"collection":[{"href":"https:\/\/www.vicivision.com\/es\/wp-json\/wp\/v2\/pages"}],"about":[{"href":"https:\/\/www.vicivision.com\/es\/wp-json\/wp\/v2\/types\/page"}],"author":[{"embeddable":true,"href":"https:\/\/www.vicivision.com\/es\/wp-json\/wp\/v2\/users\/2"}],"replies":[{"embeddable":true,"href":"https:\/\/www.vicivision.com\/es\/wp-json\/wp\/v2\/comments?post=4140"}],"version-history":[{"count":0,"href":"https:\/\/www.vicivision.com\/es\/wp-json\/wp\/v2\/pages\/4140\/revisions"}],"wp:attachment":[{"href":"https:\/\/www.vicivision.com\/es\/wp-json\/wp\/v2\/media?parent=4140"}],"curies":[{"name":"wp","href":"https:\/\/api.w.org\/{rel}","templated":true}]}}