{"id":3966,"date":"2015-06-18T17:18:44","date_gmt":"2015-06-18T15:18:44","guid":{"rendered":"https:\/\/www.vicivision.com\/?page_id=3966"},"modified":"2018-11-20T16:14:41","modified_gmt":"2018-11-20T15:14:41","slug":"mtp","status":"publish","type":"page","link":"https:\/\/www.vicivision.com\/es\/medicion-optica-2\/mtp\/","title":{"rendered":"MTP"},"content":{"rendered":"<div class=\"wpb-content-wrapper\"><p>[vc_row][vc_column width=\u00bb1\/2&#8243;][vc_empty_space height=\u00bb30px\u00bb][vc_column_text]<\/p>\n<h2><span style=\"color: #000000;\">MTP<\/span><br \/>\n<span style=\"color: #000000;\"> Calidad en producci\u00f3n.<\/span><\/h2>\n<p><span style=\"color: #000000;\">\u00a0<\/span><\/p>\n<p><span style=\"color: #000000;\"><strong>MTP<\/strong> es una m\u00e1quina de medici\u00f3n \u00f3ptica capaz de controlar piezas m\u00faltiples en un digitalizado individual.<\/span><br \/>\n<span style=\"color: #000000;\"> Examina varias piezas simult\u00e1neamente, ideal para los controles de final de la l\u00ednea donde necesita velocidad, combinando la inspecci\u00f3n de piezas m\u00faltiples con un sistema de palet de cambio r\u00e1pido para reducir el tiempo de carga y descarga.<\/span><br \/>\n<span style=\"color: #000000;\"> Colocaci\u00f3n de las piezas a mano, sin la necesidad de referencias ni ubicaciones, para una carga m\u00e1s f\u00e1cil y r\u00e1pida.<\/span>[\/vc_column_text][vc_empty_space height=\u00bb30px\u00bb][vc_row_inner][vc_column_inner width=\u00bb1\/2&#8243;]<div class=\" ubtn-ctn-center btn-green btn\"><a class=\"ubtn-link ult-adjust-bottom-margin ubtn-center ubtn-normal btn-green btn\" href=\"#info\" ><button type=\"button\" id=\"ubtn-5514\"  class=\"ubtn ult-adjust-bottom-margin ult-responsive ubtn-normal ubtn-no-hover-bg  none  ubtn-center   tooltip-69de72cd953f7\"  data-hover=\"\" data-border-color=\"\" data-bg=\"#33a564\" data-hover-bg=\"#55d600\" data-border-hover=\"\" data-shadow-hover=\"\" data-shadow-click=\"none\" data-shadow=\"\" data-shd-shadow=\"\"  data-ultimate-target='#ubtn-5514'  data-responsive-json-new='{\"font-size\":\"\",\"line-height\":\"\"}'  style=\"font-weight:normal;border:none;background: #33a564;color: #ffffff;\"><span class=\"ubtn-hover\" style=\"background-color:#55d600\"><\/span><span class=\"ubtn-data ubtn-text \" > SOLICITAR INFORMACI\u00d3N<\/span><\/button><\/a><\/div>[\/vc_column_inner][vc_column_inner width=\u00bb1\/2&#8243;]<div class=\" ubtn-ctn-center btn-green btn\"><a class=\"ubtn-link ult-adjust-bottom-margin ubtn-center ubtn-normal btn-green btn\" href=\"http:\/\/www.vicivision.com\/wp-content\/uploads\/2018\/11\/ViciVision-MTP-Range-IT_EN.pdf\" ><button type=\"button\" id=\"ubtn-2007\"  class=\"ubtn ult-adjust-bottom-margin ult-responsive ubtn-normal ubtn-no-hover-bg  none  ubtn-center   tooltip-69de72cd95493\"  data-hover=\"\" data-border-color=\"\" data-bg=\"#33a564\" data-hover-bg=\"#59d600\" data-border-hover=\"\" data-shadow-hover=\"\" data-shadow-click=\"none\" data-shadow=\"\" data-shd-shadow=\"\"  data-ultimate-target='#ubtn-2007'  data-responsive-json-new='{\"font-size\":\"\",\"line-height\":\"\"}'  style=\"font-weight:normal;border:none;background: #33a564;color: #ffffff;\"><span class=\"ubtn-hover\" style=\"background-color:#59d600\"><\/span><span class=\"ubtn-data ubtn-text \" > DESCARGAR CAT\u00c1LOGO<\/span><\/button><\/a><\/div>[\/vc_column_inner][\/vc_row_inner][vc_empty_space height=\u00bb20px\u00bb][\/vc_column][vc_column width=\u00bb1\/2&#8243;][vc_single_image image=\u00bb1723&#8243; img_size=\u00bbfull\u00bb alignment=\u00bbright\u00bb][\/vc_column][\/vc_row][vc_row bg_type=\u00bbimage\u00bb bg_override=\u00bbfull\u00bb el_class=\u00bbfull_width testo_bianco bgimagemtp\u00bb css=\u00bb.vc_custom_1542725495046{margin-top: 100px !important;margin-bottom: 100px !important;}\u00bb][vc_column][vc_row_inner][vc_column_inner width=\u00bb1\/2&#8243;][\/vc_column_inner][vc_column_inner width=\u00bb1\/2&#8243;][vc_empty_space height=\u00bb40px\u00bb][vc_column_text]<\/p>\n<h3 style=\"text-align: left;\"><span style=\"color: #000000;\">Las\u00a0mediciones con un simple clic.<\/span><\/h3>\n<p><span style=\"color: #339966;\">&gt;<\/span> Distancias entre puntos y l\u00edneas<br \/>\n<span style=\"color: #339966;\">&gt;<\/span> Radios<br \/>\n<span style=\"color: #339966;\">&gt;<\/span> \u00c1ngulos<br \/>\n<span style=\"color: #339966;\">&gt;<\/span> Simetr\u00edas, Paralelismos,<br \/>\n<span style=\"color: #339966;\">&gt;<\/span> Cualquiera medida geom\u00e9trica del perfil<br \/>\n<span style=\"color: #339966;\">&gt;<\/span> DXF: compara todo los perfiles o partes te\u00f3ricas de los mismos con miles de puntos, tomados en la pieza de trabajo.<br \/>\n<span style=\"color: #339966;\">&gt;<\/span> Herramientas autoprogramadas para aplicaciones espec\u00edficas[\/vc_column_text]<div class=\" ubtn-ctn-center btn-green btn\"><a class=\"ubtn-link ult-adjust-bottom-margin ubtn-center ubtn-normal btn-green btn\" href=\"http:\/\/www.vicivision.com\/wp-content\/uploads\/2018\/11\/ViciVision-MTP-Range-IT_EN.pdf\" ><button type=\"button\" id=\"ubtn-7028\"  class=\"ubtn ult-adjust-bottom-margin ult-responsive ubtn-normal ubtn-no-hover-bg  none  ubtn-center   tooltip-69de72cd954ef\"  data-hover=\"\" data-border-color=\"\" data-bg=\"#33a564\" data-hover-bg=\"#59d600\" data-border-hover=\"\" data-shadow-hover=\"\" data-shadow-click=\"none\" data-shadow=\"\" data-shd-shadow=\"\"  data-ultimate-target='#ubtn-7028'  data-responsive-json-new='{\"font-size\":\"\",\"line-height\":\"\"}'  style=\"font-weight:normal;border:none;background: #33a564;color: #ffffff;\"><span class=\"ubtn-hover\" style=\"background-color:#59d600\"><\/span><span class=\"ubtn-data ubtn-text \" > DESCARGAR CAT\u00c1LOGO<\/span><\/button><\/a><\/div>[\/vc_column_inner][\/vc_row_inner][\/vc_column][\/vc_row][vc_row][vc_column][vc_row_inner][vc_column_inner width=\u00bb1\/2&#8243;][vc_single_image image=\u00bb1734&#8243; img_size=\u00bblarge\u00bb alignment=\u00bbcenter\u00bb][\/vc_column_inner][vc_column_inner width=\u00bb1\/2&#8243;][vc_empty_space height=\u00bb40px\u00bb][vc_column_text]<\/p>\n<h2>MTP 170 \u00a0MULTICHECK<\/h2>\n<p><strong>MTP 170<\/strong> <strong>Multicheck<\/strong> es una m\u00e1quina de medici\u00f3n \u00f3ptica capaz de controlar piezas m\u00faltiples en un digitalizado individual.<br \/>\nEs posible equipar la m\u00e1quina con un <strong>sistema de palet<\/strong> de cambio r\u00e1pido para reducir el tiempo de carga y descarga.<br \/>\nGrandes zonas de trabajo sobre un plano de<strong> 170\u00d7300\u00a0mm<\/strong> con precisi\u00f3n \u00fanica en su categor\u00eda.[\/vc_column_text]<div class=\" ubtn-ctn-center btn-green btn\"><a class=\"ubtn-link ult-adjust-bottom-margin ubtn-center ubtn-normal btn-green btn\" href=\"http:\/\/www.vicivision.com\/wp-content\/uploads\/2018\/11\/ViciVision-MTP-Range-IT_EN.pdf\" ><button type=\"button\" id=\"ubtn-2253\"  class=\"ubtn ult-adjust-bottom-margin ult-responsive ubtn-normal ubtn-no-hover-bg  none  ubtn-center   tooltip-69de72cd95543\"  data-hover=\"\" data-border-color=\"\" data-bg=\"#33a564\" data-hover-bg=\"#59d600\" data-border-hover=\"\" data-shadow-hover=\"\" data-shadow-click=\"none\" data-shadow=\"\" data-shd-shadow=\"\"  data-ultimate-target='#ubtn-2253'  data-responsive-json-new='{\"font-size\":\"\",\"line-height\":\"\"}'  style=\"font-weight:normal;border:none;background: #33a564;color: #ffffff;\"><span class=\"ubtn-hover\" style=\"background-color:#59d600\"><\/span><span class=\"ubtn-data ubtn-text \" > DESCARGAR CAT\u00c1LOGO<\/span><\/button><\/a><\/div>[\/vc_column_inner][\/vc_row_inner][\/vc_column][\/vc_row][vc_row][vc_column][vc_row_inner][vc_column_inner width=\u00bb1\/2&#8243;][vc_single_image image=\u00bb1711&#8243; img_size=\u00bbfull\u00bb alignment=\u00bbcenter\u00bb][\/vc_column_inner][vc_column_inner width=\u00bb1\/2&#8243;][vc_empty_space height=\u00bb40px\u00bb][vc_column_text]<\/p>\n<h2>MTP 120 \u00a0SPEEDCHECK<\/h2>\n<p><strong>R\u00e1pida<\/strong>: digitalizado de toda la zona de trabajo en 10 segundos, reduciendo el tiempo de la inspecci\u00f3n. Ideal para de grandes lotes.<br \/>\nAmplia zona de trabajo sobre un plano de <strong>120\u00d7300 mm<\/strong> con precisi\u00f3n \u00fanica en su categor\u00eda.<br \/>\nExportaci\u00f3n de los datos medidos para el control estad\u00edstico en la oficina.[\/vc_column_text]<div class=\" ubtn-ctn-center btn-green btn\"><a class=\"ubtn-link ult-adjust-bottom-margin ubtn-center ubtn-normal btn-green btn\" href=\"http:\/\/www.vicivision.com\/wp-content\/uploads\/2018\/11\/ViciVision-MTP-Range-IT_EN.pdf\" ><button type=\"button\" id=\"ubtn-5551\"  class=\"ubtn ult-adjust-bottom-margin ult-responsive ubtn-normal ubtn-no-hover-bg  none  ubtn-center   tooltip-69de72cd9559f\"  data-hover=\"\" data-border-color=\"\" data-bg=\"#33a564\" data-hover-bg=\"#59d600\" data-border-hover=\"\" data-shadow-hover=\"\" data-shadow-click=\"none\" data-shadow=\"\" data-shd-shadow=\"\"  data-ultimate-target='#ubtn-5551'  data-responsive-json-new='{\"font-size\":\"\",\"line-height\":\"\"}'  style=\"font-weight:normal;border:none;background: #33a564;color: #ffffff;\"><span class=\"ubtn-hover\" style=\"background-color:#59d600\"><\/span><span class=\"ubtn-data ubtn-text \" > DESCARGAR CAT\u00c1LOGO<\/span><\/button><\/a><\/div>[\/vc_column_inner][\/vc_row_inner][\/vc_column][\/vc_row][vc_row][vc_column][vc_row_inner][vc_column_inner width=\u00bb1\/2&#8243;][vc_single_image image=\u00bb1710&#8243; img_size=\u00bbfull\u00bb alignment=\u00bbcenter\u00bb][\/vc_column_inner][vc_column_inner width=\u00bb1\/2&#8243;][vc_empty_space height=\u00bb40px\u00bb][vc_column_text]<\/p>\n<h2>MTP 15 \u00a0MICROCHECK<\/h2>\n<p><strong>Precisa<\/strong>: capacidad para capturar im\u00e1genes para el control de los detalles m\u00e1s peque\u00f1os. Interpolaci\u00f3n de subp\u00ecxeles para una <strong>definici\u00f3n m\u00e1xima<\/strong>. Digitalizado de toda la zona de trabajo en 10 segundos.<br \/>\nCampo de medici\u00f3n: <strong>15\u00d7290 mm<\/strong>. Dise\u00f1ada para <strong>componentes micro mecanizados<\/strong>, para el de la <strong>relojer\u00eda<\/strong> y otros <strong>elementos extremadamente min\u00fasculos<\/strong>.[\/vc_column_text]<div class=\" ubtn-ctn-center btn-green btn\"><a class=\"ubtn-link ult-adjust-bottom-margin ubtn-center ubtn-normal btn-green btn\" href=\"http:\/\/www.vicivision.com\/wp-content\/uploads\/2018\/11\/ViciVision-MTP-Range-IT_EN.pdf\" ><button type=\"button\" id=\"ubtn-4353\"  class=\"ubtn ult-adjust-bottom-margin ult-responsive ubtn-normal ubtn-no-hover-bg  none  ubtn-center   tooltip-69de72cd955e3\"  data-hover=\"\" data-border-color=\"\" data-bg=\"#33a564\" data-hover-bg=\"#59d600\" data-border-hover=\"\" data-shadow-hover=\"\" data-shadow-click=\"none\" data-shadow=\"\" data-shd-shadow=\"\"  data-ultimate-target='#ubtn-4353'  data-responsive-json-new='{\"font-size\":\"\",\"line-height\":\"\"}'  style=\"font-weight:normal;border:none;background: #33a564;color: #ffffff;\"><span class=\"ubtn-hover\" style=\"background-color:#59d600\"><\/span><span class=\"ubtn-data ubtn-text \" > DESCARGAR CAT\u00c1LOGO<\/span><\/button><\/a><\/div>[\/vc_column_inner][\/vc_row_inner][\/vc_column][\/vc_row][vc_row bg_type=\u00bbbg_color\u00bb bg_override=\u00bbfull\u00bb bg_color_value=\u00bb#000000&#8243;][vc_column][vc_row_inner][vc_column_inner width=\u00bb1\/2&#8243;][vc_empty_space height=\u00bb40px\u00bb][vc_column_text]<\/p>\n<h3><span style=\"color: #ffffff;\">Calidad y eficiencia en producci\u00f3n.<\/span><\/h3>\n<p><span style=\"color: #ffffff;\">Los procesos de producci\u00f3n requieren a menudo soluciones sencillas y fiables dise\u00f1adas para la inspecci\u00f3n \u201cen l\u00ednea\u201d. Por este motivo VICIVISION mejora los sistemas de medici\u00f3n \u00f3pticos de toda la gama de MTL con herramientas y aplicaciones espec\u00edficas.<\/span>[\/vc_column_text][\/vc_column_inner][vc_column_inner width=\u00bb1\/2&#8243;][vc_video link=\u00bbhttps:\/\/www.youtube.com\/watch?v=DHWg6NgAEuk\u00bb el_class=\u00bbvideo-on-composer\u00bb][\/vc_column_inner][\/vc_row_inner][\/vc_column][\/vc_row][vc_row][vc_column width=\u00bb1\/2&#8243;][vc_single_image image=\u00bb1772&#8243; img_size=\u00bbfull\u00bb alignment=\u00bbcenter\u00bb][vc_column_text]<\/p>\n<h4 style=\"text-align: center;\">Software completo<\/h4>\n<p style=\"text-align: center;\">Todas las mediciones son tomadas de la imagen real de la pieza.<br \/>\nDistancias, radios, \u00e1ngulos, roscas y docenas de otras posibles soluciones, incluida la comparaci\u00f3n con DXF.<\/p>\n<p>[\/vc_column_text][\/vc_column][vc_column width=\u00bb1\/2&#8243;][vc_single_image image=\u00bb1774&#8243; img_size=\u00bbfull\u00bb alignment=\u00bbcenter\u00bb][vc_column_text]<\/p>\n<h4 style=\"text-align: center;\">Certificado de producci\u00f3n<br \/>\nsin incrementar los costes<\/h4>\n<p style=\"text-align: center;\">Resultado de las mediciones en histogramas para la consulta inmediata.<br \/>\nObtenci\u00f3n directa en la misma m\u00e1quina del informe de las piezas medidas.<br \/>\nGr\u00e1ficos de tendencia de medici\u00f3n con un simple clic.<\/p>\n<p>[\/vc_column_text][\/vc_column][\/vc_row][vc_row][vc_column][vc_gallery type=\u00bbimage_grid\u00bb images=\u00bb1258,1734,1259,986&#8243;][\/vc_column][\/vc_row]<\/p>\n<\/div>","protected":false},"excerpt":{"rendered":"<p>[vc_row][vc_column width=\u00bb1\/2&#8243;][vc_empty_space height=\u00bb30px\u00bb][vc_column_text] MTP Calidad en producci\u00f3n. \u00a0 MTP es una m\u00e1quina de medici\u00f3n \u00f3ptica capaz de controlar piezas m\u00faltiples en un digitalizado individual. Examina varias piezas simult\u00e1neamente, ideal para los controles de final de la l\u00ednea donde necesita velocidad, combinando la inspecci\u00f3n de piezas m\u00faltiples con un sistema de palet de cambio r\u00e1pido para<\/p>\n<div class=\"more\"><a class=\"more-link btn btn-green ion-ios7-arrow-forward\" href=\"https:\/\/www.vicivision.com\/es\/medicion-optica-2\/mtp\/\">leer m\u00e1s<\/a><\/div>\n","protected":false},"author":2,"featured_media":0,"parent":2816,"menu_order":0,"comment_status":"closed","ping_status":"closed","template":"page-singolo-prodotto.php","meta":{"footnotes":""},"class_list":["post-3966","page","type-page","status-publish","hentry"],"acf":[],"_links":{"self":[{"href":"https:\/\/www.vicivision.com\/es\/wp-json\/wp\/v2\/pages\/3966","targetHints":{"allow":["GET"]}}],"collection":[{"href":"https:\/\/www.vicivision.com\/es\/wp-json\/wp\/v2\/pages"}],"about":[{"href":"https:\/\/www.vicivision.com\/es\/wp-json\/wp\/v2\/types\/page"}],"author":[{"embeddable":true,"href":"https:\/\/www.vicivision.com\/es\/wp-json\/wp\/v2\/users\/2"}],"replies":[{"embeddable":true,"href":"https:\/\/www.vicivision.com\/es\/wp-json\/wp\/v2\/comments?post=3966"}],"version-history":[{"count":0,"href":"https:\/\/www.vicivision.com\/es\/wp-json\/wp\/v2\/pages\/3966\/revisions"}],"up":[{"embeddable":true,"href":"https:\/\/www.vicivision.com\/es\/wp-json\/wp\/v2\/pages\/2816"}],"wp:attachment":[{"href":"https:\/\/www.vicivision.com\/es\/wp-json\/wp\/v2\/media?parent=3966"}],"curies":[{"name":"wp","href":"https:\/\/api.w.org\/{rel}","templated":true}]}}