{"id":3234,"date":"2014-11-24T14:26:33","date_gmt":"2014-11-24T13:26:33","guid":{"rendered":"https:\/\/www.vicivision.com\/?page_id=3234"},"modified":"2018-11-21T11:08:59","modified_gmt":"2018-11-21T10:08:59","slug":"mtl-1","status":"publish","type":"page","link":"https:\/\/www.vicivision.com\/es\/medicion-optica-2\/mtl-1\/","title":{"rendered":"MTL 1"},"content":{"rendered":"<div class=\"wpb-content-wrapper\"><p>[vc_row parallax_content=\u00bboff\u00bb fadeout_row=\u00bboff\u00bb][vc_column width=\u00bb1\/2&#8243;][vc_empty_space height=\u00bb20px\u00bb][vc_column_text]<\/p>\n<h1 style=\"text-align: left;\">MTL 1<\/h1>\n<h2 style=\"text-align: left;\">Varias\u00a0mediciones\u00a0desde un \u00fanico\u00a0instrumento.<\/h2>\n<p><strong>MTL1<\/strong> es una m\u00e1quina de medici\u00f3n \u00f3ptica para piezas de revoluci\u00f3n torneadas y rectifiadas que es\u00a0capaz de tomar mediciones en un perfi de pieza, en cuesti\u00f3n de segundos, en el propio taller. Zona de medici\u00f3n amplia<strong> 300&#215;60 mm.<\/strong><\/p>\n<p>Productividad incrementada, mejora en la eficiencia y la flexibilidad y una reducci\u00f3n en los porcentajes de rechazos son las ventajas inmediatas.[\/vc_column_text][vc_row_inner][vc_column_inner width=\u00bb1\/2&#8243;]<div class=\" ubtn-ctn-center btn-green btn\"><a class=\"ubtn-link ult-adjust-bottom-margin ubtn-center ubtn-small btn-green btn\" href=\"#info\" ><button type=\"button\" id=\"ubtn-1788\"  class=\"ubtn ult-adjust-bottom-margin ult-responsive ubtn-small ubtn-no-hover-bg  none  ubtn-center   tooltip-69e246c019296\"  data-hover=\"\" data-border-color=\"\" data-bg=\"#33a564\" data-hover-bg=\"\" data-border-hover=\"\" data-shadow-hover=\"\" data-shadow-click=\"none\" data-shadow=\"\" data-shd-shadow=\"\"  data-ultimate-target='#ubtn-1788'  data-responsive-json-new='{\"font-size\":\"\",\"line-height\":\"\"}'  style=\"font-weight:normal;border:none;background: #33a564;color: #ffffff;\"><span class=\"ubtn-data ubtn-icon\"><i class=\"none\" style=\"font-size:30px;color:;\"><\/i><\/span><span class=\"ubtn-hover\" style=\"background-color:\"><\/span><span class=\"ubtn-data ubtn-text \" >Solicitar informaci\u00d3n<\/span><\/button><\/a><\/div>[\/vc_column_inner][vc_column_inner width=\u00bb1\/2&#8243;]<div class=\" ubtn-ctn-center btn-green btn\"><a class=\"ubtn-link ult-adjust-bottom-margin ubtn-center ubtn-small btn-green btn\" href=\"\/wp-content\/uploads\/2018\/11\/VICIVISION-MTL_Espanol.pdf\" ><button type=\"button\" id=\"ubtn-9315\"  class=\"ubtn ult-adjust-bottom-margin ult-responsive ubtn-small ubtn-no-hover-bg  none  ubtn-center   tooltip-69e246c01936f\"  data-hover=\"\" data-border-color=\"\" data-bg=\"#33a564\" data-hover-bg=\"\" data-border-hover=\"\" data-shadow-hover=\"\" data-shadow-click=\"none\" data-shadow=\"\" data-shd-shadow=\"\"  data-ultimate-target='#ubtn-9315'  data-responsive-json-new='{\"font-size\":\"\",\"line-height\":\"\"}'  style=\"font-weight:normal;border:none;background: #33a564;color: #ffffff;\"><span class=\"ubtn-data ubtn-icon\"><i class=\"none\" style=\"font-size:30px;color:;\"><\/i><\/span><span class=\"ubtn-hover\" style=\"background-color:\"><\/span><span class=\"ubtn-data ubtn-text \" > Descargar cat\u00e1logo<\/span><\/button><\/a><\/div>[\/vc_column_inner][\/vc_row_inner][vc_empty_space height=\u00bb30px\u00bb][\/vc_column][vc_column width=\u00bb1\/2&#8243;][vc_single_image image=\u00bb83&#8243; img_size=\u00bbfull\u00bb alignment=\u00bbcenter\u00bb][\/vc_column][\/vc_row][vc_row bg_type=\u00bbimage\u00bb bg_override=\u00bbfull\u00bb parallax_content=\u00bboff\u00bb fadeout_row=\u00bboff\u00bb el_class=\u00bbfull_width testo_bianco bgimagemtl1&#8243; css=\u00bb.vc_custom_1542794431017{margin-top: 100px !important;margin-bottom: 100px !important;}\u00bb][vc_column][vc_row_inner][vc_column_inner width=\u00bb1\/2&#8243;][\/vc_column_inner][vc_column_inner width=\u00bb1\/2&#8243;][vc_empty_space height=\u00bb100px\u00bb][vc_column_text]<\/p>\n<h5><span style=\"color: #ffffff;\"><strong>MTL1<\/strong> ofrece lo m\u00e1ximo en la gama de rendimiento de la m\u00e1quina de medici\u00f3n \u00f3ptica, compacta y pr\u00e1ctica para las piezas torneadas.<\/span><\/h5>\n<p>[\/vc_column_text][vc_empty_space height=\u00bb100px\u00bb][vc_empty_space height=\u00bb100px\u00bb][\/vc_column_inner][\/vc_row_inner][\/vc_column][\/vc_row][vc_row parallax_content=\u00bboff\u00bb fadeout_row=\u00bboff\u00bb][vc_column width=\u00bb1\/2&#8243;][vc_empty_space height=\u00bb50px\u00bb][vc_column_text]<\/p>\n<h2>Calidad y eficiencia en producci\u00f3n<\/h2>\n<h5>Sistema doble de compensaci\u00f3n de temperatura<\/h5>\n<p>La m\u00e1quina est\u00e1 equipada con un sistema doble de compensaci\u00f3n de temperatura (tanto en di\u00e1metros como en longitudes), lo que hace que sea ideal para la utilizaci\u00f3n directa en el propio taller.<\/p>\n<h5>Sistema de refrigeraci\u00f3n<\/h5>\n<p>Su sistema de refrigeraci\u00f3n \u00fanico de \u201cFlujo de Aire\u201d significa que puede soportar incluso los entornos m\u00e1s extremos.[\/vc_column_text]<div class=\" ubtn-ctn-center btn-green btn\"><a class=\"ubtn-link ult-adjust-bottom-margin ubtn-center ubtn-small btn-green btn\" href=\"\/wp-content\/uploads\/2018\/11\/VICIVISION-MTL_Espanol.pdf\" ><button type=\"button\" id=\"ubtn-5964\"  class=\"ubtn ult-adjust-bottom-margin ult-responsive ubtn-small ubtn-no-hover-bg  none  ubtn-center   tooltip-69e246c0193c2\"  data-hover=\"\" data-border-color=\"\" data-bg=\"#33a564\" data-hover-bg=\"\" data-border-hover=\"\" data-shadow-hover=\"\" data-shadow-click=\"none\" data-shadow=\"\" data-shd-shadow=\"\"  data-ultimate-target='#ubtn-5964'  data-responsive-json-new='{\"font-size\":\"\",\"line-height\":\"\"}'  style=\"font-weight:normal;border:none;background: #33a564;color: #ffffff;\"><span class=\"ubtn-data ubtn-icon\"><i class=\"none\" style=\"font-size:30px;color:;\"><\/i><\/span><span class=\"ubtn-hover\" style=\"background-color:\"><\/span><span class=\"ubtn-data ubtn-text \" > Descargar cat\u00e1logo<\/span><\/button><\/a><\/div>[\/vc_column][vc_column width=\u00bb1\/2&#8243;][vc_video link=\u00bbhttps:\/\/www.youtube.com\/watch?v=q9FMr98wIh0&#8243; el_class=\u00bbvideo-on-composer\u00bb][\/vc_column][\/vc_row][vc_row bg_type=\u00bbimage\u00bb bg_override=\u00bbfull\u00bb parallax_content=\u00bboff\u00bb fadeout_row=\u00bboff\u00bb el_class=\u00bbfull_width img_sinistra\u00bb css=\u00bb.vc_custom_1424361144327{margin-top: 200px !important;margin-bottom: 200px !important;}\u00bb][vc_column][vc_row_inner][vc_column_inner width=\u00bb1\/2&#8243;][vc_single_image image=\u00bb89&#8243; img_size=\u00bbfull\u00bb][\/vc_column_inner][vc_column_inner width=\u00bb1\/2&#8243;][vc_empty_space height=\u00bb000px\u00bb][vc_column_text]<\/p>\n<h2 style=\"text-align: left;\">Eficaz incluso con peque\u00f1os lotes.<\/h2>\n<p>Las primeras piezas de cada lote se deben medir para establecer el centro de mecanizado.<br \/>\nLa realizaci\u00f3n de esta operaci\u00f3n con <strong>MTL<\/strong> junto a su m\u00e1quina ahorra hasta 30\u2019\/ hora e incrementa la eficiencia incluso en los lotes m\u00e1s peque\u00f1os.<br \/>\nLas empresas que trabajan con lotes peque\u00f1os necesitan una programaci\u00f3n r\u00e1pida, para lo que <strong>MTL<\/strong> ofrece:<\/p>\n<ul>\n<li>Ahorros de tiempo de hasta una hora por cada lote.<\/li>\n<li>Reducci\u00f3n en el tiempo de parada de la m\u00e1quina gracias al control inmediato en el mismo puesto de trabajo.<\/li>\n<li>Reducci\u00f3n de rechazos, llevando a cabo las acciones preventivas indicadas por los gr\u00e1ficos de control de medici\u00f3n.<\/li>\n<\/ul>\n<p>[\/vc_column_text][vc_empty_space height=\u00bb200px\u00bb][\/vc_column_inner][\/vc_row_inner][\/vc_column][\/vc_row][vc_row parallax_content=\u00bbparallax_content_value\u00bb parallax_content_sense=\u00bb10&#8243; fadeout_row=\u00bbfadeout_row_value\u00bb fadeout_start_effect=\u00bb50&#8243;][vc_column width=\u00bb1\/3&#8243;][vc_single_image image=\u00bb412&#8243; img_size=\u00bbfull\u00bb alignment=\u00bbcenter\u00bb][vc_column_text]<\/p>\n<h4 style=\"text-align: center;\">Software completo<\/h4>\n<p style=\"text-align: center;\">Todas las mediciones son adquiridas<br \/>\nde la imagen real de la pieza.<br \/>\nDistancias, radios, \u00e1ngulos, roscas y docenas de otras posibles soluciones, incluso\u00a0comparaci\u00f3n con DXF.<\/p>\n<h4 style=\"text-align: center;\"><\/h4>\n<p>[\/vc_column_text][\/vc_column][vc_column width=\u00bb1\/3&#8243;][vc_single_image image=\u00bb411&#8243; img_size=\u00bblarge\u00bb alignment=\u00bbcenter\u00bb][vc_column_text]<\/p>\n<h4 style=\"text-align: center;\">Caracter\u00edsticas \u00a0avanzadas<\/h4>\n<p style=\"text-align: center;\">Sistemas autom\u00e1ticos que ayudan al operador a detectar las medidas. Auto-programaci\u00f3n, programaci\u00f3n asistida paso a paso, programaci\u00f3n manual avanzada,\u00a0 carga autom\u00e1tica del programa de la pieza, adem\u00e1s de la comparaci\u00f3n con DXF.<\/p>\n<p>[\/vc_column_text][\/vc_column][vc_column width=\u00bb1\/3&#8243;][vc_single_image image=\u00bb415&#8243; img_size=\u00bbmedium\u00bb alignment=\u00bbcenter\u00bb][vc_column_text]<\/p>\n<h4 style=\"text-align: center;\">Certificado de producci\u00f3n sin incrementar los costes<\/h4>\n<p style=\"text-align: center;\">Resultado de las mediciones en histogramas para la consulta inmediata.<br \/>\nObtenci\u00f3n directa en la misma m\u00e1quina del informe de las piezas medidas.<br \/>\nGr\u00e1ficos de tendencia de medici\u00f3n con un simple clic.<\/p>\n<p>[\/vc_column_text][\/vc_column][\/vc_row][vc_row bg_type=\u00bbgrad\u00bb bg_override=\u00bbfull\u00bb fadeout_row=\u00bbfadeout_row_value\u00bb fadeout_start_effect=\u00bb40&#8243; bg_grad=\u00bbbackground: -webkit-gradient(linear, left top, left bottom, color-stop(0%, #FBFBFB), color-stop(50%, #E3E3E3), color-stop(100%, #C2C2C2));background: -moz-linear-gradient(top,#FBFBFB 0%,#E3E3E3 50%,#C2C2C2 100%);background: -webkit-linear-gradient(top,#FBFBFB 0%,#E3E3E3 50%,#C2C2C2 100%);background: -o-linear-gradient(top,#FBFBFB 0%,#E3E3E3 50%,#C2C2C2 100%);background: -ms-linear-gradient(top,#FBFBFB 0%,#E3E3E3 50%,#C2C2C2 100%);background: linear-gradient(top,#FBFBFB 0%,#E3E3E3 50%,#C2C2C2 100%);\u00bb][vc_column][vc_text_separator title=\u00bbGALLERIA FOTOGRAFICA\u00bb][vc_gallery type=\u00bbimage_grid\u00bb images=\u00bb345,343,344,341&#8243; img_size=\u00bb200&#215;200&#8243;][vc_separator][\/vc_column][\/vc_row]<\/p>\n<\/div>","protected":false},"excerpt":{"rendered":"<p>[vc_row parallax_content=\u00bboff\u00bb fadeout_row=\u00bboff\u00bb][vc_column width=\u00bb1\/2&#8243;][vc_empty_space height=\u00bb20px\u00bb][vc_column_text] MTL 1 Varias\u00a0mediciones\u00a0desde un \u00fanico\u00a0instrumento. MTL1 es una m\u00e1quina de medici\u00f3n \u00f3ptica para piezas de revoluci\u00f3n torneadas y rectifiadas que es\u00a0capaz de tomar mediciones en un perfi de pieza, en cuesti\u00f3n de segundos, en el propio taller. Zona de medici\u00f3n amplia 300&#215;60 mm. Productividad incrementada, mejora en la eficiencia y<\/p>\n<div class=\"more\"><a class=\"more-link btn btn-green ion-ios7-arrow-forward\" href=\"https:\/\/www.vicivision.com\/es\/medicion-optica-2\/mtl-1\/\">leer m\u00e1s<\/a><\/div>\n","protected":false},"author":2,"featured_media":0,"parent":2816,"menu_order":0,"comment_status":"closed","ping_status":"closed","template":"page-singolo-prodotto.php","meta":{"footnotes":""},"class_list":["post-3234","page","type-page","status-publish","hentry"],"acf":[],"_links":{"self":[{"href":"https:\/\/www.vicivision.com\/es\/wp-json\/wp\/v2\/pages\/3234","targetHints":{"allow":["GET"]}}],"collection":[{"href":"https:\/\/www.vicivision.com\/es\/wp-json\/wp\/v2\/pages"}],"about":[{"href":"https:\/\/www.vicivision.com\/es\/wp-json\/wp\/v2\/types\/page"}],"author":[{"embeddable":true,"href":"https:\/\/www.vicivision.com\/es\/wp-json\/wp\/v2\/users\/2"}],"replies":[{"embeddable":true,"href":"https:\/\/www.vicivision.com\/es\/wp-json\/wp\/v2\/comments?post=3234"}],"version-history":[{"count":0,"href":"https:\/\/www.vicivision.com\/es\/wp-json\/wp\/v2\/pages\/3234\/revisions"}],"up":[{"embeddable":true,"href":"https:\/\/www.vicivision.com\/es\/wp-json\/wp\/v2\/pages\/2816"}],"wp:attachment":[{"href":"https:\/\/www.vicivision.com\/es\/wp-json\/wp\/v2\/media?parent=3234"}],"curies":[{"name":"wp","href":"https:\/\/api.w.org\/{rel}","templated":true}]}}