{"id":3216,"date":"2014-11-20T11:22:29","date_gmt":"2014-11-20T10:22:29","guid":{"rendered":"https:\/\/www.vicivision.com\/?page_id=3216"},"modified":"2024-06-28T14:09:03","modified_gmt":"2024-06-28T12:09:03","slug":"contacto-vicivision","status":"publish","type":"page","link":"https:\/\/www.vicivision.com\/es\/contacto-vicivision\/","title":{"rendered":"Contacto"},"content":{"rendered":"<div class=\"wpb-content-wrapper\"><p>[vc_row gap=\u00bb20&#8243;][vc_column width=\u00bb2\/3&#8243; el_class=\u00bbform-verde full\u00bb][vc_column_text]<\/p>\n<h2><span style=\"color: #339966;\"><strong>SOLICITAR UNA LLAMADA<\/strong><\/span><\/h2>\n<h6><span style=\"color: #339966;\"><strong>Contacta con nosotros<\/strong><\/span><\/h6>\n<p>[\/vc_column_text]\n<div class=\"wpcf7 no-js\" id=\"wpcf7-f4036-o1\" lang=\"es-ES\" dir=\"ltr\">\n<div class=\"screen-reader-response\"><p role=\"status\" aria-live=\"polite\" aria-atomic=\"true\"><\/p> <ul><\/ul><\/div>\n<form action=\"\/es\/wp-json\/wp\/v2\/pages\/3216#wpcf7-f4036-o1\" method=\"post\" class=\"wpcf7-form init\" aria-label=\"Formulario de contacto\" novalidate=\"novalidate\" data-status=\"init\">\n<div style=\"display: none;\">\n<input type=\"hidden\" name=\"_wpcf7\" value=\"4036\" \/>\n<input type=\"hidden\" name=\"_wpcf7_version\" value=\"5.8.7\" \/>\n<input type=\"hidden\" name=\"_wpcf7_locale\" value=\"es_ES\" \/>\n<input type=\"hidden\" name=\"_wpcf7_unit_tag\" value=\"wpcf7-f4036-o1\" \/>\n<input type=\"hidden\" name=\"_wpcf7_container_post\" value=\"0\" \/>\n<input type=\"hidden\" name=\"_wpcf7_posted_data_hash\" value=\"\" \/>\n<input type=\"hidden\" name=\"_wpcf7_recaptcha_response\" value=\"\" \/>\n<\/div>\n<div class=\"row\">\n\t<div class=\"container formcontatti\">\n\t\t<div class=\"col-md-12 col-xs-12 info\">\n\t\t\t<h4>Contacta con nosotros\n\t\t\t<\/h4>\n\t\t<\/div>\n\t\t<div class=\"col-md-6 col-sm-6 col-xs-12\">\n\t\t\t<p><span class=\"wpcf7-form-control-wrap\" data-name=\"nome\"><input size=\"40\" class=\"wpcf7-form-control wpcf7-text wpcf7-validates-as-required\" aria-required=\"true\" aria-invalid=\"false\" placeholder=\"Nombre y Apellido*\" value=\"\" type=\"text\" name=\"nome\" \/><\/span><br \/>\n<span class=\"wpcf7-form-control-wrap\" data-name=\"telefono\"><input size=\"40\" class=\"wpcf7-form-control wpcf7-text wpcf7-validates-as-required\" aria-required=\"true\" aria-invalid=\"false\" placeholder=\"Tel\u00e9fono*\" value=\"\" type=\"text\" name=\"telefono\" \/><\/span>\n\t\t\t<\/p>\n\t\t<\/div>\n\t\t<div class=\"col-md-6 col-sm-6 col-xs-12\">\n\t\t\t<p><span class=\"wpcf7-form-control-wrap\" data-name=\"email\"><input size=\"40\" class=\"wpcf7-form-control wpcf7-email wpcf7-validates-as-required wpcf7-text wpcf7-validates-as-email\" aria-required=\"true\" aria-invalid=\"false\" placeholder=\"Email*\" value=\"\" type=\"email\" name=\"email\" \/><\/span><br \/>\n<span class=\"wpcf7-form-control-wrap\" data-name=\"paese\"><input size=\"40\" class=\"wpcf7-form-control wpcf7-text wpcf7-validates-as-required\" aria-required=\"true\" aria-invalid=\"false\" placeholder=\"Pa\u00ecs*\" value=\"\" type=\"text\" name=\"paese\" \/><\/span>\n\t\t\t<\/p>\n\t\t<\/div>\n\t\t<div class=\"col-md-12 col-sm-12 col-xs-12\">\n\t\t\t<p><span class=\"wpcf7-form-control-wrap\" data-name=\"messaggio\"><textarea cols=\"40\" rows=\"10\" class=\"wpcf7-form-control wpcf7-textarea\" aria-invalid=\"false\" placeholder=\"Mensaje\" name=\"messaggio\"><\/textarea><\/span>\n\t\t\t<\/p>\n\t\t<\/div>\n\t\t<div class=\"col-md-8 col-sm-6 col-xs-12 privacy\">\n\t\t\t<p><label><strong>EXPRESI\u00d3N DEL CONSENSO<\/strong><\/label><br \/>\n<span class=\"wpcf7-form-control-wrap\" data-name=\"accetta\"><span class=\"wpcf7-form-control wpcf7-acceptance\"><span class=\"wpcf7-list-item\"><input type=\"checkbox\" name=\"accetta\" value=\"1\" checked=\"checked\" aria-invalid=\"false\" \/><\/span><\/span><\/span><span class=\"little\">Al ingresar y enviar este m\u00f3dulo, por la presente autoriza el tratamiento de los datos personales que proporcion\u00f3, en la forma y dentro de los l\u00edmites indicados por la <a href=\"https:\/\/www.vicivision.com\/privacy-policy\/\" class=\"iubenda-nostyle iubenda-embed\" title=\"Privacy Policy\">informaci\u00f3n contenida aqu\u00ed<\/a><\/span>\n\t\t\t<\/p>\n\t\t<\/div>\n\t\t<div class=\"col-md-4 col-sm-6 col-xs-12\">\n\t\t\t<p><input class=\"wpcf7-form-control wpcf7-submit has-spinner btn-green btn\" type=\"submit\" value=\"ENVIAR\" \/>\n\t\t\t<\/p>\n\t\t<\/div>\n\t<\/div>\n<\/div><div class=\"wpcf7-response-output\" aria-hidden=\"true\"><\/div>\n<\/form>\n<\/div>\n[vc_separator][\/vc_column][vc_column width=\u00bb1\/3&#8243;][vc_column_text]<\/p>\n<h2><span style=\"color: #339966;\"><strong>Contacts<\/strong><\/span><\/h2>\n<p>[\/vc_column_text][vc_empty_space][vc_column_text]<\/p>\n<h3><strong>Vici &amp; C S.p.A.<\/strong><\/h3>\n<h5>Via J. Gutenberg, 5\u00a0\u2013 47822<br \/>\nSantarcangelo di Romagna \u2013 Italy<\/h5>\n<h5><strong><br \/>\nFront office<\/strong><br \/>\nTel. <a href=\"tel:+39 0541350411\">+39 0541-350411<\/a><br \/>\nFax 0541-623897<br \/>\nMail <a href=\"mailto:sales@vici.it\">sales@vici.it<\/a><\/h5>\n<h5><strong><br \/>\nAsistencia postventa<\/strong><br \/>\nTel. <a href=\"tel:+39 0541350402\">+39 0541-350402<\/a><\/h5>\n<p>[\/vc_column_text][\/vc_column][\/vc_row][vc_row][vc_column width=\u00bb1\/2&#8243;][\/vc_column][vc_column width=\u00bb1\/2&#8243;][\/vc_column][\/vc_row][vc_row][vc_column width=\u00bb1\/2&#8243;]<div class=\"ult-spacer spacer-69e7257e45208\" data-id=\"69e7257e45208\" data-height=\"30\" data-height-mobile=\"30\" data-height-tab=\"30\" data-height-tab-portrait=\"\" data-height-mobile-landscape=\"\" style=\"clear:both;display:block;\"><\/div>[vc_column_text]<\/p>\n<h4>VICIVISION cuenta con distribuidores autorizados, en los pa\u00edses m\u00e1s importantes del mundo.<\/h4>\n<p>Todos los distribuidores listados aqu\u00ed est\u00e1n entrenados y autorizados a vender, instalar, calibrar y prestar asistencia t\u00e9cnica sobre los productos VICIVISION.<\/p>\n<p>[\/vc_column_text][\/vc_column][vc_column width=\u00bb1\/2&#8243;][vc_single_image image=\u00bb1587&#8243; img_size=\u00bbfull\u00bb alignment=\u00bbcenter\u00bb][\/vc_column][\/vc_row][vc_row][vc_column]<div class=\"ult-spacer spacer-69e7257e45240\" data-id=\"69e7257e45240\" data-height=\"10\" data-height-mobile=\"10\" data-height-tab=\"10\" data-height-tab-portrait=\"\" data-height-mobile-landscape=\"\" style=\"clear:both;display:block;\"><\/div>[vc_separator][vc_column_text]<\/p>\n<h3><span style=\"color: #339966;\"><strong>Nuestra red de distribuci\u00f3n<\/strong><\/span><\/h3>\n<p>[\/vc_column_text][\/vc_column][\/vc_row][vc_row][vc_column width=\u00bb1\/4&#8243;][vc_column_text]<\/p>\n<h3>Europa<\/h3>\n<p>[\/vc_column_text][vc_single_image image=\u00bb225&#8243; img_size=\u00bb250&#215;130&#8243;]<div class=\" ubtn-ctn-left \"><a class=\"ubtn-link ult-adjust-bottom-margin ubtn-left ubtn-small \" href=\"http:\/\/www.vicivision.com\/es\/europe\/\" ><button type=\"button\" id=\"ubtn-6540\"  class=\"ubtn ult-adjust-bottom-margin ult-responsive ubtn-small ubtn-no-hover-bg  none  ubtn-left   tooltip-69e7257e4526f\"  data-hover=\"\" data-border-color=\"\" data-bg=\"#33a564\" data-hover-bg=\"\" data-border-hover=\"\" data-shadow-hover=\"\" data-shadow-click=\"none\" data-shadow=\"\" data-shd-shadow=\"\"  data-ultimate-target='#ubtn-6540'  data-responsive-json-new='{\"font-size\":\"\",\"line-height\":\"\"}'  style=\"font-weight:normal;border:none;background: #33a564;color: #ffffff;\"><span class=\"ubtn-hover\" style=\"background-color:\"><\/span><span class=\"ubtn-data ubtn-text \" >BUSCAR DISTRIBUIDOR<\/span><\/button><\/a><\/div>[\/vc_column][vc_column width=\u00bb1\/4&#8243;][vc_column_text]<\/p>\n<h3>America<\/h3>\n<p>[\/vc_column_text][vc_single_image image=\u00bb226&#8243; img_size=\u00bb250&#215;130&#8243;]<div class=\" ubtn-ctn-left \"><a class=\"ubtn-link ult-adjust-bottom-margin ubtn-left ubtn-small \" href=\"http:\/\/www.vicivision.com\/es\/america\/\" ><button type=\"button\" id=\"ubtn-4174\"  class=\"ubtn ult-adjust-bottom-margin ult-responsive ubtn-small ubtn-no-hover-bg  none  ubtn-left   tooltip-69e7257e4531a\"  data-hover=\"\" data-border-color=\"\" data-bg=\"#33a564\" data-hover-bg=\"\" data-border-hover=\"\" data-shadow-hover=\"\" data-shadow-click=\"none\" data-shadow=\"\" data-shd-shadow=\"\"  data-ultimate-target='#ubtn-4174'  data-responsive-json-new='{\"font-size\":\"\",\"line-height\":\"\"}'  style=\"font-weight:normal;border:none;background: #33a564;color: #ffffff;\"><span class=\"ubtn-hover\" style=\"background-color:\"><\/span><span class=\"ubtn-data ubtn-text \" >BUSCAR DISTRIBUIDOR<\/span><\/button><\/a><\/div>[\/vc_column][vc_column width=\u00bb1\/4&#8243;][vc_column_text]<\/p>\n<h3>Asia<\/h3>\n<p>[\/vc_column_text][vc_single_image image=\u00bb227&#8243; img_size=\u00bb250&#215;130&#8243;]<div class=\" ubtn-ctn-left \"><a class=\"ubtn-link ult-adjust-bottom-margin ubtn-left ubtn-small \" href=\"http:\/\/www.vicivision.com\/es\/asia\/\" ><button type=\"button\" id=\"ubtn-6475\"  class=\"ubtn ult-adjust-bottom-margin ult-responsive ubtn-small ubtn-no-hover-bg  none  ubtn-left   tooltip-69e7257e45369\"  data-hover=\"\" data-border-color=\"\" data-bg=\"#33a564\" data-hover-bg=\"\" data-border-hover=\"\" data-shadow-hover=\"\" data-shadow-click=\"none\" data-shadow=\"\" data-shd-shadow=\"\"  data-ultimate-target='#ubtn-6475'  data-responsive-json-new='{\"font-size\":\"\",\"line-height\":\"\"}'  style=\"font-weight:normal;border:none;background: #33a564;color: #ffffff;\"><span class=\"ubtn-hover\" style=\"background-color:\"><\/span><span class=\"ubtn-data ubtn-text \" >BUSCAR DISTRIBUIDOR<\/span><\/button><\/a><\/div>[\/vc_column][vc_column width=\u00bb1\/4&#8243;][vc_column_text]<\/p>\n<h3>Rest of the world<\/h3>\n<p>[\/vc_column_text][vc_single_image image=\u00bb227&#8243; img_size=\u00bb250&#215;130&#8243;]<div class=\" ubtn-ctn-left \"><a class=\"ubtn-link ult-adjust-bottom-margin ubtn-left ubtn-small \" href=\"http:\/\/www.vicivision.com\/es\/rest-of-the-world\/\" ><button type=\"button\" id=\"ubtn-6006\"  class=\"ubtn ult-adjust-bottom-margin ult-responsive ubtn-small ubtn-no-hover-bg  none  ubtn-left   tooltip-69e7257e453af\"  data-hover=\"\" data-border-color=\"\" data-bg=\"#33a564\" data-hover-bg=\"\" data-border-hover=\"\" data-shadow-hover=\"\" data-shadow-click=\"none\" data-shadow=\"\" data-shd-shadow=\"\"  data-ultimate-target='#ubtn-6006'  data-responsive-json-new='{\"font-size\":\"\",\"line-height\":\"\"}'  style=\"font-weight:normal;border:none;background: #33a564;color: #ffffff;\"><span class=\"ubtn-hover\" style=\"background-color:\"><\/span><span class=\"ubtn-data ubtn-text \" >BUSCAR DISTRIBUIDOR<\/span><\/button><\/a><\/div>[\/vc_column][\/vc_row][vc_row][vc_column]<div class=\"ult-spacer spacer-69e7257e453d8\" data-id=\"69e7257e453d8\" data-height=\"10\" data-height-mobile=\"10\" data-height-tab=\"10\" data-height-tab-portrait=\"\" data-height-mobile-landscape=\"\" style=\"clear:both;display:block;\"><\/div>[vc_separator]<div class=\"ult-spacer spacer-69e7257e453ef\" data-id=\"69e7257e453ef\" data-height=\"10\" data-height-mobile=\"10\" data-height-tab=\"10\" data-height-tab-portrait=\"\" data-height-mobile-landscape=\"\" style=\"clear:both;display:block;\"><\/div>[\/vc_column][\/vc_row][vc_row][vc_column]<div class=\"ult-spacer spacer-69e7257e45404\" data-id=\"69e7257e45404\" data-height=\"10\" data-height-mobile=\"10\" data-height-tab=\"10\" data-height-tab-portrait=\"\" data-height-mobile-landscape=\"\" style=\"clear:both;display:block;\"><\/div>[vc_separator][vc_gmaps link=\u00bb#E-8_JTNDaWZyYW1lJTIwc3JjJTNEJTIyaHR0cHMlM0ElMkYlMkZ3d3cuZ29vZ2xlLmNvbSUyRm1hcHMlMkZlbWJlZCUzRnBiJTNEJTIxMW0xNCUyMTFtOCUyMTFtMyUyMTFkMjg2Ni45NjUyNTkwNjU2MjclMjEyZDEyLjQ2MjE2Mjk5OTk5OTk5OSUyMTNkNDQuMDYzNDI2JTIxM20yJTIxMWkxMDI0JTIxMmk3NjglMjE0ZjEzLjElMjEzbTMlMjExbTIlMjExczB4MTMyY2MwZjJiZjRhOTQyNSUyNTNBMHhjMzU0ZDk1ZjNlMTM3MDRkJTIxMnNWaWNpJTJCJTI1MjYlMkJDLiUyQi0lMkJWaWNpJTJCVmlzaW9uJTIxNWUwJTIxM20yJTIxMXNpdCUyMTJzaXQlMjE0djE0MTc2ODg4NjM2NzclMjIlMjB3aWR0aCUzRCUyMjYwMCUyMiUyMGhlaWdodCUzRCUyMjQ1MCUyMiUyMGZyYW1lYm9yZGVyJTNEJTIyMCUyMiUyMHN0eWxlJTNEJTIyYm9yZGVyJTNBMCUyMiUzRSUzQyUyRmlmcmFtZSUzRQ==\u00bb][\/vc_column][\/vc_row][vc_row][vc_column][vc_column_text]<\/p>\n<h5><strong>Hospitalidad<\/strong><\/h5>\n<p>Para aquellos que deseen transcurrir algunos d\u00edas en nuestra esplendida zona, proponemos los hoteles afiliados a nuestra empresa.<\/p>\n<p>Los hoteles que hemos seleccionado para ustedes son elegantes y con muchos servicios; la hospitalidad, la cortes\u00eda y la profesionalidad est\u00e1n siempre garantizadas.[\/vc_column_text]<div class=\" ubtn-ctn-left \"><a class=\"ubtn-link ult-adjust-bottom-margin ubtn-left ubtn-small \" href=\"\/hospitality\/\" title=\"Hospitality\" ><button type=\"button\" id=\"ubtn-6409\"  class=\"ubtn ult-adjust-bottom-margin ult-responsive ubtn-small ubtn-no-hover-bg  none  ubtn-left   tooltip-69e7257e4541d\"  data-hover=\"\" data-border-color=\"\" data-bg=\"#33a564\" data-hover-bg=\"\" data-border-hover=\"\" data-shadow-hover=\"\" data-shadow-click=\"none\" data-shadow=\"\" data-shd-shadow=\"\"  data-ultimate-target='#ubtn-6409'  data-responsive-json-new='{\"font-size\":\"\",\"line-height\":\"\"}'  style=\"font-weight:normal;border:none;background: #33a564;color: #ffffff;\"><span class=\"ubtn-hover\" style=\"background-color:\"><\/span><span class=\"ubtn-data ubtn-text \" >BUSCAR HOTEL AFILIADO<\/span><\/button><\/a><\/div><div class=\"ult-spacer spacer-69e7257e45441\" data-id=\"69e7257e45441\" data-height=\"10\" data-height-mobile=\"10\" data-height-tab=\"10\" data-height-tab-portrait=\"\" data-height-mobile-landscape=\"\" style=\"clear:both;display:block;\"><\/div>[vc_separator][\/vc_column][\/vc_row][vc_row][vc_column][\/vc_column][\/vc_row]<\/p>\n<\/div>","protected":false},"excerpt":{"rendered":"<p>[vc_row gap=\u00bb20&#8243;][vc_column width=\u00bb2\/3&#8243; el_class=\u00bbform-verde full\u00bb][vc_column_text] SOLICITAR UNA LLAMADA Contacta con nosotros [\/vc_column_text][vc_separator][\/vc_column][vc_column width=\u00bb1\/3&#8243;][vc_column_text] Contacts [\/vc_column_text][vc_empty_space][vc_column_text] Vici &amp; C S.p.A. Via J. Gutenberg, 5\u00a0\u2013 47822 Santarcangelo di Romagna \u2013 Italy Front office Tel. +39 0541-350411 Fax 0541-623897 Mail sales@vici.it Asistencia postventa Tel. +39 0541-350402 [\/vc_column_text][\/vc_column][\/vc_row][vc_row][vc_column width=\u00bb1\/2&#8243;][\/vc_column][vc_column width=\u00bb1\/2&#8243;][\/vc_column][\/vc_row][vc_row][vc_column width=\u00bb1\/2&#8243;][vc_column_text] VICIVISION cuenta con distribuidores autorizados, en los pa\u00edses<\/p>\n<div class=\"more\"><a class=\"more-link btn btn-green ion-ios7-arrow-forward\" href=\"https:\/\/www.vicivision.com\/es\/contacto-vicivision\/\">leer m\u00e1s<\/a><\/div>\n","protected":false},"author":2,"featured_media":0,"parent":0,"menu_order":0,"comment_status":"closed","ping_status":"closed","template":"","meta":{"footnotes":""},"class_list":["post-3216","page","type-page","status-publish","hentry"],"acf":[],"_links":{"self":[{"href":"https:\/\/www.vicivision.com\/es\/wp-json\/wp\/v2\/pages\/3216","targetHints":{"allow":["GET"]}}],"collection":[{"href":"https:\/\/www.vicivision.com\/es\/wp-json\/wp\/v2\/pages"}],"about":[{"href":"https:\/\/www.vicivision.com\/es\/wp-json\/wp\/v2\/types\/page"}],"author":[{"embeddable":true,"href":"https:\/\/www.vicivision.com\/es\/wp-json\/wp\/v2\/users\/2"}],"replies":[{"embeddable":true,"href":"https:\/\/www.vicivision.com\/es\/wp-json\/wp\/v2\/comments?post=3216"}],"version-history":[{"count":0,"href":"https:\/\/www.vicivision.com\/es\/wp-json\/wp\/v2\/pages\/3216\/revisions"}],"wp:attachment":[{"href":"https:\/\/www.vicivision.com\/es\/wp-json\/wp\/v2\/media?parent=3216"}],"curies":[{"name":"wp","href":"https:\/\/api.w.org\/{rel}","templated":true}]}}