{"id":3208,"date":"2014-12-10T15:41:06","date_gmt":"2014-12-10T14:41:06","guid":{"rendered":"https:\/\/www.vicivision.com\/?page_id=3208"},"modified":"2025-08-07T15:33:50","modified_gmt":"2025-08-07T13:33:50","slug":"control-del-proceso-de-torneado","status":"publish","type":"page","link":"https:\/\/www.vicivision.com\/es\/control-del-proceso-de-torneado\/","title":{"rendered":"Aplicaciones"},"content":{"rendered":"<div class=\"wpb-content-wrapper\"><p>[vc_row][vc_column][vc_column_text]<\/p>\n<h3>Sistemas de medici\u00f3n \u00f3pticos.<br \/>\nHerramientas especiales para aplicaciones espec\u00edficas.<\/h3>\n<p>[\/vc_column_text][\/vc_column][\/vc_row][vc_row][vc_column width=\u00bb1\/3&#8243;][vc_single_image image=\u00bb55475&#8243; img_size=\u00bb140&#215;200&#8243; alignment=\u00bbcenter\u00bb onclick=\u00bbcustom_link\u00bb][vc_column_text]<\/p>\n<h4 style=\"text-align: center;\">Turbinas<\/h4>\n<p>[\/vc_column_text]<div class=\" ubtn-ctn-center \"><a class=\"ubtn-link ult-adjust-bottom-margin ubtn-center ubtn-mini \" href=\"https:\/\/www.vicivision.com\/wp-content\/uploads\/2025\/08\/FLYER-TURBINES-ENG.pdf\" ><button type=\"button\" id=\"ubtn-4706\"  class=\"ubtn ult-adjust-bottom-margin ult-responsive ubtn-mini ubtn-no-hover-bg  none  ubtn-center   tooltip-69ff071285d3e\"  data-hover=\"\" data-border-color=\"\" data-bg=\"#33a564\" data-hover-bg=\"\" data-border-hover=\"\" data-shadow-hover=\"\" data-shadow-click=\"none\" data-shadow=\"\" data-shd-shadow=\"\"  data-ultimate-target='#ubtn-4706'  data-responsive-json-new='{\"font-size\":\"\",\"line-height\":\"\"}'  style=\"font-weight:normal;border:none;background: #33a564;color: #ffffff;\"><span class=\"ubtn-hover\" style=\"background-color:\"><\/span><span class=\"ubtn-data ubtn-text \" >DESCARGAR DATOS | TURBINAS<\/span><\/button><\/a><\/div>[\/vc_column][vc_column width=\u00bb1\/3&#8243;][vc_single_image image=\u00bb55448&#8243; img_size=\u00bb140&#215;200&#8243; alignment=\u00bbcenter\u00bb onclick=\u00bbcustom_link\u00bb][vc_column_text]<\/p>\n<h4 style=\"text-align: center;\">Implantes dentales<\/h4>\n<p>[\/vc_column_text]<div class=\" ubtn-ctn-center \"><a class=\"ubtn-link ult-adjust-bottom-margin ubtn-center ubtn-mini \" href=\"https:\/\/www.vicivision.com\/wp-content\/uploads\/2025\/08\/Guia_vicivision_Como-medir-implantes-dentales.pdf\" ><button type=\"button\" id=\"ubtn-7261\"  class=\"ubtn ult-adjust-bottom-margin ult-responsive ubtn-mini ubtn-no-hover-bg  none  ubtn-center   tooltip-69ff071285dc5\"  data-hover=\"\" data-border-color=\"\" data-bg=\"#33a564\" data-hover-bg=\"\" data-border-hover=\"\" data-shadow-hover=\"\" data-shadow-click=\"none\" data-shadow=\"\" data-shd-shadow=\"\"  data-ultimate-target='#ubtn-7261'  data-responsive-json-new='{\"font-size\":\"\",\"line-height\":\"\"}'  style=\"font-weight:normal;border:none;background: #33a564;color: #ffffff;\"><span class=\"ubtn-hover\" style=\"background-color:\"><\/span><span class=\"ubtn-data ubtn-text \" >DESCARGAR DATOS | IMPLANTES DENTALES<\/span><\/button><\/a><\/div>[vc_empty_space height=\u00bb40px\u00bb][\/vc_column][vc_column width=\u00bb1\/3&#8243;][vc_single_image image=\u00bb55555&#8243; img_size=\u00bb220&#215;200&#8243; alignment=\u00bbcenter\u00bb onclick=\u00bbcustom_link\u00bb][vc_column_text]<\/p>\n<h4 style=\"text-align: center;\">V\u00e1lvulas<\/h4>\n<p>[\/vc_column_text]<div class=\" ubtn-ctn-center \"><a class=\"ubtn-link ult-adjust-bottom-margin ubtn-center ubtn-mini \" href=\"https:\/\/www.vicivision.com\/wp-content\/uploads\/2025\/08\/VALVES_ENG.pdf\" ><button type=\"button\" id=\"ubtn-9575\"  class=\"ubtn ult-adjust-bottom-margin ult-responsive ubtn-mini ubtn-no-hover-bg  none  ubtn-center   tooltip-69ff071285dfd\"  data-hover=\"\" data-border-color=\"\" data-bg=\"#33a564\" data-hover-bg=\"\" data-border-hover=\"\" data-shadow-hover=\"\" data-shadow-click=\"none\" data-shadow=\"\" data-shd-shadow=\"\"  data-ultimate-target='#ubtn-9575'  data-responsive-json-new='{\"font-size\":\"\",\"line-height\":\"\"}'  style=\"font-weight:normal;border:none;background: #33a564;color: #ffffff;\"><span class=\"ubtn-hover\" style=\"background-color:\"><\/span><span class=\"ubtn-data ubtn-text \" >DESCARGAR DATOS | V\u00c1LVULAS<\/span><\/button><\/a><\/div>[\/vc_column][\/vc_row][vc_row][vc_column width=\u00bb1\/3&#8243;][vc_empty_space height=\u00bb40px\u00bb][vc_single_image image=\u00bb55457&#8243; img_size=\u00bb140&#215;200&#8243; alignment=\u00bbcenter\u00bb onclick=\u00bbcustom_link\u00bb][vc_column_text]<\/p>\n<h4 style=\"text-align: center;\">Arboles de levas<\/h4>\n<p>[\/vc_column_text]<div class=\" ubtn-ctn-center \"><a class=\"ubtn-link ult-adjust-bottom-margin ubtn-center ubtn-mini \" href=\"https:\/\/www.vicivision.com\/wp-content\/uploads\/2025\/08\/FLYER-CAMSHAFTS-ENG.pdf\" ><button type=\"button\" id=\"ubtn-1250\"  class=\"ubtn ult-adjust-bottom-margin ult-responsive ubtn-mini ubtn-no-hover-bg  none  ubtn-center   tooltip-69ff071285e30\"  data-hover=\"\" data-border-color=\"\" data-bg=\"#33a564\" data-hover-bg=\"\" data-border-hover=\"\" data-shadow-hover=\"\" data-shadow-click=\"none\" data-shadow=\"\" data-shd-shadow=\"\"  data-ultimate-target='#ubtn-1250'  data-responsive-json-new='{\"font-size\":\"\",\"line-height\":\"\"}'  style=\"font-weight:normal;border:none;background: #33a564;color: #ffffff;\"><span class=\"ubtn-hover\" style=\"background-color:\"><\/span><span class=\"ubtn-data ubtn-text \" >DESCARGAR DATOS | ARBOLES DE LEVAS<\/span><\/button><\/a><\/div>[\/vc_column][vc_column width=\u00bb1\/3&#8243;][vc_empty_space height=\u00bb36px\u00bb][vc_single_image image=\u00bb55466&#8243; img_size=\u00bb140&#215;200&#8243; alignment=\u00bbcenter\u00bb onclick=\u00bbcustom_link\u00bb][vc_column_text]<\/p>\n<h4 style=\"text-align: center;\">Cig\u00fce\u00f1ales<\/h4>\n<p>[\/vc_column_text]<div class=\" ubtn-ctn-center \"><a class=\"ubtn-link ult-adjust-bottom-margin ubtn-center ubtn-mini \" href=\"https:\/\/www.vicivision.com\/wp-content\/uploads\/2025\/08\/FLYER-CRANKSHAFTS-ENG.pdf\" ><button type=\"button\" id=\"ubtn-9825\"  class=\"ubtn ult-adjust-bottom-margin ult-responsive ubtn-mini ubtn-no-hover-bg  none  ubtn-center   tooltip-69ff071285e5d\"  data-hover=\"\" data-border-color=\"\" data-bg=\"#33a564\" data-hover-bg=\"\" data-border-hover=\"\" data-shadow-hover=\"\" data-shadow-click=\"none\" data-shadow=\"\" data-shd-shadow=\"\"  data-ultimate-target='#ubtn-9825'  data-responsive-json-new='{\"font-size\":\"\",\"line-height\":\"\"}'  style=\"font-weight:normal;border:none;background: #33a564;color: #ffffff;\"><span class=\"ubtn-hover\" style=\"background-color:\"><\/span><span class=\"ubtn-data ubtn-text \" >DESCARGAR DATOS | CIG\u00dcE\u00d1ALES<\/span><\/button><\/a><\/div>[\/vc_column][vc_column width=\u00bb1\/3&#8243;][vc_empty_space height=\u00bb36px\u00bb][vc_single_image image=\u00bb60781&#8243; img_size=\u00bb140&#215;200&#8243; alignment=\u00bbcenter\u00bb onclick=\u00bbcustom_link\u00bb][vc_column_text]<\/p>\n<h4 style=\"text-align: center;\">Acoples, roscas laminadas, tornillos<\/h4>\n<p>[\/vc_column_text]<div class=\" ubtn-ctn-center \"><a class=\"ubtn-link ult-adjust-bottom-margin ubtn-center ubtn-mini \" href=\"https:\/\/www.vicivision.com\/wp-content\/uploads\/2025\/08\/Como-medir-en-segundos-ciguenales-roscas-y-tornillos-con-precision.pdf\" ><button type=\"button\" id=\"ubtn-7994\"  class=\"ubtn ult-adjust-bottom-margin ult-responsive ubtn-mini ubtn-no-hover-bg  none  ubtn-center   tooltip-69ff071285e90\"  data-hover=\"\" data-border-color=\"\" data-bg=\"#33a564\" data-hover-bg=\"\" data-border-hover=\"\" data-shadow-hover=\"\" data-shadow-click=\"none\" data-shadow=\"\" data-shd-shadow=\"\"  data-ultimate-target='#ubtn-7994'  data-responsive-json-new='{\"font-size\":\"\",\"line-height\":\"\"}'  style=\"font-weight:normal;border:none;background: #33a564;color: #ffffff;\"><span class=\"ubtn-hover\" style=\"background-color:\"><\/span><span class=\"ubtn-data ubtn-text \" >DESCARGAR DATOS | ACOPLES<\/span><\/button><\/a><\/div>[\/vc_column][\/vc_row][vc_row][vc_column][vc_empty_space][vc_separator][vc_empty_space][\/vc_column][\/vc_row][vc_row][vc_column width=\u00bb1\/3&#8243;]<div class=\" ubtn-ctn-left \"><a class=\"ubtn-link ult-adjust-bottom-margin ubtn-left ubtn-block \" href=\"https:\/\/www.vicivision.com\/wp-content\/uploads\/2025\/08\/Touch-Probe-ESP_low.pdf\" ><button type=\"button\" id=\"ubtn-1329\"  class=\"ubtn ult-adjust-bottom-margin ult-responsive ubtn-block ubtn-no-hover-bg  none  ubtn-left   tooltip-69ff071285eb7 ubtn-block\"  data-hover=\"\" data-border-color=\"\" data-bg=\"#e0e0e0\" data-hover-bg=\"\" data-border-hover=\"\" data-shadow-hover=\"\" data-shadow-click=\"none\" data-shadow=\"\" data-shd-shadow=\"\"  data-ultimate-target='#ubtn-1329'  data-responsive-json-new='{\"font-size\":\"\",\"line-height\":\"\"}'  style=\"font-weight:normal;border:none;background: #e0e0e0;color: #000000;\"><span class=\"ubtn-hover\" style=\"background-color:\"><\/span><span class=\"ubtn-data ubtn-text \" >DESCARGAR DATOS T\u00c9CNICOS SONDA T\u00c1CTIL<\/span><\/button><\/a><\/div>[vc_empty_space height=\u00bb20px\u00bb][vc_single_image image=\u00bb23188&#8243; img_size=\u00bb600X350&#8243; onclick=\u00bbcustom_link\u00bb][\/vc_column][vc_column width=\u00bb1\/3&#8243;]<div class=\" ubtn-ctn-left \"><a class=\"ubtn-link ult-adjust-bottom-margin ubtn-left ubtn-block \" href=\"https:\/\/www.vicivision.com\/wp-content\/uploads\/2025\/08\/Tool-Wear-Compensation_VICIVISION_ENG.pdf\" target=\"_blank\" rel=\"noopener\" ><button type=\"button\" id=\"ubtn-4261\"  class=\"ubtn ult-adjust-bottom-margin ult-responsive ubtn-block ubtn-no-hover-bg  none  ubtn-left   tooltip-69ff071285ee2 ubtn-block\"  data-hover=\"\" data-border-color=\"\" data-bg=\"#e0e0e0\" data-hover-bg=\"\" data-border-hover=\"\" data-shadow-hover=\"\" data-shadow-click=\"none\" data-shadow=\"\" data-shd-shadow=\"\"  data-ultimate-target='#ubtn-4261'  data-responsive-json-new='{\"font-size\":\"\",\"line-height\":\"\"}'  style=\"font-weight:normal;border:none;background: #e0e0e0;color: #000000;\"><span class=\"ubtn-hover\" style=\"background-color:\"><\/span><span class=\"ubtn-data ubtn-text \" >DESCARGAR DATOS T\u00c9CNICOS COMPENSACI\u00d3N POR DESGASTE DE HERRAMIENTAS<\/span><\/button><\/a><\/div>[vc_single_image image=\u00bb8436&#8243; img_size=\u00bb600X350&#8243; onclick=\u00bbcustom_link\u00bb][\/vc_column][vc_column width=\u00bb1\/3&#8243;]<div class=\" ubtn-ctn-left \"><a class=\"ubtn-link ult-adjust-bottom-margin ubtn-left ubtn-normal \" href=\"https:\/\/www.vicivision.com\/wp-content\/uploads\/2025\/08\/Confocal-Flyer_ENG.pdf\" ><button type=\"button\" id=\"ubtn-8588\"  class=\"ubtn ult-adjust-bottom-margin ult-responsive ubtn-normal ubtn-no-hover-bg  none  ubtn-left   tooltip-69ff071285f0e\"  data-hover=\"\" data-border-color=\"\" data-bg=\"#e0e0e0\" data-hover-bg=\"\" data-border-hover=\"\" data-shadow-hover=\"\" data-shadow-click=\"none\" data-shadow=\"\" data-shd-shadow=\"\"  data-ultimate-target='#ubtn-8588'  data-responsive-json-new='{\"font-size\":\"\",\"line-height\":\"\"}'  style=\"font-weight:normal;border:none;background: #e0e0e0;color: #000000;\"><span class=\"ubtn-hover\" style=\"background-color:\"><\/span><span class=\"ubtn-data ubtn-text \" >DESCARGAR DATOS T\u00c9CNICOS SISTEMA CONFOCAL<\/span><\/button><\/a><\/div>[vc_empty_space height=\u00bb20px\u00bb][vc_single_image image=\u00bb52906&#8243; img_size=\u00bb600X350&#8243;][\/vc_column][\/vc_row][vc_row][vc_column width=\u00bb1\/2&#8243;][vc_empty_space height=\u00bb40px\u00bb][vc_separator][vc_column_text]<\/p>\n<h6 style=\"text-align: center;\"><strong>VICIVISI\u00d3N E INTEGRACI\u00d3N DE ROBOT MTL y robot UR5.<\/strong><\/h6>\n<p>[\/vc_column_text][vc_video link=\u00bbhttps:\/\/www.youtube.com\/watch?v=QVHs0BnSeII\u00bb][\/vc_column][vc_column width=\u00bb1\/2&#8243;][vc_empty_space height=\u00bb40px\u00bb][vc_separator][vc_column_text]<\/p>\n<h6 style=\"text-align: center;\"><strong>C\u00c9LULA ROBOT PARA MEDIR BOTELLAS DE PL\u00c1STICO.<\/strong><\/h6>\n<p>[\/vc_column_text][vc_video link=\u00bbhttps:\/\/youtu.be\/s00n9RmoCak\u00bb][\/vc_column][\/vc_row][vc_row][vc_column][vc_empty_space][vc_separator][vc_empty_space][\/vc_column][\/vc_row][vc_row][vc_column width=\u00bb1\/2&#8243;][vc_column_text]<\/p>\n<h6 style=\"text-align: center;\"><strong>LA MEDICI\u00d3N DE IMPLANTES DENTALES DIRECTAMENTE EN PRODUCCI\u00d3N &#8211; INTEGRACI\u00d3N DE ROBOT.<\/strong><\/h6>\n<h6 style=\"text-align: center;\"><strong>M\u00e1quina de medici\u00f3n \u00f3ptica <a href=\"https:\/\/www.vicivision.com\/es\/medicion-optica\/mtl-x5\/\">MTL X5<\/a> y robot.<\/strong><\/h6>\n<p>[\/vc_column_text][vc_video link=\u00bbhttps:\/\/youtu.be\/h97zH9xBPeM\u00bb][\/vc_column][vc_column width=\u00bb1\/2&#8243;][vc_column_text]<\/p>\n<h6 style=\"text-align: center;\"><strong>CONTROL DE CALIDAD PARA ELECTR\u00d3NICA.<\/strong><\/h6>\n<h6 style=\"text-align: center;\"><strong>M\u00e1quina de medici\u00f3n MTP 170 Multicheck y robot.<\/strong><\/h6>\n<p>[\/vc_column_text][vc_empty_space height=\u00bb30px\u00bb][vc_video link=\u00bbhttps:\/\/youtu.be\/1ZduZdWdrv0&#8243;][\/vc_column][\/vc_row]<\/p>\n<\/div>","protected":false},"excerpt":{"rendered":"<p>[vc_row][vc_column][vc_column_text] Sistemas de medici\u00f3n \u00f3pticos. Herramientas especiales para aplicaciones espec\u00edficas. [\/vc_column_text][\/vc_column][\/vc_row][vc_row][vc_column width=\u00bb1\/3&#8243;][vc_single_image image=\u00bb55475&#8243; img_size=\u00bb140&#215;200&#8243; alignment=\u00bbcenter\u00bb onclick=\u00bbcustom_link\u00bb][vc_column_text] Turbinas [\/vc_column_text][\/vc_column][vc_column width=\u00bb1\/3&#8243;][vc_single_image image=\u00bb55448&#8243; img_size=\u00bb140&#215;200&#8243; alignment=\u00bbcenter\u00bb onclick=\u00bbcustom_link\u00bb][vc_column_text] Implantes dentales [\/vc_column_text][vc_empty_space height=\u00bb40px\u00bb][\/vc_column][vc_column width=\u00bb1\/3&#8243;][vc_single_image image=\u00bb55555&#8243; img_size=\u00bb220&#215;200&#8243; alignment=\u00bbcenter\u00bb onclick=\u00bbcustom_link\u00bb][vc_column_text] V\u00e1lvulas [\/vc_column_text][\/vc_column][\/vc_row][vc_row][vc_column width=\u00bb1\/3&#8243;][vc_empty_space height=\u00bb40px\u00bb][vc_single_image image=\u00bb55457&#8243; img_size=\u00bb140&#215;200&#8243; alignment=\u00bbcenter\u00bb onclick=\u00bbcustom_link\u00bb][vc_column_text] Arboles de levas [\/vc_column_text][\/vc_column][vc_column width=\u00bb1\/3&#8243;][vc_empty_space height=\u00bb36px\u00bb][vc_single_image image=\u00bb55466&#8243; img_size=\u00bb140&#215;200&#8243; alignment=\u00bbcenter\u00bb onclick=\u00bbcustom_link\u00bb][vc_column_text] Cig\u00fce\u00f1ales [\/vc_column_text][\/vc_column][vc_column width=\u00bb1\/3&#8243;][vc_empty_space height=\u00bb36px\u00bb][vc_single_image image=\u00bb60781&#8243;<\/p>\n<div class=\"more\"><a class=\"more-link btn btn-green ion-ios7-arrow-forward\" href=\"https:\/\/www.vicivision.com\/es\/control-del-proceso-de-torneado\/\">leer m\u00e1s<\/a><\/div>\n","protected":false},"author":2,"featured_media":0,"parent":0,"menu_order":0,"comment_status":"closed","ping_status":"closed","template":"","meta":{"footnotes":""},"class_list":["post-3208","page","type-page","status-publish","hentry"],"acf":[],"_links":{"self":[{"href":"https:\/\/www.vicivision.com\/es\/wp-json\/wp\/v2\/pages\/3208","targetHints":{"allow":["GET"]}}],"collection":[{"href":"https:\/\/www.vicivision.com\/es\/wp-json\/wp\/v2\/pages"}],"about":[{"href":"https:\/\/www.vicivision.com\/es\/wp-json\/wp\/v2\/types\/page"}],"author":[{"embeddable":true,"href":"https:\/\/www.vicivision.com\/es\/wp-json\/wp\/v2\/users\/2"}],"replies":[{"embeddable":true,"href":"https:\/\/www.vicivision.com\/es\/wp-json\/wp\/v2\/comments?post=3208"}],"version-history":[{"count":0,"href":"https:\/\/www.vicivision.com\/es\/wp-json\/wp\/v2\/pages\/3208\/revisions"}],"wp:attachment":[{"href":"https:\/\/www.vicivision.com\/es\/wp-json\/wp\/v2\/media?parent=3208"}],"curies":[{"name":"wp","href":"https:\/\/api.w.org\/{rel}","templated":true}]}}