{"id":2816,"date":"2014-11-20T11:18:31","date_gmt":"2014-11-20T10:18:31","guid":{"rendered":"https:\/\/www.vicivision.com\/prodotti-3\/"},"modified":"2025-01-30T10:19:26","modified_gmt":"2025-01-30T09:19:26","slug":"medicion-optica-2","status":"publish","type":"page","link":"https:\/\/www.vicivision.com\/es\/medicion-optica-2\/","title":{"rendered":"Medici\u00f3n \u00f3ptica"},"content":{"rendered":"<div class=\"wpb-content-wrapper\"><p>[vc_row el_class=\u00bbbgimage-extended bgimageoptical-measurement bgimageoptical-measurement-img\u00bb css=\u00bb.vc_custom_1600759640785{padding-top: 60px !important;padding-bottom: 60px !important;}\u00bb][vc_column][vc_empty_space height=\u00bb70px\u00bb][vc_column_text]<\/p>\n<h5 style=\"text-align: center;\">M\u00e1quinas de medici\u00f3n \u00f3pticas y sin contacto<br \/>\npara ejes y sistemas de control de calidad<br \/>\npara la mejora de la eficiencia en la producci\u00f3n.<\/h5>\n<p>[\/vc_column_text]<div class=\" ubtn-ctn-center \"><a class=\"ubtn-link ult-adjust-bottom-margin ubtn-center ubtn-normal \" href=\"https:\/\/www.vicivision.com\/es\/maquinas-de-medicion-optica-vicivision\/\" ><button type=\"button\" id=\"ubtn-7781\"  class=\"ubtn ult-adjust-bottom-margin ult-responsive ubtn-normal ubtn-no-hover-bg  none  ubtn-center   tooltip-69f464ffc9000\"  data-hover=\"\" data-border-color=\"\" data-bg=\"#33a564\" data-hover-bg=\"\" data-border-hover=\"\" data-shadow-hover=\"\" data-shadow-click=\"none\" data-shadow=\"\" data-shd-shadow=\"\"  data-ultimate-target='#ubtn-7781'  data-responsive-json-new='{\"font-size\":\"\",\"line-height\":\"\"}'  style=\"font-weight:normal;border:none;background: #33a564;color: #ffffff;\"><span class=\"ubtn-hover\" style=\"background-color:\"><\/span><span class=\"ubtn-data ubtn-text \" >DESCARGAR CAT\u00c1LOGO<\/span><\/button><\/a><\/div>[vc_empty_space height=\u00bb70px\u00bb][\/vc_column][\/vc_row][vc_row el_class=\u00bbbgimage-extended bgimageoptical-measurement bgimageoptical-measurement-techno\u00bb css=\u00bb.vc_custom_1600759709261{padding-top: 60px !important;padding-bottom: 60px !important;}\u00bb][vc_column][vc_empty_space height=\u00bb70px\u00bb][vc_column_text]<\/p>\n<h2 style=\"text-align: center;\"><strong><a href=\"https:\/\/www.vicivision.com\/es\/medicion-optica-2\/gama-de-maquinas-de-medicion\/\">SERIE TECHNO<\/a><\/strong><\/h2>\n<h5 style=\"text-align: center;\"><span style=\"color: #33a564;\">Para ejes de hasta 1250 x 180 mm<\/span><\/h5>\n<p style=\"text-align: center;\">Una gama modular puede proporcionar la m\u00e1quina m\u00e1s adecuada para su producci\u00f3n. Rendimiento m\u00e1ximo combinado en 20 rangos de medici\u00f3n: desde 40 x 180 mm hasta 300 x 1250 mm.<\/p>\n<p>[\/vc_column_text][vc_empty_space height=\u00bb70px\u00bb][\/vc_column][\/vc_row][vc_row el_class=\u00bbbgimage-extended bgimageoptical-measurement bgimageoptical-measurement-serie-prima\u00bb css=\u00bb.vc_custom_1659965256567{padding-top: 60px !important;padding-bottom: 60px !important;}\u00bb][vc_column][vc_empty_space height=\u00bb70px\u00bb][vc_column_text]<\/p>\n<h2 style=\"text-align: center;\"><strong><span style=\"color: #33a564;\"><a style=\"color: #33a564;\" href=\"https:\/\/www.vicivision.com\/es\/maquina-de-medicion-optica-para-todos-los-decoletadores\/\">SERIE PRIMA<\/a><\/span><\/strong><\/h2>\n<h5 style=\"text-align: center;\"><span style=\"color: #33a564;\">La m\u00e1quina de medici\u00f3n \u00f3ptica para todos los decoletadores<\/span><\/h5>\n<p style=\"text-align: center;\">PRIMA &#8211; desde 60 \u2013 140 mm de di\u00e1metro, hasta 300 \u2013 600 mm de longitud.<\/p>\n<p>[\/vc_column_text][vc_empty_space height=\u00bb70px\u00bb][\/vc_column][\/vc_row][vc_row el_class=\u00bbbgimage-extended bgimageoptical-measurement bgimageoptical-measurement-seriex\u00bb css=\u00bb.vc_custom_1600759749443{padding-top: 60px !important;padding-bottom: 60px !important;}\u00bb][vc_column][vc_empty_space height=\u00bb70px\u00bb][vc_column_text]<\/p>\n<h2 style=\"text-align: center;\"><strong><a href=\"https:\/\/www.vicivision.com\/es\/medicion-optica-2\/para-componentes-micro-mecanizadas\/\"><span style=\"color: #33a564;\">SERIE X<\/span><\/a><\/strong><\/h2>\n<h5 style=\"text-align: center;\"><span style=\"color: #33a564;\">Para micro-componentes<\/span><\/h5>\n<p style=\"text-align: center;\">Una soluci\u00f3n exclusiva en el sector.<br \/>\nEspec\u00edfico para piezas micromec\u00e1nicas, piezas de reloj, tornillos dentales y biom\u00e9dicos.<br \/>\nM\u00e1xima eficiencia en la medici\u00f3n de elementos extremadamente minuciosos y complejos.<\/p>\n<p>[\/vc_column_text][vc_empty_space height=\u00bb70px\u00bb][\/vc_column][\/vc_row][vc_row][vc_column][vc_separator][\/vc_column][\/vc_row][vc_row][vc_column width=\u00bb1\/2&#8243;][vc_column_text]<\/p>\n<h2 style=\"text-align: center;\"><strong><a href=\"[[_URL_]]\/es\/rendimiento-inmejorable-con-combinacion-optica-y-tactil\/\"><span style=\"color: #33a564;\">Sonda t\u00e1ctil<\/span><\/a><\/strong><\/h2>\n<h4 style=\"text-align: center;\"><a href=\"[[_URL_]]\/es\/rendimiento-inmejorable-con-combinacion-optica-y-tactil\/\"><span style=\"color: #33a564;\">Combinaci\u00f3n \u00f3ptica y t\u00e1ctil<\/span><\/a><\/h4>\n<p>[\/vc_column_text][vc_single_image image=\u00bb23192&#8243; img_size=\u00bbmedium\u00bb alignment=\u00bbcenter\u00bb onclick=\u00bbcustom_link\u00bb][vc_column_text]<\/p>\n<p style=\"text-align: center;\">Rendimiento inmejorable: el sistema de medici\u00f3n ahora est\u00e1 enriquecido con una sonda de escaneado Renishaw.<\/p>\n<p>[\/vc_column_text][vc_empty_space][\/vc_column][vc_column width=\u00bb1\/2&#8243;][vc_column_text]<\/p>\n<h2 style=\"text-align: center;\"><strong><span style=\"color: #33a564;\"><a style=\"color: #33a564;\" href=\"[[_URL_]]\/es\/applications-measuring-machines\/\">Aplicaciones\u00a0<\/a><\/span><\/strong><\/h2>\n<p>[\/vc_column_text][vc_single_image image=\u00bb12684&#8243; img_size=\u00bbmedium\u00bb alignment=\u00bbcenter\u00bb onclick=\u00bbcustom_link\u00bb][vc_empty_space][vc_column_text]<\/p>\n<p style=\"text-align: center;\">Soluciones para el control de calidad de aplicaciones espec\u00edficas.<br \/>\n\u00c1rboles de levas| Cig\u00fce\u00f1ales | Implantes dentales y biom\u00e9dicos| Turbinas | V\u00e1lvulas.<\/p>\n<p>[\/vc_column_text][vc_empty_space][\/vc_column][\/vc_row][vc_row][vc_column][vc_separator][vc_column_text]<\/p>\n<p style=\"text-align: center;\"><span style=\"color: #33a564;\"><strong><br \/>\nMedici\u00f3n \u00f3ptica para ejes y sistemas de control de calidad | VICIVISION.<\/strong><\/span><\/p>\n<h5><\/h5>\n<h5 style=\"text-align: center;\">El control de calidad se ha convertido en una parte fundamental para los fabricantes de componentes de revoluci\u00f3n, como \u00e1rboles de levas, cig\u00fce\u00f1ales, v\u00e1lvulas, turbinas y mucho m\u00e1s. Las empresas necesitan operar de una manera \u00e1gil y eficiente, reduciendo los tiempos de inactividad y los rechazos.<br \/>\nCon el sistema de medici\u00f3n \u00f3ptico, el control de calidad tarda de 30 a 60 segundos. No m\u00e1s errores humanos. Ciclo autom\u00e1tico pulsando un bot\u00f3n. Recopilaci\u00f3n autom\u00e1tica de datos. Utilice un \u00fanico instrumento de medici\u00f3n para ahorrar tiempo, mano de obra y mejorar la precisi\u00f3n de la inspecci\u00f3n.<br \/>\nLa gama Techno proporciona im\u00e1genes de alta resoluci\u00f3n, que permiten a los operarios capturar todos los detalles m\u00e1s minuciosos. Una amplia variedad de campos de medici\u00f3n est\u00e1n disponibles para adaptarse mejor a las necesidades de producci\u00f3n.<br \/>\nDescubra tambi\u00e9n el reci\u00e9n desarrollado sistema de medici\u00f3n de sonda t\u00e1ctil, que consiste en la combinaci\u00f3n de funciones \u00f3pticas y t\u00e1ctiles, lo que resulta en un control de medici\u00f3n completo para piezas de revoluci\u00f3n en un solo ciclo.<\/h5>\n<p>[\/vc_column_text][\/vc_column][\/vc_row]<\/p>\n<\/div>","protected":false},"excerpt":{"rendered":"<p>[vc_row el_class=\u00bbbgimage-extended bgimageoptical-measurement bgimageoptical-measurement-img\u00bb css=\u00bb.vc_custom_1600759640785{padding-top: 60px !important;padding-bottom: 60px !important;}\u00bb][vc_column][vc_empty_space height=\u00bb70px\u00bb][vc_column_text] M\u00e1quinas de medici\u00f3n \u00f3pticas y sin contacto para ejes y sistemas de control de calidad para la mejora de la eficiencia en la producci\u00f3n. [\/vc_column_text][vc_empty_space height=\u00bb70px\u00bb][\/vc_column][\/vc_row][vc_row el_class=\u00bbbgimage-extended bgimageoptical-measurement bgimageoptical-measurement-techno\u00bb css=\u00bb.vc_custom_1600759709261{padding-top: 60px !important;padding-bottom: 60px !important;}\u00bb][vc_column][vc_empty_space height=\u00bb70px\u00bb][vc_column_text] SERIE TECHNO Para ejes de hasta 1250 x 180 mm<\/p>\n<div class=\"more\"><a class=\"more-link btn btn-green ion-ios7-arrow-forward\" href=\"https:\/\/www.vicivision.com\/es\/medicion-optica-2\/\">leer m\u00e1s<\/a><\/div>\n","protected":false},"author":2,"featured_media":8397,"parent":0,"menu_order":0,"comment_status":"closed","ping_status":"closed","template":"","meta":{"footnotes":""},"class_list":["post-2816","page","type-page","status-publish","has-post-thumbnail","hentry"],"acf":[],"_links":{"self":[{"href":"https:\/\/www.vicivision.com\/es\/wp-json\/wp\/v2\/pages\/2816","targetHints":{"allow":["GET"]}}],"collection":[{"href":"https:\/\/www.vicivision.com\/es\/wp-json\/wp\/v2\/pages"}],"about":[{"href":"https:\/\/www.vicivision.com\/es\/wp-json\/wp\/v2\/types\/page"}],"author":[{"embeddable":true,"href":"https:\/\/www.vicivision.com\/es\/wp-json\/wp\/v2\/users\/2"}],"replies":[{"embeddable":true,"href":"https:\/\/www.vicivision.com\/es\/wp-json\/wp\/v2\/comments?post=2816"}],"version-history":[{"count":0,"href":"https:\/\/www.vicivision.com\/es\/wp-json\/wp\/v2\/pages\/2816\/revisions"}],"wp:featuredmedia":[{"embeddable":true,"href":"https:\/\/www.vicivision.com\/es\/wp-json\/wp\/v2\/media\/8397"}],"wp:attachment":[{"href":"https:\/\/www.vicivision.com\/es\/wp-json\/wp\/v2\/media?parent=2816"}],"curies":[{"name":"wp","href":"https:\/\/api.w.org\/{rel}","templated":true}]}}