{"id":8534,"date":"2017-05-23T14:33:07","date_gmt":"2017-05-23T12:33:07","guid":{"rendered":"https:\/\/www.vicivision.com\/wellenmessgerate\/serie-techno\/"},"modified":"2025-08-07T12:22:38","modified_gmt":"2025-08-07T10:22:38","slug":"optische-messsysteme","status":"publish","type":"page","link":"https:\/\/www.vicivision.com\/de\/produkte-2\/optische-messsysteme\/","title":{"rendered":"TECHNO Range"},"content":{"rendered":"<div class=\"wpb-content-wrapper\"><p>[vc_row parallax_content=&#8220;off&#8220; fadeout_row=&#8220;off&#8220;][vc_column width=&#8220;1\/2&#8243;][vc_empty_space height=&#8220;20px&#8220;][vc_column_text]<\/p>\n<h1 style=\"text-align: left;\">TECHNO Range<\/h1>\n<h2>Finden Sie Ihren Weg unter den mehr als 20 Modellen.<\/h2>\n<p style=\"text-align: left;\">Dieses Messmaschinenprogramm ist so konzipiert, dass es sich an aktuelle und zuk\u00fcnftige Fertigungsanforderungen anpasst.<br \/>\nEntdecken Sie den gro\u00dfen Umfang der angebotenen Messbereiche. Das modulare Angebot der Techno-Serie kann die am besten geeignete Maschine f\u00fcr Ihre Fertigung bereitstellen.<br \/>\nVon 40 bis 180 mm im Durchmesser und von 300 bis 2000 mm in der L\u00e4nge. VICIVISION bietet Ihnen die Weiterentwicklung des Profilprojektors durch eine kompakte und schnelle optische Messmaschine f\u00fcr den Einsatz in der Werkstatt.<\/p>\n<p>[\/vc_column_text]<div class=\" ubtn-ctn-left btn btn-green\"><a class=\"ubtn-link ult-adjust-bottom-margin ubtn-left ubtn-normal btn btn-green\" href=\"https:\/\/www.vicivision.com\/de\/die-optischen-messmaschinen-von-vicivision\/\" target=\"_blank\" rel=\"noopener\" ><button type=\"button\" id=\"ubtn-2207\"  class=\"ubtn ult-adjust-bottom-margin ult-responsive ubtn-normal ubtn-no-hover-bg  none  ubtn-left   tooltip-69e5e73b96e2b\"  data-hover=\"\" data-border-color=\"\" data-bg=\"#e0e0e0\" data-hover-bg=\"\" data-border-hover=\"\" data-shadow-hover=\"\" data-shadow-click=\"none\" data-shadow=\"\" data-shd-shadow=\"\"  data-ultimate-target='#ubtn-2207'  data-responsive-json-new='{\"font-size\":\"\",\"line-height\":\"\"}'  style=\"font-weight:normal;border:none;background: #e0e0e0;color: #ffffff;\"><span class=\"ubtn-hover\" style=\"background-color:\"><\/span><span class=\"ubtn-data ubtn-text \" >TECHNISCHE DATEN HERUNTERLADEN<\/span><\/button><\/a><\/div>[vc_column_text]<\/p>\n<h3 style=\"text-align: left;\">Laden Sie sich kostenlos den Leitfaden zum <em>Messen von Gewinde herunter<\/em><\/h3>\n<p style=\"text-align: left;\">F\u00fcr Hersteller ist es oft schwierig, beim Messen von gedrehten Gewinden genaue und objektive Ergebnisse zu erhalten.<br \/>\nMit dem VICIVISION Gewinde-Tool k\u00f6nnen automatisch und in sekundenschnelle Fittinge, gedrehte Gewinde sowie Schrauben und Bolzen gemessen werden.<\/p>\n<p>[\/vc_column_text]<div class=\" ubtn-ctn-left btn btn-green\"><a class=\"ubtn-link ult-adjust-bottom-margin ubtn-left ubtn-normal btn btn-green\" href=\"https:\/\/www.vicivision.com\/wp-content\/uploads\/2025\/08\/Gewindemessungen_Fittings_DE.pdf\" target=\"_blank\" rel=\"noopener\" ><button type=\"button\" id=\"ubtn-7226\"  class=\"ubtn ult-adjust-bottom-margin ult-responsive ubtn-normal ubtn-no-hover-bg  none  ubtn-left   tooltip-69e5e73b96ec9\"  data-hover=\"\" data-border-color=\"\" data-bg=\"#e0e0e0\" data-hover-bg=\"\" data-border-hover=\"\" data-shadow-hover=\"\" data-shadow-click=\"none\" data-shadow=\"\" data-shd-shadow=\"\"  data-ultimate-target='#ubtn-7226'  data-responsive-json-new='{\"font-size\":\"\",\"line-height\":\"\"}'  style=\"font-weight:normal;border:none;background: #e0e0e0;color: #ffffff;\"><span class=\"ubtn-hover\" style=\"background-color:\"><\/span><span class=\"ubtn-data ubtn-text \" >Download Leitfaden zur Gewindemessung<\/span><\/button><\/a><\/div>[\/vc_column][vc_column width=&#8220;1\/2&#8243;][vc_single_image image=&#8220;8397&#8243; img_size=&#8220;full&#8220; alignment=&#8220;center&#8220;][\/vc_column][\/vc_row][vc_row parallax_content=&#8220;off&#8220; fadeout_row=&#8220;off&#8220;][vc_column width=&#8220;1\/2&#8243;][vc_column_text]<\/p>\n<h3 class=\"entry-title\" style=\"text-align: left;\"><a href=\"https:\/\/www.vicivision.com\/de\/taktiler-sensorik-confocal\/\">Revolution\u00e4re Messl\u00f6sungen durch die Kombination eines konfokalen Sensors und eines Tasters<\/a><\/h3>\n<p>Durch die weltweit einzigartige Kombination aus Wellenmesstechnik mit Zeilenkameratechnologie, Taster und\u00a0 zus\u00e4tzlicher konfokaler Sensorik kann jeder Bediener bzw. jedes automatische Beladesystem mit den VICIVISION-Ger\u00e4ten der Baureihe TECHNO das \u00e4u\u00dfere Wellenprofil und zus\u00e4tzlich Kontur, Form- und Lagemerkmale ebenfalls an verschiedenen Verzahnungsarten einfach und schnell direkt in der Fertigung vermessen.[\/vc_column_text]<div class=\" ubtn-ctn-left btn btn-green\"><a class=\"ubtn-link ult-adjust-bottom-margin ubtn-left ubtn-normal btn btn-green\" href=\"https:\/\/www.vicivision.com\/wp-content\/uploads\/2025\/08\/Confocal-Flyer_DE_web.pdf\" target=\"_blank\" rel=\"noopener\" ><button type=\"button\" id=\"ubtn-8163\"  class=\"ubtn ult-adjust-bottom-margin ult-responsive ubtn-normal ubtn-no-hover-bg  none  ubtn-left   tooltip-69e5e73b96f03\"  data-hover=\"\" data-border-color=\"\" data-bg=\"#e0e0e0\" data-hover-bg=\"\" data-border-hover=\"\" data-shadow-hover=\"\" data-shadow-click=\"none\" data-shadow=\"\" data-shd-shadow=\"\"  data-ultimate-target='#ubtn-8163'  data-responsive-json-new='{\"font-size\":\"\",\"line-height\":\"\"}'  style=\"font-weight:normal;border:none;background: #e0e0e0;color: #ffffff;\"><span class=\"ubtn-hover\" style=\"background-color:\"><\/span><span class=\"ubtn-data ubtn-text \" >Technische Daten herunterladen<\/span><\/button><\/a><\/div>[vc_empty_space][vc_empty_space][vc_single_image image=&#8220;23188&#8243; img_size=&#8220;550&#215;320&#8243;][\/vc_column][vc_column width=&#8220;1\/2&#8243;][vc_single_image image=&#8220;59698&#8243; img_size=&#8220;large&#8220;][vc_empty_space][vc_empty_space][vc_column_text]<\/p>\n<h3 class=\"entry-title\"><a href=\"https:\/\/www.vicivision.com\/de\/taktiler-sensorik-messsystem\/\">Unschlagbare Leistung mit optischer und taktiler Kombination<\/a><\/h3>\n<p>VICIVISION bietet eine v\u00f6llig neue Messfunktion f\u00fcr Wellen, die das optische mit einem taktilen Messsystem kombiniert.[\/vc_column_text]<div class=\" ubtn-ctn-left btn btn-green\"><a class=\"ubtn-link ult-adjust-bottom-margin ubtn-left ubtn-normal btn btn-green\" href=\"https:\/\/www.vicivision.com\/wp-content\/uploads\/2025\/08\/Touch-Probe_DE.pdf\" target=\"_blank\" rel=\"noopener\" ><button type=\"button\" id=\"ubtn-5779\"  class=\"ubtn ult-adjust-bottom-margin ult-responsive ubtn-normal ubtn-no-hover-bg  none  ubtn-left   tooltip-69e5e73b96f39\"  data-hover=\"\" data-border-color=\"\" data-bg=\"#e0e0e0\" data-hover-bg=\"\" data-border-hover=\"\" data-shadow-hover=\"\" data-shadow-click=\"none\" data-shadow=\"\" data-shd-shadow=\"\"  data-ultimate-target='#ubtn-5779'  data-responsive-json-new='{\"font-size\":\"\",\"line-height\":\"\"}'  style=\"font-weight:normal;border:none;background: #e0e0e0;color: #ffffff;\"><span class=\"ubtn-hover\" style=\"background-color:\"><\/span><span class=\"ubtn-data ubtn-text \" >Technische Daten herunterladen<\/span><\/button><\/a><\/div>[\/vc_column][\/vc_row][vc_row parallax_content=&#8220;off&#8220; fadeout_row=&#8220;off&#8220;][vc_column width=&#8220;1\/2&#8243;][vc_column_text]<\/p>\n<h3 class=\"entry-title\" style=\"text-align: left;\"><a href=\"https:\/\/www.vicivision.com\/de\/messen-von-kurbelwellen\/\">Ideal zum Messen von Kurbelwellen<\/a><\/h3>\n<p>Hersteller sind auf der Suche nach flexiblen L\u00f6sungen, um mit der zunehmenden Produktvariabilit\u00e4t Schritt zu halten. Flexibel, anpassungsf\u00e4hig und vielseitig.<\/p>\n<p>VICIVISION hat ein spezielles Software-Tool entwickelt f\u00fcr die Messung von Kurbelwellen direkt in der Fertigung.[\/vc_column_text]<div class=\" ubtn-ctn-left btn btn-green\"><a class=\"ubtn-link ult-adjust-bottom-margin ubtn-left ubtn-normal btn btn-green\" href=\"https:\/\/www.vicivision.com\/wp-content\/uploads\/2025\/08\/FLYER-CRANKSHAFTS-ENG.pdf\" target=\"_blank\" rel=\"noopener\" ><button type=\"button\" id=\"ubtn-4713\"  class=\"ubtn ult-adjust-bottom-margin ult-responsive ubtn-normal ubtn-no-hover-bg  none  ubtn-left   tooltip-69e5e73b96f69\"  data-hover=\"\" data-border-color=\"\" data-bg=\"#e0e0e0\" data-hover-bg=\"\" data-border-hover=\"\" data-shadow-hover=\"\" data-shadow-click=\"none\" data-shadow=\"\" data-shd-shadow=\"\"  data-ultimate-target='#ubtn-4713'  data-responsive-json-new='{\"font-size\":\"\",\"line-height\":\"\"}'  style=\"font-weight:normal;border:none;background: #e0e0e0;color: #ffffff;\"><span class=\"ubtn-hover\" style=\"background-color:\"><\/span><span class=\"ubtn-data ubtn-text \" >Technische Daten herunterladen<\/span><\/button><\/a><\/div>[\/vc_column][vc_column width=&#8220;1\/2&#8243;][vc_single_image image=&#8220;39208&#8243; img_size=&#8220;large&#8220;][\/vc_column][\/vc_row][vc_row parallax_content=&#8220;off&#8220; fadeout_row=&#8220;off&#8220;][vc_column width=&#8220;1\/2&#8243;][vc_single_image image=&#8220;52902&#8243; img_size=&#8220;550&#215;320&#8243;][\/vc_column][vc_column width=&#8220;1\/2&#8243;][vc_column_text]<\/p>\n<h3 class=\"entry-title\" style=\"text-align: left;\"><a href=\"https:\/\/www.vicivision.com\/de\/konfokalen-sensor\/\">Mit dem neuen konfokalen Sensor ist die Messung noch vollst\u00e4ndiger<\/a><\/h3>\n<p>Messen Sie die typischen Merkmale von Keilwellen auf einer komplett ber\u00fchrungslosen Messmaschine.<\/p>\n<p>Das konfokale System erm\u00f6glicht das Profil der Verzahnung optisch und innerhalb von Sekunden zu messen.[\/vc_column_text]<div class=\" ubtn-ctn-left btn btn-green\"><a class=\"ubtn-link ult-adjust-bottom-margin ubtn-left ubtn-normal btn btn-green\" href=\"https:\/\/www.vicivision.com\/wp-content\/uploads\/2025\/08\/Confocal-Flyer_DE_web.pdf\" target=\"_blank\" rel=\"noopener\" ><button type=\"button\" id=\"ubtn-6814\"  class=\"ubtn ult-adjust-bottom-margin ult-responsive ubtn-normal ubtn-no-hover-bg  none  ubtn-left   tooltip-69e5e73b96f9c\"  data-hover=\"\" data-border-color=\"\" data-bg=\"#e0e0e0\" data-hover-bg=\"\" data-border-hover=\"\" data-shadow-hover=\"\" data-shadow-click=\"none\" data-shadow=\"\" data-shd-shadow=\"\"  data-ultimate-target='#ubtn-6814'  data-responsive-json-new='{\"font-size\":\"\",\"line-height\":\"\"}'  style=\"font-weight:normal;border:none;background: #e0e0e0;color: #ffffff;\"><span class=\"ubtn-hover\" style=\"background-color:\"><\/span><span class=\"ubtn-data ubtn-text \" >Technische Daten herunterladen<\/span><\/button><\/a><\/div>[\/vc_column][\/vc_row][vc_row parallax_content=&#8220;off&#8220; fadeout_row=&#8220;off&#8220;][vc_column width=&#8220;2\/3&#8243;][vc_column_text]<\/p>\n<h3>Erh\u00f6hen Sie Ihre Produktion.<\/h3>\n<p>VICIVISION bringt Pr\u00fcfmittel dorthin, wo sie den gr\u00f6\u00dften Vorteil bieten: direkt in die Fertigung. Jedes von der CNC-Drehmaschine produzierte Teil kann innerhalb der Produktionsumgebung gemessen werden. H\u00f6here Produktivit\u00e4t auch bei kleineren Losgr\u00f6\u00dfen: Der Chargenwechsel ist schnell und effizient.[\/vc_column_text][\/vc_column][vc_column width=&#8220;1\/3&#8243;][vc_single_image image=&#8220;39246&#8243; img_size=&#8220;full&#8220;][\/vc_column][\/vc_row][vc_row][vc_column width=&#8220;1\/2&#8243;][vc_single_image image=&#8220;8437&#8243; img_size=&#8220;large&#8220;][\/vc_column][vc_column width=&#8220;1\/2&#8243;][vc_empty_space height=&#8220;30px&#8220;][vc_column_text]<\/p>\n<h3>Drehteilmessung f\u00fcr eine ver\u00e4nderte Zukunft.<\/h3>\n<p>Automotive, Luft- und Raumfahrt, Bauwesen, Elektrik &amp; Derivate,<br \/>\nMedizintechnik, \u00d6l &amp; Gas sind nur einige f\u00fchrende Sektoren, die ausl\u00e4ndische Investitionen anziehen. Chancen und Herausforderungen gibt es zuhauf:<br \/>\nwachsende Nachfrage, steigende Anforderungen an die Qualit\u00e4tsstandards, der Wandel zur Digitalisierung, termingerechte Lieferungen, Wettbewerbsdruck.<br \/>\nUm in diesem Gesch\u00e4ftsumfeld bestehen zu k\u00f6nnen, m\u00fcssen sich<br \/>\nFertigungsunternehmen dar\u00fcber im Klaren sein, dass Pr\u00fcfzeiten und -ergebnisse die Produktionskosten beeinflussen.<\/p>\n<h3>Ein Messsystem f\u00fcr mehrere CNC-Drehmaschinen.<\/h3>\n<p>Ein einziges Messsystem kann neben mehreren Bearbeitungszentren eingesetzt werden und von mehreren Bedienern genutzt werden. Produzieren Sie mehr bei gleicher Anzahl von CNC-Drehmaschinen. Mehr zu produzieren bedeutet, die Effizienz zu steigern. Es bedeutet, das Beste aus Ihren M\u00f6glichkeiten zu machen.<br \/>\nSie k\u00f6nnen Ihre Produktivit\u00e4t ohne zus\u00e4tzliche Investitionen steigern:<br \/>\nDie VICIVISION Messmaschine vereint viele herk\u00f6mmliche Messmittel, wie Profilprojektor, Messchieber, H\u00f6henmesser und Lehren etc.[\/vc_column_text][\/vc_column][\/vc_row][vc_row parallax_content=&#8220;off&#8220; fadeout_row=&#8220;off&#8220;][vc_column width=&#8220;1\/2&#8243;][vc_single_image image=&#8220;8436&#8243; img_size=&#8220;large&#8220;][\/vc_column][vc_column width=&#8220;1\/2&#8243;][vc_column_text]<\/p>\n<h3>Halten Sie die Toleranzen in der Fertigung.<\/h3>\n<p>Verringerung der Maschinenstillstandszeiten dank sofortiger Messung, ohne den Arbeitsplatz verlassen zu m\u00fcssen. Sie k\u00f6nnen vorbeugende Ma\u00dfnahmen ergreifen, die durch die Mess-Trendgrafiken angezeigt werden, um eine deutliche Reduzierung des Ausschusses zu erreichen. Der Bediener kann sehen, welche Werte sich ans Ende der Toleranz bewegen. Er ist in der Lage, den Prozess zu korrigieren, bevor es zu Ausschuss und damit zu Maschinenstillstand kommt.<br \/>\nDas Ziel einer optischen Messung ist es, nicht nur zu messen, sondern auch die zu produzierenden Teile innerhalb der Toleranz zu halten und Maschinenstillst\u00e4nde zu vermeiden.<\/p>\n<h3>KOMPENSATION VON WERKZEUGVERSCHLEISS.<\/h3>\n<p>Mit der Funktion VICIVISION Werkzeugverschlei\u00dfkompensation (TWC) kann die Messmaschine die Werkzeugparameter automatisch korrigieren.<br \/>\nSomit wird jeder menschliche \u00dcbertragungsfehler vermieden. Das Ergebnis: Effizienzsteigerung mit schnellster Rentabilit\u00e4t der Investition.<\/p>\n<h3>Das optische Messger\u00e4t, das die Produktivit\u00e4t verbessert.<\/h3>\n<p>Die Bediener sind bei der Inspektion unabh\u00e4ngiger.<br \/>\nDie Werkzeugvers\u00e4tze k\u00f6nnen eingestellt werden, bevor Teile au\u00dferhalb der Toleranz geraten, um die Menge des produzierten Ausschusses zu reduzieren.[\/vc_column_text]<div class=\" ubtn-ctn-left btn btn-green\"><a class=\"ubtn-link ult-adjust-bottom-margin ubtn-left ubtn-normal btn btn-green\" href=\"https:\/\/www.vicivision.com\/wp-content\/uploads\/2025\/08\/Kompensation-von-Werkzeugverschleis_TWC_DE.pdf\" target=\"_blank\" rel=\"noopener\" ><button type=\"button\" id=\"ubtn-2754\"  class=\"ubtn ult-adjust-bottom-margin ult-responsive ubtn-normal ubtn-no-hover-bg  none  ubtn-left   tooltip-69e5e73b96fc3\"  data-hover=\"\" data-border-color=\"\" data-bg=\"#e0e0e0\" data-hover-bg=\"\" data-border-hover=\"\" data-shadow-hover=\"\" data-shadow-click=\"none\" data-shadow=\"\" data-shd-shadow=\"\"  data-ultimate-target='#ubtn-2754'  data-responsive-json-new='{\"font-size\":\"\",\"line-height\":\"\"}'  style=\"font-weight:normal;border:none;background: #e0e0e0;color: #ffffff;\"><span class=\"ubtn-hover\" style=\"background-color:\"><\/span><span class=\"ubtn-data ubtn-text \" >Technische Daten herunterladen<\/span><\/button><\/a><\/div>[\/vc_column][\/vc_row][vc_row parallax_content=&#8220;parallax_content_value&#8220; parallax_content_sense=&#8220;10&#8243; fadeout_row=&#8220;fadeout_row_value&#8220; fadeout_start_effect=&#8220;50&#8243;][vc_column width=&#8220;1\/3&#8243;][vc_single_image image=&#8220;57776&#8243; img_size=&#8220;medium&#8220; alignment=&#8220;center&#8220;][vc_column_text]<\/p>\n<h4 style=\"text-align: center;\">Hochmoderne Software<\/h4>\n<p style=\"text-align: center;\">Die brandneue Version MTL 8.10 wurde entwickelt, um die Kontrollphase zu verbessern und die Anzahl der m\u00f6glichen Messungen weiter zu erh\u00f6hen. Sie enth\u00e4lt spezifische Werkzeuge f\u00fcr statische und dynamische Messungen sowie spezielle Werkzeuge f\u00fcr Gewindemuttern, Nockenwellen, Turbinen, etc.<\/p>\n<p>[\/vc_column_text][\/vc_column][vc_column width=&#8220;1\/3&#8243;][vc_single_image image=&#8220;57767&#8243; img_size=&#8220;medium&#8220; alignment=&#8220;center&#8220;][vc_column_text]<\/p>\n<h4 style=\"text-align: center;\">Erweiterte Softwarefunktionen<\/h4>\n<p style=\"text-align: center;\">Neue automatische Funktionen helfen dem Bediener bei der Durchf\u00fchrung von<br \/>\nMessungen: Selbstprogrammierung, automatisches Laden des Teileprogramms, schrittweise unterst\u00fctzte Programmierung, DXF-Vergleich.<\/p>\n<p>[\/vc_column_text][\/vc_column][vc_column width=&#8220;1\/3&#8243;][vc_single_image image=&#8220;57785&#8243; img_size=&#8220;medium&#8220; alignment=&#8220;center&#8220;][vc_column_text]<\/p>\n<h4 style=\"text-align: center;\">Messprotokoll<\/h4>\n<p style=\"text-align: center;\">Die Software erm\u00f6glicht es dem Bediener, vollst\u00e4ndige und benutzerdefinierte pdf-Messberichte zu drucken oder zu exportieren. Ergebnisse der Messungen auf Histogrammen zur sofortigen Abfrage.<\/p>\n<p>[\/vc_column_text][\/vc_column][\/vc_row]<\/p>\n<\/div>","protected":false},"excerpt":{"rendered":"<p>[vc_row parallax_content=&#8220;off&#8220; fadeout_row=&#8220;off&#8220;][vc_column width=&#8220;1\/2&#8243;][vc_empty_space height=&#8220;20px&#8220;][vc_column_text] TECHNO Range Finden Sie Ihren Weg unter den mehr als 20 Modellen. Dieses Messmaschinenprogramm ist so konzipiert, dass es sich an aktuelle und zuk\u00fcnftige Fertigungsanforderungen anpasst. Entdecken Sie den gro\u00dfen Umfang der angebotenen Messbereiche. Das modulare Angebot der Techno-Serie kann die am besten geeignete Maschine f\u00fcr Ihre Fertigung bereitstellen. Von<\/p>\n<div class=\"more\"><a class=\"more-link btn btn-green ion-ios7-arrow-forward\" href=\"https:\/\/www.vicivision.com\/de\/produkte-2\/optische-messsysteme\/\">Weiterlesen<\/a><\/div>\n","protected":false},"author":2,"featured_media":0,"parent":2543,"menu_order":0,"comment_status":"closed","ping_status":"closed","template":"page-singolo-prodotto.php","meta":{"footnotes":""},"class_list":["post-8534","page","type-page","status-publish","hentry"],"acf":[],"_links":{"self":[{"href":"https:\/\/www.vicivision.com\/de\/wp-json\/wp\/v2\/pages\/8534","targetHints":{"allow":["GET"]}}],"collection":[{"href":"https:\/\/www.vicivision.com\/de\/wp-json\/wp\/v2\/pages"}],"about":[{"href":"https:\/\/www.vicivision.com\/de\/wp-json\/wp\/v2\/types\/page"}],"author":[{"embeddable":true,"href":"https:\/\/www.vicivision.com\/de\/wp-json\/wp\/v2\/users\/2"}],"replies":[{"embeddable":true,"href":"https:\/\/www.vicivision.com\/de\/wp-json\/wp\/v2\/comments?post=8534"}],"version-history":[{"count":0,"href":"https:\/\/www.vicivision.com\/de\/wp-json\/wp\/v2\/pages\/8534\/revisions"}],"up":[{"embeddable":true,"href":"https:\/\/www.vicivision.com\/de\/wp-json\/wp\/v2\/pages\/2543"}],"wp:attachment":[{"href":"https:\/\/www.vicivision.com\/de\/wp-json\/wp\/v2\/media?parent=8534"}],"curies":[{"name":"wp","href":"https:\/\/api.w.org\/{rel}","templated":true}]}}