{"id":59879,"date":"2024-06-28T10:21:46","date_gmt":"2024-06-28T08:21:46","guid":{"rendered":"https:\/\/www.vicivision.com\/?page_id=59879"},"modified":"2024-06-28T10:30:30","modified_gmt":"2024-06-28T08:30:30","slug":"taktiler-sensorik-confocal","status":"publish","type":"page","link":"https:\/\/www.vicivision.com\/de\/taktiler-sensorik-confocal\/","title":{"rendered":"PARDOT &#8211; Confocal + Touch Probe"},"content":{"rendered":"<div class=\"wpb-content-wrapper\"><p>[vc_row gap=&#8220;5&#8243; equal_height=&#8220;yes&#8220; css=&#8220;.vc_custom_1614175210718{margin-bottom: 0px !important;padding-right: 0% !important;padding-left: 0% !important;}&#8220; el_id=&#8220;flayer&#8220;][vc_column][vc_empty_space][vc_column_text]<\/p>\n<div class=\"wpb_text_column wpb_content_element \">\n<div class=\"wpb_wrapper\">\n<h3><strong>Wellen mit Verzahnungen in wenigen Sekunden komplett und auditsicher optisch \u00fcberpr\u00fcfen. <\/strong><\/h3>\n<\/div>\n<\/div>\n<div class=\"wpb_text_column wpb_content_element \">\n<div class=\"wpb_wrapper\">\n<p>Durch die weltweit einzigartige Kombination aus Wellenmesstechnik mit Zeilenkameratechnologie, Taster und\u00a0 zus\u00e4tzlicher konfokaler Sensorik kann jeder Bediener bzw. jedes automatische Beladesystem mit den VICIVISION-Ger\u00e4ten der Baureihe TECHNO das \u00e4u\u00dfere Wellenprofil und zus\u00e4tzlich Kontur, Form- und Lagemerkmale ebenfalls an verschiedenen Verzahnungsarten einfach und schnell direkt in der Fertigung vermessen.<\/p>\n<p><strong>Reduzieren Sie die Messzeit um bis zum 95%<\/strong><\/p>\n<p>Der konfokale Sensor erm\u00f6glicht eine schnelle \u00dcberpr\u00fcfung der Passgenauigkeit von Keil-, Steck und Schneckenwellen und kann zus\u00e4tzlich z.B. folgende Merkmale erfassen und auswerten:<\/p>\n<ul>\n<li>Kopfkreis<\/li>\n<li>Fu\u00dfkreis<\/li>\n<li>Rollenma\u00df<\/li>\n<li>Rundlauf am Fu\u00dfkreis<\/li>\n<li>Rundlauf am Rollenma\u00df<\/li>\n<li>Koaxialit\u00e4t am Fu\u00dfkreis<\/li>\n<li>Koaxialit\u00e4t am Rollenma\u00df<\/li>\n<li>Kopfkreis<\/li>\n<li>Z\u00e4hnezahl<\/li>\n<\/ul>\n<p>Die erreichbaren Wiederholgenauigkeiten liegen zwischen 0,002 und 0,005 mm, abh\u00e4ngig von der Oberfl\u00e4chenbeschaffenheit Ihres Bauteils sowie der Steilheit der Zahnflanken.<\/p>\n<\/div>\n<\/div>\n<p>[\/vc_column_text][\/vc_column][\/vc_row]<\/p>\n<\/div>","protected":false},"excerpt":{"rendered":"<p>[vc_row gap=&#8220;5&#8243; equal_height=&#8220;yes&#8220; css=&#8220;.vc_custom_1614175210718{margin-bottom: 0px !important;padding-right: 0% !important;padding-left: 0% !important;}&#8220; el_id=&#8220;flayer&#8220;][vc_column][vc_empty_space][vc_column_text] Wellen mit Verzahnungen in wenigen Sekunden komplett und auditsicher optisch \u00fcberpr\u00fcfen. Durch die weltweit einzigartige Kombination aus Wellenmesstechnik mit Zeilenkameratechnologie, Taster und\u00a0 zus\u00e4tzlicher konfokaler Sensorik kann jeder Bediener bzw. jedes automatische Beladesystem mit den VICIVISION-Ger\u00e4ten der Baureihe TECHNO das \u00e4u\u00dfere Wellenprofil und zus\u00e4tzlich Kontur,<\/p>\n<div class=\"more\"><a class=\"more-link btn btn-green ion-ios7-arrow-forward\" href=\"https:\/\/www.vicivision.com\/de\/taktiler-sensorik-confocal\/\">Weiterlesen<\/a><\/div>\n","protected":false},"author":2,"featured_media":0,"parent":0,"menu_order":0,"comment_status":"closed","ping_status":"closed","template":"template-form-handler.php","meta":{"footnotes":""},"class_list":["post-59879","page","type-page","status-publish","hentry"],"acf":[],"_links":{"self":[{"href":"https:\/\/www.vicivision.com\/de\/wp-json\/wp\/v2\/pages\/59879","targetHints":{"allow":["GET"]}}],"collection":[{"href":"https:\/\/www.vicivision.com\/de\/wp-json\/wp\/v2\/pages"}],"about":[{"href":"https:\/\/www.vicivision.com\/de\/wp-json\/wp\/v2\/types\/page"}],"author":[{"embeddable":true,"href":"https:\/\/www.vicivision.com\/de\/wp-json\/wp\/v2\/users\/2"}],"replies":[{"embeddable":true,"href":"https:\/\/www.vicivision.com\/de\/wp-json\/wp\/v2\/comments?post=59879"}],"version-history":[{"count":0,"href":"https:\/\/www.vicivision.com\/de\/wp-json\/wp\/v2\/pages\/59879\/revisions"}],"wp:attachment":[{"href":"https:\/\/www.vicivision.com\/de\/wp-json\/wp\/v2\/media?parent=59879"}],"curies":[{"name":"wp","href":"https:\/\/api.w.org\/{rel}","templated":true}]}}