{"id":59759,"date":"2024-06-14T11:49:40","date_gmt":"2024-06-14T09:49:40","guid":{"rendered":"https:\/\/www.vicivision.com\/?page_id=59759"},"modified":"2026-01-20T11:02:24","modified_gmt":"2026-01-20T10:02:24","slug":"partner-m-w-d-2-2","status":"publish","type":"page","link":"https:\/\/www.vicivision.com\/de\/partner-m-w-d-2-2\/","title":{"rendered":"Vertriebschance f\u00fcr selbstst\u00e4ndiger SalesProfis \/ Industrievertreter (m\/w\/d)"},"content":{"rendered":"<div class=\"wpb-content-wrapper\"><p>[vc_row][vc_column][vc_empty_space][vc_single_image image=&#8220;59760&#8243; img_size=&#8220;large&#8220; alignment=&#8220;center&#8220;][vc_column_text]<\/p>\n<h4>Die optischen Produktionsmessger\u00e4te der jungen Marke <a href=\"http:\/\/www.metrios.com\"><strong>metrios<\/strong><\/a> bieten mit modernster Technologie und benutzerfreundlicher Bedienung zahlreichen Unternehmen in Italien, Gro\u00dfbritannien, Frankreich, Spanien, der T\u00fcrkei, USA und China branchen\u00fcbergreifend mehr Effizienz in der Qualit\u00e4tskontrolle und optimierte Fertigungsprozesse. F\u00fcr den Vertrieb unserer innovativen optischen Messsysteme m\u00f6chten wir jetzt auch f\u00fcr Deutschland und \u00d6sterreich selbstst\u00e4ndige Verkaufsprofis (m\/w\/d) und Handelsagenturen gewinnen.<\/h4>\n<h4 style=\"text-align: left;\"><\/h4>\n<p>[\/vc_column_text][vc_column_text]<\/p>\n<h3><strong>Vertriebschance f\u00fcr selbstst\u00e4ndiger SalesProfis \/ Industrievertreter (m\/w\/d)<\/strong><\/h3>\n<h3><strong>Ihr Profil<\/strong><\/h3>\n<ul>\n<li>\n<h3>Sie verf\u00fcgen \u00fcber ein starkes Netzwerk in der Industrie und kennen die Bed\u00fcrfnisse von Fertigungsunternehmen<\/h3>\n<\/li>\n<li>\n<h3>Sie haben Erfahrung im technischen Vertrieb und k\u00f6nnen komplexe Produkte \u00fcberzeugend pr\u00e4sentieren<\/h3>\n<\/li>\n<li>\n<h3>Sie bringen eine hohe Motivation und Begeisterung f\u00fcr innovative Technologien mit<\/h3>\n<\/li>\n<li>\n<h3>Sie arbeiten selbstst\u00e4ndig, zielorientiert und haben Freude am Verkaufserfolg<\/h3>\n<\/li>\n<\/ul>\n<h3><strong>Ihr Benefit<\/strong><\/h3>\n<ul>\n<li>\n<h3>Attraktive Provisionsverg\u00fctung ohne Deckelung<\/h3>\n<\/li>\n<li>\n<h3>Hochwertiges Produktportfolio f\u00fcr die industrielle Messtechnik<\/h3>\n<\/li>\n<li>\n<h3>Gemeinsames Wachstum mit unserem Unternehmen bzw.<\/h3>\n<\/li>\n<li>\n<h3>Ausbau Ihrer Marktposition<\/h3>\n<\/li>\n<\/ul>\n<h4>Sie haben Lust darauf, die Markteinf\u00fchrung der Marke <a href=\"http:\/\/www.metrios.com\"><strong>metrios<\/strong><\/a> erfolgreich voranzutreiben? Dann sollten wir uns kennenlernen! Bitte wenden Sie sich an:<\/h4>\n<h4><strong>VICIVISION GmbH<\/strong><\/h4>\n<h4>Herrn Uwe Keller<\/h4>\n<h4>Seestra\u00dfe 5\/1<br \/>\n74232 Abstatt<br \/>\nTel.:\u00a0\u00a0+49 7062 97704 00<\/h4>\n<h4>E-Mail: <a href=\"mailto:uwe.keller@vicivision.com\">uwe.keller@vicivision.com<\/a><\/h4>\n<p>[\/vc_column_text][vc_empty_space][vc_column_text]<\/p>\n<p style=\"text-align: center;\">VICIVISION GmbH | Seestra\u00dfe 5\/1 | 74232 Abstatt | <a href=\"https:\/\/www.vicivision.com\/de\/\">www.vicivision.com<\/a>\u00a0| <a href=\"tel:+49 7062 97704 00\">+49 7062 97704 00<\/a><\/p>\n<p>[\/vc_column_text][\/vc_column][\/vc_row][vc_row][vc_column][\/vc_column][\/vc_row]<\/p>\n<\/div>","protected":false},"excerpt":{"rendered":"<p>[vc_row][vc_column][vc_empty_space][vc_single_image image=&#8220;59760&#8243; img_size=&#8220;large&#8220; alignment=&#8220;center&#8220;][vc_column_text] Die optischen Produktionsmessger\u00e4te der jungen Marke metrios bieten mit modernster Technologie und benutzerfreundlicher Bedienung zahlreichen Unternehmen in Italien, Gro\u00dfbritannien, Frankreich, Spanien, der T\u00fcrkei, USA und China branchen\u00fcbergreifend mehr Effizienz in der Qualit\u00e4tskontrolle und optimierte Fertigungsprozesse. F\u00fcr den Vertrieb unserer innovativen optischen Messsysteme m\u00f6chten wir jetzt auch f\u00fcr Deutschland und \u00d6sterreich selbstst\u00e4ndige<\/p>\n<div class=\"more\"><a class=\"more-link btn btn-green ion-ios7-arrow-forward\" href=\"https:\/\/www.vicivision.com\/de\/partner-m-w-d-2-2\/\">Weiterlesen<\/a><\/div>\n","protected":false},"author":2,"featured_media":0,"parent":0,"menu_order":0,"comment_status":"closed","ping_status":"closed","template":"","meta":{"footnotes":""},"class_list":["post-59759","page","type-page","status-publish","hentry"],"acf":[],"_links":{"self":[{"href":"https:\/\/www.vicivision.com\/de\/wp-json\/wp\/v2\/pages\/59759","targetHints":{"allow":["GET"]}}],"collection":[{"href":"https:\/\/www.vicivision.com\/de\/wp-json\/wp\/v2\/pages"}],"about":[{"href":"https:\/\/www.vicivision.com\/de\/wp-json\/wp\/v2\/types\/page"}],"author":[{"embeddable":true,"href":"https:\/\/www.vicivision.com\/de\/wp-json\/wp\/v2\/users\/2"}],"replies":[{"embeddable":true,"href":"https:\/\/www.vicivision.com\/de\/wp-json\/wp\/v2\/comments?post=59759"}],"version-history":[{"count":0,"href":"https:\/\/www.vicivision.com\/de\/wp-json\/wp\/v2\/pages\/59759\/revisions"}],"wp:attachment":[{"href":"https:\/\/www.vicivision.com\/de\/wp-json\/wp\/v2\/media?parent=59759"}],"curies":[{"name":"wp","href":"https:\/\/api.w.org\/{rel}","templated":true}]}}